{"id":703,"date":"2017-11-30T20:23:37","date_gmt":"2017-11-30T20:23:37","guid":{"rendered":"https:\/\/autobaak.nl\/?page_id=703"},"modified":"2019-06-21T07:08:52","modified_gmt":"2019-06-21T07:08:52","slug":"toyota-yaris","status":"publish","type":"page","link":"https:\/\/autobaak.nl\/de\/toyota-yaris\/","title":{"rendered":"Toyota Yaris"},"content":{"rendered":"<p>[et_pb_section bb_built=\"1\u2033 fullwidth=\"off\" specialty=\"off\" transparent_background=\"off\" background_colour=\"#0c71c3\u2033 allow_player_pause=\"off\" inner_shadow=\"off\" parallax=\"off\" parallax_method=\"off\" padding_mobile=\"off\" make_fullwidth=\"off\" use_custom_width=\"off\" width_unit=\"on\" make_equal=\"off\" use_custom_gutter=\"off\" custom_padding_tablet=\"50px|0|50px|0\u2033 custom_padding_last_edited=\"on|desktop\" inner_width=\"auto\" inner_max_width=\"none\" next_background_colour=\"#ffffff\"][et_pb_row][et_pb_column type=\"4_4\u2033][et_pb_text background_layout=\"dark\" text_orientation=\"centre\" use_border_color=\"off\" border_color=\"#ffff\" border_style=\"solid\" _builder_version=\"3.0.89\u2033 module_alignment=\"centre\" border_colour_all=\"#ffffffff\"]<\/p>\n<h1 style=\"text-align: center;\">Wann muss der Toyota Yaris Zahnriemen gewechselt werden?<\/h1>\n<p>[\/et_pb_text][\/et_pb_column][\/et_pb_row][\/et_pb_section][et_pb_section bb_built=\"1\u2033 _builder_version=\"3.23.3\u2033 inner_width_tablet=\"50px\" inner_max_width_tablet=\"50px\" custom_margin=\"||-40px|\" custom_padding=\"||-20px|\" z_index_tablet=\"500\u2033 box_shadow_horizontal_tablet=\"0px\" box_shadow_vertical_tablet=\"0px\" box_shadow_blur_tablet=\"40px\" box_shadow_spread_tablet=\"0px\" next_background_color=\"#000000\u2033 global_module=\"1614\u2033 prev_background_color=\"#0c71c3\u2033][et_pb_row global_parent=\"1614\u2033 _builder_version=\"3.22.3\u2033 background_size=\"initial\" background_position=\"top_left\" background_repeat=\"repeat\"][et_pb_column type=\"4_4\u2033][et_pb_text global_parent=\"1614\u2033 _builder_version=\"3.23.3\u2033 custom_margin=\"-50px||-50px||\" z_index_tablet=\"500\u2033 text_text_shadow_horizontal_length_tablet=\"0px\" text_text_shadow_vertical_length_tablet=\"0px\" text_text_shadow_blur_strength_tablet=\"1px\" link_text_shadow_horizontal_length_tablet=\"0px\" link_text_shadow_vertical_length_tablet=\"0px\" link_text_shadow_blur_strength_tablet=\"1px\" ul_text_shadow_horizontal_length_tablet=\"0px\" ul_text_shadow_vertical_length_tablet=\"0px\" ul_text_shadow_blur_strength_tablet=\"1px\" ol_text_shadow_horizontal_length_tablet=\"0px\" ol_text_shadow_vertical_length_tablet=\"0px\" ol_text_shadow_blur_strength_tablet=\"1px\" quote_text_shadow_horizontal_length_tablet=\"0px\" quote_text_shadow_vertical_length_tablet=\"0px\" quote_text_shadow_blur_strength_tablet=\"1px\" header_text_shadow_horizontal_length_tablet=\"0px\" header_text_shadow_vertical_length_tablet=\"0px\" header_text_shadow_blur_strength_tablet=\"1px\" header_2_text_shadow_horizontal_length_tablet=\"0px\" header_2_text_shadow_vertical_length_tablet=\"0px\" header_2_text_shadow_blur_strength_tablet=\"1px\" header_3_text_shadow_horizontal_length_tablet=\"0px\" header_3_text_shadow_vertical_length_tablet=\"0px\" header_3_text_shadow_blur_strength_tablet=\"1px\" header_4_text_shadow_horizontal_length_tablet=\"0px\" header_4_text_shadow_vertical_length_tablet=\"0px\" header_4_text_shadow_blur_strength_tablet=\"1px\" header_5_text_shadow_horizontal_length_tablet=\"0px\" header_5_text_shadow_vertical_length_tablet=\"0px\" header_5_text_shadow_blur_strength_tablet=\"1px\" header_6_text_shadow_horizontal_length_tablet=\"0px\" header_6_text_shadow_vertical_length_tablet=\"0px\" header_6_text_shadow_blur_strength_tablet=\"1px\" box_shadow_horizontal_tablet=\"0px\" box_shadow_vertical_tablet=\"0px\" box_shadow_blur_tablet=\"40px\" box_shadow_spread_tablet=\"0px\" custom_padding=\"||0px|||\"]<\/p>\n<p><a href=\"https:\/\/lt45.net\/c\/?si=13244&amp;li=1615045&amp;wi=334511&amp;ws=\" target=\"_blank\" rel=\"nofollow noopener noreferrer\"><img decoding=\"async\" class=\"aligncenter\" style=\"max-width: 100%; height: auto; border: none;\" src=\"https:\/\/static-dscn.net\/13244\/1615045\/?wi=334511&amp;ws=\" alt=\"\" \/><\/a><\/p>\n<p>[\/et_pb_text][\/et_pb_column][\/et_pb_row][\/et_pb_section][et_pb_section bb_built=\"1\u2033 fullwidth=\"off\" specialty=\"off\" inner_width=\"auto\" inner_max_width=\"none\" prev_background_color=\"#000000\u2033][et_pb_row][et_pb_column type=\"2_3\u2033][et_pb_text background_layout=\"light\" use_border_color=\"off\" border_color=\"#ffffff\" border_style=\"solid\" _builder_version=\"3.0.89\u2033 border_color_all=\"#ffffff\"]<\/p>\n<p>\nDer Toyota Yaris ist ein Kompaktmodell der japanischen Marke, das seit 1999 produziert wird. Dieses Modell ist sowohl mit Diesel- als auch mit Benzinmotoren erh\u00e4ltlich. Nachfolgend finden Sie eine \u00dcbersicht \u00fcber die Zahnriemenwechselintervalle seit 1999. Wenn Sie nicht wissen, welchen Motor Ihr Fahrzeug hat, k\u00f6nnen Sie unten das Kennzeichen eingeben.<\/p>\n<p>[open_rdw_check \"marke\" \"handelsname\" \"fahrzeugtyp\" \"kraftstoff_beschreibung\" \"anzahl_zylinder\" \"hubraum\" \"expiry_apk\"]<\/p>\n<p>[\/et_pb_text][et_pb_text background_layout=\"light\" use_border_color=\"off\" border_color=\"#ffffff\" border_style=\"solid\" _builder_version=\"3.0.89\u2033 border_color_all=\"#ffffff\"]<\/p>\n<h2><b>Alle<\/b>\u00a0<strong>Varianten, die ab 1999 hergestellt wurden -<br \/>\n<\/strong><\/h2>\n<p>Alle Toyota Yaris Modelle sind mit einer Verteilerkette ausgestattet. Diese Kette sollte alle zwei Jahre ersetzt werden. <strong>zehn Jahre und wird bei Bedarf ersetzt<\/strong>.<\/p>\n<p>Der Yaris ist mit den folgenden Motoren erh\u00e4ltlich:<\/p>\n<ul>\n<li>1,0 48 kW<\/li>\n<li>1,0 50 kW<\/li>\n<li>1,0 51 kW<\/li>\n<li>1.3 63 kW<\/li>\n<li>1.3 64 kW<\/li>\n<li>1.3 70 kW<\/li>\n<li>1.3 73 kW<\/li>\n<li>1,33 73 kW<\/li>\n<li>1,33 74 kW<\/li>\n<li>1.4 D-4D 55 und 66 kW<\/li>\n<li>1,5 54 kW<\/li>\n<li>1,5 82 kW<\/li>\n<li>1,5 77 kW<\/li>\n<li>1,5 78 kW<\/li>\n<li>1.8 98 kW<\/li>\n<\/ul>\n<p>[\/et_pb_text][\/et_pb_column][et_pb_column type=\"1_3\u2033][et_pb_code _builder_version=\"3.23.3\u2033 z_index_tablet=\"500\u2033 saved_tabs=\"all\" text_orientation=\"centre\" global_module=\"1602\u2033]<iframe loading=\"lazy\" style=\"overflow: hidden; border: none\" src=\"https:\/\/html.dt51.net\/12298\/1550002\/?wi=334511&#038;ws=\" width=\"160\" height=\"600\" frameborder=\"0\" marginwidth=\"0\" marginheight=\"0\" scrolling=\"no\"><\/iframe>[\/et_pb_code][\/et_pb_column][\/et_pb_row][\/et_pb_section].<\/p>","protected":false},"excerpt":{"rendered":"<p><div class=\"et_pb_row et_pb_row_0 et_pb_row_empty\">\n\t\t\t\t\n\t\t\t\t\n\t\t\t\t\n\t\t\t\t\n\t\t\t\t\n\t\t\t<\/div> Wann muss der Toyota Yaris Zahnriemen gewechselt werden? <div class=\"et_pb_row et_pb_row_1 et_pb_row_empty\">\n\t\t\t\t\n\t\t\t\t\n\t\t\t\t\n\t\t\t\t\n\t\t\t\t\n\t\t\t<\/div> Der Toyota Yaris ist ein Kompaktmodell der japanischen Marke, das ab 1999 produziert wird. Dieses Modell ist sowohl mit Diesel- als auch mit Benzinmotoren erh\u00e4ltlich. Nachfolgend finden Sie eine \u00dcbersicht \u00fcber das Zahnriemenwechselintervall ab 1999. Wenn Sie nicht wissen, welchen Motor Ihr Fahrzeug hat, k\u00f6nnen Sie [...]<\/p>","protected":false},"author":1,"featured_media":0,"parent":0,"menu_order":0,"comment_status":"closed","ping_status":"closed","template":"","meta":{"_et_pb_use_builder":"on","_et_pb_old_content":"","_et_gb_content_width":"","footnotes":""},"class_list":["post-703","page","type-page","status-publish","hentry"],"yoast_head":"<!-- This site is optimized with the Yoast SEO plugin v27.3 - https:\/\/yoast.com\/product\/yoast-seo-wordpress\/ -->\n<title>Wanneer distributieriem\/ketting vervangen Toyota Yaris? Alle intervallen<\/title>\n<meta name=\"description\" content=\"Wanneer distributieriem\/ketting vervangen Toyota Yaris? alle intervallen op deze pagina, zowel benzine als diesel o.a. 1.0 1.2 1.3 1.4 1.5 1.8 D-4D VVTi\" \/>\n<meta name=\"robots\" content=\"index, follow, max-snippet:-1, max-image-preview:large, max-video-preview:-1\" \/>\n<link rel=\"canonical\" href=\"https:\/\/autobaak.nl\/de\/toyota-yaris\/\" \/>\n<meta property=\"og:locale\" content=\"de_DE\" \/>\n<meta property=\"og:type\" content=\"article\" \/>\n<meta property=\"og:title\" content=\"Wanneer distributieriem\/ketting vervangen Toyota Yaris? Alle intervallen\" \/>\n<meta property=\"og:description\" content=\"Wanneer distributieriem\/ketting vervangen Toyota Yaris? alle intervallen op deze pagina, zowel benzine als diesel o.a. 1.0 1.2 1.3 1.4 1.5 1.8 D-4D VVTi\" \/>\n<meta property=\"og:url\" content=\"https:\/\/autobaak.nl\/de\/toyota-yaris\/\" \/>\n<meta property=\"og:site_name\" content=\"Autobaak.nl\" \/>\n<meta property=\"article:modified_time\" content=\"2019-06-21T07:08:52+00:00\" \/>\n<meta property=\"og:image\" content=\"https:\/\/static-dscn.net\/13244\/1615045\/?wi=334511&amp;ws=\" \/>\n<meta name=\"twitter:card\" content=\"summary_large_image\" \/>\n<meta name=\"twitter:label1\" content=\"Gesch\u00e4tzte Lesezeit\" \/>\n\t<meta name=\"twitter:data1\" content=\"4\u00a0Minuten\" \/>\n<script type=\"application\/ld+json\" class=\"yoast-schema-graph\">{\"@context\":\"https:\\\/\\\/schema.org\",\"@graph\":[{\"@type\":\"WebPage\",\"@id\":\"https:\\\/\\\/autobaak.nl\\\/toyota-yaris\\\/\",\"url\":\"https:\\\/\\\/autobaak.nl\\\/toyota-yaris\\\/\",\"name\":\"Wanneer distributieriem\\\/ketting vervangen Toyota Yaris? Alle intervallen\",\"isPartOf\":{\"@id\":\"https:\\\/\\\/autobaak.nl\\\/#website\"},\"primaryImageOfPage\":{\"@id\":\"https:\\\/\\\/autobaak.nl\\\/toyota-yaris\\\/#primaryimage\"},\"image\":{\"@id\":\"https:\\\/\\\/autobaak.nl\\\/toyota-yaris\\\/#primaryimage\"},\"thumbnailUrl\":\"https:\\\/\\\/static-dscn.net\\\/13244\\\/1615045\\\/?wi=334511&amp;ws=\",\"datePublished\":\"2017-11-30T20:23:37+00:00\",\"dateModified\":\"2019-06-21T07:08:52+00:00\",\"description\":\"Wanneer distributieriem\\\/ketting vervangen Toyota Yaris? alle intervallen op deze pagina, zowel benzine als diesel o.a. 1.0 1.2 1.3 1.4 1.5 1.8 D-4D VVTi\",\"breadcrumb\":{\"@id\":\"https:\\\/\\\/autobaak.nl\\\/toyota-yaris\\\/#breadcrumb\"},\"inLanguage\":\"de\",\"potentialAction\":[{\"@type\":\"ReadAction\",\"target\":[\"https:\\\/\\\/autobaak.nl\\\/toyota-yaris\\\/\"]}]},{\"@type\":\"ImageObject\",\"inLanguage\":\"de\",\"@id\":\"https:\\\/\\\/autobaak.nl\\\/toyota-yaris\\\/#primaryimage\",\"url\":\"https:\\\/\\\/static-dscn.net\\\/13244\\\/1615045\\\/?wi=334511&amp;ws=\",\"contentUrl\":\"https:\\\/\\\/static-dscn.net\\\/13244\\\/1615045\\\/?wi=334511&amp;ws=\"},{\"@type\":\"BreadcrumbList\",\"@id\":\"https:\\\/\\\/autobaak.nl\\\/toyota-yaris\\\/#breadcrumb\",\"itemListElement\":[{\"@type\":\"ListItem\",\"position\":1,\"name\":\"Home\",\"item\":\"https:\\\/\\\/autobaak.nl\\\/\"},{\"@type\":\"ListItem\",\"position\":2,\"name\":\"Toyota Yaris\"}]},{\"@type\":\"WebSite\",\"@id\":\"https:\\\/\\\/autobaak.nl\\\/#website\",\"url\":\"https:\\\/\\\/autobaak.nl\\\/\",\"name\":\"Autobaak.nl\",\"description\":\"Cars &amp; Racing\",\"potentialAction\":[{\"@type\":\"SearchAction\",\"target\":{\"@type\":\"EntryPoint\",\"urlTemplate\":\"https:\\\/\\\/autobaak.nl\\\/?s={search_term_string}\"},\"query-input\":{\"@type\":\"PropertyValueSpecification\",\"valueRequired\":true,\"valueName\":\"search_term_string\"}}],\"inLanguage\":\"de\"}]}<\/script>\n<!-- \/ Yoast SEO plugin. -->","yoast_head_json":{"title":"Wann muss ein Toyota Yaris Zahnriemen\/eine Kette ausgetauscht werden? Alle Intervalle","description":"Wann ist ein Toyota Yaris Zahnriemen\/Kette zu wechseln? alle Intervalle auf dieser Seite, sowohl Benzin als auch Diesel z.B. 1.0 1.2 1.3 1.4 1.5 1.8 D-4D VVTi","robots":{"index":"index","follow":"follow","max-snippet":"max-snippet:-1","max-image-preview":"max-image-preview:large","max-video-preview":"max-video-preview:-1"},"canonical":"https:\/\/autobaak.nl\/de\/toyota-yaris\/","og_locale":"de_DE","og_type":"article","og_title":"Wanneer distributieriem\/ketting vervangen Toyota Yaris? Alle intervallen","og_description":"Wanneer distributieriem\/ketting vervangen Toyota Yaris? alle intervallen op deze pagina, zowel benzine als diesel o.a. 1.0 1.2 1.3 1.4 1.5 1.8 D-4D VVTi","og_url":"https:\/\/autobaak.nl\/de\/toyota-yaris\/","og_site_name":"Autobaak.nl","article_modified_time":"2019-06-21T07:08:52+00:00","og_image":[{"url":"https:\/\/static-dscn.net\/13244\/1615045\/?wi=334511&amp;ws=","type":"","width":"","height":""}],"twitter_card":"summary_large_image","twitter_misc":{"Gesch\u00e4tzte Lesezeit":"4\u00a0Minuten"},"schema":{"@context":"https:\/\/schema.org","@graph":[{"@type":"WebPage","@id":"https:\/\/autobaak.nl\/toyota-yaris\/","url":"https:\/\/autobaak.nl\/toyota-yaris\/","name":"Wann muss ein Toyota Yaris Zahnriemen\/eine Kette ausgetauscht werden? Alle Intervalle","isPartOf":{"@id":"https:\/\/autobaak.nl\/#website"},"primaryImageOfPage":{"@id":"https:\/\/autobaak.nl\/toyota-yaris\/#primaryimage"},"image":{"@id":"https:\/\/autobaak.nl\/toyota-yaris\/#primaryimage"},"thumbnailUrl":"https:\/\/static-dscn.net\/13244\/1615045\/?wi=334511&amp;ws=","datePublished":"2017-11-30T20:23:37+00:00","dateModified":"2019-06-21T07:08:52+00:00","description":"Wann ist ein Toyota Yaris Zahnriemen\/Kette zu wechseln? alle Intervalle auf dieser Seite, sowohl Benzin als auch Diesel z.B. 1.0 1.2 1.3 1.4 1.5 1.8 D-4D VVTi","breadcrumb":{"@id":"https:\/\/autobaak.nl\/toyota-yaris\/#breadcrumb"},"inLanguage":"de","potentialAction":[{"@type":"ReadAction","target":["https:\/\/autobaak.nl\/toyota-yaris\/"]}]},{"@type":"ImageObject","inLanguage":"de","@id":"https:\/\/autobaak.nl\/toyota-yaris\/#primaryimage","url":"https:\/\/static-dscn.net\/13244\/1615045\/?wi=334511&amp;ws=","contentUrl":"https:\/\/static-dscn.net\/13244\/1615045\/?wi=334511&amp;ws="},{"@type":"BreadcrumbList","@id":"https:\/\/autobaak.nl\/toyota-yaris\/#breadcrumb","itemListElement":[{"@type":"ListItem","position":1,"name":"Home","item":"https:\/\/autobaak.nl\/"},{"@type":"ListItem","position":2,"name":"Toyota Yaris"}]},{"@type":"WebSite","@id":"https:\/\/autobaak.nl\/#website","url":"https:\/\/autobaak.nl\/","name":"Autobook.de","description":"Autos &amp; Rennsport","potentialAction":[{"@type":"SearchAction","target":{"@type":"EntryPoint","urlTemplate":"https:\/\/autobaak.nl\/?s={search_term_string}"},"query-input":{"@type":"PropertyValueSpecification","valueRequired":true,"valueName":"search_term_string"}}],"inLanguage":"de"}]}},"_links":{"self":[{"href":"https:\/\/autobaak.nl\/de\/wp-json\/wp\/v2\/pages\/703","targetHints":{"allow":["GET"]}}],"collection":[{"href":"https:\/\/autobaak.nl\/de\/wp-json\/wp\/v2\/pages"}],"about":[{"href":"https:\/\/autobaak.nl\/de\/wp-json\/wp\/v2\/types\/page"}],"author":[{"embeddable":true,"href":"https:\/\/autobaak.nl\/de\/wp-json\/wp\/v2\/users\/1"}],"replies":[{"embeddable":true,"href":"https:\/\/autobaak.nl\/de\/wp-json\/wp\/v2\/comments?post=703"}],"version-history":[{"count":0,"href":"https:\/\/autobaak.nl\/de\/wp-json\/wp\/v2\/pages\/703\/revisions"}],"wp:attachment":[{"href":"https:\/\/autobaak.nl\/de\/wp-json\/wp\/v2\/media?parent=703"}],"curies":[{"name":"wp","href":"https:\/\/api.w.org\/{rel}","templated":true}]}}