{"id":718,"date":"2017-12-03T11:37:40","date_gmt":"2017-12-03T11:37:40","guid":{"rendered":"https:\/\/autobaak.nl\/?page_id=718"},"modified":"2019-11-29T16:36:53","modified_gmt":"2019-11-29T16:36:53","slug":"toyota-prius","status":"publish","type":"page","link":"https:\/\/autobaak.nl\/de\/toyota-prius\/","title":{"rendered":"Toyota Prius"},"content":{"rendered":"<p>[et_pb_section fb_built=\"1\u2033 custom_padding_last_edited=\"on|desktop\" _builder_version=\"3.22\u2033 background_colour=\"#0c71c3\u2033 custom_padding_tablet=\"50px|0|50px|0\u2033 custom_padding_phone=\"\" transparent_background=\"off\" padding_mobile=\"off\" make_fullwidth=\"off\" use_custom_width=\"off\" width_unit=\"on\"][et_pb_row _builder_version=\"3.25\u2033 background_size=\"initial\" background_position=\"top_left\" background_repeat=\"repeat\"][et_pb_column type=\"4_4\u2033 _builder_version=\"3.25\u2033 custom_padding=\"|||\" custom_padding__hover=\"|||\"][et_pb_text _builder_version=\"3.<\/p>\n<h1 style=\"text-align: center;\">Wann ist der Toyota Prius Zahnriemen zu wechseln?<\/h1>\n<p>[\/et_pb_text][\/et_pb_column][\/et_pb_row][\/et_pb_section][et_pb_section fb_built=\"1\u2033 _builder_version=\"3.23.3\u2033 inner_width_tablet=\"50px\" inner_max_width_tablet=\"50px\" custom_margin=\"||-40px|\" custom_padding=\"2px|||-20px|||\" z_index_tablet=\"500\u2033 box_shadow_horizontal_tablet=\"0px\" box_shadow_vertical_tablet=\"0px\" box_shadow_blur_tablet=\"40px\" box_shadow_spread_tablet=\"0px\" global_module=\"1614\u2033][et_pb_row _builder_version=\"3.25\u2033 background_size=\"initial\" background_position=\"top_left\" background_repeat=\"repeat\"][et_pb_column type=\"4_4\u2033 _builder_version=\"3.25\u2033 custom_padding=\"|||\" custom_padding__hover=\"|||\"][et_pb_image src=\"https:\/\/autobaak.de\/wp-content\/uploads\/2019\/11\/autoaccessories-autobook-1.png\" url=\"https:\/\/autobaak.nl\/winkel\/\" _builder_version=\"4.0.7\u2033][\/et_pb_image][\/et_pb_column][\/et_pb_row][\/et_pb_section][et_pb_section fb_built=\"1\u2033 _builder_version=\"3.22\u2033 custom_padding=\"0px|||||\"][et_pb_row column_structure=\"2_3,1_3\u2033 _builder_version=\"3.25\u2033 background_size=\"initial\" background_position=\"top_left\" background_repeat=\"repeat\"][et_pb_column type=\"2_3\u2033 _builder_version=\"3.25\u2033 custom_padding=\"|||\" custom_padding__hover=\"|||\"][et_pb_text _builder_version=\"3.27.4\u2033 border_color_all=\"#ffffff\" use_border_color=\"off\" border_color=\"#ffffff\" border_style=\"solid\"]<\/p>\n<p>\nDer Toyota Prius ist ein Hybrid-Mittelklassewagen der japanischen Marke, der seit 2000 produziert wird. Dieses Modell ist nur mit Benzinmotoren erh\u00e4ltlich. Nachfolgend finden Sie eine \u00dcbersicht \u00fcber die Zahnriemenwechselintervalle ab dem Jahr 2000. Wenn Sie nicht wissen, welchen Motor Ihr Fahrzeug hat, k\u00f6nnen Sie unten das Kennzeichen eingeben.<\/p>\n<p>[open_rdw_check \"marke\" \"handelsname\" \"fahrzeugtyp\" \"kraftstoff_beschreibung\" \"anzahl_zylinder\" \"hubraum\" \"expiry_apk\"]<br \/>\n[\/et_pb_text][et_pb_text _builder_version=\"3.27.4\u2033 border_color_all=\"#ffffff\" border_style_all=\"solid\" use_border_color=\"off\" border_color=\"#ffff\" border_style=\"solid\"]<\/p>\n<h2><b>Alle<\/b>\u00a0<strong>Varianten, die ab dem Jahr 2000 hergestellt wurden -<br \/>\n<\/strong><\/h2>\n<p>Alle Toyota Prius Modelle sind mit einer Verteilerkette ausgestattet. Diese Kette sollte alle zwei Jahre ersetzt werden. <strong>zehn Jahre und wird bei Bedarf ersetzt<\/strong>.<\/p>\n<p>Der Prius ist mit den folgenden Motoren erh\u00e4ltlich:<\/p>\n<ul>\n<li>1,5 53 kW<\/li>\n<li>1,5 57 kW<\/li>\n<li>1.8 73 kW<\/li>\n<li>1,8 100 kW<\/li>\n<\/ul>\n<p>[\/et_pb_text][\/et_pb_column][et_pb_column type=\"1_3\u2033 _builder_version=\"3.25\u2033 custom_padding=\"|||\" custom_padding__hover=\"|||\"][et_pb_code _builder_version=\"3.23.3\u2033 text_orientation=\"centre\" z_index_tablet=\"500\u2033 global_module=\"1602\u2033 saved_tabs=\"all\"]<iframe loading=\"lazy\" style=\"overflow: hidden; border: none\" src=\"https:\/\/html.dt51.net\/12298\/1550002\/?wi=334511&#038;ws=\" width=\"160\" height=\"600\" frameborder=\"0\" marginwidth=\"0\" marginheight=\"0\" scrolling=\"no\"><\/iframe>[\/et_pb_code][\/et_pb_column][\/et_pb_row][\/et_pb_section].<\/p>","protected":false},"excerpt":{"rendered":"<p>Wann ist der Zahnriemen zu wechseln Toyota Prius Der Toyota Prius ist ein Hybrid-Mittelklassewagen der japanischen Marke, der ab dem Jahr 2000 produziert wird. Dieses Modell ist nur mit Benzinmotoren erh\u00e4ltlich. Nachstehend finden Sie eine \u00dcbersicht \u00fcber die Zahnriemenwechselintervalle ab dem Jahr 2000. Wenn Sie nicht wissen, welchen Motor Ihr Auto hat, k\u00f6nnen Sie unten das Kennzeichen eingeben [...].<\/p>","protected":false},"author":1,"featured_media":0,"parent":0,"menu_order":0,"comment_status":"closed","ping_status":"closed","template":"","meta":{"_et_pb_use_builder":"on","_et_pb_old_content":"","_et_gb_content_width":"","footnotes":""},"class_list":["post-718","page","type-page","status-publish","hentry"],"yoast_head":"<!-- This site is optimized with the Yoast SEO plugin v27.3 - https:\/\/yoast.com\/product\/yoast-seo-wordpress\/ -->\n<title>Wanneer distributieriem vervangen bij Toyota Prius? Alle intervallen -<\/title>\n<meta name=\"description\" content=\"Wanneer distributieriem vervangen Toyota Prius? Alle intervallen van dit hybride model van de Japanse leverancier. O.a. 1.5 en 1.8 check het direct\" \/>\n<meta name=\"robots\" content=\"index, follow, max-snippet:-1, max-image-preview:large, max-video-preview:-1\" \/>\n<link rel=\"canonical\" href=\"https:\/\/autobaak.nl\/de\/toyota-prius\/\" \/>\n<meta property=\"og:locale\" content=\"de_DE\" \/>\n<meta property=\"og:type\" content=\"article\" \/>\n<meta property=\"og:title\" content=\"Wanneer distributieriem vervangen bij Toyota Prius? Alle intervallen -\" \/>\n<meta property=\"og:description\" content=\"Wanneer distributieriem vervangen Toyota Prius? Alle intervallen van dit hybride model van de Japanse leverancier. O.a. 1.5 en 1.8 check het direct\" \/>\n<meta property=\"og:url\" content=\"https:\/\/autobaak.nl\/de\/toyota-prius\/\" \/>\n<meta property=\"og:site_name\" content=\"Autobaak.nl\" \/>\n<meta property=\"article:modified_time\" content=\"2019-11-29T16:36:53+00:00\" \/>\n<meta name=\"twitter:card\" content=\"summary_large_image\" \/>\n<meta name=\"twitter:label1\" content=\"Gesch\u00e4tzte Lesezeit\" \/>\n\t<meta name=\"twitter:data1\" content=\"2\u00a0Minuten\" \/>\n<script type=\"application\/ld+json\" class=\"yoast-schema-graph\">{\"@context\":\"https:\\\/\\\/schema.org\",\"@graph\":[{\"@type\":\"WebPage\",\"@id\":\"https:\\\/\\\/autobaak.nl\\\/toyota-prius\\\/\",\"url\":\"https:\\\/\\\/autobaak.nl\\\/toyota-prius\\\/\",\"name\":\"Wanneer distributieriem vervangen bij Toyota Prius? Alle intervallen -\",\"isPartOf\":{\"@id\":\"https:\\\/\\\/autobaak.nl\\\/#website\"},\"datePublished\":\"2017-12-03T11:37:40+00:00\",\"dateModified\":\"2019-11-29T16:36:53+00:00\",\"description\":\"Wanneer distributieriem vervangen Toyota Prius? Alle intervallen van dit hybride model van de Japanse leverancier. O.a. 1.5 en 1.8 check het direct\",\"breadcrumb\":{\"@id\":\"https:\\\/\\\/autobaak.nl\\\/toyota-prius\\\/#breadcrumb\"},\"inLanguage\":\"de\",\"potentialAction\":[{\"@type\":\"ReadAction\",\"target\":[\"https:\\\/\\\/autobaak.nl\\\/toyota-prius\\\/\"]}]},{\"@type\":\"BreadcrumbList\",\"@id\":\"https:\\\/\\\/autobaak.nl\\\/toyota-prius\\\/#breadcrumb\",\"itemListElement\":[{\"@type\":\"ListItem\",\"position\":1,\"name\":\"Home\",\"item\":\"https:\\\/\\\/autobaak.nl\\\/\"},{\"@type\":\"ListItem\",\"position\":2,\"name\":\"Toyota Prius\"}]},{\"@type\":\"WebSite\",\"@id\":\"https:\\\/\\\/autobaak.nl\\\/#website\",\"url\":\"https:\\\/\\\/autobaak.nl\\\/\",\"name\":\"Autobaak.nl\",\"description\":\"Cars &amp; Racing\",\"potentialAction\":[{\"@type\":\"SearchAction\",\"target\":{\"@type\":\"EntryPoint\",\"urlTemplate\":\"https:\\\/\\\/autobaak.nl\\\/?s={search_term_string}\"},\"query-input\":{\"@type\":\"PropertyValueSpecification\",\"valueRequired\":true,\"valueName\":\"search_term_string\"}}],\"inLanguage\":\"de\"}]}<\/script>\n<!-- \/ Yoast SEO plugin. -->","yoast_head_json":{"title":"Wann muss der Zahnriemen eines Toyota Prius gewechselt werden? Alle Intervalle -","description":"Wann ist der Toyota Prius Zahnriemen zu wechseln? Alle Intervalle f\u00fcr dieses Hybridmodell des japanischen Anbieters. Einschlie\u00dflich 1.5 und 1.8 direkt \u00fcberpr\u00fcfen","robots":{"index":"index","follow":"follow","max-snippet":"max-snippet:-1","max-image-preview":"max-image-preview:large","max-video-preview":"max-video-preview:-1"},"canonical":"https:\/\/autobaak.nl\/de\/toyota-prius\/","og_locale":"de_DE","og_type":"article","og_title":"Wanneer distributieriem vervangen bij Toyota Prius? Alle intervallen -","og_description":"Wanneer distributieriem vervangen Toyota Prius? Alle intervallen van dit hybride model van de Japanse leverancier. O.a. 1.5 en 1.8 check het direct","og_url":"https:\/\/autobaak.nl\/de\/toyota-prius\/","og_site_name":"Autobaak.nl","article_modified_time":"2019-11-29T16:36:53+00:00","twitter_card":"summary_large_image","twitter_misc":{"Gesch\u00e4tzte Lesezeit":"2\u00a0Minuten"},"schema":{"@context":"https:\/\/schema.org","@graph":[{"@type":"WebPage","@id":"https:\/\/autobaak.nl\/toyota-prius\/","url":"https:\/\/autobaak.nl\/toyota-prius\/","name":"Wann muss der Zahnriemen eines Toyota Prius gewechselt werden? Alle Intervalle -","isPartOf":{"@id":"https:\/\/autobaak.nl\/#website"},"datePublished":"2017-12-03T11:37:40+00:00","dateModified":"2019-11-29T16:36:53+00:00","description":"Wann ist der Toyota Prius Zahnriemen zu wechseln? Alle Intervalle f\u00fcr dieses Hybridmodell des japanischen Anbieters. Einschlie\u00dflich 1.5 und 1.8 direkt \u00fcberpr\u00fcfen","breadcrumb":{"@id":"https:\/\/autobaak.nl\/toyota-prius\/#breadcrumb"},"inLanguage":"de","potentialAction":[{"@type":"ReadAction","target":["https:\/\/autobaak.nl\/toyota-prius\/"]}]},{"@type":"BreadcrumbList","@id":"https:\/\/autobaak.nl\/toyota-prius\/#breadcrumb","itemListElement":[{"@type":"ListItem","position":1,"name":"Home","item":"https:\/\/autobaak.nl\/"},{"@type":"ListItem","position":2,"name":"Toyota Prius"}]},{"@type":"WebSite","@id":"https:\/\/autobaak.nl\/#website","url":"https:\/\/autobaak.nl\/","name":"Autobook.de","description":"Autos &amp; Rennsport","potentialAction":[{"@type":"SearchAction","target":{"@type":"EntryPoint","urlTemplate":"https:\/\/autobaak.nl\/?s={search_term_string}"},"query-input":{"@type":"PropertyValueSpecification","valueRequired":true,"valueName":"search_term_string"}}],"inLanguage":"de"}]}},"_links":{"self":[{"href":"https:\/\/autobaak.nl\/de\/wp-json\/wp\/v2\/pages\/718","targetHints":{"allow":["GET"]}}],"collection":[{"href":"https:\/\/autobaak.nl\/de\/wp-json\/wp\/v2\/pages"}],"about":[{"href":"https:\/\/autobaak.nl\/de\/wp-json\/wp\/v2\/types\/page"}],"author":[{"embeddable":true,"href":"https:\/\/autobaak.nl\/de\/wp-json\/wp\/v2\/users\/1"}],"replies":[{"embeddable":true,"href":"https:\/\/autobaak.nl\/de\/wp-json\/wp\/v2\/comments?post=718"}],"version-history":[{"count":0,"href":"https:\/\/autobaak.nl\/de\/wp-json\/wp\/v2\/pages\/718\/revisions"}],"wp:attachment":[{"href":"https:\/\/autobaak.nl\/de\/wp-json\/wp\/v2\/media?parent=718"}],"curies":[{"name":"wp","href":"https:\/\/api.w.org\/{rel}","templated":true}]}}