{"id":744,"date":"2017-12-04T19:06:02","date_gmt":"2017-12-04T19:06:02","guid":{"rendered":"https:\/\/autobaak.nl\/?page_id=744"},"modified":"2019-06-20T16:42:20","modified_gmt":"2019-06-20T16:42:20","slug":"mazda-626","status":"publish","type":"page","link":"https:\/\/autobaak.nl\/de\/mazda-626\/","title":{"rendered":"Mazda 626"},"content":{"rendered":"<p>[et_pb_section bb_built=\"1\u2033 fullwidth=\"off\" specialty=\"off\" transparent_background=\"off\" background_colour=\"#0c71c3\u2033 allow_player_pause=\"off\" inner_shadow=\"off\" parallax=\"off\" parallax_method=\"off\" padding_mobile=\"off\" make_fullwidth=\"off\" use_custom_width=\"off\" width_unit=\"on\" make_equal=\"off\" use_custom_gutter=\"off\" custom_padding_tablet=\"50px|0|50px|0\u2033 custom_padding_last_edited=\"on|desktop\" inner_width=\"auto\" inner_max_width=\"none\" next_background_colour=\"#ffffff\"][et_pb_row][et_pb_column type=\"4_4\u2033][et_pb_text background_layout=\"dark\" text_orientation=\"centre\" use_border_color=\"off\" border_color=\"#ffff\" border_style=\"solid\" _builder_version=\"3.0.89\u2033 module_alignment=\"centre\" border_colour_all=\"#ffffffff\"]<\/p>\n<h1 style=\"text-align: center;\">Wann ist der Mazda 626 Zahnriemen zu wechseln?<\/h1>\n<p>[\/et_pb_text][\/et_pb_column][\/et_pb_row][\/et_pb_section][et_pb_section bb_built=\"1\u2033 _builder_version=\"3.23.3\u2033 inner_width_tablet=\"50px\" inner_max_width_tablet=\"50px\" custom_margin=\"||-40px|\" custom_padding=\"||-20px|\" z_index_tablet=\"500\u2033 box_shadow_horizontal_tablet=\"0px\" box_shadow_vertical_tablet=\"0px\" box_shadow_blur_tablet=\"40px\" box_shadow_spread_tablet=\"0px\" next_background_color=\"#000000\u2033 global_module=\"1614\u2033 prev_background_color=\"#0c71c3\u2033][et_pb_row global_parent=\"1614\u2033 _builder_version=\"3.22.3\u2033 background_size=\"initial\" background_position=\"top_left\" background_repeat=\"repeat\"][et_pb_column type=\"4_4\u2033][et_pb_text global_parent=\"1614\u2033 _builder_version=\"3.23.3\u2033 custom_margin=\"-50px||-50px||\" z_index_tablet=\"500\u2033 text_text_shadow_horizontal_length_tablet=\"0px\" text_text_shadow_vertical_length_tablet=\"0px\" text_text_shadow_blur_strength_tablet=\"1px\" link_text_shadow_horizontal_length_tablet=\"0px\" link_text_shadow_vertical_length_tablet=\"0px\" link_text_shadow_blur_strength_tablet=\"1px\" ul_text_shadow_horizontal_length_tablet=\"0px\" ul_text_shadow_vertical_length_tablet=\"0px\" ul_text_shadow_blur_strength_tablet=\"1px\" ol_text_shadow_horizontal_length_tablet=\"0px\" ol_text_shadow_vertical_length_tablet=\"0px\" ol_text_shadow_blur_strength_tablet=\"1px\" quote_text_shadow_horizontal_length_tablet=\"0px\" quote_text_shadow_vertical_length_tablet=\"0px\" quote_text_shadow_blur_strength_tablet=\"1px\" header_text_shadow_horizontal_length_tablet=\"0px\" header_text_shadow_vertical_length_tablet=\"0px\" header_text_shadow_blur_strength_tablet=\"1px\" header_2_text_shadow_horizontal_length_tablet=\"0px\" header_2_text_shadow_vertical_length_tablet=\"0px\" header_2_text_shadow_blur_strength_tablet=\"1px\" header_3_text_shadow_horizontal_length_tablet=\"0px\" header_3_text_shadow_vertical_length_tablet=\"0px\" header_3_text_shadow_blur_strength_tablet=\"1px\" header_4_text_shadow_horizontal_length_tablet=\"0px\" header_4_text_shadow_vertical_length_tablet=\"0px\" header_4_text_shadow_blur_strength_tablet=\"1px\" header_5_text_shadow_horizontal_length_tablet=\"0px\" header_5_text_shadow_vertical_length_tablet=\"0px\" header_5_text_shadow_blur_strength_tablet=\"1px\" header_6_text_shadow_horizontal_length_tablet=\"0px\" header_6_text_shadow_vertical_length_tablet=\"0px\" header_6_text_shadow_blur_strength_tablet=\"1px\" box_shadow_horizontal_tablet=\"0px\" box_shadow_vertical_tablet=\"0px\" box_shadow_blur_tablet=\"40px\" box_shadow_spread_tablet=\"0px\" custom_padding=\"||0px|||\"]<\/p>\n<p><a href=\"https:\/\/lt45.net\/c\/?si=13244&amp;li=1615045&amp;wi=334511&amp;ws=\" target=\"_blank\" rel=\"nofollow noopener noreferrer\"><img decoding=\"async\" class=\"aligncenter\" style=\"max-width: 100%; height: auto; border: none;\" src=\"https:\/\/static-dscn.net\/13244\/1615045\/?wi=334511&amp;ws=\" alt=\"\" \/><\/a><\/p>\n<p>[\/et_pb_text][\/et_pb_column][\/et_pb_row][\/et_pb_section][et_pb_section bb_built=\"1\u2033 fullwidth=\"off\" specialty=\"off\" inner_width=\"auto\" inner_max_width=\"none\" prev_background_color=\"#000000\u2033][et_pb_row][et_pb_column type=\"2_3\u2033][et_pb_text background_layout=\"light\" use_border_color=\"off\" border_color=\"#ffffff\" border_style=\"solid\" _builder_version=\"3.0.89\u2033 border_color_all=\"#ffffff\"]<\/p>\n<p>\nDer Mazda 626 ist ein Mittelklassewagen der japanischen Marke, der von 1970 bis 2002 produziert wurde. Dieses Modell wurde sowohl mit Diesel- als auch mit Benzinmotoren geliefert. Nachfolgend finden Sie eine \u00dcbersicht \u00fcber die Zahnriemenwechselintervalle seit 1992. Wenn Sie nicht wissen, welchen Motor Ihr Fahrzeug hat, k\u00f6nnen Sie unten das Kennzeichen eingeben.<\/p>\n<p>[open_rdw_check \"marke\" \"handelsname\" \"fahrzeugtyp\" \"kraftstoff_beschreibung\" \"anzahl_zylinder\" \"hubraum\" \"expiry_apk\"]<\/p>\n<p>[\/et_pb_text][et_pb_text background_layout=\"light\" use_border_color=\"off\" border_color=\"#ffffff\" border_style=\"solid\" _builder_version=\"3.0.89\u2033 border_color_all=\"#ffffff\"]<\/p>\n<h2><strong>Benzin<\/strong> <strong>zwischen 1992 und 1997 hergestellte Varianten<br \/>\n<\/strong><\/h2>\n<ul>\n<li>Mazda 626 1.8 i 66 kW =\u00a0<strong>Alle 90 000 Kilometer oder nach maximal 5 Jahren.<\/strong><\/li>\n<li>Mazda 626 1.8 i 77 kW =\u00a0<strong>Alle 90 000 Kilometer oder nach maximal 5 Jahren.<\/strong><\/li>\n<li>Mazda 626 2.0 i 85 kW =\u00a0<strong>Alle 90 000 Kilometer oder nach maximal 5 Jahren.<\/strong><\/li>\n<li>Mazda 626 2.5 24V 120 und 121 kW =\u00a0<strong>Alle 90 000 Kilometer oder nach maximal 5 Jahren.<\/strong><\/li>\n<\/ul>\n<h2><b>Diesel<\/b>\u00a0<strong>zwischen 1992 und 1997 hergestellte Varianten<br \/>\n<\/strong><\/h2>\n<ul>\n<li>Mazda 626 2.0 D 55 kW =\u00a0 <strong>Alle 90 000 Kilometer oder nach maximal 5 Jahren.<\/strong><\/li>\n<\/ul>\n<h2><strong>Benzin<\/strong> <strong>zwischen 1997 und 2002 hergestellte Varianten<br \/>\n<\/strong><\/h2>\n<ul>\n<li>Mazda 626 1.9 i 66 und 74 kW =\u00a0 <strong>Alle 90 000 Kilometer oder nach maximal 5 Jahren.<\/strong><\/li>\n<li>Mazda 626 2.0 i 85 und 100 kW =\u00a0 <strong>Alle 90 000 Kilometer oder nach maximal 5 Jahren.<\/strong><\/li>\n<\/ul>\n<h2><b>Diesel<\/b>\u00a0<strong>zwischen 1997 und 2002 hergestellte Varianten<br \/>\n<\/strong><\/h2>\n<ul>\n<li>Mazda 626 2.0 Di TD 66 kW =\u00a0 <strong>Alle 90 000 Kilometer oder nach maximal 5 Jahren.<\/strong><\/li>\n<li>Mazda 626 2.0 Turbo Di 74 kW =\u00a0 <strong>Alle 90 000 Kilometer oder nach maximal 5 Jahren.<\/strong><\/li>\n<li>Mazda 626 2.0 TD 81 kW =\u00a0 <strong>Alle 90 000 Kilometer oder nach maximal 5 Jahren.<\/strong><\/li>\n<\/ul>\n<p>[\/et_pb_text][\/et_pb_column][et_pb_column type=\"1_3\u2033][et_pb_code _builder_version=\"3.23.3\u2033 z_index_tablet=\"500\u2033 saved_tabs=\"all\" text_orientation=\"centre\" global_module=\"1602\u2033]<iframe loading=\"lazy\" style=\"overflow: hidden; border: none\" src=\"https:\/\/html.dt51.net\/12298\/1550002\/?wi=334511&#038;ws=\" width=\"160\" height=\"600\" frameborder=\"0\" marginwidth=\"0\" marginheight=\"0\" scrolling=\"no\"><\/iframe>[\/et_pb_code][\/et_pb_column][\/et_pb_row][\/et_pb_section].<\/p>","protected":false},"excerpt":{"rendered":"<p><div class=\"et_pb_row et_pb_row_0 et_pb_row_empty\">\n\t\t\t\t\n\t\t\t\t\n\t\t\t\t\n\t\t\t\t\n\t\t\t\t\n\t\t\t<\/div> Wann ist der Mazda 626 Zahnriemen zu wechseln? <div class=\"et_pb_row et_pb_row_1 et_pb_row_empty\">\n\t\t\t\t\n\t\t\t\t\n\t\t\t\t\n\t\t\t\t\n\t\t\t\t\n\t\t\t<\/div> Der Mazda 626 ist ein Mittelklassewagen der japanischen Marke, der von 1970 bis 2002 produziert wurde. Dieses Modell ist sowohl mit Diesel- als auch mit Benzinmotoren erh\u00e4ltlich. Nachfolgend finden Sie eine \u00dcbersicht \u00fcber die Zahnriemenwechselintervalle ab 1992. Wenn Sie nicht wissen, welchen Motor Ihr Auto hat, dann [...]<\/p>","protected":false},"author":1,"featured_media":0,"parent":0,"menu_order":0,"comment_status":"closed","ping_status":"closed","template":"","meta":{"_et_pb_use_builder":"on","_et_pb_old_content":"","_et_gb_content_width":"","footnotes":""},"class_list":["post-744","page","type-page","status-publish","hentry"],"yoast_head":"<!-- This site is optimized with the Yoast SEO plugin v27.3 - https:\/\/yoast.com\/product\/yoast-seo-wordpress\/ -->\n<title>Wanneer distributieriem vervangen Mazda 626? Alle intervallen bekijken &gt;<\/title>\n<meta name=\"description\" content=\"Wanneer distributieriem vervangen Mazda 626? Alle intervallen zowel diesel als benzine. O.a. 1.8, 1.9, 2.0, 2.5 V6 D TD TD ID Check het direct hier\" \/>\n<meta name=\"robots\" content=\"index, follow, max-snippet:-1, max-image-preview:large, max-video-preview:-1\" \/>\n<link rel=\"canonical\" href=\"https:\/\/autobaak.nl\/de\/mazda-626\/\" \/>\n<meta property=\"og:locale\" content=\"de_DE\" \/>\n<meta property=\"og:type\" content=\"article\" \/>\n<meta property=\"og:title\" content=\"Wanneer distributieriem vervangen Mazda 626? Alle intervallen bekijken &gt;\" \/>\n<meta property=\"og:description\" content=\"Wanneer distributieriem vervangen Mazda 626? Alle intervallen zowel diesel als benzine. O.a. 1.8, 1.9, 2.0, 2.5 V6 D TD TD ID Check het direct hier\" \/>\n<meta property=\"og:url\" content=\"https:\/\/autobaak.nl\/de\/mazda-626\/\" \/>\n<meta property=\"og:site_name\" content=\"Autobaak.nl\" \/>\n<meta property=\"article:modified_time\" content=\"2019-06-20T16:42:20+00:00\" \/>\n<meta property=\"og:image\" content=\"https:\/\/static-dscn.net\/13244\/1615045\/?wi=334511&amp;ws=\" \/>\n<meta name=\"twitter:card\" content=\"summary_large_image\" \/>\n<meta name=\"twitter:label1\" content=\"Gesch\u00e4tzte Lesezeit\" \/>\n\t<meta name=\"twitter:data1\" content=\"4\u00a0Minuten\" \/>\n<script type=\"application\/ld+json\" class=\"yoast-schema-graph\">{\"@context\":\"https:\\\/\\\/schema.org\",\"@graph\":[{\"@type\":\"WebPage\",\"@id\":\"https:\\\/\\\/autobaak.nl\\\/mazda-626\\\/\",\"url\":\"https:\\\/\\\/autobaak.nl\\\/mazda-626\\\/\",\"name\":\"Wanneer distributieriem vervangen Mazda 626? Alle intervallen bekijken >\",\"isPartOf\":{\"@id\":\"https:\\\/\\\/autobaak.nl\\\/#website\"},\"primaryImageOfPage\":{\"@id\":\"https:\\\/\\\/autobaak.nl\\\/mazda-626\\\/#primaryimage\"},\"image\":{\"@id\":\"https:\\\/\\\/autobaak.nl\\\/mazda-626\\\/#primaryimage\"},\"thumbnailUrl\":\"https:\\\/\\\/static-dscn.net\\\/13244\\\/1615045\\\/?wi=334511&amp;ws=\",\"datePublished\":\"2017-12-04T19:06:02+00:00\",\"dateModified\":\"2019-06-20T16:42:20+00:00\",\"description\":\"Wanneer distributieriem vervangen Mazda 626? Alle intervallen zowel diesel als benzine. O.a. 1.8, 1.9, 2.0, 2.5 V6 D TD TD ID Check het direct hier\",\"breadcrumb\":{\"@id\":\"https:\\\/\\\/autobaak.nl\\\/mazda-626\\\/#breadcrumb\"},\"inLanguage\":\"de\",\"potentialAction\":[{\"@type\":\"ReadAction\",\"target\":[\"https:\\\/\\\/autobaak.nl\\\/mazda-626\\\/\"]}]},{\"@type\":\"ImageObject\",\"inLanguage\":\"de\",\"@id\":\"https:\\\/\\\/autobaak.nl\\\/mazda-626\\\/#primaryimage\",\"url\":\"https:\\\/\\\/static-dscn.net\\\/13244\\\/1615045\\\/?wi=334511&amp;ws=\",\"contentUrl\":\"https:\\\/\\\/static-dscn.net\\\/13244\\\/1615045\\\/?wi=334511&amp;ws=\"},{\"@type\":\"BreadcrumbList\",\"@id\":\"https:\\\/\\\/autobaak.nl\\\/mazda-626\\\/#breadcrumb\",\"itemListElement\":[{\"@type\":\"ListItem\",\"position\":1,\"name\":\"Home\",\"item\":\"https:\\\/\\\/autobaak.nl\\\/\"},{\"@type\":\"ListItem\",\"position\":2,\"name\":\"Mazda 626\"}]},{\"@type\":\"WebSite\",\"@id\":\"https:\\\/\\\/autobaak.nl\\\/#website\",\"url\":\"https:\\\/\\\/autobaak.nl\\\/\",\"name\":\"Autobaak.nl\",\"description\":\"Cars &amp; Racing\",\"potentialAction\":[{\"@type\":\"SearchAction\",\"target\":{\"@type\":\"EntryPoint\",\"urlTemplate\":\"https:\\\/\\\/autobaak.nl\\\/?s={search_term_string}\"},\"query-input\":{\"@type\":\"PropertyValueSpecification\",\"valueRequired\":true,\"valueName\":\"search_term_string\"}}],\"inLanguage\":\"de\"}]}<\/script>\n<!-- \/ Yoast SEO plugin. -->","yoast_head_json":{"title":"Wann ist der Mazda 626 Zahnriemen zu wechseln? Alle Intervalle anzeigen &gt;","description":"Wann ist der Mazda 626 Zahnriemen zu wechseln? Alle Intervalle sowohl f\u00fcr Diesel als auch f\u00fcr Benzin. Einschlie\u00dflich 1.8, 1.9, 2.0, 2.5 V6 D TD ID Pr\u00fcfen Sie es direkt hier","robots":{"index":"index","follow":"follow","max-snippet":"max-snippet:-1","max-image-preview":"max-image-preview:large","max-video-preview":"max-video-preview:-1"},"canonical":"https:\/\/autobaak.nl\/de\/mazda-626\/","og_locale":"de_DE","og_type":"article","og_title":"Wanneer distributieriem vervangen Mazda 626? Alle intervallen bekijken >","og_description":"Wanneer distributieriem vervangen Mazda 626? Alle intervallen zowel diesel als benzine. O.a. 1.8, 1.9, 2.0, 2.5 V6 D TD TD ID Check het direct hier","og_url":"https:\/\/autobaak.nl\/de\/mazda-626\/","og_site_name":"Autobaak.nl","article_modified_time":"2019-06-20T16:42:20+00:00","og_image":[{"url":"https:\/\/static-dscn.net\/13244\/1615045\/?wi=334511&amp;ws=","type":"","width":"","height":""}],"twitter_card":"summary_large_image","twitter_misc":{"Gesch\u00e4tzte Lesezeit":"4\u00a0Minuten"},"schema":{"@context":"https:\/\/schema.org","@graph":[{"@type":"WebPage","@id":"https:\/\/autobaak.nl\/mazda-626\/","url":"https:\/\/autobaak.nl\/mazda-626\/","name":"Wann ist der Mazda 626 Zahnriemen zu wechseln? Alle Intervalle anzeigen &gt;","isPartOf":{"@id":"https:\/\/autobaak.nl\/#website"},"primaryImageOfPage":{"@id":"https:\/\/autobaak.nl\/mazda-626\/#primaryimage"},"image":{"@id":"https:\/\/autobaak.nl\/mazda-626\/#primaryimage"},"thumbnailUrl":"https:\/\/static-dscn.net\/13244\/1615045\/?wi=334511&amp;ws=","datePublished":"2017-12-04T19:06:02+00:00","dateModified":"2019-06-20T16:42:20+00:00","description":"Wann ist der Mazda 626 Zahnriemen zu wechseln? Alle Intervalle sowohl f\u00fcr Diesel als auch f\u00fcr Benzin. Einschlie\u00dflich 1.8, 1.9, 2.0, 2.5 V6 D TD ID Pr\u00fcfen Sie es direkt hier","breadcrumb":{"@id":"https:\/\/autobaak.nl\/mazda-626\/#breadcrumb"},"inLanguage":"de","potentialAction":[{"@type":"ReadAction","target":["https:\/\/autobaak.nl\/mazda-626\/"]}]},{"@type":"ImageObject","inLanguage":"de","@id":"https:\/\/autobaak.nl\/mazda-626\/#primaryimage","url":"https:\/\/static-dscn.net\/13244\/1615045\/?wi=334511&amp;ws=","contentUrl":"https:\/\/static-dscn.net\/13244\/1615045\/?wi=334511&amp;ws="},{"@type":"BreadcrumbList","@id":"https:\/\/autobaak.nl\/mazda-626\/#breadcrumb","itemListElement":[{"@type":"ListItem","position":1,"name":"Home","item":"https:\/\/autobaak.nl\/"},{"@type":"ListItem","position":2,"name":"Mazda 626"}]},{"@type":"WebSite","@id":"https:\/\/autobaak.nl\/#website","url":"https:\/\/autobaak.nl\/","name":"Autobook.de","description":"Autos &amp; Rennsport","potentialAction":[{"@type":"SearchAction","target":{"@type":"EntryPoint","urlTemplate":"https:\/\/autobaak.nl\/?s={search_term_string}"},"query-input":{"@type":"PropertyValueSpecification","valueRequired":true,"valueName":"search_term_string"}}],"inLanguage":"de"}]}},"_links":{"self":[{"href":"https:\/\/autobaak.nl\/de\/wp-json\/wp\/v2\/pages\/744","targetHints":{"allow":["GET"]}}],"collection":[{"href":"https:\/\/autobaak.nl\/de\/wp-json\/wp\/v2\/pages"}],"about":[{"href":"https:\/\/autobaak.nl\/de\/wp-json\/wp\/v2\/types\/page"}],"author":[{"embeddable":true,"href":"https:\/\/autobaak.nl\/de\/wp-json\/wp\/v2\/users\/1"}],"replies":[{"embeddable":true,"href":"https:\/\/autobaak.nl\/de\/wp-json\/wp\/v2\/comments?post=744"}],"version-history":[{"count":0,"href":"https:\/\/autobaak.nl\/de\/wp-json\/wp\/v2\/pages\/744\/revisions"}],"wp:attachment":[{"href":"https:\/\/autobaak.nl\/de\/wp-json\/wp\/v2\/media?parent=744"}],"curies":[{"name":"wp","href":"https:\/\/api.w.org\/{rel}","templated":true}]}}