{"id":809,"date":"2018-10-26T21:03:33","date_gmt":"2018-10-26T21:03:33","guid":{"rendered":"https:\/\/autobaak.nl\/?page_id=809"},"modified":"2023-02-08T13:57:36","modified_gmt":"2023-02-08T12:57:36","slug":"alpha-romeo-home","status":"publish","type":"page","link":"https:\/\/autobaak.nl\/de\/alpha-romeo-home\/","title":{"rendered":"Alfa Romeo Startseite"},"content":{"rendered":"<p>[et_pb_section fb_built=\"1\u2033 inner_shadow=\"on\" fullwidth=\"on\" _builder_version=\"4.19.4\u2033 background_image=\"https:\/\/autobaak.nl\/wp-content\/uploads\/2022\/12\/alfa-romeo.jpg\" global_colors_info=\"{}\"][et_pb_fullwidth_header title=\"Alfa Romeo Home\" subhead=\"N\u00fctzliche Informationen \u00fcber Alfa\" text_orientation=\"centre\" _builder_version=\"4.19.4\u2033 content_font_size=\"15px\" background_color=\"rgba(255, 255, 255, 0)\" background_enable_image=\"off\" text_shadow_style=\"preset5\u2033 text_shadow_color=\"rgba(0,0,0,0.52)\" global_colors_info=\"{}\" button_one_text_size__hover_enabled=\"off\" button_one_text_size__hover=\"null\" button_two_text_size__hover_enabled=\"off\" button_two_text_size__hover=\"null\" button_one_text_color__hover_enabled=\"off\" button_one_text_color__hover=\"null\" button_two_text_color__hover_enabled=\"off\" button_two_text_color__hover=\"null\" button_one_border_width__hover_enabled=\"off\" button_one_border_width__hover=\"null\" button_two_border_width__hover_enabled=\"off\" button_two_border_width__hover=\"null\" button_one_border_color__hover_enabled=\"off\" button_one_border_color__hover=\"null\" button_two_border_color__hover_enabled=\"off\" button_two_border_color__hover=\"null\" button_one_border_radius__hover_enabled=\"off\" button_one_border_radius__hover=\"null\" button_two_border_radius__hover_enabled=\"off\" button_two_border_radius__hover=\"null\" button_one_letter_spacing__hover_enabled=\"off\" button_one_letter_spacing__hover=\"null\" button_two_letter_spacing__hover_enabled=\"off\" button_two_letter_spacing__hover=\"null\" button_one_bg_color__hover_enabled=\"off\" button_one_bg_color__hover=\"null\" button_two_bg_color__hover_enabled=\"off\" button_two_bg_color__hover=\"null\"][\/et_pb_fullwidth_header][\/et_pb_section][et_pb_section fb_built=\"1\u2033 _builder_version=\"4.16\u2033 custom_padding=\"2px|0px|3px|0px\" global_colors_info=\"{}\"][et_pb_row _builder_version=\"4.16\u2033 background_size=\"initial\" background_position=\"top_left\" background_repeat=\"repeat\" custom_padding=\"26.3594px|0px|2px|0px\" global_colors_info=\"{}\"][et_pb_column type=\"4_4\u2033 _builder_version=\"4.16\u2033 custom_padding=\"|||\" global_colors_info=\"{}\" custom_padding__hover=\"|||\"][et_pb_text _builder_version=\"4.16\u2033 global_colors_info=\"{}\"]<\/p>\n<h2>Die Geburt von Alfa Romeo<\/h2>\n<p>Das Unternehmen Alfa Romeo wurde 1906 von der Societ\u00e0 Anonima Italiana Darracq (SAID) gegr\u00fcndet, die aus dem franz\u00f6sischen Automobilunternehmen Alexandre Darracq hervorging und einige italienische Investoren hatte. Einer von ihnen, Cavaliere Ugo Stella, ein Aristokrat aus Mailand, wurde 1909 Vorsitzender der SAID. Ende 1909 verkauften sich die italienischen Darracq-Autos schlecht, und Stella gr\u00fcndete mit den anderen italienischen Mitinvestoren ein neues Unternehmen unter dem Namen A.L.F.A. (Anonima Lombarda Fabbrica Automobili), zun\u00e4chst noch in Partnerschaft mit Darracq.<\/p>\n<p>Im August 1915 kam das Unternehmen unter die Leitung des neapolitanischen Unternehmers Nicola Romeo, der die Fabrik auf die Produktion von Milit\u00e4rg\u00fctern f\u00fcr die italienischen und alliierten Kriegsanstrengungen umstellte. In einem riesigen Werk wurden w\u00e4hrend des Krieges Munition, Flugzeugtriebwerke und andere Komponenten, Kompressoren und Generatoren auf der Grundlage der bestehenden Automotoren des Unternehmens hergestellt. Nach dem Krieg investierte Romeo die Kriegsgewinne in den Erwerb von Lokomotiv- und Waggonfabriken in Saronno (Costruzioni Meccaniche di Saronno), Rom (Officine Meccaniche di Roma) und Neapel (Officine Ferroviarie Meridionali), die dem Besitz der A.L.F.A. hinzugef\u00fcgt wurden.<\/p>\n<p>Die Autoproduktion wurde zun\u00e4chst nicht in Betracht gezogen, aber 1919 wieder aufgenommen, da noch viele Teile f\u00fcr 105 Autos vorhanden waren, die seit 1915 bei der A.L.F.A. fabrieb. Im Jahr 1920 wurde der Name des Unternehmens in Alfa Romeo ge\u00e4ndert, und der Torpedo 20-30 PS war das erste Auto, das das Alfa Romeo-Emblem trug.<br \/>\n[\/et_pb_text][et_pb_text _builder_version=\"4.16\u2033 background_color=\"rgba(12,113,195,0.18)\" custom_margin=\"0px|||\" custom_padding=\"10px|20px|10px|20px\" global_colors_info=\"{}\"]<\/p>\n<h2 style=\"text-align: center;\">Alfa Romeo Datenbank<\/h2>\n<p style=\"text-align: center;\">Die folgenden \u00dcbersichten enthalten viele n\u00fctzliche Wartungsintervalle und Tipps zu den neuesten Alfa Romeo Modellen. Die Intervalle und Richtlinien sind nur ein Anhaltspunkt, es k\u00f6nnen Umst\u00e4nde eintreten, die eine Werkstatt veranlassen, einen anderen Rat zu geben.<\/p>\n<p>[\/et_pb_text][et_pb_text _builder_version=\"4.19.4\u2033 hover_enabled=\"0\u2033 global_colors_info=\"{}\" sticky_enabled=\"0\u2033]<\/p>\n<h2>Wann ist der Alfa Romeo Zahnriemen zu wechseln?<\/h2>\n<p>Der Zahnriemen oder die Kette ist f\u00fcr (fast) jeden Verbrennungsmotor unverzichtbar, denn ohne sie kann es keine Verbrennung geben. Denn der Zahnriemen sorgt daf\u00fcr, dass die Nockenwelle, die Kurbelwelle und die Ventile \u00fcber diesen Riemen oder diese Kette angetrieben werden. Fast alle Alfa Romeos haben einen Zahnriemen, der in regelm\u00e4\u00dfigen Abst\u00e4nden gewechselt werden muss. Nachfolgend sind die Intervalle pro Modell aufgef\u00fchrt:<\/p>\n<ul>\n<li><a href=\"https:\/\/autobaak.nl\/de\/alfa-romeo-mito\/\">Alfa Romeo Mito<\/a><\/li>\n<li><a href=\"https:\/\/autobaak.nl\/de\/alfa-romeo-147\/\">Alfa Romeo 147<\/a><\/li>\n<li><a href=\"https:\/\/autobaak.nl\/de\/alfa-romeo-156\/\">Alfa Romeo 156<\/a><\/li>\n<li><a href=\"https:\/\/autobaak.nl\/de\/alfa-romeo-166\/\">Alfa Romeo 166<\/a><\/li>\n<li><a href=\"https:\/\/autobaak.nl\/de\/alfa-romeo-159\/\">Alfa Romeo 159<\/a><\/li>\n<li><a href=\"https:\/\/autobaak.nl\/de\/alfa-romeo-giulietta\/\">Alfa Romeo Giulietta<\/a><\/li>\n<\/ul>\n<h3>Reifendruck Alfa Romeo<\/h3>\n<p>Sie sollten den Reifendruck Ihres Alfa monatlich \u00fcberpr\u00fcfen, damit Sie eine optimale Leistung genie\u00dfen k\u00f6nnen. Au\u00dferdem kann ein falscher Reifendruck zu einem hohen Kraftstoffverbrauch f\u00fchren und die Reifen k\u00f6nnen schneller oder unregelm\u00e4\u00dfig verschlei\u00dfen. Auf den folgenden Seiten finden Sie eine \u00dcbersicht der Reifendr\u00fccke f\u00fcr Ihren Alfa Romeo:<\/p>\n<ul>\n<li><a href=\"https:\/\/autobaak.nl\/de\/reifendruck-alfa-romeo-147\/\">147<\/a><\/li>\n<li><a href=\"https:\/\/autobaak.nl\/de\/reifendruck-alfa-romeo-156\/\">156<\/a><\/li>\n<li><a href=\"https:\/\/autobaak.nl\/de\/reifendruck-alfa-romeo-156-sport-wagon\/\">156 Sportwagen<\/a><\/li>\n<li><a href=\"https:\/\/autobaak.nl\/de\/reifendruck-alfa-romeo-159\/\">159<\/a><\/li>\n<li><a href=\"https:\/\/autobaak.nl\/de\/reifendruck-alfa-romeo-159-sport-wagon\/\">159 Sport Wagon<\/a><\/li>\n<li><a href=\"https:\/\/autobaak.nl\/de\/reifendruck-alfa-romeo-166\/\">166<\/a><\/li>\n<li><a href=\"https:\/\/autobaak.nl\/de\/reifendruck-alfa-romeo-8-c\/\">8 C<\/a><\/li>\n<li><a href=\"https:\/\/autobaak.nl\/de\/reifendruck-alfa-romeo-brera\/\">Brera<\/a><\/li>\n<li><a href=\"https:\/\/autobaak.nl\/de\/reifendruck-alfa-romeo-gt\/\">GT<\/a><\/li>\n<li><a href=\"https:\/\/autobaak.nl\/de\/reifendruck-alfa-romeo-gtv-coupe\/\">GTV Coup\u00e9<\/a><\/li>\n<li><a href=\"https:\/\/autobaak.nl\/de\/reifendruck-alfa-romeo-giulietta\/\">Giulietta<\/a><\/li>\n<li><a href=\"https:\/\/autobaak.nl\/de\/reifendruck-alfa-romeo-mito\/\">MiTo<\/a><\/li>\n<li><a href=\"https:\/\/autobaak.nl\/de\/reifendruck-alfa-romeo-spider\/\">Spinne<\/a><\/li>\n<\/ul>\n<h3>Lampen f\u00fcr Alfa<\/h3>\n<p>Sie m\u00f6chten die Gl\u00fchbirnen in Ihrem Alfa ersetzen, wissen aber nicht, welche Art von Gl\u00fchbirne Sie ben\u00f6tigen? Zu diesem <a href=\"https:\/\/autobaak.nl\/de\/alpha-romeo-lampen-ubersicht\/\">Alfa Romeo Autogl\u00fchbirnen<\/a> Seite haben wir eine Liste mit allen Lampen zusammengestellt.<\/p>\n<blockquote class=\"wp-embedded-content\" data-secret=\"zODVllB2HY\"><p><a href=\"https:\/\/autobaak.nl\/de\/alpha-romeo-lampen-ubersicht\/\">Alfa Romeo Gl\u00fchbirnen \u00dcbersicht<\/a><\/p><\/blockquote>\n<p><iframe loading=\"lazy\" class=\"wp-embedded-content\" sandbox=\"allow-scripts\" security=\"restricted\" style=\"position: absolute; clip: rect(1px, 1px, 1px, 1px);\" title=\"&quot;Alfa Romeo Lampen \u00dcbersicht&quot; - Autobook alles f\u00fcr und \u00fcber Autos\" src=\"https:\/\/autobaak.nl\/alfa-romeo-lampen-overzicht\/embed\/#?secret=dKpgpyiLs5#?secret=zODVllB2HY\" data-secret=\"zODVllB2HY\" width=\"600\" height=\"338\" frameborder=\"0\" marginwidth=\"0\" marginheight=\"0\" scrolling=\"no\"><\/iframe><\/p>\n<h2>Welches Alfa Romeo Motor\u00f6l<\/h2>\n<p>Der rechtzeitige Wechsel des Motor\u00f6ls ist entscheidend f\u00fcr den Zustand Ihres Motors. Es ist auch wichtig zu wissen, welches Motor\u00f6l Sie ben\u00f6tigen. In der untenstehenden \u00dcbersicht k\u00f6nnen Sie zum richtigen Modell navigieren. Die \u00dcbersichten zeigen sowohl die Art des \u00d6ls als auch die ben\u00f6tigte Menge.<\/p>\n<ul>\n<li><a href=\"https:\/\/autobaak.nl\/de\/motorol-alfa-romeo-mito\/\">Motor\u00f6l Alfa Romeo Mito<\/a><\/li>\n<li><a href=\"https:\/\/autobaak.nl\/de\/motorol-alfa-romeo-147\/\">Motor\u00f6l Alfa Romeo 147<\/a><\/li>\n<li><a href=\"https:\/\/autobaak.nl\/de\/motorol-alfa-romeo-156\/\">Motor\u00f6l Alfa Romeo 156<\/a><\/li>\n<li><a href=\"https:\/\/autobaak.nl\/de\/motorol-alfa-romeo-159\/\">Motor\u00f6l Alfa Romeo 159<\/a><\/li>\n<\/ul>\n<p>&nbsp;<\/p>\n<p>&nbsp;<\/p>\n<p>[\/et_pb_text][\/et_pb_column][\/et_pb_row][\/et_pb_section][et_pb_section fb_built=\"1\u2033 _builder_version=\"4.16\u2033 custom_padding=\u201d1px|0px|52.7188px|0px\u201d global_colors_info=\u201d{}\u201d][et_pb_row column_structure=\u201d1_2,1_2\u2033 _builder_version=\u201d4.17.4\u2033 _module_preset=\"default\" global_colors_info=\"{}\"][et_pb_column type=\"1_2\u2033 _builder_version=\"4.17.4\u2033 _module_preset=\"default\" global_colors_info=\"{}\"][et_pb_text _builder_version=\"4.19.4\u2033 _module_preset=\"default\" global_colors_info=\"{}\"]<\/p>\n<p>Ist Ihr Modell nicht aufgef\u00fchrt? <span style=\"color: #666666; font-size: 14px;\">Dann nutzen Sie die praktische Suchfunktion von Kroon oil:<\/span><\/p>\n<p>&nbsp;<\/p>\n<p>[\/et_pb_text][\/et_pb_column][et_pb_column type=\"1_2\u2033 _builder_version=\"4.17.4\u2033 _module_preset=\"default\" global_colors_info=\"{}\"][et_pb_text _builder_version=\"4.18.0\u2033 _module_preset=\"default\" global_colors_info=\"{}\"]<\/p>\n<p><script type=\"text\/javascript\" src=\"\/\/kroon-oil.com\/adviesbanners\/v3\/bnr-js.php?lang=nl&amp;type=reg&amp;theme=light\"><\/script><\/p>\n<p>[\/et_pb_text][\/et_pb_column][\/et_pb_row][\/et_pb_section].<\/p>","protected":false},"excerpt":{"rendered":"<p>Die Geburt von Alfa Romeo Das Unternehmen Alfa Romeo wurde 1906 von der Societ\u00e0 Anonima Italiana Darracq (SAID) durch den franz\u00f6sischen Automobilhersteller Alexandre Darracq und einige italienische Investoren gegr\u00fcndet. Einer von ihnen, Cavaliere Ugo Stella, ein Aristokrat aus Mailand, wurde 1909 Pr\u00e4sident der SAID. Ende 1909 verkauften sich die italienischen Darracq-Autos schlecht und [...]<\/p>","protected":false},"author":1,"featured_media":810,"parent":0,"menu_order":0,"comment_status":"closed","ping_status":"closed","template":"","meta":{"_et_pb_use_builder":"on","_et_pb_old_content":"","_et_gb_content_width":"","footnotes":""},"class_list":["post-809","page","type-page","status-publish","has-post-thumbnail","hentry"],"yoast_head":"<!-- This site is optimized with the Yoast SEO plugin v27.5 - https:\/\/yoast.com\/product\/yoast-seo-wordpress\/ -->\n<title>Alfa Romeo home - Informatie over onderhoud van dit Italiaanse merk<\/title>\n<meta name=\"description\" content=\"Alfa Romeo het bekende en geliefde Italiaanse merk. Op deze pagina belangrijke data omtrent onderhoud (distributie) en een korte geschiedenis van het merk\" \/>\n<meta name=\"robots\" content=\"index, follow, max-snippet:-1, max-image-preview:large, max-video-preview:-1\" \/>\n<link rel=\"canonical\" href=\"https:\/\/autobaak.nl\/de\/alpha-romeo-home\/\" \/>\n<meta property=\"og:locale\" content=\"de_DE\" \/>\n<meta property=\"og:type\" content=\"article\" \/>\n<meta property=\"og:title\" content=\"Alfa Romeo home - Informatie over onderhoud van dit Italiaanse merk\" \/>\n<meta property=\"og:description\" content=\"Alfa Romeo het bekende en geliefde Italiaanse merk. Op deze pagina belangrijke data omtrent onderhoud (distributie) en een korte geschiedenis van het merk\" \/>\n<meta property=\"og:url\" content=\"https:\/\/autobaak.nl\/de\/alpha-romeo-home\/\" \/>\n<meta property=\"og:site_name\" content=\"Autobaak.nl\" \/>\n<meta property=\"article:modified_time\" content=\"2023-02-08T12:57:36+00:00\" \/>\n<meta property=\"og:image\" content=\"https:\/\/autobaak.nl\/wp-content\/uploads\/2018\/10\/alfa-romeo-home-.jpg\" \/>\n\t<meta property=\"og:image:width\" content=\"750\" \/>\n\t<meta property=\"og:image:height\" content=\"335\" \/>\n\t<meta property=\"og:image:type\" content=\"image\/jpeg\" \/>\n<meta name=\"twitter:card\" content=\"summary_large_image\" \/>\n<meta name=\"twitter:label1\" content=\"Gesch\u00e4tzte Lesezeit\" \/>\n\t<meta name=\"twitter:data1\" content=\"4\u00a0Minuten\" \/>\n<script type=\"application\/ld+json\" class=\"yoast-schema-graph\">{\"@context\":\"https:\\\/\\\/schema.org\",\"@graph\":[{\"@type\":\"WebPage\",\"@id\":\"https:\\\/\\\/autobaak.nl\\\/alfa-romeo-home\\\/\",\"url\":\"https:\\\/\\\/autobaak.nl\\\/alfa-romeo-home\\\/\",\"name\":\"Alfa Romeo home - Informatie over onderhoud van dit Italiaanse merk\",\"isPartOf\":{\"@id\":\"https:\\\/\\\/autobaak.nl\\\/#website\"},\"primaryImageOfPage\":{\"@id\":\"https:\\\/\\\/autobaak.nl\\\/alfa-romeo-home\\\/#primaryimage\"},\"image\":{\"@id\":\"https:\\\/\\\/autobaak.nl\\\/alfa-romeo-home\\\/#primaryimage\"},\"thumbnailUrl\":\"https:\\\/\\\/autobaak.nl\\\/wp-content\\\/uploads\\\/2018\\\/10\\\/alfa-romeo-home-.jpg\",\"datePublished\":\"2018-10-26T21:03:33+00:00\",\"dateModified\":\"2023-02-08T12:57:36+00:00\",\"description\":\"Alfa Romeo het bekende en geliefde Italiaanse merk. Op deze pagina belangrijke data omtrent onderhoud (distributie) en een korte geschiedenis van het merk\",\"breadcrumb\":{\"@id\":\"https:\\\/\\\/autobaak.nl\\\/alfa-romeo-home\\\/#breadcrumb\"},\"inLanguage\":\"de\",\"potentialAction\":[{\"@type\":\"ReadAction\",\"target\":[\"https:\\\/\\\/autobaak.nl\\\/alfa-romeo-home\\\/\"]}]},{\"@type\":\"ImageObject\",\"inLanguage\":\"de\",\"@id\":\"https:\\\/\\\/autobaak.nl\\\/alfa-romeo-home\\\/#primaryimage\",\"url\":\"https:\\\/\\\/autobaak.nl\\\/wp-content\\\/uploads\\\/2018\\\/10\\\/alfa-romeo-home-.jpg\",\"contentUrl\":\"https:\\\/\\\/autobaak.nl\\\/wp-content\\\/uploads\\\/2018\\\/10\\\/alfa-romeo-home-.jpg\",\"width\":750,\"height\":335,\"caption\":\"alfa romeo home\"},{\"@type\":\"BreadcrumbList\",\"@id\":\"https:\\\/\\\/autobaak.nl\\\/alfa-romeo-home\\\/#breadcrumb\",\"itemListElement\":[{\"@type\":\"ListItem\",\"position\":1,\"name\":\"Home\",\"item\":\"https:\\\/\\\/autobaak.nl\\\/\"},{\"@type\":\"ListItem\",\"position\":2,\"name\":\"Alfa Romeo home\"}]},{\"@type\":\"WebSite\",\"@id\":\"https:\\\/\\\/autobaak.nl\\\/#website\",\"url\":\"https:\\\/\\\/autobaak.nl\\\/\",\"name\":\"Autobaak.nl\",\"description\":\"Cars &amp; Racing\",\"potentialAction\":[{\"@type\":\"SearchAction\",\"target\":{\"@type\":\"EntryPoint\",\"urlTemplate\":\"https:\\\/\\\/autobaak.nl\\\/?s={search_term_string}\"},\"query-input\":{\"@type\":\"PropertyValueSpecification\",\"valueRequired\":true,\"valueName\":\"search_term_string\"}}],\"inLanguage\":\"de\"}]}<\/script>\n<!-- \/ Yoast SEO plugin. -->","yoast_head_json":{"title":"Alfa Romeo home - Informationen \u00fcber den Service dieser italienischen Marke","description":"Alfa Romeo, die ber\u00fchmte und geliebte italienische Marke. Auf dieser Seite finden Sie wichtige Termine zur Wartung (Vertrieb) und eine kurze Geschichte der Marke","robots":{"index":"index","follow":"follow","max-snippet":"max-snippet:-1","max-image-preview":"max-image-preview:large","max-video-preview":"max-video-preview:-1"},"canonical":"https:\/\/autobaak.nl\/de\/alpha-romeo-home\/","og_locale":"de_DE","og_type":"article","og_title":"Alfa Romeo home - Informatie over onderhoud van dit Italiaanse merk","og_description":"Alfa Romeo het bekende en geliefde Italiaanse merk. Op deze pagina belangrijke data omtrent onderhoud (distributie) en een korte geschiedenis van het merk","og_url":"https:\/\/autobaak.nl\/de\/alpha-romeo-home\/","og_site_name":"Autobaak.nl","article_modified_time":"2023-02-08T12:57:36+00:00","og_image":[{"width":750,"height":335,"url":"https:\/\/autobaak.nl\/wp-content\/uploads\/2018\/10\/alfa-romeo-home-.jpg","type":"image\/jpeg"}],"twitter_card":"summary_large_image","twitter_misc":{"Gesch\u00e4tzte Lesezeit":"4\u00a0Minuten"},"schema":{"@context":"https:\/\/schema.org","@graph":[{"@type":"WebPage","@id":"https:\/\/autobaak.nl\/alfa-romeo-home\/","url":"https:\/\/autobaak.nl\/alfa-romeo-home\/","name":"Alfa Romeo home - Informationen \u00fcber den Service dieser italienischen Marke","isPartOf":{"@id":"https:\/\/autobaak.nl\/#website"},"primaryImageOfPage":{"@id":"https:\/\/autobaak.nl\/alfa-romeo-home\/#primaryimage"},"image":{"@id":"https:\/\/autobaak.nl\/alfa-romeo-home\/#primaryimage"},"thumbnailUrl":"https:\/\/autobaak.nl\/wp-content\/uploads\/2018\/10\/alfa-romeo-home-.jpg","datePublished":"2018-10-26T21:03:33+00:00","dateModified":"2023-02-08T12:57:36+00:00","description":"Alfa Romeo, die ber\u00fchmte und geliebte italienische Marke. Auf dieser Seite finden Sie wichtige Termine zur Wartung (Vertrieb) und eine kurze Geschichte der Marke","breadcrumb":{"@id":"https:\/\/autobaak.nl\/alfa-romeo-home\/#breadcrumb"},"inLanguage":"de","potentialAction":[{"@type":"ReadAction","target":["https:\/\/autobaak.nl\/alfa-romeo-home\/"]}]},{"@type":"ImageObject","inLanguage":"de","@id":"https:\/\/autobaak.nl\/alfa-romeo-home\/#primaryimage","url":"https:\/\/autobaak.nl\/wp-content\/uploads\/2018\/10\/alfa-romeo-home-.jpg","contentUrl":"https:\/\/autobaak.nl\/wp-content\/uploads\/2018\/10\/alfa-romeo-home-.jpg","width":750,"height":335,"caption":"alfa romeo home"},{"@type":"BreadcrumbList","@id":"https:\/\/autobaak.nl\/alfa-romeo-home\/#breadcrumb","itemListElement":[{"@type":"ListItem","position":1,"name":"Home","item":"https:\/\/autobaak.nl\/"},{"@type":"ListItem","position":2,"name":"Alfa Romeo home"}]},{"@type":"WebSite","@id":"https:\/\/autobaak.nl\/#website","url":"https:\/\/autobaak.nl\/","name":"Autobook.de","description":"Autos &amp; Rennsport","potentialAction":[{"@type":"SearchAction","target":{"@type":"EntryPoint","urlTemplate":"https:\/\/autobaak.nl\/?s={search_term_string}"},"query-input":{"@type":"PropertyValueSpecification","valueRequired":true,"valueName":"search_term_string"}}],"inLanguage":"de"}]}},"_links":{"self":[{"href":"https:\/\/autobaak.nl\/de\/wp-json\/wp\/v2\/pages\/809","targetHints":{"allow":["GET"]}}],"collection":[{"href":"https:\/\/autobaak.nl\/de\/wp-json\/wp\/v2\/pages"}],"about":[{"href":"https:\/\/autobaak.nl\/de\/wp-json\/wp\/v2\/types\/page"}],"author":[{"embeddable":true,"href":"https:\/\/autobaak.nl\/de\/wp-json\/wp\/v2\/users\/1"}],"replies":[{"embeddable":true,"href":"https:\/\/autobaak.nl\/de\/wp-json\/wp\/v2\/comments?post=809"}],"version-history":[{"count":0,"href":"https:\/\/autobaak.nl\/de\/wp-json\/wp\/v2\/pages\/809\/revisions"}],"wp:featuredmedia":[{"embeddable":true,"href":"https:\/\/autobaak.nl\/de\/wp-json\/wp\/v2\/media\/810"}],"wp:attachment":[{"href":"https:\/\/autobaak.nl\/de\/wp-json\/wp\/v2\/media?parent=809"}],"curies":[{"name":"wp","href":"https:\/\/api.w.org\/{rel}","templated":true}]}}