{"id":844,"date":"2018-10-29T16:05:32","date_gmt":"2018-10-29T16:05:32","guid":{"rendered":"https:\/\/autobaak.nl\/?page_id=844"},"modified":"2023-06-12T11:20:17","modified_gmt":"2023-06-12T09:20:17","slug":"audi-home","status":"publish","type":"page","link":"https:\/\/autobaak.nl\/de\/audi-home\/","title":{"rendered":"Audi Startseite"},"content":{"rendered":"<p>[et_pb_section fb_built=\"1\u2033 inner_shadow=\"on\" fullwidth=\"on\" _builder_version=\"4.18.0\u2033 background_image=\"https:\/\/autobaak.nl\/wp-content\/uploads\/2022\/08\/pexels-jesse-zheng-1213295.jpg\" global_colors_info=\"{}\"][et_pb_fullwidth_header title=\"Skoda Home\" subhead=\"N\u00fctzliche Informationen \u00fcber Skoda\" text_orientation=\"centre\" _builder_version=\"4.18.0\u2033 content_font_size=\"15px\" background_color=\"rgba(255, 255, 255, 0)\" background_image=\"https:\/\/autobaak.nl\/wp-content\/uploads\/2022\/09\/skoda.jpg\" text_shadow_style=\"preset5\u2033 text_shadow_color=\"rgba(0,0,0,0.52)\" global_colors_info=\"{}\" button_one_text_size__hover_enabled=\"off\" button_one_text_size__hover=\"null\" button_two_text_size__hover_enabled=\"off\" button_two_text_size__hover=\"null\" button_one_text_color__hover_enabled=\"off\" button_one_text_color__hover=\"null\" button_two_text_color__hover_enabled=\"off\" button_two_text_color__hover=\"null\" button_one_border_width__hover_enabled=\"off\" button_one_border_width__hover=\"null\" button_two_border_width__hover_enabled=\"off\" button_two_border_width__hover=\"null\" button_one_border_color__hover_enabled=\"off\" button_one_border_color__hover=\"null\" button_two_border_color__hover_enabled=\"off\" button_two_border_color__hover=\"null\" button_one_border_radius__hover_enabled=\"off\" button_one_border_radius__hover=\"null\" button_two_border_radius__hover_enabled=\"off\" button_two_border_radius__hover=\"null\" button_one_letter_spacing__hover_enabled=\"off\" button_one_letter_spacing__hover=\"null\" button_two_letter_spacing__hover_enabled=\"off\" button_two_letter_spacing__hover=\"null\" button_one_bg_color__hover_enabled=\"off\" button_one_bg_color__hover=\"null\" button_two_bg_color__hover_enabled=\"off\" button_two_bg_color__hover=\"null\"][\/et_pb_fullwidth_header][\/et_pb_section][et_pb_section fb_built=\"1\u2033 _builder_version=\"4.16\u2033 custom_padding=\"2px|0px|3px|0px\" global_colors_info=\"{}\"][et_pb_row _builder_version=\"4.16\u2033 background_size=\"initial\" background_position=\"top_left\" background_repeat=\"repeat\" custom_padding=\"26.3594px|0px|2px|0px\" global_colors_info=\"{}\"][et_pb_column type=\"4_4\u2033 _builder_version=\"4.16\u2033 custom_padding=\"|||\" global_colors_info=\"{}\" custom_padding__hover=\"|||\"][et_pb_text _builder_version=\"4.16\u2033 global_colors_info=\"{}\"]<\/p>\n<h2>Die Geburt von Audi<\/h2>\n<p>Die Urspr\u00fcnge von Audi sind recht kompliziert und gehen auf den Beginn des 20. Jahrhunderts zur\u00fcck. Die ersten Unternehmen (Horch und die Audiwerke) wurden von dem Ingenieur August Horch gegr\u00fcndet, zwei weitere Hersteller waren DKW und Wanderer. Diese Unternehmen gr\u00fcndeten die Auto Union im Jahr 1932.<\/p>\n<p>Die moderne \u00c4ra von Audi begann in den 1960er Jahren, als die Auto Union von Daimler-Benz durch Volkswagen \u00fcbernommen wurde. Nach dem Relaunch stellte Audi 1965 die Baureihe Audi F103 vor. Sp\u00e4ter fusionierte Volkswagen die Auto Union mit den NSU Motorenwerken und 1969 entstand die heutige Form des Unternehmens.<\/p>\n<p>Der Firmenname basiert auf der lateinischen \u00dcbersetzung des Nachnamens des Gr\u00fcnders, August Horch. \"Horch\", was im Deutschen \"h\u00f6ren\" bedeutet, wird im Lateinischen zu \"audi\". Die vier Ringe des Audi-Logos stehen jeweils f\u00fcr eine der vier Autofirmen, die Audi gemeinsam gegr\u00fcndet haben. Der Slogan von Audi lautet \"Vorsprung durch Technik\". Audi USA hat jedoch von 2007 bis 2016 den Slogan \"Truth in Engineering\" verwendet und verwendet ihn seit 2016 nicht mehr. Audi ist neben BMW und Mercedes-Benz eine der meistverkauften Luxusautomarken weltweit.<br \/>\n[\/et_pb_text][\/et_pb_column][\/et_pb_row][et_pb_row _builder_version=\"4.16\u2033 background_size=\"initial\" background_position=\"top_left\" background_repeat=\"repeat\" custom_padding=\"26.3594px|0px|2px|0px\" global_colors_info=\"{}\"][et_pb_column type=\"4_4\u2033 _builder_version=\"4.16\u2033 custom_padding=\"|||\" global_colors_info=\"{}\" custom_padding__hover=\"|||\"][et_pb_text _builder_version=\"4.16\u2033 background_color=\"rgba(12,113,195,0.18)\" custom_margin=\"0px|||\" custom_padding=\"10px|20px|10px|20px\" global_colors_info=\"{}\"]<\/p>\n<h2 style=\"text-align: center;\">Audi Datenbank<\/h2>\n<p style=\"text-align: center;\">Die folgenden \u00dcbersichten zeigen Wartungsintervalle, Motor\u00f6lbedarf und Tipps f\u00fcr die neuesten Audi Modelle. Die Intervalle und Richtlinien sind nur ein Anhaltspunkt, unter Umst\u00e4nden kann eine Werkstatt eine andere Empfehlung aussprechen.<\/p>\n<p>[\/et_pb_text][\/et_pb_column][\/et_pb_row][\/et_pb_section][et_pb_section fb_built=\"1\u2033 _builder_version=\"4.16\u2033 custom_padding=\"1px|0px|52.7188px|0px\" global_colors_info=\"{}\"][et_pb_row _builder_version=\"4.16\u2033 background_size=\"initial\" background_position=\"top_left\" background_repeat=\"repeat\" global_colors_info=\"{}\"][et_pb_column type=\"4_4\u2033 _builder_version=\"4.16\u2033 custom_padding=\"|||\" global_colors_info=\"{}\" custom_padding__hover=\"|||\"][et_pb_text _builder_version=\"4.19.4\u2033 global_colors_info=\"{}\"]<\/p>\n<h2>Wann ist ein Audi Zahnriemen zu wechseln?<\/h2>\n<p>Der Zahnriemen oder die Kette ist f\u00fcr (fast) jeden Verbrennungsmotor unverzichtbar, denn ohne sie kann es keine Verbrennung geben. Denn der Zahnriemen sorgt daf\u00fcr, dass die Nockenwelle, die Kurbelwelle und die Ventile \u00fcber diesen Riemen oder diese Kette angetrieben werden. Viele Audis haben einen Zahnriemen, der regelm\u00e4\u00dfig gewechselt werden muss. Nachfolgend pro Modell die uns bekannten Intervalle:<\/p>\n<ul>\n<li><a href=\"https:\/\/autobaak.nl\/de\/audi-a1\/\">Audi A1<\/a><\/li>\n<li><a href=\"https:\/\/autobaak.nl\/de\/audi-a2\/\">Audi A2<\/a><\/li>\n<li><a href=\"https:\/\/autobaak.nl\/de\/audi-a3\/\">Audi A3<\/a><\/li>\n<li><a href=\"https:\/\/autobaak.nl\/de\/audi-q3\/\">Audi Q3<\/a><\/li>\n<li><a href=\"https:\/\/autobaak.nl\/de\/audi-a4\/\">Audi A4<\/a><\/li>\n<li><a href=\"https:\/\/autobaak.nl\/de\/audi-a5\/\">Audi A5<\/a><\/li>\n<li><a href=\"https:\/\/autobaak.nl\/de\/audi-q5\/\">Audi Q5<\/a><\/li>\n<li><a href=\"https:\/\/autobaak.nl\/de\/audi-a6\/\">Audi A6<\/a><\/li>\n<li><a href=\"https:\/\/autobaak.nl\/de\/audi-q7\/\">Audi A7<\/a><\/li>\n<li><a href=\"https:\/\/autobaak.nl\/de\/audi-q7\/\">Audi Q7<\/a><\/li>\n<li><a href=\"https:\/\/autobaak.nl\/de\/audi-a8\/\">Audi A8<\/a><\/li>\n<\/ul>\n<h3>Reifendruck Audi<\/h3>\n<p>Der Reifendruck Ihres Audi sollte monatlich \u00fcberpr\u00fcft werden, damit Sie eine optimale Leistung genie\u00dfen k\u00f6nnen. Au\u00dferdem kann ein falscher Reifendruck zu einem hohen Kraftstoffverbrauch f\u00fchren und die Reifen k\u00f6nnen schneller oder ungleichm\u00e4\u00dfig verschlei\u00dfen. Auf den folgenden Seiten finden Sie eine \u00dcbersicht der Reifendr\u00fccke f\u00fcr Ihren Audi:<\/p>\n<ul>\n<li><a href=\"https:\/\/autobaak.nl\/de\/reifendruck-audi-a1\/\">A1<\/a><\/li>\n<li><a href=\"https:\/\/autobaak.nl\/de\/reifendruck-audi-a2\/\">A2<\/a><\/li>\n<li><a href=\"https:\/\/autobaak.nl\/de\/reifendruck-audi-a3\/\">Audi A3<\/a> \/ <a href=\"https:\/\/autobaak.nl\/de\/reifendruck-audi-a3-cabrio\/\">A3 Cabrio<\/a> \/ <a href=\"https:\/\/autobaak.nl\/de\/reifendruck-audi-a3-sportback\/\">A3 Sportback<\/a><\/li>\n<li><a href=\"https:\/\/autobaak.nl\/de\/reifendruck-audi-a4\/\">Audi A4<\/a> \/ <a href=\"https:\/\/autobaak.nl\/de\/reifendruck-audi-a4-avant\/\">A4 Avant<\/a> \/ <a href=\"https:\/\/autobaak.nl\/de\/reifendruck-audi-a4-allroad-quattro\/\">A4 Allroud Quattro<\/a> \/ <a href=\"https:\/\/autobaak.nl\/de\/reifendruck-audi-a4-cabrio\/\">A4 Cabrio<\/a><\/li>\n<li><a href=\"https:\/\/autobaak.nl\/de\/reifendruck-audi-a5-auch-cabrio\/\">A5<\/a><\/li>\n<li><a href=\"https:\/\/autobaak.nl\/de\/reifendruck-audi-a6\/\">Audi A6<\/a> \/ <a href=\"https:\/\/autobaak.nl\/de\/reifendruck-audi-a6-allroad\/\">A6 Allroad<\/a> \/ <a href=\"https:\/\/autobaak.nl\/de\/reifendruck-audi-a6-avant\/\">A6 Avant<\/a><\/li>\n<li><a href=\"https:\/\/autobaak.nl\/de\/reifendruck-audi-a7-sportback\/\">A7 Sportback<\/a><\/li>\n<li><a href=\"https:\/\/autobaak.nl\/de\/reifendruck-audi-a8\/\">A8<\/a><\/li>\n<li><a href=\"https:\/\/autobaak.nl\/de\/reifendruck-audi-q3\/\">Q3<\/a><\/li>\n<li><a href=\"https:\/\/autobaak.nl\/de\/reifendruck-audi-q5\/\">Q5<\/a><\/li>\n<li><a href=\"https:\/\/autobaak.nl\/de\/reifendruck-audi-q7\/\">Q7<\/a><\/li>\n<li><a href=\"https:\/\/autobaak.nl\/de\/reifendruck-audi-r8\/\">RS8<\/a><\/li>\n<li><a href=\"https:\/\/autobaak.nl\/de\/reifendruck-audi-rs5\/\">RS5<\/a><\/li>\n<li><a href=\"https:\/\/autobaak.nl\/de\/reifendruck-audi-rs6-auch-avant\/\">RS6 (auch Avant)<\/a><\/li>\n<li><a href=\"https:\/\/autobaak.nl\/de\/reifendruck-audi-rs4-auch-avant\/\">RS4 (auch Avant)<\/a><\/li>\n<li><a href=\"https:\/\/autobaak.nl\/de\/reifendruck-audi-s3\/\">S3<\/a><\/li>\n<li><a href=\"https:\/\/autobaak.nl\/de\/reifendruck-audi-s4\/\">S4<\/a><\/li>\n<li><a href=\"https:\/\/autobaak.nl\/de\/reifendruck-audi-s5-auch-cabrio\/\">S5 (auch Cabrio)<\/a><\/li>\n<li><a href=\"https:\/\/autobaak.nl\/de\/reifendruck-audi-s6-auch-avant\/\">S6 (auch Avant)<\/a><\/li>\n<li><a href=\"https:\/\/autobaak.nl\/de\/reifendruck-audi-tt\/\">Audi TT<\/a> \/ <a href=\"https:\/\/autobaak.nl\/de\/reifendruck-audi-tt-roadster\/\">TT Roadster<\/a><\/li>\n<li><a href=\"https:\/\/autobaak.nl\/de\/reifendruck-audi-tts-coupe\/\">Audi TTS Coup\u00e9<\/a><\/li>\n<\/ul>\n<h3>Lampen f\u00fcr Audi<\/h3>\n<p>Sie m\u00f6chten die Gl\u00fchbirnen in Ihrem Audi austauschen, wissen aber nicht, welche Art von Autogl\u00fchbirne Sie ben\u00f6tigen? Zu diesem <a href=\"https:\/\/autobaak.nl\/de\/audi-lampen-ubersicht\/\">Suzuki Autolampen<\/a> Seite haben wir eine Liste mit allen Lampen zusammengestellt.<\/p>\n<blockquote class=\"wp-embedded-content\" data-secret=\"v23NoC9dcv\"><p><a href=\"https:\/\/autobaak.nl\/de\/audi-lampen-ubersicht\/\">Audi Lampen \u00dcbersicht<\/a><\/p><\/blockquote>\n<p><iframe loading=\"lazy\" class=\"wp-embedded-content\" sandbox=\"allow-scripts\" security=\"restricted\" style=\"position: absolute; clip: rect(1px, 1px, 1px, 1px);\" title=\"&quot;Audi-Lampen im \u00dcberblick&quot; - Autobaak.co.uk\" src=\"https:\/\/autobaak.nl\/audi-lampen-overzicht\/embed\/#?secret=QvSgI8fHU0#?secret=v23NoC9dcv\" data-secret=\"v23NoC9dcv\" width=\"600\" height=\"338\" frameborder=\"0\" marginwidth=\"0\" marginheight=\"0\" scrolling=\"no\"><\/iframe><\/p>\n<p>&nbsp;<\/p>\n<p>[\/et_pb_text][\/et_pb_column][\/et_pb_row][et_pb_row column_structure=\"1_2,1_2\u2033 _builder_version=\"4.17.4\u2033 _module_preset=\"default\" global_colors_info=\"{}\"][et_pb_column type=\"1_2\u2033 _builder_version=\"4.17.4\u2033 _module_preset=\"default\" global_colors_info=\"{}\"][et_pb_text _builder_version=\"4.21.0\u2033 _module_preset=\"default\" hover_enabled=\"0\u2033 global_colors_info=\"{}\" sticky_enabled=\"0\u2033]<\/p>\n<h2>Welches Motor\u00f6l Audi<\/h2>\n<p>Der rechtzeitige Wechsel des Motor\u00f6ls ist entscheidend f\u00fcr den Zustand Ihres Motors. Es ist auch wichtig zu wissen, welches Motor\u00f6l Sie ben\u00f6tigen. In der untenstehenden \u00dcbersicht k\u00f6nnen Sie zum richtigen Modell navigieren. Die \u00dcbersichten zeigen sowohl die Art des \u00d6ls als auch die ben\u00f6tigte Menge.<\/p>\n<ul>\n<li><a href=\"https:\/\/autobaak.nl\/de\/motorol-audi-a1\/\">Audi A1<\/a><\/li>\n<li><a href=\"https:\/\/autobaak.nl\/de\/motorol-audi-a2\/\">Audi A2<\/a><\/li>\n<li><a href=\"https:\/\/autobaak.nl\/de\/motorol-audi-a3\/\">Audi A3<\/a><\/li>\n<li><a href=\"https:\/\/autobaak.nl\/de\/motorol-audi-q3\/\">Audi Q3<\/a><\/li>\n<li><a href=\"https:\/\/autobaak.nl\/de\/motorol-audi-a4\/\">Audi A4<\/a><\/li>\n<li><a href=\"https:\/\/autobaak.nl\/de\/motorol-audi-a5\/\">Audi A5<\/a><\/li>\n<li><a href=\"https:\/\/autobaak.nl\/de\/motorol-audi-q5\/\">Audi Q5<\/a><\/li>\n<li><a href=\"https:\/\/autobaak.nl\/de\/motorol-audi-a6\/\">Audi A6<\/a><\/li>\n<li><a href=\"https:\/\/autobaak.nl\/de\/welches-motorol-audi-q7-4l\/\">Audi Q7<\/a><\/li>\n<li><a href=\"https:\/\/autobaak.nl\/de\/welches-motorol-audi-q7-sq7\/\">Audi SQ7<\/a><\/li>\n<\/ul>\n<p>Ist Ihr Audi-Modell nicht aufgef\u00fchrt? Dann nutzen Sie die praktische Suchfunktion von Kroon oil:<\/p>\n<p>[\/et_pb_text][\/et_pb_column][et_pb_column type=\"1_2\u2033 _builder_version=\"4.17.4\u2033 _module_preset=\"default\" global_colors_info=\"{}\"][et_pb_text _builder_version=\"4.18.0\u2033 _module_preset=\"default\" global_colors_info=\"{}\"]<\/p>\n<p><script type=\"text\/javascript\" src=\"\/\/kroon-oil.com\/adviesbanners\/v3\/bnr-js.php?lang=nl&amp;type=reg&amp;theme=light\"><\/script><\/p>\n<p>[\/et_pb_text][\/et_pb_column][\/et_pb_row][\/et_pb_section].<\/p>","protected":false},"excerpt":{"rendered":"<p>Die Urspr\u00fcnge von Audi Die Urspr\u00fcnge von Audi sind recht kompliziert und reichen bis ins fr\u00fche 20. Jahrhundert zur\u00fcck. Die ersten Unternehmen (Horch und die Audiwerke) wurden von dem Ingenieur August Horch gegr\u00fcndet, und zwei weitere Hersteller, DKW und Wanderer. Diese Unternehmen gr\u00fcndeten im Jahr 1932 die Auto Union. Die moderne \u00c4ra von Audi begann [...]<\/p>","protected":false},"author":1,"featured_media":0,"parent":0,"menu_order":0,"comment_status":"closed","ping_status":"closed","template":"","meta":{"_et_pb_use_builder":"on","_et_pb_old_content":"","_et_gb_content_width":"","footnotes":""},"class_list":["post-844","page","type-page","status-publish","hentry"],"yoast_head":"<!-- This site is optimized with the Yoast SEO plugin v27.3 - https:\/\/yoast.com\/product\/yoast-seo-wordpress\/ -->\n<title>Audi Home - Onderhoudsinformatie o.a. distributie intervallen<\/title>\n<meta name=\"description\" content=\"Audi Home page - Info over het merk Audi en praktische onderhoudstips, zoals distributieriem intervallen, motorolie o.a a3 en a4\" \/>\n<meta name=\"robots\" content=\"index, follow, max-snippet:-1, max-image-preview:large, max-video-preview:-1\" \/>\n<link rel=\"canonical\" href=\"https:\/\/autobaak.nl\/de\/audi-home\/\" \/>\n<meta property=\"og:locale\" content=\"de_DE\" \/>\n<meta property=\"og:type\" content=\"article\" \/>\n<meta property=\"og:title\" content=\"Audi Home - Onderhoudsinformatie o.a. distributie intervallen\" \/>\n<meta property=\"og:description\" content=\"Audi Home page - Info over het merk Audi en praktische onderhoudstips, zoals distributieriem intervallen, motorolie o.a a3 en a4\" \/>\n<meta property=\"og:url\" content=\"https:\/\/autobaak.nl\/de\/audi-home\/\" \/>\n<meta property=\"og:site_name\" content=\"Autobaak.nl\" \/>\n<meta property=\"article:modified_time\" content=\"2023-06-12T09:20:17+00:00\" \/>\n<meta name=\"twitter:card\" content=\"summary_large_image\" \/>\n<meta name=\"twitter:label1\" content=\"Gesch\u00e4tzte Lesezeit\" \/>\n\t<meta name=\"twitter:data1\" content=\"4\u00a0Minuten\" \/>\n<script type=\"application\/ld+json\" class=\"yoast-schema-graph\">{\"@context\":\"https:\\\/\\\/schema.org\",\"@graph\":[{\"@type\":\"WebPage\",\"@id\":\"https:\\\/\\\/autobaak.nl\\\/audi-home\\\/\",\"url\":\"https:\\\/\\\/autobaak.nl\\\/audi-home\\\/\",\"name\":\"Audi Home - Onderhoudsinformatie o.a. distributie intervallen\",\"isPartOf\":{\"@id\":\"https:\\\/\\\/autobaak.nl\\\/#website\"},\"datePublished\":\"2018-10-29T16:05:32+00:00\",\"dateModified\":\"2023-06-12T09:20:17+00:00\",\"description\":\"Audi Home page - Info over het merk Audi en praktische onderhoudstips, zoals distributieriem intervallen, motorolie o.a a3 en a4\",\"breadcrumb\":{\"@id\":\"https:\\\/\\\/autobaak.nl\\\/audi-home\\\/#breadcrumb\"},\"inLanguage\":\"de\",\"potentialAction\":[{\"@type\":\"ReadAction\",\"target\":[\"https:\\\/\\\/autobaak.nl\\\/audi-home\\\/\"]}]},{\"@type\":\"BreadcrumbList\",\"@id\":\"https:\\\/\\\/autobaak.nl\\\/audi-home\\\/#breadcrumb\",\"itemListElement\":[{\"@type\":\"ListItem\",\"position\":1,\"name\":\"Home\",\"item\":\"https:\\\/\\\/autobaak.nl\\\/\"},{\"@type\":\"ListItem\",\"position\":2,\"name\":\"Audi Home\"}]},{\"@type\":\"WebSite\",\"@id\":\"https:\\\/\\\/autobaak.nl\\\/#website\",\"url\":\"https:\\\/\\\/autobaak.nl\\\/\",\"name\":\"Autobaak.nl\",\"description\":\"Cars &amp; Racing\",\"potentialAction\":[{\"@type\":\"SearchAction\",\"target\":{\"@type\":\"EntryPoint\",\"urlTemplate\":\"https:\\\/\\\/autobaak.nl\\\/?s={search_term_string}\"},\"query-input\":{\"@type\":\"PropertyValueSpecification\",\"valueRequired\":true,\"valueName\":\"search_term_string\"}}],\"inLanguage\":\"de\"}]}<\/script>\n<!-- \/ Yoast SEO plugin. -->","yoast_head_json":{"title":"Audi Home - Wartungsinformationen z.B. Verteilintervalle","description":"Audi Home page - Infos \u00fcber die Marke Audi und praktische Wartungstipps, wie Zahnriemen, Motor\u00f6l a3 und a4","robots":{"index":"index","follow":"follow","max-snippet":"max-snippet:-1","max-image-preview":"max-image-preview:large","max-video-preview":"max-video-preview:-1"},"canonical":"https:\/\/autobaak.nl\/de\/audi-home\/","og_locale":"de_DE","og_type":"article","og_title":"Audi Home - Onderhoudsinformatie o.a. distributie intervallen","og_description":"Audi Home page - Info over het merk Audi en praktische onderhoudstips, zoals distributieriem intervallen, motorolie o.a a3 en a4","og_url":"https:\/\/autobaak.nl\/de\/audi-home\/","og_site_name":"Autobaak.nl","article_modified_time":"2023-06-12T09:20:17+00:00","twitter_card":"summary_large_image","twitter_misc":{"Gesch\u00e4tzte Lesezeit":"4\u00a0Minuten"},"schema":{"@context":"https:\/\/schema.org","@graph":[{"@type":"WebPage","@id":"https:\/\/autobaak.nl\/audi-home\/","url":"https:\/\/autobaak.nl\/audi-home\/","name":"Audi Home - Wartungsinformationen z.B. Verteilintervalle","isPartOf":{"@id":"https:\/\/autobaak.nl\/#website"},"datePublished":"2018-10-29T16:05:32+00:00","dateModified":"2023-06-12T09:20:17+00:00","description":"Audi Home page - Infos \u00fcber die Marke Audi und praktische Wartungstipps, wie Zahnriemen, Motor\u00f6l a3 und a4","breadcrumb":{"@id":"https:\/\/autobaak.nl\/audi-home\/#breadcrumb"},"inLanguage":"de","potentialAction":[{"@type":"ReadAction","target":["https:\/\/autobaak.nl\/audi-home\/"]}]},{"@type":"BreadcrumbList","@id":"https:\/\/autobaak.nl\/audi-home\/#breadcrumb","itemListElement":[{"@type":"ListItem","position":1,"name":"Home","item":"https:\/\/autobaak.nl\/"},{"@type":"ListItem","position":2,"name":"Audi Home"}]},{"@type":"WebSite","@id":"https:\/\/autobaak.nl\/#website","url":"https:\/\/autobaak.nl\/","name":"Autobook.de","description":"Autos &amp; Rennsport","potentialAction":[{"@type":"SearchAction","target":{"@type":"EntryPoint","urlTemplate":"https:\/\/autobaak.nl\/?s={search_term_string}"},"query-input":{"@type":"PropertyValueSpecification","valueRequired":true,"valueName":"search_term_string"}}],"inLanguage":"de"}]}},"_links":{"self":[{"href":"https:\/\/autobaak.nl\/de\/wp-json\/wp\/v2\/pages\/844","targetHints":{"allow":["GET"]}}],"collection":[{"href":"https:\/\/autobaak.nl\/de\/wp-json\/wp\/v2\/pages"}],"about":[{"href":"https:\/\/autobaak.nl\/de\/wp-json\/wp\/v2\/types\/page"}],"author":[{"embeddable":true,"href":"https:\/\/autobaak.nl\/de\/wp-json\/wp\/v2\/users\/1"}],"replies":[{"embeddable":true,"href":"https:\/\/autobaak.nl\/de\/wp-json\/wp\/v2\/comments?post=844"}],"version-history":[{"count":1,"href":"https:\/\/autobaak.nl\/de\/wp-json\/wp\/v2\/pages\/844\/revisions"}],"predecessor-version":[{"id":155977,"href":"https:\/\/autobaak.nl\/de\/wp-json\/wp\/v2\/pages\/844\/revisions\/155977"}],"wp:attachment":[{"href":"https:\/\/autobaak.nl\/de\/wp-json\/wp\/v2\/media?parent=844"}],"curies":[{"name":"wp","href":"https:\/\/api.w.org\/{rel}","templated":true}]}}