{"id":849,"date":"2018-10-29T16:57:32","date_gmt":"2018-10-29T16:57:32","guid":{"rendered":"https:\/\/autobaak.nl\/?page_id=849"},"modified":"2023-02-08T14:03:56","modified_gmt":"2023-02-08T13:03:56","slug":"zitronenhaus","status":"publish","type":"page","link":"https:\/\/autobaak.nl\/de\/zitronenhaus\/","title":{"rendered":"Citro\u00ebn Startseite"},"content":{"rendered":"<p>[et_pb_section fb_built=\"1\u2033 inner_shadow=\"on\" fullwidth=\"on\" _builder_version=\"4.19.2\u2033 background_image=\"https:\/\/autobaak.nl\/wp-content\/uploads\/2022\/12\/citroen.jpg\" global_colors_info=\"{}\"][et_pb_fullwidth_header title=\"Citro\u00ebn Home \" subhead=\"N\u00fctzliche Informationen \u00fcber diese franz\u00f6sische Marke\" text_orientation=\"centre\" _builder_version=\"4.16\u2033 content_font_size=\"15px\" background_color=\"rgba(255, 255, 255, 0)\" text_shadow_style=\"preset5\u2033 text_shadow_color=\"rgba(0,0,0,0.52)\" global_colors_info=\"{}\" button_one_text_size__hover_enabled=\"off\" button_one_text_size__hover=\"null\" button_two_text_size__hover_enabled=\"off\" button_two_text_size__hover=\"null\" button_one_text_color__hover_enabled=\"off\" button_one_text_color__hover=\"null\" button_two_text_color__hover_enabled=\"off\" button_two_text_color__hover=\"null\" button_one_border_width__hover_enabled=\"off\" button_one_border_width__hover=\"null\" button_two_border_width__hover_enabled=\"off\" button_two_border_width__hover=\"null\" button_one_border_color__hover_enabled=\"off\" button_one_border_color__hover=\"null\" button_two_border_color__hover_enabled=\"off\" button_two_border_color__hover=\"null\" button_one_border_radius__hover_enabled=\"off\" button_one_border_radius__hover=\"null\" button_two_border_radius__hover_enabled=\"off\" button_two_border_radius__hover=\"null\" button_one_letter_spacing__hover_enabled=\"off\" button_one_letter_spacing__hover=\"null\" button_two_letter_spacing__hover_enabled=\"off\" button_two_letter_spacing__hover=\"null\" button_one_bg_color__hover_enabled=\"off\" button_one_bg_color__hover=\"null\" button_two_bg_color__hover_enabled=\"off\" button_two_bg_color__hover=\"null\"][\/et_pb_fullwidth_header][\/et_pb_section][et_pb_section fb_built=\"1\u2033 _builder_version=\"4.16\u2033 custom_padding=\"2px|0px|3px|0px\" global_colors_info=\"{}\"][et_pb_row _builder_version=\"4.16\u2033 background_size=\"initial\" background_position=\"top_left\" background_repeat=\"repeat\" custom_padding=\"26.3594px|0px|2px|0px\" global_colors_info=\"{}\"][et_pb_column type=\"4_4\u2033 _builder_version=\"4.16\u2033 custom_padding=\"|||\" global_colors_info=\"{}\" custom_padding__hover=\"|||\"][et_pb_text _builder_version=\"4.16\u2033 global_colors_info=\"{}\"]<\/p>\n<h2>Die Geburt von Citro\u00ebn<\/h2>\n<p>Citro\u00ebn ist ein franz\u00f6sischer Automobilhersteller und geh\u00f6rt seit 1976 zur PSA Peugeot Citro\u00ebn Gruppe. Citro\u00ebn wurde 1919 von dem franz\u00f6sischen Industriellen Andr\u00e9-Gustave Citro\u00ebn (1878-1935) gegr\u00fcndet. 1934 begr\u00fcndete das Unternehmen mit dem Traction Avant seinen Ruf f\u00fcr innovative Technik. Dieser Wagen war der weltweit erste in Serie hergestellte Wagen mit Frontantrieb, aber auch einer der ersten, der ein selbsttragendes Fahrgestell anstelle des damals \u00fcblichen Leiterfahrgestells hatte.<\/p>\n<p>Im Jahr 1954 stellten sie auch die erste hydropneumatische Niveauregulierung der Welt her. Diese wurde 1955 auch in der revolution\u00e4ren DS verwendet, die ebenfalls mit Bremsscheiben ausgestattet war. Dies war das erste Serienfahrzeug mit Scheibenbremsen. 1967 wurden bei mehreren Modellen schwenkbare Scheinwerfer eingef\u00fchrt, die f\u00fcr eine bessere Sicht auf kurvenreichen Stra\u00dfen sorgten; diese Fahrzeuge wurden auf internationaler und nationaler Ebene mehrfach ausgezeichnet, darunter dreimal als Europ\u00e4isches Auto des Jahres.<br \/>\n[\/et_pb_text][et_pb_text _builder_version=\"4.16\u2033 background_color=\"rgba(12,113,195,0.18)\" custom_margin=\"0px|||\" custom_padding=\"10px|20px|10px|20px\" global_colors_info=\"{}\"]<\/p>\n<h2 style=\"text-align: center;\">Datenbank Citro\u00ebn<\/h2>\n<p style=\"text-align: center;\">Die folgenden \u00dcbersichten enthalten viele n\u00fctzliche Wartungsintervalle und Tipps zu den neuesten Citro\u00ebn-Modellen. Die Intervalle und Richtlinien sind nur ein Anhaltspunkt, unter Umst\u00e4nden kann eine Werkstatt andere Empfehlungen geben.<\/p>\n<p>[\/et_pb_text][et_pb_text _builder_version=\"4.19.4\u2033 hover_enabled=\"0\u2033 global_colors_info=\"{}\" sticky_enabled=\"0\u2033]<\/p>\n<h2>Wann ist ein Citroen-Zahnriemen zu wechseln?<\/h2>\n<p>Der Zahnriemen oder die Kette ist f\u00fcr (fast) jeden Verbrennungsmotor unverzichtbar, denn ohne sie kann es keine Verbrennung geben. Denn der Zahnriemen sorgt daf\u00fcr, dass die Nockenwelle, die Kurbelwelle und die Ventile \u00fcber diesen Riemen oder diese Kette angetrieben werden. Fast alle Citro\u00ebns haben einen Zahnriemen, der regelm\u00e4\u00dfig gewechselt werden muss. Nachfolgend pro Modell die uns bekannten Intervalle:<\/p>\n<ul>\n<li><a href=\"https:\/\/autobaak.nl\/de\/zitronenaxt\/\">Citro\u00ebn AX<\/a><\/li>\n<li><a href=\"https:\/\/autobaak.nl\/de\/zitrone-zx\/\">Citro\u00ebn ZX\u00a0<\/a><\/li>\n<li><a href=\"https:\/\/autobaak.nl\/de\/zitrone-xsara\/\">Citro\u00ebn Xsara<\/a><\/li>\n<li><a href=\"https:\/\/autobaak.nl\/de\/zitrone-c1\/\">Citro\u00ebn C1<\/a><\/li>\n<li><a href=\"https:\/\/autobaak.nl\/de\/zitrone-c2\/\">Citro\u00ebn C2<\/a><\/li>\n<li><a href=\"https:\/\/autobaak.nl\/de\/zitrone-c3\/\">Citro\u00ebn C3<\/a><\/li>\n<li><a href=\"https:\/\/autobaak.nl\/de\/zitrone-c5\/\">Citro\u00ebn C5<\/a><\/li>\n<li><a href=\"https:\/\/autobaak.nl\/de\/zitrone-c6\/\">Citro\u00ebn C6<\/a><\/li>\n<li><a href=\"https:\/\/autobaak.nl\/de\/zitrone-c8\/\">Citro\u00ebn C8<\/a><\/li>\n<li><a href=\"https:\/\/autobaak.nl\/de\/zitrone-ds3\/\">Citro\u00ebn DS3<\/a><\/li>\n<li><a href=\"https:\/\/autobaak.nl\/de\/zitrone-ds4\/\">Citro\u00ebn DS4<\/a><\/li>\n<li><a href=\"https:\/\/autobaak.nl\/de\/zitrone-ds5\/\">Citro\u00ebn DS5<\/a><\/li>\n<\/ul>\n<h3>Reifendruck Citro\u00ebn<\/h3>\n<p>Der Reifendruck Ihres Citro\u00ebn sollte monatlich \u00fcberpr\u00fcft werden, damit Sie eine optimale Leistung genie\u00dfen k\u00f6nnen. Au\u00dferdem kann ein falscher Reifendruck zu einem hohen Kraftstoffverbrauch und einem schnelleren oder unregelm\u00e4\u00dfigen Verschlei\u00df der Reifen f\u00fchren. Auf den folgenden Seiten finden Sie eine \u00dcbersicht der Reifendr\u00fccke f\u00fcr Ihren Citro\u00ebn:<\/p>\n<ul>\n<li><a href=\"https:\/\/autobaak.nl\/de\/reifendruck-citroen-berlingo\/\">Berlingo<\/a><\/li>\n<li><a href=\"https:\/\/autobaak.nl\/de\/reifendruck-citroen-c-zero\/\">C Null<\/a><\/li>\n<li><a href=\"https:\/\/autobaak.nl\/de\/reifendruck-citroen-c1\/\">C1<\/a><\/li>\n<li><a href=\"https:\/\/autobaak.nl\/de\/reifendruck-citroen-c2\/\">C2<\/a><\/li>\n<li><a href=\"https:\/\/autobaak.nl\/de\/reifendruck-citroen-c3\/\">Citro\u00ebn C3<\/a> \/ <a href=\"https:\/\/autobaak.nl\/de\/reifendruck-citroen-c3-picasso\/\">C3 Picasso<\/a><\/li>\n<li><a href=\"https:\/\/autobaak.nl\/de\/reifendruck-citroen-c4\/\">Citro\u00ebn C4<\/a> \/ <a href=\"https:\/\/autobaak.nl\/de\/reifendruck-citroen-c4-cactus\/\">C4 Kaktus<\/a> \/ <a href=\"https:\/\/autobaak.nl\/de\/reifendruck-citroen-c4-picasso\/\">C4 Picasso<\/a> \/ <a href=\"https:\/\/autobaak.nl\/de\/reifendruck-citroen-grand-c4-picasso\/\">C4 Grand Picasso<\/a><\/li>\n<li><a href=\"https:\/\/autobaak.nl\/de\/reifendruck-citroen-c5\/\">C5<\/a> \/ <a href=\"https:\/\/autobaak.nl\/de\/reifendruck-citroen-c5-break\/\">C5 Pause<\/a><\/li>\n<li><a href=\"https:\/\/autobaak.nl\/de\/reifendruck-citroen-c6\/\">C6<\/a><\/li>\n<li><a href=\"https:\/\/autobaak.nl\/de\/reifendruck-citroen-c8\/\">C8<\/a><\/li>\n<li><a href=\"https:\/\/autobaak.nl\/de\/reifendruck-citroen-ds3-auch-cabrio\/\">DS3 (auch Cabrio)<\/a><\/li>\n<li><a href=\"https:\/\/autobaak.nl\/de\/reifendruck-citroen-ds4\/\">DS4<\/a><\/li>\n<li><a href=\"https:\/\/autobaak.nl\/de\/reifendruck-citroen-ds5\/\">DS5<\/a><\/li>\n<li><a href=\"https:\/\/autobaak.nl\/de\/reifendruck-citroen-xsara\/\">Xsara<\/a> \/ <a href=\"https:\/\/autobaak.nl\/de\/citroen-xsara-pause\/\">Xsara Pause<\/a> \/ <a href=\"https:\/\/autobaak.nl\/de\/reifendruck-citroen-xsara-picasso\/\">Xsara Picasso<\/a><\/li>\n<\/ul>\n<h3>Lampen f\u00fcr Citro\u00ebn<\/h3>\n<p>Sie m\u00f6chten die Gl\u00fchbirnen in Ihrem Citro\u00ebn austauschen, wissen aber nicht, welche Art von Autogl\u00fchbirne Sie ben\u00f6tigen? Auf dieser <a href=\"https:\/\/autobaak.nl\/de\/zitronenlampen-ubersicht\/\">Citro\u00ebn-Autogl\u00fchbirnen<\/a> Seite haben wir eine Liste mit allen Lampen zusammengestellt.<\/p>\n<blockquote class=\"wp-embedded-content\" data-secret=\"dYSNVccWHu\"><p><a href=\"https:\/\/autobaak.nl\/de\/zitronenlampen-ubersicht\/\">Citroen Gl\u00fchbirne \u00dcbersicht<\/a><\/p><\/blockquote>\n<p><iframe loading=\"lazy\" class=\"wp-embedded-content\" sandbox=\"allow-scripts\" security=\"restricted\" style=\"position: absolute; clip: rect(1px, 1px, 1px, 1px);\" title=\"&quot;Citro\u00ebn Lampen \u00dcbersicht&quot; - Autobook alles f\u00fcr und \u00fcber Autos\" src=\"https:\/\/autobaak.nl\/citroen-lampen-overzicht\/embed\/#?secret=h13GqS82HV#?secret=dYSNVccWHu\" data-secret=\"dYSNVccWHu\" width=\"600\" height=\"338\" frameborder=\"0\" marginwidth=\"0\" marginheight=\"0\" scrolling=\"no\"><\/iframe><\/p>\n<p>&nbsp;<\/p>\n<p>&nbsp;<\/p>\n<p>[\/et_pb_text][\/et_pb_column][\/et_pb_row][\/et_pb_section][et_pb_section fb_built=\"1\u2033 _builder_version=\"4.16\u2033 custom_padding=\u201d1px|0px|52.7188px|0px\u201d global_colors_info=\u201d{}\u201d][et_pb_row column_structure=\u201d1_2,1_2\u2033 _builder_version=\u201d4.17.4\u2033 _module_preset=\"default\" global_colors_info=\"{}\"][et_pb_column type=\"1_2\u2033 _builder_version=\"4.17.4\u2033 _module_preset=\"default\" global_colors_info=\"{}\"][et_pb_text _builder_version=\"4.19.2\u2033 _module_preset=\"default\" global_colors_info=\"{}\"]<\/p>\n<h3>Welches Motor\u00f6l Citro\u00ebn<\/h3>\n<p>Der rechtzeitige Wechsel des Motor\u00f6ls ist entscheidend f\u00fcr den Zustand Ihres Motors. Dar\u00fcber hinaus ist es wichtig zu wissen, welches Motor\u00f6l Sie ben\u00f6tigen. Im Serviceheft ist in der Regel immer das passende Motor\u00f6l angegeben. Sie m\u00f6chten wissen, welches Motor\u00f6l Sie in Ihren Citro\u00ebn einf\u00fcllen sollen? Dann nutzen Sie die praktische Suchfunktion von Kroon Oil:<\/p>\n<p>&nbsp;<\/p>\n<p>[\/et_pb_text][\/et_pb_column][et_pb_column type=\"1_2\u2033 _builder_version=\"4.17.4\u2033 _module_preset=\"default\" global_colors_info=\"{}\"][et_pb_text _builder_version=\"4.18.0\u2033 _module_preset=\"default\" global_colors_info=\"{}\"]<\/p>\n<p><script type=\"text\/javascript\" src=\"\/\/kroon-oil.com\/adviesbanners\/v3\/bnr-js.php?lang=nl&amp;type=reg&amp;theme=light\"><\/script><\/p>\n<p>[\/et_pb_text][\/et_pb_column][\/et_pb_row][\/et_pb_section].<\/p>","protected":false},"excerpt":{"rendered":"<p>Die Urspr\u00fcnge von Citro\u00ebn Citro\u00ebn ist ein franz\u00f6sischer Automobilhersteller, der seit 1976 zur PSA Peugeot Citro\u00ebn Gruppe geh\u00f6rt. Citro\u00ebn wurde 1919 von dem franz\u00f6sischen Industriellen Andr\u00e9-Gustave Citro\u00ebn (1878-1935) gegr\u00fcndet. Im Jahr 1934 begr\u00fcndete das Unternehmen seinen Ruf f\u00fcr innovative Technologie mit dem Traction Avant. Dieses Auto war das weltweit erste in Serie hergestellte Auto mit Frontantrieb, aber [...]<\/p>","protected":false},"author":1,"featured_media":0,"parent":0,"menu_order":0,"comment_status":"closed","ping_status":"closed","template":"","meta":{"_et_pb_use_builder":"on","_et_pb_old_content":"","_et_gb_content_width":"","footnotes":""},"class_list":["post-849","page","type-page","status-publish","hentry"],"yoast_head":"<!-- This site is optimized with the Yoast SEO plugin v27.4 - https:\/\/yoast.com\/product\/yoast-seo-wordpress\/ -->\n<title>Citro\u00ebn Home - Onderhoudsinervallen en Tips voor het Franse merk<\/title>\n<meta name=\"description\" content=\"Citroen Home is de start om intervallen betreft onderhoud te vinden over dit Franse merk. O.a de distributie intervallen C5, C3 etc.\" \/>\n<meta name=\"robots\" content=\"index, follow, max-snippet:-1, max-image-preview:large, max-video-preview:-1\" \/>\n<link rel=\"canonical\" href=\"https:\/\/autobaak.nl\/de\/zitronenhaus\/\" \/>\n<meta property=\"og:locale\" content=\"de_DE\" \/>\n<meta property=\"og:type\" content=\"article\" \/>\n<meta property=\"og:title\" content=\"Citro\u00ebn Home - Onderhoudsinervallen en Tips voor het Franse merk\" \/>\n<meta property=\"og:description\" content=\"Citroen Home is de start om intervallen betreft onderhoud te vinden over dit Franse merk. O.a de distributie intervallen C5, C3 etc.\" \/>\n<meta property=\"og:url\" content=\"https:\/\/autobaak.nl\/de\/zitronenhaus\/\" \/>\n<meta property=\"og:site_name\" content=\"Autobaak.nl\" \/>\n<meta property=\"article:modified_time\" content=\"2023-02-08T13:03:56+00:00\" \/>\n<meta name=\"twitter:card\" content=\"summary_large_image\" \/>\n<meta name=\"twitter:label1\" content=\"Gesch\u00e4tzte Lesezeit\" \/>\n\t<meta name=\"twitter:data1\" content=\"3\u00a0Minuten\" \/>\n<script type=\"application\/ld+json\" class=\"yoast-schema-graph\">{\"@context\":\"https:\\\/\\\/schema.org\",\"@graph\":[{\"@type\":\"WebPage\",\"@id\":\"https:\\\/\\\/autobaak.nl\\\/citroen-home\\\/\",\"url\":\"https:\\\/\\\/autobaak.nl\\\/citroen-home\\\/\",\"name\":\"Citro\u00ebn Home - Onderhoudsinervallen en Tips voor het Franse merk\",\"isPartOf\":{\"@id\":\"https:\\\/\\\/autobaak.nl\\\/#website\"},\"datePublished\":\"2018-10-29T16:57:32+00:00\",\"dateModified\":\"2023-02-08T13:03:56+00:00\",\"description\":\"Citroen Home is de start om intervallen betreft onderhoud te vinden over dit Franse merk. O.a de distributie intervallen C5, C3 etc.\",\"breadcrumb\":{\"@id\":\"https:\\\/\\\/autobaak.nl\\\/citroen-home\\\/#breadcrumb\"},\"inLanguage\":\"de\",\"potentialAction\":[{\"@type\":\"ReadAction\",\"target\":[\"https:\\\/\\\/autobaak.nl\\\/citroen-home\\\/\"]}]},{\"@type\":\"BreadcrumbList\",\"@id\":\"https:\\\/\\\/autobaak.nl\\\/citroen-home\\\/#breadcrumb\",\"itemListElement\":[{\"@type\":\"ListItem\",\"position\":1,\"name\":\"Home\",\"item\":\"https:\\\/\\\/autobaak.nl\\\/\"},{\"@type\":\"ListItem\",\"position\":2,\"name\":\"Citro\u00ebn Home\"}]},{\"@type\":\"WebSite\",\"@id\":\"https:\\\/\\\/autobaak.nl\\\/#website\",\"url\":\"https:\\\/\\\/autobaak.nl\\\/\",\"name\":\"Autobaak.nl\",\"description\":\"Cars &amp; Racing\",\"potentialAction\":[{\"@type\":\"SearchAction\",\"target\":{\"@type\":\"EntryPoint\",\"urlTemplate\":\"https:\\\/\\\/autobaak.nl\\\/?s={search_term_string}\"},\"query-input\":{\"@type\":\"PropertyValueSpecification\",\"valueRequired\":true,\"valueName\":\"search_term_string\"}}],\"inLanguage\":\"de\"}]}<\/script>\n<!-- \/ Yoast SEO plugin. -->","yoast_head_json":{"title":"Citro\u00ebn Home - Wartungsinformationen und Tipps f\u00fcr die franz\u00f6sische Marke","description":"Citroen Home ist der Ausgangspunkt f\u00fcr die Suche nach Wartungsintervallen f\u00fcr diese franz\u00f6sische Marke. Unter anderem die Verteilungsintervalle C5, C3 usw.","robots":{"index":"index","follow":"follow","max-snippet":"max-snippet:-1","max-image-preview":"max-image-preview:large","max-video-preview":"max-video-preview:-1"},"canonical":"https:\/\/autobaak.nl\/de\/zitronenhaus\/","og_locale":"de_DE","og_type":"article","og_title":"Citro\u00ebn Home - Onderhoudsinervallen en Tips voor het Franse merk","og_description":"Citroen Home is de start om intervallen betreft onderhoud te vinden over dit Franse merk. O.a de distributie intervallen C5, C3 etc.","og_url":"https:\/\/autobaak.nl\/de\/zitronenhaus\/","og_site_name":"Autobaak.nl","article_modified_time":"2023-02-08T13:03:56+00:00","twitter_card":"summary_large_image","twitter_misc":{"Gesch\u00e4tzte Lesezeit":"3\u00a0Minuten"},"schema":{"@context":"https:\/\/schema.org","@graph":[{"@type":"WebPage","@id":"https:\/\/autobaak.nl\/citroen-home\/","url":"https:\/\/autobaak.nl\/citroen-home\/","name":"Citro\u00ebn Home - Wartungsinformationen und Tipps f\u00fcr die franz\u00f6sische Marke","isPartOf":{"@id":"https:\/\/autobaak.nl\/#website"},"datePublished":"2018-10-29T16:57:32+00:00","dateModified":"2023-02-08T13:03:56+00:00","description":"Citroen Home ist der Ausgangspunkt f\u00fcr die Suche nach Wartungsintervallen f\u00fcr diese franz\u00f6sische Marke. Unter anderem die Verteilungsintervalle C5, C3 usw.","breadcrumb":{"@id":"https:\/\/autobaak.nl\/citroen-home\/#breadcrumb"},"inLanguage":"de","potentialAction":[{"@type":"ReadAction","target":["https:\/\/autobaak.nl\/citroen-home\/"]}]},{"@type":"BreadcrumbList","@id":"https:\/\/autobaak.nl\/citroen-home\/#breadcrumb","itemListElement":[{"@type":"ListItem","position":1,"name":"Home","item":"https:\/\/autobaak.nl\/"},{"@type":"ListItem","position":2,"name":"Citro\u00ebn Home"}]},{"@type":"WebSite","@id":"https:\/\/autobaak.nl\/#website","url":"https:\/\/autobaak.nl\/","name":"Autobook.de","description":"Autos &amp; Rennsport","potentialAction":[{"@type":"SearchAction","target":{"@type":"EntryPoint","urlTemplate":"https:\/\/autobaak.nl\/?s={search_term_string}"},"query-input":{"@type":"PropertyValueSpecification","valueRequired":true,"valueName":"search_term_string"}}],"inLanguage":"de"}]}},"_links":{"self":[{"href":"https:\/\/autobaak.nl\/de\/wp-json\/wp\/v2\/pages\/849","targetHints":{"allow":["GET"]}}],"collection":[{"href":"https:\/\/autobaak.nl\/de\/wp-json\/wp\/v2\/pages"}],"about":[{"href":"https:\/\/autobaak.nl\/de\/wp-json\/wp\/v2\/types\/page"}],"author":[{"embeddable":true,"href":"https:\/\/autobaak.nl\/de\/wp-json\/wp\/v2\/users\/1"}],"replies":[{"embeddable":true,"href":"https:\/\/autobaak.nl\/de\/wp-json\/wp\/v2\/comments?post=849"}],"version-history":[{"count":0,"href":"https:\/\/autobaak.nl\/de\/wp-json\/wp\/v2\/pages\/849\/revisions"}],"wp:attachment":[{"href":"https:\/\/autobaak.nl\/de\/wp-json\/wp\/v2\/media?parent=849"}],"curies":[{"name":"wp","href":"https:\/\/api.w.org\/{rel}","templated":true}]}}