{"id":853,"date":"2018-10-29T17:37:50","date_gmt":"2018-10-29T17:37:50","guid":{"rendered":"https:\/\/autobaak.nl\/?page_id=853"},"modified":"2023-04-20T15:34:47","modified_gmt":"2023-04-20T13:34:47","slug":"fiat-heimat","status":"publish","type":"page","link":"https:\/\/autobaak.nl\/de\/fiat-heimat\/","title":{"rendered":"Fiat Startseite"},"content":{"rendered":"<p>[et_pb_section fb_built=\"1\u2033 inner_shadow=\"on\" fullwidth=\"on\" _builder_version=\"4.18.0\u2033 background_image=\"https:\/\/autobaak.nl\/wp-content\/uploads\/2022\/08\/pexels-jesse-zheng-1213295.jpg\" global_colors_info=\"{}\"][et_pb_fullwidth_header title=\"Skoda Home\" subhead=\"N\u00fctzliche Informationen \u00fcber Skoda\" text_orientation=\"centre\" _builder_version=\"4.18.0\u2033 content_font_size=\"15px\" background_color=\"rgba(255, 255, 255, 0)\" background_image=\"https:\/\/autobaak.nl\/wp-content\/uploads\/2022\/09\/skoda.jpg\" text_shadow_style=\"preset5\u2033 text_shadow_color=\"rgba(0,0,0,0.52)\" global_colors_info=\"{}\" button_one_text_size__hover_enabled=\"off\" button_one_text_size__hover=\"null\" button_two_text_size__hover_enabled=\"off\" button_two_text_size__hover=\"null\" button_one_text_color__hover_enabled=\"off\" button_one_text_color__hover=\"null\" button_two_text_color__hover_enabled=\"off\" button_two_text_color__hover=\"null\" button_one_border_width__hover_enabled=\"off\" button_one_border_width__hover=\"null\" button_two_border_width__hover_enabled=\"off\" button_two_border_width__hover=\"null\" button_one_border_color__hover_enabled=\"off\" button_one_border_color__hover=\"null\" button_two_border_color__hover_enabled=\"off\" button_two_border_color__hover=\"null\" button_one_border_radius__hover_enabled=\"off\" button_one_border_radius__hover=\"null\" button_two_border_radius__hover_enabled=\"off\" button_two_border_radius__hover=\"null\" button_one_letter_spacing__hover_enabled=\"off\" button_one_letter_spacing__hover=\"null\" button_two_letter_spacing__hover_enabled=\"off\" button_two_letter_spacing__hover=\"null\" button_one_bg_color__hover_enabled=\"off\" button_one_bg_color__hover=\"null\" button_two_bg_color__hover_enabled=\"off\" button_two_bg_color__hover=\"null\"][\/et_pb_fullwidth_header][\/et_pb_section][et_pb_section fb_built=\"1\u2033 _builder_version=\"4.16\u2033 custom_padding=\"2px|0px|3px|0px\" global_colors_info=\"{}\"][et_pb_row _builder_version=\"4.16\u2033 background_size=\"initial\" background_position=\"top_left\" background_repeat=\"repeat\" custom_padding=\"26.3594px|0px|2px|0px\" global_colors_info=\"{}\"][et_pb_column type=\"4_4\u2033 _builder_version=\"4.16\u2033 custom_padding=\"|||\" global_colors_info=\"{}\" custom_padding__hover=\"|||\"][et_pb_text _builder_version=\"4.16\u2033 global_colors_info=\"{}\"]<\/p>\n<h2>Die Geburt von FIAT<\/h2>\n<p>Fiat Automobiles SpA, urspr\u00fcnglich FIAT, ist ein italienischer Automobilhersteller, eine Tochtergesellschaft von FCA Italy SpA, einem Teil von Fiat Chrysler Automobiles (fr\u00fcher Fiat SpA). Fiat Automobiles wurde im Januar 2007 gegr\u00fcndet, als Fiat sein Automobilgesch\u00e4ft umstrukturierte. Seine Geschichte reicht bis ins Jahr 1899 zur\u00fcck, als das erste Fiat-Auto, der Fiat 4 HP, produziert wurde.<\/p>\n<p>1970 besch\u00e4ftigte FIAT Automobiles mehr als 100.000 Mitarbeiter in Italien, als die Produktion in diesem Land mit 1,4 Millionen Fahrzeugen am h\u00f6chsten war. Im Jahr 2002 baute FIAT mehr als 1 Million Fahrzeuge in sechs Werken in Italien. FIAT produzierte auch Eisenbahnmotoren, Milit\u00e4rfahrzeuge, landwirtschaftliche Traktoren, Flugzeuge und Waffen wie das Fiat-Revelli Modello 1914.<br \/>\n[\/et_pb_text][et_pb_text _builder_version=\"4.16\u2033 background_color=\"rgba(12,113,195,0.18)\" custom_margin=\"0px|||\" custom_padding=\"10px|20px|10px|20px\" global_colors_info=\"{}\"]<\/p>\n<h2 style=\"text-align: center;\">FIAT-Datenbank<\/h2>\n<p style=\"text-align: center;\">Die folgenden \u00dcbersichten enthalten viele n\u00fctzliche Wartungsintervalle und Tipps zu den neuesten Alfa Romeo Modellen. Die Intervalle und Richtlinien sind nur ein Anhaltspunkt, es k\u00f6nnen Umst\u00e4nde eintreten, die eine Werkstatt veranlassen, einen anderen Rat zu geben.<\/p>\n<p>[\/et_pb_text][et_pb_text _builder_version=\"4.20.4\u2033 hover_enabled=\"0\u2033 global_colors_info=\"{}\" sticky_enabled=\"0\u2033]<\/p>\n<h2>Wann ist ein FIAT-Zahnriemen zu wechseln?<\/h2>\n<p>Der Zahnriemen oder die Kette ist f\u00fcr (fast) jeden Verbrennungsmotor unverzichtbar, denn ohne sie kann es keine Verbrennung geben. Denn der Zahnriemen sorgt daf\u00fcr, dass die Nockenwelle, die Kurbelwelle und die Ventile \u00fcber diesen Riemen oder diese Kette angetrieben werden. Fast alle FIAT-Fahrzeuge haben einen Zahnriemen, der regelm\u00e4\u00dfig ausgetauscht werden muss. Die uns bekannten Intervalle f\u00fcr jedes Modell sind unten aufgef\u00fchrt:<\/p>\n<ul>\n<li><a href=\"https:\/\/autobaak.nl\/de\/fiat-seicento\/\">FIAT Seicento<\/a><\/li>\n<li><a href=\"https:\/\/autobaak.nl\/de\/fiat-500\/\">FIAT 500<\/a><\/li>\n<li><a href=\"https:\/\/autobaak.nl\/de\/fiat-panda\/\">FIAT Panda<\/a><\/li>\n<li><a href=\"https:\/\/autobaak.nl\/de\/fiat-punto\/\">FIAT Punto<\/a><\/li>\n<li><a href=\"https:\/\/autobaak.nl\/de\/fiat-palio\/\">FIAT Palio<\/a><\/li>\n<li><a href=\"https:\/\/autobaak.nl\/de\/fiat-brava\/\">FIAT Brava<\/a><\/li>\n<li><a href=\"https:\/\/autobaak.nl\/de\/fiat-stilo\/\">FIAT Stilo<\/a><\/li>\n<li><a href=\"https:\/\/autobaak.nl\/de\/fiat-croma\/\">FIAT Croma<\/a><\/li>\n<li><a href=\"https:\/\/autobaak.nl\/de\/fiat-multipla\/\">FIAT Multipla<\/a><\/li>\n<li><a href=\"https:\/\/autobaak.nl\/de\/fiat-ulysse\/\">FIAT Ulysse<\/a><\/li>\n<li><a href=\"https:\/\/autobaak.nl\/de\/fiat-fiorino\/\">FIAT Fiorino<\/a><\/li>\n<li><a href=\"https:\/\/autobaak.nl\/de\/fiat-scudo\/\">FIAT Scudo<\/a><\/li>\n<li><a href=\"https:\/\/autobaak.nl\/de\/fiat-marea\/\">FIAT Marea<\/a><\/li>\n<li><a href=\"https:\/\/autobaak.nl\/de\/fiat-barchetta\/\">FIAT Barchetta\u00a0<\/a><\/li>\n<li><a href=\"https:\/\/autobaak.nl\/de\/fiat-doblo\/\">FIAT Doblo<\/a><\/li>\n<li><a href=\"https:\/\/autobaak.nl\/de\/fixe-idee\/\">FIAT-Idee<\/a><\/li>\n<li><a href=\"https:\/\/autobaak.nl\/de\/fiat-ducato\/\">FIAT Ducato<\/a><\/li>\n<\/ul>\n<h3>Reifendruck Fiat<\/h3>\n<p>Sie sollten den Reifendruck Ihres Fiat monatlich \u00fcberpr\u00fcfen, um eine optimale Leistung zu erhalten. Au\u00dferdem kann ein falscher Reifendruck zu einem hohen Kraftstoffverbrauch f\u00fchren und die Reifen k\u00f6nnen schneller oder unregelm\u00e4\u00dfig verschlei\u00dfen. Auf den folgenden Seiten finden Sie eine \u00dcbersicht der Reifendr\u00fccke f\u00fcr Ihren Fiat:<\/p>\n<ul>\n<li><a href=\"https:\/\/autobaak.nl\/de\/reifendruck-fiat-500\/\">Fiat 500<\/a> \/ <a href=\"https:\/\/autobaak.nl\/de\/reifendruck-fiat-500c\/\">Fiat 500C<\/a> \/ <a href=\"https:\/\/autobaak.nl\/de\/reifendruck-fiat-500l\/\">Fiat 500L<\/a><\/li>\n<li><a href=\"https:\/\/autobaak.nl\/de\/reifendruck-fiat-bravo\/\">Bravo<\/a><\/li>\n<li><a href=\"https:\/\/autobaak.nl\/de\/reifendruck-fiat-doblo\/\">Doblo<\/a><\/li>\n<li><a href=\"https:\/\/autobaak.nl\/de\/reifendruck-fiat-punto\/\">Punto<\/a> \/ <a href=\"https:\/\/autobaak.nl\/de\/reifendruck-fiat-grande-punto\/\">Grande Punto<\/a><\/li>\n<li><a href=\"https:\/\/autobaak.nl\/de\/reifendruck-fiat-idee\/\">Idee<\/a><\/li>\n<li><a href=\"https:\/\/autobaak.nl\/de\/reifendruck-fiat-linea\/\">Linea<\/a><\/li>\n<li><a href=\"https:\/\/autobaak.nl\/de\/reifendruck-fiat-panda\/\">Panda<\/a><\/li>\n<li><a href=\"https:\/\/autobaak.nl\/de\/reifendruck-fiat-seicento\/\">Seicento<\/a><\/li>\n<li><a href=\"https:\/\/autobaak.nl\/de\/reifendruck-fiat-stilo\/\">Stilo<\/a> \/ <a href=\"https:\/\/autobaak.nl\/de\/reifendruck-fiat-stilo-multi-wagon\/\">Stilo Multi Wagon<\/a> \/ <a href=\"https:\/\/autobaak.nl\/de\/reifendruck-fiat-stilo-multiwagon-uproad\/\">Stilo Multiwagon Uproad<\/a><\/li>\n<\/ul>\n<h3>Lampen f\u00fcr Fiat<\/h3>\n<p>Sie m\u00f6chten die Gl\u00fchbirnen in Ihrem Fiat ersetzen, wissen aber nicht, welche Art von Gl\u00fchbirne Sie ben\u00f6tigen? Zu diesem <a href=\"https:\/\/autobaak.nl\/de\/fiat-gluhbirnen-ubersicht\/\">Autogl\u00fchbirnen Fiat<\/a> Seite haben wir eine Liste mit allen Lampen zusammengestellt.<\/p>\n<h3>Wischermessger\u00e4te<\/h3>\n<p>Sie suchen nach Scheibenwischergr\u00f6\u00dfen f\u00fcr Fiat-Modelle? Unter <a href=\"https:\/\/autobaak.nl\/de\/fiat-wischer-grosen\/\">diese Seite<\/a> Die Gr\u00f6\u00dfen der beliebtesten Modelle.<\/p>\n<p>[\/et_pb_text][\/et_pb_column][\/et_pb_row][\/et_pb_section][et_pb_section fb_built=\"1\u2033 _builder_version=\"4.16\u2033 custom_padding=\u201d1px|0px|52.7188px|0px\u201d global_colors_info=\u201d{}\u201d][et_pb_row column_structure=\u201d1_2,1_2\u2033 _builder_version=\u201d4.17.4\u2033 _module_preset=\"default\" global_colors_info=\"{}\"][et_pb_column type=\"1_2\u2033 _builder_version=\"4.17.4\u2033 _module_preset=\"default\" global_colors_info=\"{}\"][et_pb_text _builder_version=\"4.20.4\u2033 _module_preset=\"default\" hover_enabled=\"0\u2033 global_colors_info=\"{}\" sticky_enabled=\"0\u2033]<\/p>\n<h3>Welches Motor\u00f6l Fiat<\/h3>\n<p>Der rechtzeitige Wechsel des Motor\u00f6ls ist entscheidend f\u00fcr den Zustand Ihres Motors. Dar\u00fcber hinaus ist es wichtig zu wissen, welches Motor\u00f6l Sie ben\u00f6tigen. Im Serviceheft ist in der Regel immer das passende Motor\u00f6l aufgef\u00fchrt.<\/p>\n<ul>\n<li><a href=\"ttps:\/\/autobaak.nl\/welke-motorolie-voor-fiat-punto\/\">Liste der geeigneten Motor\u00f6le Fiat Punto Modelle<\/a><\/li>\n<li><a href=\"https:\/\/autobaak.nl\/de\/welches-motorol-fiat-panda\/\">Liste der geeigneten Motor\u00f6le f\u00fcr Fiat Panda Modelle<\/a><\/li>\n<\/ul>\n<p>M\u00f6chten Sie wissen, welches Motor\u00f6l f\u00fcr andere Fiat-Modelle geeignet ist? Dann nutzen Sie die praktische Suchfunktion von Kroon oil:<\/p>\n<p>[\/et_pb_text][\/et_pb_column][et_pb_column type=\"1_2\u2033 _builder_version=\"4.17.4\u2033 _module_preset=\"default\" global_colors_info=\"{}\"][et_pb_text _builder_version=\"4.18.0\u2033 _module_preset=\"default\" global_colors_info=\"{}\"]<\/p>\n<p><script type=\"text\/javascript\" src=\"\/\/kroon-oil.com\/adviesbanners\/v3\/bnr-js.php?lang=nl&amp;type=reg&amp;theme=light\"><\/script><\/p>\n<p>[\/et_pb_text][\/et_pb_column][\/et_pb_row][\/et_pb_section].<\/p>","protected":false},"excerpt":{"rendered":"<p>Fiat Automobiles SpA, urspr\u00fcnglich FIAT, ist ein italienischer Automobilhersteller, eine Tochtergesellschaft von FCA Italy SpA, einem Teil von Fiat Chrysler Automobiles (fr\u00fcher Fiat SpA). Fiat Automobiles wurde im Januar 2007 gegr\u00fcndet, als Fiat sein Automobilgesch\u00e4ft umstrukturierte. Seine Geschichte reicht bis ins Jahr 1899 zur\u00fcck, als das erste Fiat-Auto, der Fiat 4 HP, produziert wurde.<\/p>","protected":false},"author":1,"featured_media":0,"parent":0,"menu_order":0,"comment_status":"closed","ping_status":"closed","template":"","meta":{"_et_pb_use_builder":"on","_et_pb_old_content":"","_et_gb_content_width":"","footnotes":""},"class_list":["post-853","page","type-page","status-publish","hentry"],"yoast_head":"<!-- This site is optimized with the Yoast SEO plugin v27.5 - https:\/\/yoast.com\/product\/yoast-seo-wordpress\/ -->\n<title>Fiat Home - Onderhoudsinformatie over dit Italiaanse automerk<\/title>\n<meta name=\"description\" content=\"FIAT home is de plek met onderhoudsinformatie over dit Italiaanse merk. O.a distributieriem intervallen van o.a. de punto en panda\" \/>\n<meta name=\"robots\" content=\"index, follow, max-snippet:-1, max-image-preview:large, max-video-preview:-1\" \/>\n<link rel=\"canonical\" href=\"https:\/\/autobaak.nl\/de\/fiat-heimat\/\" \/>\n<meta property=\"og:locale\" content=\"de_DE\" \/>\n<meta property=\"og:type\" content=\"article\" \/>\n<meta property=\"og:title\" content=\"Fiat Home - Onderhoudsinformatie over dit Italiaanse automerk\" \/>\n<meta property=\"og:description\" content=\"FIAT home is de plek met onderhoudsinformatie over dit Italiaanse merk. O.a distributieriem intervallen van o.a. de punto en panda\" \/>\n<meta property=\"og:url\" content=\"https:\/\/autobaak.nl\/de\/fiat-heimat\/\" \/>\n<meta property=\"og:site_name\" content=\"Autobaak.nl\" \/>\n<meta property=\"article:modified_time\" content=\"2023-04-20T13:34:47+00:00\" \/>\n<meta name=\"twitter:card\" content=\"summary_large_image\" \/>\n<meta name=\"twitter:label1\" content=\"Gesch\u00e4tzte Lesezeit\" \/>\n\t<meta name=\"twitter:data1\" content=\"3\u00a0Minuten\" \/>\n<script type=\"application\/ld+json\" class=\"yoast-schema-graph\">{\"@context\":\"https:\\\/\\\/schema.org\",\"@graph\":[{\"@type\":\"WebPage\",\"@id\":\"https:\\\/\\\/autobaak.nl\\\/fiat-home\\\/\",\"url\":\"https:\\\/\\\/autobaak.nl\\\/fiat-home\\\/\",\"name\":\"Fiat Home - Onderhoudsinformatie over dit Italiaanse automerk\",\"isPartOf\":{\"@id\":\"https:\\\/\\\/autobaak.nl\\\/#website\"},\"datePublished\":\"2018-10-29T17:37:50+00:00\",\"dateModified\":\"2023-04-20T13:34:47+00:00\",\"description\":\"FIAT home is de plek met onderhoudsinformatie over dit Italiaanse merk. O.a distributieriem intervallen van o.a. de punto en panda\",\"breadcrumb\":{\"@id\":\"https:\\\/\\\/autobaak.nl\\\/fiat-home\\\/#breadcrumb\"},\"inLanguage\":\"de\",\"potentialAction\":[{\"@type\":\"ReadAction\",\"target\":[\"https:\\\/\\\/autobaak.nl\\\/fiat-home\\\/\"]}]},{\"@type\":\"BreadcrumbList\",\"@id\":\"https:\\\/\\\/autobaak.nl\\\/fiat-home\\\/#breadcrumb\",\"itemListElement\":[{\"@type\":\"ListItem\",\"position\":1,\"name\":\"Home\",\"item\":\"https:\\\/\\\/autobaak.nl\\\/\"},{\"@type\":\"ListItem\",\"position\":2,\"name\":\"Fiat Home\"}]},{\"@type\":\"WebSite\",\"@id\":\"https:\\\/\\\/autobaak.nl\\\/#website\",\"url\":\"https:\\\/\\\/autobaak.nl\\\/\",\"name\":\"Autobaak.nl\",\"description\":\"Cars &amp; Racing\",\"potentialAction\":[{\"@type\":\"SearchAction\",\"target\":{\"@type\":\"EntryPoint\",\"urlTemplate\":\"https:\\\/\\\/autobaak.nl\\\/?s={search_term_string}\"},\"query-input\":{\"@type\":\"PropertyValueSpecification\",\"valueRequired\":true,\"valueName\":\"search_term_string\"}}],\"inLanguage\":\"de\"}]}<\/script>\n<!-- \/ Yoast SEO plugin. -->","yoast_head_json":{"title":"Fiat Home - Wartungsinformationen \u00fcber diese italienische Automarke","description":"FIAT home ist der richtige Ort, um Informationen \u00fcber die Wartung dieser italienischen Marke zu erhalten. Einschlie\u00dflich Zahnriemen f\u00fcr den Punto und Panda.","robots":{"index":"index","follow":"follow","max-snippet":"max-snippet:-1","max-image-preview":"max-image-preview:large","max-video-preview":"max-video-preview:-1"},"canonical":"https:\/\/autobaak.nl\/de\/fiat-heimat\/","og_locale":"de_DE","og_type":"article","og_title":"Fiat Home - Onderhoudsinformatie over dit Italiaanse automerk","og_description":"FIAT home is de plek met onderhoudsinformatie over dit Italiaanse merk. O.a distributieriem intervallen van o.a. de punto en panda","og_url":"https:\/\/autobaak.nl\/de\/fiat-heimat\/","og_site_name":"Autobaak.nl","article_modified_time":"2023-04-20T13:34:47+00:00","twitter_card":"summary_large_image","twitter_misc":{"Gesch\u00e4tzte Lesezeit":"3\u00a0Minuten"},"schema":{"@context":"https:\/\/schema.org","@graph":[{"@type":"WebPage","@id":"https:\/\/autobaak.nl\/fiat-home\/","url":"https:\/\/autobaak.nl\/fiat-home\/","name":"Fiat Home - Wartungsinformationen \u00fcber diese italienische Automarke","isPartOf":{"@id":"https:\/\/autobaak.nl\/#website"},"datePublished":"2018-10-29T17:37:50+00:00","dateModified":"2023-04-20T13:34:47+00:00","description":"FIAT home ist der richtige Ort, um Informationen \u00fcber die Wartung dieser italienischen Marke zu erhalten. Einschlie\u00dflich Zahnriemen f\u00fcr den Punto und Panda.","breadcrumb":{"@id":"https:\/\/autobaak.nl\/fiat-home\/#breadcrumb"},"inLanguage":"de","potentialAction":[{"@type":"ReadAction","target":["https:\/\/autobaak.nl\/fiat-home\/"]}]},{"@type":"BreadcrumbList","@id":"https:\/\/autobaak.nl\/fiat-home\/#breadcrumb","itemListElement":[{"@type":"ListItem","position":1,"name":"Home","item":"https:\/\/autobaak.nl\/"},{"@type":"ListItem","position":2,"name":"Fiat Home"}]},{"@type":"WebSite","@id":"https:\/\/autobaak.nl\/#website","url":"https:\/\/autobaak.nl\/","name":"Autobook.de","description":"Autos &amp; Rennsport","potentialAction":[{"@type":"SearchAction","target":{"@type":"EntryPoint","urlTemplate":"https:\/\/autobaak.nl\/?s={search_term_string}"},"query-input":{"@type":"PropertyValueSpecification","valueRequired":true,"valueName":"search_term_string"}}],"inLanguage":"de"}]}},"_links":{"self":[{"href":"https:\/\/autobaak.nl\/de\/wp-json\/wp\/v2\/pages\/853","targetHints":{"allow":["GET"]}}],"collection":[{"href":"https:\/\/autobaak.nl\/de\/wp-json\/wp\/v2\/pages"}],"about":[{"href":"https:\/\/autobaak.nl\/de\/wp-json\/wp\/v2\/types\/page"}],"author":[{"embeddable":true,"href":"https:\/\/autobaak.nl\/de\/wp-json\/wp\/v2\/users\/1"}],"replies":[{"embeddable":true,"href":"https:\/\/autobaak.nl\/de\/wp-json\/wp\/v2\/comments?post=853"}],"version-history":[{"count":3,"href":"https:\/\/autobaak.nl\/de\/wp-json\/wp\/v2\/pages\/853\/revisions"}],"predecessor-version":[{"id":155542,"href":"https:\/\/autobaak.nl\/de\/wp-json\/wp\/v2\/pages\/853\/revisions\/155542"}],"wp:attachment":[{"href":"https:\/\/autobaak.nl\/de\/wp-json\/wp\/v2\/media?parent=853"}],"curies":[{"name":"wp","href":"https:\/\/api.w.org\/{rel}","templated":true}]}}