{"id":856,"date":"2018-11-01T12:15:07","date_gmt":"2018-11-01T12:15:07","guid":{"rendered":"https:\/\/autobaak.nl\/?page_id=856"},"modified":"2023-02-08T14:06:32","modified_gmt":"2023-02-08T13:06:32","slug":"furt-nach-hause","status":"publish","type":"page","link":"https:\/\/autobaak.nl\/de\/furt-nach-hause\/","title":{"rendered":"Ford Haus"},"content":{"rendered":"<p>[et_pb_section fb_built=\"1\u2033 inner_shadow=\"on\" fullwidth=\"on\" _builder_version=\"4.18.0\u2033 background_image=\"https:\/\/autobaak.nl\/wp-content\/uploads\/2022\/08\/pexels-jesse-zheng-1213295.jpg\" global_colors_info=\"{}\"][et_pb_fullwidth_header title=\"Skoda Home\" subhead=\"N\u00fctzliche Informationen \u00fcber Skoda\" text_orientation=\"centre\" _builder_version=\"4.18.0\u2033 content_font_size=\"15px\" background_color=\"rgba(255, 255, 255, 0)\" background_image=\"https:\/\/autobaak.nl\/wp-content\/uploads\/2022\/09\/skoda.jpg\" text_shadow_style=\"preset5\u2033 text_shadow_color=\"rgba(0,0,0,0.52)\" global_colors_info=\"{}\" button_one_text_size__hover_enabled=\"off\" button_one_text_size__hover=\"null\" button_two_text_size__hover_enabled=\"off\" button_two_text_size__hover=\"null\" button_one_text_color__hover_enabled=\"off\" button_one_text_color__hover=\"null\" button_two_text_color__hover_enabled=\"off\" button_two_text_color__hover=\"null\" button_one_border_width__hover_enabled=\"off\" button_one_border_width__hover=\"null\" button_two_border_width__hover_enabled=\"off\" button_two_border_width__hover=\"null\" button_one_border_color__hover_enabled=\"off\" button_one_border_color__hover=\"null\" button_two_border_color__hover_enabled=\"off\" button_two_border_color__hover=\"null\" button_one_border_radius__hover_enabled=\"off\" button_one_border_radius__hover=\"null\" button_two_border_radius__hover_enabled=\"off\" button_two_border_radius__hover=\"null\" button_one_letter_spacing__hover_enabled=\"off\" button_one_letter_spacing__hover=\"null\" button_two_letter_spacing__hover_enabled=\"off\" button_two_letter_spacing__hover=\"null\" button_one_bg_color__hover_enabled=\"off\" button_one_bg_color__hover=\"null\" button_two_bg_color__hover_enabled=\"off\" button_two_bg_color__hover=\"null\"][\/et_pb_fullwidth_header][\/et_pb_section][et_pb_section fb_built=\"1\u2033 _builder_version=\"4.16\u2033 custom_padding=\"2px|0px|3px|0px\" global_colors_info=\"{}\"][et_pb_row _builder_version=\"4.16\u2033 background_size=\"initial\" background_position=\"top_left\" background_repeat=\"repeat\" custom_padding=\"26.3594px|0px|2px|0px\" global_colors_info=\"{}\"][et_pb_column type=\"4_4\u2033 _builder_version=\"4.16\u2033 custom_padding=\"|||\" global_colors_info=\"{}\" custom_padding__hover=\"|||\"][et_pb_text _builder_version=\"4.16\u2033 global_colors_info=\"{}\"]<\/p>\n<h2>Die Geburt von Ford<\/h2>\n<p>Die Ford Motor Company ist ein amerikanischer multinationaler Automobilhersteller mit Hauptsitz in Dearborn, Michigan, einem Vorort von Detroit. Die Marke wurde 1903 von Henry Ford gegr\u00fcndet. Das Unternehmen vertreibt Pkw und Nutzfahrzeuge unter der Marke Ford und die meisten Luxusfahrzeuge unter der Marke Lincoln.<\/p>\n<p>Ford f\u00fchrte eine v\u00f6llig neue Produktionsmethode ein: Die Autos wurden am Flie\u00dfband montiert. Ford f\u00fchrte diese Methode ein, und um 1914 wurde sie von fast allen Automarken \u00fcbernommen. Die ehemaligen britischen Ford-Tochtergesellschaften Jaguar und Land Rover, die 1989 bzw. 2000 erworben wurden, wurden im M\u00e4rz 2008 an Tata Motors verkauft. Auch der schwedische Autohersteller Volvo geh\u00f6rte Ford von 1999 bis 2010. Dann verkaufte Ford die Marke f\u00fcr rund 1,5 Milliarden Euro an das chinesische Unternehmen Geely.<\/p>\n<p>[\/et_pb_text][et_pb_text _builder_version=\"4.16\u2033 background_color=\"rgba(12,113,195,0.18)\" custom_margin=\"0px|||\" custom_padding=\"10px|20px|10px|20px\" global_colors_info=\"{}\"]<\/p>\n<h2 style=\"text-align: center;\">Ford-Datenbank<\/h2>\n<p style=\"text-align: center;\">Die folgenden \u00dcbersichten enthalten viele n\u00fctzliche Wartungsintervalle und Tipps zu den neuesten Ford-Modellen. Die Intervalle und Richtlinien sind nur ein Anhaltspunkt. Es k\u00f6nnen Umst\u00e4nde eintreten, die eine Werkstatt veranlassen, einen anderen Rat zu geben.<\/p>\n<p>[\/et_pb_text][et_pb_text _builder_version=\"4.19.4\u2033 hover_enabled=\"0\u2033 global_colors_info=\"{}\" sticky_enabled=\"0\u2033]<\/p>\n<h2>Wann ist ein Ford Zahnriemen zu wechseln?<\/h2>\n<p>Der Zahnriemen oder die Kette ist f\u00fcr (fast) jeden Verbrennungsmotor unverzichtbar, denn ohne sie kann es keine Verbrennung geben. Denn der Zahnriemen sorgt daf\u00fcr, dass die Nockenwelle, die Kurbelwelle und die Ventile \u00fcber diesen Riemen oder diese Kette angetrieben werden. Fast alle Ford-Fahrzeuge haben einen Zahnriemen, der regelm\u00e4\u00dfig ausgetauscht werden muss. Im Folgenden sind die uns bekannten Intervalle pro Modell aufgef\u00fchrt:<\/p>\n<ul>\n<li><a href=\"https:\/\/autobaak.nl\/de\/ford-ka\/\">Ford KA<\/a><\/li>\n<li><a href=\"https:\/\/autobaak.nl\/de\/ford-fiesta\/\">Ford Fiesta<\/a><\/li>\n<li><a href=\"https:\/\/autobaak.nl\/de\/ford-fusion\/\">Ford Fusion\u00a0<\/a><\/li>\n<li><a href=\"https:\/\/autobaak.nl\/de\/ford-puma\/\">Ford Puma<\/a><\/li>\n<li><a href=\"https:\/\/autobaak.nl\/de\/ford-kuga\/\">Ford Kuga<\/a><\/li>\n<li><a href=\"https:\/\/autobaak.nl\/de\/ford-focus\/\">Ford Focus<\/a><\/li>\n<li><a href=\"https:\/\/autobaak.nl\/de\/ford-focus-c-max\/\">Ford C-max<\/a><\/li>\n<li><a href=\"https:\/\/autobaak.nl\/de\/ford-mondeo\/\">Ford Mondeo<\/a><\/li>\n<li><a href=\"https:\/\/autobaak.nl\/de\/ford-galaxy\/\">Ford Galaxy<\/a><\/li>\n<li><a href=\"https:\/\/autobaak.nl\/de\/ford-transit\/\">Ford Transit<\/a><\/li>\n<li><a href=\"https:\/\/autobaak.nl\/de\/ford-ranger\/\">Ford Ranger<\/a><\/li>\n<\/ul>\n<h3>Reifendruck Ford<\/h3>\n<p>Der Reifendruck Ihres Ford sollte monatlich \u00fcberpr\u00fcft werden, damit Sie eine optimale Leistung genie\u00dfen k\u00f6nnen. Au\u00dferdem kann ein falscher Reifendruck zu einem hohen Kraftstoffverbrauch f\u00fchren und die Reifen k\u00f6nnen schneller oder unregelm\u00e4\u00dfig verschlei\u00dfen. Auf den folgenden Seiten finden Sie eine \u00dcbersicht der Reifendr\u00fccke f\u00fcr Ihren Ford:<\/p>\n<ul>\n<li><a href=\"https:\/\/autobaak.nl\/de\/reifendruck-ford-b-max\/\">B-Max<\/a><\/li>\n<li><a href=\"https:\/\/autobaak.nl\/de\/reifendruck-ford-c-max\/\">C-Max<\/a><\/li>\n<li><a href=\"https:\/\/autobaak.nl\/de\/reifendruck-ford-ecosport\/\">Ecosport<\/a><\/li>\n<li><a href=\"https:\/\/autobaak.nl\/de\/reifendruck-ford-edge\/\">Kante<\/a><\/li>\n<li><a href=\"https:\/\/autobaak.nl\/de\/reifendruck-ford-fiesta\/\">Fiesta<\/a><\/li>\n<li><a href=\"https:\/\/autobaak.nl\/de\/reifendruck-ford-focus\/\">Schwerpunkt<\/a> \/\u00a0<a href=\"https:\/\/autobaak.nl\/de\/reifendruck-ford-focus-c-max\/\">Fokus C-Max<\/a> \/ <a href=\"https:\/\/autobaak.nl\/de\/reifendruck-ford-focus-elektrisch\/\">Fokus Elektrisch<\/a> \/ <a href=\"https:\/\/autobaak.nl\/de\/reifendruck-ford-focus-turnier\/\">Fokus Turnier<\/a><\/li>\n<li><a href=\"https:\/\/autobaak.nl\/de\/reifendruck-ford-fusion\/\">Fusion<\/a><\/li>\n<li><a href=\"https:\/\/autobaak.nl\/de\/reifendruck-ford-galaxy\/\">Galaxie<\/a><\/li>\n<li><a href=\"https:\/\/autobaak.nl\/de\/reifendruck-ford-grand-c-max\/\">Gro\u00dfer C-Max<\/a><\/li>\n<li><a href=\"https:\/\/autobaak.nl\/de\/reifendruck-ford-ka\/\">Ka<\/a><\/li>\n<li><a href=\"https:\/\/autobaak.nl\/de\/reifendruck-ford-kuga\/\">Kuga<\/a><\/li>\n<li><a href=\"https:\/\/autobaak.nl\/de\/reifendruck-ford-maverick\/\">Maverick<\/a><\/li>\n<li><a href=\"https:\/\/autobaak.nl\/de\/reifendruck-ford-mondeo\/\">Mondeo<\/a> \/ <a href=\"https:\/\/autobaak.nl\/de\/reifendruck-ford-mondeo-turnier\/\">Mondeo Turnier<\/a><\/li>\n<li><a href=\"https:\/\/autobaak.nl\/de\/reifendruck-ford-ranger\/\">Ranger<\/a><\/li>\n<li><a href=\"https:\/\/autobaak.nl\/de\/reifendruck-ford-s-max\/\">S-Max<\/a><\/li>\n<\/ul>\n<h3>Lampen f\u00fcr Ford<\/h3>\n<p>Sie m\u00f6chten die Gl\u00fchbirnen in Ihrem Ford ersetzen, wissen aber nicht, welche Art von Gl\u00fchbirne Sie ben\u00f6tigen? Zu diesem <a href=\"https:\/\/autobaak.nl\/de\/ubersicht-uber-die-furtlampen\/\">Autogl\u00fchbirnen Ford<\/a> Seite haben wir eine Liste mit allen Lampen zusammengestellt.<\/p>\n<blockquote class=\"wp-embedded-content\" data-secret=\"twBl1GankY\"><p><a href=\"https:\/\/autobaak.nl\/de\/ubersicht-uber-die-furtlampen\/\">Ford Gl\u00fchbirnen \u00dcbersicht<\/a><\/p><\/blockquote>\n<p><iframe loading=\"lazy\" class=\"wp-embedded-content\" sandbox=\"allow-scripts\" security=\"restricted\" style=\"position: absolute; clip: rect(1px, 1px, 1px, 1px);\" title=\"&quot;Ford Lampen \u00dcbersicht&quot; - Autobook alles f\u00fcr und \u00fcber Autos\" src=\"https:\/\/autobaak.nl\/ford-lampen-overzicht\/embed\/#?secret=4incnpUy1J#?secret=twBl1GankY\" data-secret=\"twBl1GankY\" width=\"600\" height=\"338\" frameborder=\"0\" marginwidth=\"0\" marginheight=\"0\" scrolling=\"no\"><\/iframe><\/p>\n<p>&nbsp;<\/p>\n<p>[\/et_pb_text][\/et_pb_column][\/et_pb_row][\/et_pb_section][et_pb_section fb_built=\"1\u2033 _builder_version=\"4.16\u2033 custom_padding=\u201d1px|0px|52.7188px|0px\u201d global_colors_info=\u201d{}\u201d][et_pb_row column_structure=\u201d1_2,1_2\u2033 _builder_version=\u201d4.17.4\u2033 _module_preset=\"default\" global_colors_info=\"{}\"][et_pb_column type=\"1_2\u2033 _builder_version=\"4.17.4\u2033 _module_preset=\"default\" global_colors_info=\"{}\"][et_pb_text _builder_version=\"4.19.2\u2033 _module_preset=\"default\" global_colors_info=\"{}\"]<\/p>\n<h3>Welches Motor\u00f6l Ford<\/h3>\n<p>Der rechtzeitige Wechsel des Motor\u00f6ls ist entscheidend f\u00fcr den Zustand Ihres Motors. Dar\u00fcber hinaus ist es wichtig zu wissen, welches Motor\u00f6l Sie ben\u00f6tigen. Im Serviceheft ist in der Regel immer das passende Motor\u00f6l angegeben. Sie m\u00f6chten wissen, welches Motor\u00f6l Sie in Ihren Ford einf\u00fcllen sollen? Dann nutzen Sie die praktische Suchfunktion von Kroon oil:<\/p>\n<p>[\/et_pb_text][\/et_pb_column][et_pb_column type=\"1_2\u2033 _builder_version=\"4.17.4\u2033 _module_preset=\"default\" global_colors_info=\"{}\"][et_pb_text _builder_version=\"4.18.0\u2033 _module_preset=\"default\" global_colors_info=\"{}\"]<\/p>\n<p><script type=\"text\/javascript\" src=\"\/\/kroon-oil.com\/adviesbanners\/v3\/bnr-js.php?lang=nl&amp;type=reg&amp;theme=light\"><\/script><\/p>\n<p>[\/et_pb_text][\/et_pb_column][\/et_pb_row][\/et_pb_section].<\/p>","protected":false},"excerpt":{"rendered":"<p>Die Urspr\u00fcnge von Ford Die Ford Motor Company ist ein amerikanischer multinationaler Automobilhersteller mit Hauptsitz in Dearborn, Michigan, einem Vorort von Detroit. Die Marke wurde 1903 von Henry Ford gegr\u00fcndet. Das Unternehmen vertreibt Pkw und Nutzfahrzeuge unter der Marke Ford und die meisten Luxusfahrzeuge unter der Marke Lincoln. Ford f\u00fchrte ein v\u00f6llig neues [...]<\/p>","protected":false},"author":1,"featured_media":0,"parent":0,"menu_order":0,"comment_status":"closed","ping_status":"closed","template":"","meta":{"_et_pb_use_builder":"on","_et_pb_old_content":"","_et_gb_content_width":"","footnotes":""},"class_list":["post-856","page","type-page","status-publish","hentry"],"yoast_head":"<!-- This site is optimized with the Yoast SEO plugin v27.3 - https:\/\/yoast.com\/product\/yoast-seo-wordpress\/ -->\n<title>Ford home Informatie over onderhoud van dit Amerikaanse merk<\/title>\n<meta name=\"description\" content=\"Onderhoudstips voor de Ford modellen, zoals intervallen van de distributieriem, lampen maten, bandenspanning en maten en gewicheten\" \/>\n<meta name=\"robots\" content=\"index, follow, max-snippet:-1, max-image-preview:large, max-video-preview:-1\" \/>\n<link rel=\"canonical\" href=\"https:\/\/autobaak.nl\/de\/furt-nach-hause\/\" \/>\n<meta property=\"og:locale\" content=\"de_DE\" \/>\n<meta property=\"og:type\" content=\"article\" \/>\n<meta property=\"og:title\" content=\"Ford home Informatie over onderhoud van dit Amerikaanse merk\" \/>\n<meta property=\"og:description\" content=\"Onderhoudstips voor de Ford modellen, zoals intervallen van de distributieriem, lampen maten, bandenspanning en maten en gewicheten\" \/>\n<meta property=\"og:url\" content=\"https:\/\/autobaak.nl\/de\/furt-nach-hause\/\" \/>\n<meta property=\"og:site_name\" content=\"Autobaak.nl\" \/>\n<meta property=\"article:modified_time\" content=\"2023-02-08T13:06:32+00:00\" \/>\n<meta name=\"twitter:card\" content=\"summary_large_image\" \/>\n<meta name=\"twitter:label1\" content=\"Gesch\u00e4tzte Lesezeit\" \/>\n\t<meta name=\"twitter:data1\" content=\"3\u00a0Minuten\" \/>\n<script type=\"application\/ld+json\" class=\"yoast-schema-graph\">{\"@context\":\"https:\\\/\\\/schema.org\",\"@graph\":[{\"@type\":\"WebPage\",\"@id\":\"https:\\\/\\\/autobaak.nl\\\/ford-home\\\/\",\"url\":\"https:\\\/\\\/autobaak.nl\\\/ford-home\\\/\",\"name\":\"Ford home Informatie over onderhoud van dit Amerikaanse merk\",\"isPartOf\":{\"@id\":\"https:\\\/\\\/autobaak.nl\\\/#website\"},\"datePublished\":\"2018-11-01T12:15:07+00:00\",\"dateModified\":\"2023-02-08T13:06:32+00:00\",\"description\":\"Onderhoudstips voor de Ford modellen, zoals intervallen van de distributieriem, lampen maten, bandenspanning en maten en gewicheten\",\"breadcrumb\":{\"@id\":\"https:\\\/\\\/autobaak.nl\\\/ford-home\\\/#breadcrumb\"},\"inLanguage\":\"de\",\"potentialAction\":[{\"@type\":\"ReadAction\",\"target\":[\"https:\\\/\\\/autobaak.nl\\\/ford-home\\\/\"]}]},{\"@type\":\"BreadcrumbList\",\"@id\":\"https:\\\/\\\/autobaak.nl\\\/ford-home\\\/#breadcrumb\",\"itemListElement\":[{\"@type\":\"ListItem\",\"position\":1,\"name\":\"Home\",\"item\":\"https:\\\/\\\/autobaak.nl\\\/\"},{\"@type\":\"ListItem\",\"position\":2,\"name\":\"Ford home\"}]},{\"@type\":\"WebSite\",\"@id\":\"https:\\\/\\\/autobaak.nl\\\/#website\",\"url\":\"https:\\\/\\\/autobaak.nl\\\/\",\"name\":\"Autobaak.nl\",\"description\":\"Cars &amp; Racing\",\"potentialAction\":[{\"@type\":\"SearchAction\",\"target\":{\"@type\":\"EntryPoint\",\"urlTemplate\":\"https:\\\/\\\/autobaak.nl\\\/?s={search_term_string}\"},\"query-input\":{\"@type\":\"PropertyValueSpecification\",\"valueRequired\":true,\"valueName\":\"search_term_string\"}}],\"inLanguage\":\"de\"}]}<\/script>\n<!-- \/ Yoast SEO plugin. -->","yoast_head_json":{"title":"Ford home Informationen \u00fcber den Service dieser amerikanischen Marke","description":"Wartungstipps f\u00fcr Ford-Modelle, z. B. Zahnriemenintervalle, Lampengr\u00f6\u00dfen, Reifendruck, -gr\u00f6\u00dfen und -gewichte","robots":{"index":"index","follow":"follow","max-snippet":"max-snippet:-1","max-image-preview":"max-image-preview:large","max-video-preview":"max-video-preview:-1"},"canonical":"https:\/\/autobaak.nl\/de\/furt-nach-hause\/","og_locale":"de_DE","og_type":"article","og_title":"Ford home Informatie over onderhoud van dit Amerikaanse merk","og_description":"Onderhoudstips voor de Ford modellen, zoals intervallen van de distributieriem, lampen maten, bandenspanning en maten en gewicheten","og_url":"https:\/\/autobaak.nl\/de\/furt-nach-hause\/","og_site_name":"Autobaak.nl","article_modified_time":"2023-02-08T13:06:32+00:00","twitter_card":"summary_large_image","twitter_misc":{"Gesch\u00e4tzte Lesezeit":"3\u00a0Minuten"},"schema":{"@context":"https:\/\/schema.org","@graph":[{"@type":"WebPage","@id":"https:\/\/autobaak.nl\/ford-home\/","url":"https:\/\/autobaak.nl\/ford-home\/","name":"Ford home Informationen \u00fcber den Service dieser amerikanischen Marke","isPartOf":{"@id":"https:\/\/autobaak.nl\/#website"},"datePublished":"2018-11-01T12:15:07+00:00","dateModified":"2023-02-08T13:06:32+00:00","description":"Wartungstipps f\u00fcr Ford-Modelle, z. B. Zahnriemenintervalle, Lampengr\u00f6\u00dfen, Reifendruck, -gr\u00f6\u00dfen und -gewichte","breadcrumb":{"@id":"https:\/\/autobaak.nl\/ford-home\/#breadcrumb"},"inLanguage":"de","potentialAction":[{"@type":"ReadAction","target":["https:\/\/autobaak.nl\/ford-home\/"]}]},{"@type":"BreadcrumbList","@id":"https:\/\/autobaak.nl\/ford-home\/#breadcrumb","itemListElement":[{"@type":"ListItem","position":1,"name":"Home","item":"https:\/\/autobaak.nl\/"},{"@type":"ListItem","position":2,"name":"Ford home"}]},{"@type":"WebSite","@id":"https:\/\/autobaak.nl\/#website","url":"https:\/\/autobaak.nl\/","name":"Autobook.de","description":"Autos &amp; Rennsport","potentialAction":[{"@type":"SearchAction","target":{"@type":"EntryPoint","urlTemplate":"https:\/\/autobaak.nl\/?s={search_term_string}"},"query-input":{"@type":"PropertyValueSpecification","valueRequired":true,"valueName":"search_term_string"}}],"inLanguage":"de"}]}},"_links":{"self":[{"href":"https:\/\/autobaak.nl\/de\/wp-json\/wp\/v2\/pages\/856","targetHints":{"allow":["GET"]}}],"collection":[{"href":"https:\/\/autobaak.nl\/de\/wp-json\/wp\/v2\/pages"}],"about":[{"href":"https:\/\/autobaak.nl\/de\/wp-json\/wp\/v2\/types\/page"}],"author":[{"embeddable":true,"href":"https:\/\/autobaak.nl\/de\/wp-json\/wp\/v2\/users\/1"}],"replies":[{"embeddable":true,"href":"https:\/\/autobaak.nl\/de\/wp-json\/wp\/v2\/comments?post=856"}],"version-history":[{"count":0,"href":"https:\/\/autobaak.nl\/de\/wp-json\/wp\/v2\/pages\/856\/revisions"}],"wp:attachment":[{"href":"https:\/\/autobaak.nl\/de\/wp-json\/wp\/v2\/media?parent=856"}],"curies":[{"name":"wp","href":"https:\/\/api.w.org\/{rel}","templated":true}]}}