{"id":863,"date":"2018-11-01T16:45:04","date_gmt":"2018-11-01T16:45:04","guid":{"rendered":"https:\/\/autobaak.nl\/?page_id=863"},"modified":"2023-06-05T11:48:13","modified_gmt":"2023-06-05T09:48:13","slug":"mazda-home","status":"publish","type":"page","link":"https:\/\/autobaak.nl\/de\/mazda-home\/","title":{"rendered":"Mazda Startseite"},"content":{"rendered":"<p>[et_pb_section fb_built=\"1\u2033 inner_shadow=\"on\" fullwidth=\"on\" _builder_version=\"4.18.0\u2033 background_image=\"https:\/\/autobaak.nl\/wp-content\/uploads\/2022\/08\/pexels-jesse-zheng-1213295.jpg\" global_colors_info=\"{}\"][et_pb_fullwidth_header title=\"Skoda Home\" subhead=\"N\u00fctzliche Informationen \u00fcber Skoda\" text_orientation=\"centre\" _builder_version=\"4.18.0\u2033 content_font_size=\"15px\" background_color=\"rgba(255, 255, 255, 0)\" background_image=\"https:\/\/autobaak.nl\/wp-content\/uploads\/2022\/09\/skoda.jpg\" text_shadow_style=\"preset5\u2033 text_shadow_color=\"rgba(0,0,0,0.52)\" global_colors_info=\"{}\" button_one_text_size__hover_enabled=\"off\" button_one_text_size__hover=\"null\" button_two_text_size__hover_enabled=\"off\" button_two_text_size__hover=\"null\" button_one_text_color__hover_enabled=\"off\" button_one_text_color__hover=\"null\" button_two_text_color__hover_enabled=\"off\" button_two_text_color__hover=\"null\" button_one_border_width__hover_enabled=\"off\" button_one_border_width__hover=\"null\" button_two_border_width__hover_enabled=\"off\" button_two_border_width__hover=\"null\" button_one_border_color__hover_enabled=\"off\" button_one_border_color__hover=\"null\" button_two_border_color__hover_enabled=\"off\" button_two_border_color__hover=\"null\" button_one_border_radius__hover_enabled=\"off\" button_one_border_radius__hover=\"null\" button_two_border_radius__hover_enabled=\"off\" button_two_border_radius__hover=\"null\" button_one_letter_spacing__hover_enabled=\"off\" button_one_letter_spacing__hover=\"null\" button_two_letter_spacing__hover_enabled=\"off\" button_two_letter_spacing__hover=\"null\" button_one_bg_color__hover_enabled=\"off\" button_one_bg_color__hover=\"null\" button_two_bg_color__hover_enabled=\"off\" button_two_bg_color__hover=\"null\"][\/et_pb_fullwidth_header][\/et_pb_section][et_pb_section fb_built=\"1\u2033 _builder_version=\"4.16\u2033 custom_padding=\"2px|0px|3px|0px\" global_colors_info=\"{}\"][et_pb_row _builder_version=\"4.16\u2033 background_size=\"initial\" background_position=\"top_left\" background_repeat=\"repeat\" custom_padding=\"26.3594px|0px|2px|0px\" global_colors_info=\"{}\"][et_pb_column type=\"4_4\u2033 _builder_version=\"4.16\u2033 custom_padding=\"|||\" global_colors_info=\"{}\" custom_padding__hover=\"|||\"][et_pb_text _builder_version=\"4.16\u2033 global_colors_info=\"{}\"]<\/p>\n<h2>Die Geburt von Mazda<\/h2>\n<p>Mazda wurde am 30. Januar 1920 als Toyo Cork Kogyo Co. in Hiroshima, Japan, gegr\u00fcndet. Toyo Cork Kogyo benannte sich 1927 in Toyo Kogyo Co. um. In den sp\u00e4ten 1920er Jahren musste das Unternehmen von der Hiroshima Savings Bank und anderen Wirtschaftsf\u00fchrern in Hiroshima vor dem Konkurs gerettet werden.<\/p>\n<p>1931 \u00e4nderte Toyo Kogyo seine Produktion und stellte mit der Einf\u00fchrung der Mazda-Go Auto-Rikscha von der Herstellung von Werkzeugmaschinen auf die Produktion von Autos um. Toyo Kogyo produzierte w\u00e4hrend des Zweiten Weltkriegs Waffen f\u00fcr die japanische Armee, insbesondere das Gewehr Typ 99 der Serien 30 bis 35. Das Unternehmen nahm 1984 offiziell den Namen Mazda an, obwohl alle von Anfang an verkauften Fahrzeuge diesen Namen trugen. Der Mazda R360 wurde 1960 eingef\u00fchrt, gefolgt vom Mazda Carol im Jahr 1962.<br \/>\n[\/et_pb_text][et_pb_text _builder_version=\"4.19.0\u2033 background_color=\"rgba(12,113,195,0.18)\" custom_margin=\"0px|||\" custom_padding=\"10px|20px|10px|20px\" global_colors_info=\"{}\"]<\/p>\n<h2 style=\"text-align: center;\">Mazda-Datenbank<\/h2>\n<p style=\"text-align: center;\">Die folgenden \u00dcbersichten enthalten viele n\u00fctzliche Serviceintervalle und Tipps zu den neuesten Mazda Modellen. Die Intervalle und Richtlinien sind nur ein Anhaltspunkt, es kann Umst\u00e4nde geben, unter denen eine Werkstatt einen anderen Rat gibt.<\/p>\n<p>[\/et_pb_text][et_pb_text _builder_version=\"4.21.0\u2033 hover_enabled=\"0\u2033 global_colors_info=\"{}\" sticky_enabled=\"0\u2033]<\/p>\n<h2>Wann ist ein Mazda Zahnriemen zu wechseln?<\/h2>\n<p>Der Zahnriemen oder die Kette ist f\u00fcr (fast) jeden Verbrennungsmotor unverzichtbar, denn ohne sie kann es keine Verbrennung geben. Denn der Zahnriemen sorgt daf\u00fcr, dass die Nockenwelle, die Kurbelwelle und die Ventile durch diesen Riemen oder diese Kette angetrieben werden.  Einige Mazda-Modelle haben einen Zahnriemen, der regelm\u00e4\u00dfig ausgetauscht werden muss. Nachfolgend pro Modell die Intervalle, die uns bekannt sind:<\/p>\n<ul>\n<li><a href=\"https:\/\/autobaak.nl\/de\/mazda-121\/\">Mazda 121<\/a><\/li>\n<li><a href=\"https:\/\/autobaak.nl\/de\/mazda-323\/\">Mazda 323<\/a><\/li>\n<li><a href=\"https:\/\/autobaak.nl\/de\/mazda-323-f\/\">Mazda 323 F<\/a><\/li>\n<li><a href=\"https:\/\/autobaak.nl\/de\/mazda-626\/\">Mazda 626<\/a><\/li>\n<li><a href=\"https:\/\/autobaak.nl\/de\/mazda-2\/\">Mazda 2<\/a><\/li>\n<li><a href=\"https:\/\/autobaak.nl\/de\/mazda-3\/\">Mazda 3<\/a><\/li>\n<li><a href=\"https:\/\/autobaak.nl\/de\/mazda-5\/\">Mazda 5<\/a><\/li>\n<li><a href=\"https:\/\/autobaak.nl\/de\/mazda-6\/\">Mazda 6<\/a><\/li>\n<li><a href=\"https:\/\/autobaak.nl\/de\/mazda-demio\/\">Mazda Demio<\/a><\/li>\n<li><a href=\"https:\/\/autobaak.nl\/de\/mazda-premacy\/\">Mazda-Vorg\u00e4nger<\/a><\/li>\n<li><a href=\"https:\/\/autobaak.nl\/de\/mazda-cx-5\/\">Mazda CX 5<\/a><\/li>\n<li><a href=\"https:\/\/autobaak.nl\/de\/mazda-cx-7\/\">Mazda CX7<\/a><\/li>\n<li><a href=\"https:\/\/autobaak.nl\/de\/mazda-mx-5\/\">Mazda MX 5<\/a><\/li>\n<\/ul>\n<h3>Reifendruck Mazda<\/h3>\n<p>Der Reifendruck Ihres Mazda sollte monatlich \u00fcberpr\u00fcft werden, damit Sie eine optimale Leistung genie\u00dfen k\u00f6nnen. Au\u00dferdem kann ein falscher Reifendruck zu einem hohen Kraftstoffverbrauch f\u00fchren und die Reifen k\u00f6nnen schneller oder unregelm\u00e4\u00dfig verschlei\u00dfen. Auf den folgenden Seiten finden Sie eine \u00dcbersicht der Reifendr\u00fccke f\u00fcr Ihren Mazda:<\/p>\n<ul>\n<li><a href=\"https:\/\/autobaak.nl\/de\/reifendruck-mazda-2\/\">Mazda 2<\/a><\/li>\n<li><a href=\"https:\/\/autobaak.nl\/de\/reifendruck-mazda-3\/\">Mazda 3<\/a><\/li>\n<li><a href=\"https:\/\/autobaak.nl\/de\/reifendruck-mazda-5\/\">Mazda 5<\/a><\/li>\n<li><a href=\"https:\/\/autobaak.nl\/de\/reifendruck-mazda-6\/\">Mazda 6<\/a><\/li>\n<li><a href=\"https:\/\/autobaak.nl\/de\/reifendruck-mazda-b2500\/\">Mazda B2500<\/a><\/li>\n<li><a href=\"https:\/\/autobaak.nl\/de\/reifendruck-mazda-cx-5\/\">Mazda CX5<\/a><\/li>\n<li><a href=\"https:\/\/autobaak.nl\/de\/reifendruck-mazda-cx7\/\">Mazda CX7<\/a><\/li>\n<li><a href=\"https:\/\/autobaak.nl\/de\/reifendruck-mazda-mpv\/\">Mazda MVP<\/a><\/li>\n<li><a href=\"https:\/\/autobaak.nl\/de\/reifendruck-mazda-mx-5\/\">Mazda MX5<\/a><\/li>\n<li><a href=\"https:\/\/autobaak.nl\/de\/reifendruck-mazda-premacy\/\">Mazda-Vorg\u00e4nger<\/a><\/li>\n<\/ul>\n<h3>Lampen f\u00fcr Mazda<\/h3>\n<p>Sie m\u00f6chten die Gl\u00fchbirnen in Ihrem Mazda ersetzen, wissen aber nicht, welche Art von Autogl\u00fchbirne Sie ben\u00f6tigen? Zu diesem <a href=\"https:\/\/autobaak.nl\/de\/mazda-lampen-ubersicht\/\">Autogl\u00fchbirnen Mazd<\/a>einer Seite haben wir eine Liste mit allen Lampen zusammengestellt.<\/p>\n<blockquote class=\"wp-embedded-content\" data-secret=\"KAgHEFdXSq\"><p><a href=\"https:\/\/autobaak.nl\/de\/mazda-lampen-ubersicht\/\">Mazda Gl\u00fchbirnen \u00dcbersicht<\/a><\/p><\/blockquote>\n<p><iframe loading=\"lazy\" class=\"wp-embedded-content\" sandbox=\"allow-scripts\" security=\"restricted\" style=\"position: absolute; clip: rect(1px, 1px, 1px, 1px);\" title=\"&quot;Mazda Lampen \u00dcbersicht&quot; - Autobaak.de\" src=\"https:\/\/autobaak.nl\/mazda-lampen-overzicht\/embed\/#?secret=1ARQ26KAkm#?secret=KAgHEFdXSq\" data-secret=\"KAgHEFdXSq\" width=\"600\" height=\"338\" frameborder=\"0\" marginwidth=\"0\" marginheight=\"0\" scrolling=\"no\"><\/iframe><\/p>\n<p>&nbsp;<\/p>\n<p>[\/et_pb_text][\/et_pb_column][\/et_pb_row][\/et_pb_section][et_pb_section fb_built=\"1\u2033 _builder_version=\"4.16\u2033 custom_padding=\u201d1px|0px|52.7188px|0px\u201d global_colors_info=\u201d{}\u201d][et_pb_row column_structure=\u201d1_2,1_2\u2033 _builder_version=\u201d4.17.4\u2033 _module_preset=\"default\" global_colors_info=\"{}\"][et_pb_column type=\"1_2\u2033 _builder_version=\"4.17.4\u2033 _module_preset=\"default\" global_colors_info=\"{}\"][et_pb_text _builder_version=\"4.21.0\u2033 _module_preset=\"default\" hover_enabled=\"0\u2033 global_colors_info=\"{}\" sticky_enabled=\"0\u2033]<\/p>\n<h3>Welches Motor\u00f6l Mazda<\/h3>\n<p>Der rechtzeitige Wechsel des Motor\u00f6ls ist entscheidend f\u00fcr den Zustand Ihres Motors. Dar\u00fcber hinaus ist es wichtig zu wissen, welches Motor\u00f6l Sie ben\u00f6tigen. Im Serviceheft ist in der Regel immer das passende Motor\u00f6l aufgef\u00fchrt. M\u00f6chten Sie wissen, welches Motor\u00f6l Ihr Mazda ben\u00f6tigt? Dann klicken Sie auf das entsprechende Modell, um eine \u00dcbersichtsliste zu erhalten:<\/p>\n<p>[\/et_pb_text][\/et_pb_column][et_pb_column type=\"1_2\u2033 _builder_version=\"4.17.4\u2033 _module_preset=\"default\" global_colors_info=\"{}\"][et_pb_text _builder_version=\"4.21.0\u2033 _module_preset=\"default\" hover_enabled=\"0\u2033 global_colors_info=\"{}\" sticky_enabled=\"0\u2033]<\/p>\n<ul>\n<li><a href=\"https:\/\/autobaak.nl\/de\/welches-motorol-mazda-2-de\/\">Motor\u00f6l Mazda 2 DE<\/a><\/li>\n<li><a href=\"https:\/\/autobaak.nl\/de\/welches-motorol-mazda-2-dj-dl\/\">Motor\u00f6l Mazda 2 DJ\/DL<\/a><\/li>\n<li><a href=\"https:\/\/autobaak.nl\/de\/welches-motorol-mazda-3-bk\/\">Mazda 3 BK Motor\u00f6l<\/a><\/li>\n<li><a href=\"https:\/\/autobaak.nl\/de\/welches-motorol-mazda-3-bl\/\">Motor\u00f6l Mazda 3 BL<\/a><\/li>\n<li><a href=\"https:\/\/autobaak.nl\/de\/welches-motorol-mazda-6-gg-gy\/\">Motor\u00f6l Mazda 6 GG\/GY<\/a><\/li>\n<li><a href=\"https:\/\/autobaak.nl\/de\/welches-motorol-mazda-gh-gz\/\">Motor\u00f6l Mazda GH\/GZ<\/a><\/li>\n<li><a href=\"https:\/\/autobaak.nl\/de\/welches-motorol-mazda-cx5-ke\/\">Motor\u00f6l Mazda CX5 (KE)<\/a><\/li>\n<li><a href=\"https:\/\/autobaak.nl\/de\/welches-motorol-mazda-cx-5-kf\/\">Motor\u00f6l Mazda CX5 (KF)<\/a><\/li>\n<li><a href=\"https:\/\/autobaak.nl\/de\/welches-motorol-mazda-cx3-dk\/\">Motor\u00f6l Mazda CX3 (DK)<\/a><\/li>\n<li><a href=\"https:\/\/autobaak.nl\/de\/welches-motorol-mazda-cx-30-dm\/\">Motor\u00f6l Mazda CX-30 (DM)<\/a><\/li>\n<li><a href=\"https:\/\/autobaak.nl\/de\/welches-motorol-mazda-cx7-er\/\">Motor\u00f6l Mazda CX7 (ER)<\/a><\/li>\n<li><a href=\"https:\/\/autobaak.nl\/de\/welches-motorol-mazda-mx-5-miata-nc\/\">Motor\u00f6l Mazda MX-5 Miata (NC)<\/a><\/li>\n<li><a href=\"https:\/\/autobaak.nl\/de\/welches-motorol-mazda-mx-5-miata-nd\/\">Motor\u00f6l Mazda MX5 Miata (ND)<\/a><\/li>\n<\/ul>\n<p>[\/et_pb_text][\/et_pb_column][\/et_pb_row][\/et_pb_section].<\/p>","protected":false},"excerpt":{"rendered":"<p>Die Urspr\u00fcnge von Mazda Mazda begannen als Toyo Cork Kogyo Co., Ltd, gegr\u00fcndet am 30. Januar 1920 in Hiroshima, Japan. Toyo Cork Kogyo benannte sich 1927 in Toyo Kogyo Co., Ltd. um. In den sp\u00e4ten 1920er Jahren musste das Unternehmen von der Hiroshima Savings Bank und anderen Wirtschaftsf\u00fchrern in Hiroshima vor dem Konkurs gerettet werden. [...]<\/p>","protected":false},"author":1,"featured_media":865,"parent":0,"menu_order":0,"comment_status":"closed","ping_status":"closed","template":"","meta":{"_et_pb_use_builder":"on","_et_pb_old_content":"","_et_gb_content_width":"","footnotes":""},"class_list":["post-863","page","type-page","status-publish","has-post-thumbnail","hentry"],"yoast_head":"<!-- This site is optimized with the Yoast SEO plugin v27.3 - https:\/\/yoast.com\/product\/yoast-seo-wordpress\/ -->\n<title>Mazda home - Informatie over het onderhoud van jouw Mazda<\/title>\n<meta name=\"description\" content=\"Onderhoudstips voor jouw Mazda. O.a. de distributieriem interval, oude modellen 323, 626, maar ook meer recente modellen CX5 etc.\" \/>\n<meta name=\"robots\" content=\"index, follow, max-snippet:-1, max-image-preview:large, max-video-preview:-1\" \/>\n<link rel=\"canonical\" href=\"https:\/\/autobaak.nl\/de\/mazda-home\/\" \/>\n<meta property=\"og:locale\" content=\"de_DE\" \/>\n<meta property=\"og:type\" content=\"article\" \/>\n<meta property=\"og:title\" content=\"Mazda home - Informatie over het onderhoud van jouw Mazda\" \/>\n<meta property=\"og:description\" content=\"Onderhoudstips voor jouw Mazda. O.a. de distributieriem interval, oude modellen 323, 626, maar ook meer recente modellen CX5 etc.\" \/>\n<meta property=\"og:url\" content=\"https:\/\/autobaak.nl\/de\/mazda-home\/\" \/>\n<meta property=\"og:site_name\" content=\"Autobaak.nl\" \/>\n<meta property=\"article:modified_time\" content=\"2023-06-05T09:48:13+00:00\" \/>\n<meta property=\"og:image\" content=\"https:\/\/autobaak.nl\/wp-content\/uploads\/2018\/11\/mazda-home-info-over-onderhoud-min.jpg\" \/>\n\t<meta property=\"og:image:width\" content=\"1024\" \/>\n\t<meta property=\"og:image:height\" content=\"683\" \/>\n\t<meta property=\"og:image:type\" content=\"image\/jpeg\" \/>\n<meta name=\"twitter:card\" content=\"summary_large_image\" \/>\n<meta name=\"twitter:label1\" content=\"Gesch\u00e4tzte Lesezeit\" \/>\n\t<meta name=\"twitter:data1\" content=\"3\u00a0Minuten\" \/>\n<script type=\"application\/ld+json\" class=\"yoast-schema-graph\">{\"@context\":\"https:\\\/\\\/schema.org\",\"@graph\":[{\"@type\":\"WebPage\",\"@id\":\"https:\\\/\\\/autobaak.nl\\\/mazda-home\\\/\",\"url\":\"https:\\\/\\\/autobaak.nl\\\/mazda-home\\\/\",\"name\":\"Mazda home - Informatie over het onderhoud van jouw Mazda\",\"isPartOf\":{\"@id\":\"https:\\\/\\\/autobaak.nl\\\/#website\"},\"primaryImageOfPage\":{\"@id\":\"https:\\\/\\\/autobaak.nl\\\/mazda-home\\\/#primaryimage\"},\"image\":{\"@id\":\"https:\\\/\\\/autobaak.nl\\\/mazda-home\\\/#primaryimage\"},\"thumbnailUrl\":\"https:\\\/\\\/autobaak.nl\\\/wp-content\\\/uploads\\\/2018\\\/11\\\/mazda-home-info-over-onderhoud-min.jpg\",\"datePublished\":\"2018-11-01T16:45:04+00:00\",\"dateModified\":\"2023-06-05T09:48:13+00:00\",\"description\":\"Onderhoudstips voor jouw Mazda. O.a. de distributieriem interval, oude modellen 323, 626, maar ook meer recente modellen CX5 etc.\",\"breadcrumb\":{\"@id\":\"https:\\\/\\\/autobaak.nl\\\/mazda-home\\\/#breadcrumb\"},\"inLanguage\":\"de\",\"potentialAction\":[{\"@type\":\"ReadAction\",\"target\":[\"https:\\\/\\\/autobaak.nl\\\/mazda-home\\\/\"]}]},{\"@type\":\"ImageObject\",\"inLanguage\":\"de\",\"@id\":\"https:\\\/\\\/autobaak.nl\\\/mazda-home\\\/#primaryimage\",\"url\":\"https:\\\/\\\/autobaak.nl\\\/wp-content\\\/uploads\\\/2018\\\/11\\\/mazda-home-info-over-onderhoud-min.jpg\",\"contentUrl\":\"https:\\\/\\\/autobaak.nl\\\/wp-content\\\/uploads\\\/2018\\\/11\\\/mazda-home-info-over-onderhoud-min.jpg\",\"width\":1024,\"height\":683,\"caption\":\"mazda home info over onderhoud-min\"},{\"@type\":\"BreadcrumbList\",\"@id\":\"https:\\\/\\\/autobaak.nl\\\/mazda-home\\\/#breadcrumb\",\"itemListElement\":[{\"@type\":\"ListItem\",\"position\":1,\"name\":\"Home\",\"item\":\"https:\\\/\\\/autobaak.nl\\\/\"},{\"@type\":\"ListItem\",\"position\":2,\"name\":\"Mazda home\"}]},{\"@type\":\"WebSite\",\"@id\":\"https:\\\/\\\/autobaak.nl\\\/#website\",\"url\":\"https:\\\/\\\/autobaak.nl\\\/\",\"name\":\"Autobaak.nl\",\"description\":\"Cars &amp; Racing\",\"potentialAction\":[{\"@type\":\"SearchAction\",\"target\":{\"@type\":\"EntryPoint\",\"urlTemplate\":\"https:\\\/\\\/autobaak.nl\\\/?s={search_term_string}\"},\"query-input\":{\"@type\":\"PropertyValueSpecification\",\"valueRequired\":true,\"valueName\":\"search_term_string\"}}],\"inLanguage\":\"de\"}]}<\/script>\n<!-- \/ Yoast SEO plugin. -->","yoast_head_json":{"title":"Mazda home - Informationen zum Service f\u00fcr Ihren Mazda","description":"Wartungstipps f\u00fcr Ihren Mazda. Einschlie\u00dflich des Zahnriemenintervalls, alte Modelle 323, 626, aber auch neuere Modelle CX5 usw.","robots":{"index":"index","follow":"follow","max-snippet":"max-snippet:-1","max-image-preview":"max-image-preview:large","max-video-preview":"max-video-preview:-1"},"canonical":"https:\/\/autobaak.nl\/de\/mazda-home\/","og_locale":"de_DE","og_type":"article","og_title":"Mazda home - Informatie over het onderhoud van jouw Mazda","og_description":"Onderhoudstips voor jouw Mazda. O.a. de distributieriem interval, oude modellen 323, 626, maar ook meer recente modellen CX5 etc.","og_url":"https:\/\/autobaak.nl\/de\/mazda-home\/","og_site_name":"Autobaak.nl","article_modified_time":"2023-06-05T09:48:13+00:00","og_image":[{"width":1024,"height":683,"url":"https:\/\/autobaak.nl\/wp-content\/uploads\/2018\/11\/mazda-home-info-over-onderhoud-min.jpg","type":"image\/jpeg"}],"twitter_card":"summary_large_image","twitter_misc":{"Gesch\u00e4tzte Lesezeit":"3\u00a0Minuten"},"schema":{"@context":"https:\/\/schema.org","@graph":[{"@type":"WebPage","@id":"https:\/\/autobaak.nl\/mazda-home\/","url":"https:\/\/autobaak.nl\/mazda-home\/","name":"Mazda home - Informationen zum Service f\u00fcr Ihren Mazda","isPartOf":{"@id":"https:\/\/autobaak.nl\/#website"},"primaryImageOfPage":{"@id":"https:\/\/autobaak.nl\/mazda-home\/#primaryimage"},"image":{"@id":"https:\/\/autobaak.nl\/mazda-home\/#primaryimage"},"thumbnailUrl":"https:\/\/autobaak.nl\/wp-content\/uploads\/2018\/11\/mazda-home-info-over-onderhoud-min.jpg","datePublished":"2018-11-01T16:45:04+00:00","dateModified":"2023-06-05T09:48:13+00:00","description":"Wartungstipps f\u00fcr Ihren Mazda. Einschlie\u00dflich des Zahnriemenintervalls, alte Modelle 323, 626, aber auch neuere Modelle CX5 usw.","breadcrumb":{"@id":"https:\/\/autobaak.nl\/mazda-home\/#breadcrumb"},"inLanguage":"de","potentialAction":[{"@type":"ReadAction","target":["https:\/\/autobaak.nl\/mazda-home\/"]}]},{"@type":"ImageObject","inLanguage":"de","@id":"https:\/\/autobaak.nl\/mazda-home\/#primaryimage","url":"https:\/\/autobaak.nl\/wp-content\/uploads\/2018\/11\/mazda-home-info-over-onderhoud-min.jpg","contentUrl":"https:\/\/autobaak.nl\/wp-content\/uploads\/2018\/11\/mazda-home-info-over-onderhoud-min.jpg","width":1024,"height":683,"caption":"mazda home info over onderhoud-min"},{"@type":"BreadcrumbList","@id":"https:\/\/autobaak.nl\/mazda-home\/#breadcrumb","itemListElement":[{"@type":"ListItem","position":1,"name":"Home","item":"https:\/\/autobaak.nl\/"},{"@type":"ListItem","position":2,"name":"Mazda home"}]},{"@type":"WebSite","@id":"https:\/\/autobaak.nl\/#website","url":"https:\/\/autobaak.nl\/","name":"Autobook.de","description":"Autos &amp; Rennsport","potentialAction":[{"@type":"SearchAction","target":{"@type":"EntryPoint","urlTemplate":"https:\/\/autobaak.nl\/?s={search_term_string}"},"query-input":{"@type":"PropertyValueSpecification","valueRequired":true,"valueName":"search_term_string"}}],"inLanguage":"de"}]}},"_links":{"self":[{"href":"https:\/\/autobaak.nl\/de\/wp-json\/wp\/v2\/pages\/863","targetHints":{"allow":["GET"]}}],"collection":[{"href":"https:\/\/autobaak.nl\/de\/wp-json\/wp\/v2\/pages"}],"about":[{"href":"https:\/\/autobaak.nl\/de\/wp-json\/wp\/v2\/types\/page"}],"author":[{"embeddable":true,"href":"https:\/\/autobaak.nl\/de\/wp-json\/wp\/v2\/users\/1"}],"replies":[{"embeddable":true,"href":"https:\/\/autobaak.nl\/de\/wp-json\/wp\/v2\/comments?post=863"}],"version-history":[{"count":1,"href":"https:\/\/autobaak.nl\/de\/wp-json\/wp\/v2\/pages\/863\/revisions"}],"predecessor-version":[{"id":155871,"href":"https:\/\/autobaak.nl\/de\/wp-json\/wp\/v2\/pages\/863\/revisions\/155871"}],"wp:featuredmedia":[{"embeddable":true,"href":"https:\/\/autobaak.nl\/de\/wp-json\/wp\/v2\/media\/865"}],"wp:attachment":[{"href":"https:\/\/autobaak.nl\/de\/wp-json\/wp\/v2\/media?parent=863"}],"curies":[{"name":"wp","href":"https:\/\/api.w.org\/{rel}","templated":true}]}}