{"id":871,"date":"2018-11-02T17:47:38","date_gmt":"2018-11-02T17:47:38","guid":{"rendered":"https:\/\/autobaak.nl\/?page_id=871"},"modified":"2023-06-02T16:12:51","modified_gmt":"2023-06-02T14:12:51","slug":"peugeot-home","status":"publish","type":"page","link":"https:\/\/autobaak.nl\/de\/peugeot-home\/","title":{"rendered":"Peugeot nach Hause"},"content":{"rendered":"<p>[et_pb_section fb_built=\"1\u2033 inner_shadow=\"on\" fullwidth=\"on\" _builder_version=\"4.18.0\u2033 background_image=\"https:\/\/autobaak.nl\/wp-content\/uploads\/2022\/08\/pexels-jesse-zheng-1213295.jpg\" global_colors_info=\"{}\"][et_pb_fullwidth_header title=\"Skoda Home\" subhead=\"N\u00fctzliche Informationen \u00fcber Skoda\" text_orientation=\"centre\" _builder_version=\"4.18.0\u2033 content_font_size=\"15px\" background_color=\"rgba(255, 255, 255, 0)\" background_image=\"https:\/\/autobaak.nl\/wp-content\/uploads\/2022\/09\/skoda.jpg\" text_shadow_style=\"preset5\u2033 text_shadow_color=\"rgba(0,0,0,0.52)\" global_colors_info=\"{}\" button_one_text_size__hover_enabled=\"off\" button_one_text_size__hover=\"null\" button_two_text_size__hover_enabled=\"off\" button_two_text_size__hover=\"null\" button_one_text_color__hover_enabled=\"off\" button_one_text_color__hover=\"null\" button_two_text_color__hover_enabled=\"off\" button_two_text_color__hover=\"null\" button_one_border_width__hover_enabled=\"off\" button_one_border_width__hover=\"null\" button_two_border_width__hover_enabled=\"off\" button_two_border_width__hover=\"null\" button_one_border_color__hover_enabled=\"off\" button_one_border_color__hover=\"null\" button_two_border_color__hover_enabled=\"off\" button_two_border_color__hover=\"null\" button_one_border_radius__hover_enabled=\"off\" button_one_border_radius__hover=\"null\" button_two_border_radius__hover_enabled=\"off\" button_two_border_radius__hover=\"null\" button_one_letter_spacing__hover_enabled=\"off\" button_one_letter_spacing__hover=\"null\" button_two_letter_spacing__hover_enabled=\"off\" button_two_letter_spacing__hover=\"null\" button_one_bg_color__hover_enabled=\"off\" button_one_bg_color__hover=\"null\" button_two_bg_color__hover_enabled=\"off\" button_two_bg_color__hover=\"null\"][\/et_pb_fullwidth_header][\/et_pb_section][et_pb_section fb_built=\"1\u2033 _builder_version=\"4.16\u2033 custom_padding=\"2px|0px|3px|0px\" global_colors_info=\"{}\"][et_pb_row _builder_version=\"4.16\u2033 background_size=\"initial\" background_position=\"top_left\" background_repeat=\"repeat\" custom_padding=\"26.3594px|0px|2px|0px\" global_colors_info=\"{}\"][et_pb_column type=\"4_4\u2033 _builder_version=\"4.16\u2033 custom_padding=\"|||\" global_colors_info=\"{}\" custom_padding__hover=\"|||\"][et_pb_text _builder_version=\"4.16\u2033 global_colors_info=\"{}\"]<\/p>\n<h2>Die Geburt von Peugeot<\/h2>\n<p>Peugeot ist ein franz\u00f6sischer Automobilhersteller, der zur Groupe PSA geh\u00f6rt. Das Familienunternehmen, das der heutigen Firma Peugeot vorausging, wurde 1810 gegr\u00fcndet und stellte damals Kaffeem\u00fchlen und Fahrr\u00e4der her. Am 20. November 1858 meldete \u00c9mile Peugeot das Markenzeichen L\u00f6we an. Armand Peugeot baute das erste Auto des Unternehmens, ein unzuverl\u00e4ssiges Dampf-Dreirad. In Zusammenarbeit mit L\u00e9on Serpollet wurde 1890 ein Auto mit einem Verbrennungsmotor von Panhard-Daimler gebaut. Aufgrund von Unstimmigkeiten in der Familie gr\u00fcndete Armand Peugeot 1896 die Soci\u00e9t\u00e9 des Automobiles Peugeot.<\/p>\n<p>Das Unternehmen Peugeot und seine Familie stammen urspr\u00fcnglich aus Sochaux in Frankreich. Peugeot hat dort ein gro\u00dfes Werk und ein Peugeot-Museum. Im Februar 2014 stimmten die Aktion\u00e4re einem Rekapitalisierungsplan zu, in dessen Rahmen Dongfeng Motors und der franz\u00f6sische Staat jeweils 14% Anteile an dem Unternehmen erwarben.<\/p>\n<p>Peugeot ist seit \u00fcber einem Jahrhundert erfolgreich im Motorsport t\u00e4tig. Peugeot Sport hat f\u00fcnfmal die Rallye-Weltmeisterschaft gewonnen (1985, 1986, 2000, 2001, 2002), siebenmal die Rallye Dakar (1987, 1988, 1990, 2016, 2017, 2018), dreimal das 24-Stunden-Rennen von Le Mans (1992, 1993, 2009), zweimal die Langstrecken-Weltmeisterschaft (1992, 1993), zweimal den Intercontinental Le Mans Cup (2010, 2011), den Toyota und <a href=\"https:\/\/autobaak.nl\/de\/audi-home\/\">Audi<\/a> und wurde dreimal Meister in der Intercontinental Rally Challenge Championship. Letztes Jahr hat Peugeot Sport mit dem Peugeot 208 T16, gefahren von S\u00e9bastien Loeb, den Rekord f\u00fcr die Besteigung des Pikes Peak \u00fcberboten.<\/p>\n<p>[\/et_pb_text][et_pb_text _builder_version=\"4.16\u2033 background_color=\"rgba(12,113,195,0.18)\" custom_margin=\"0px|||\" custom_padding=\"10px|20px|10px|20px\" global_colors_info=\"{}\"]<\/p>\n<h2 style=\"text-align: center;\">Peugeot-Datenbank<\/h2>\n<p style=\"text-align: center;\">In den folgenden \u00dcbersichten finden Sie viele n\u00fctzliche Service-Intervalle und Tipps zu den neuesten Peugeot-Modellen. Die Intervalle und Richtlinien sind nur ein Anhaltspunkt, es kann Umst\u00e4nde geben, unter denen eine Werkstatt einen anderen Rat gibt.<\/p>\n<p>[\/et_pb_text][et_pb_text _builder_version=\"4.19.4\u2033 global_colors_info=\"{}\"]<\/p>\n<h2>Wann ist ein Peugeot-Zahnriemen zu wechseln?<\/h2>\n<p>Der Zahnriemen oder die Kette ist f\u00fcr (fast) jeden Verbrennungsmotor unverzichtbar, denn ohne sie kann es keine Verbrennung geben. Denn der Zahnriemen sorgt daf\u00fcr, dass die Nockenwelle, die Kurbelwelle und die Ventile durch diesen Riemen oder diese Kette angetrieben werden. Fast alle Peugeot-Fahrzeuge haben einen Zahnriemen, der in regelm\u00e4\u00dfigen Abst\u00e4nden gewechselt werden muss. Im Folgenden sind die uns bekannten Intervalle pro Modell aufgef\u00fchrt:<\/p>\n<ul>\n<li><a href=\"https:\/\/autobaak.nl\/de\/peugeot-106\/\">Peugeot 106<\/a><\/li>\n<li><a href=\"https:\/\/autobaak.nl\/de\/peugeot-206\/\">Peugeot 206<\/a><\/li>\n<li><a href=\"https:\/\/autobaak.nl\/de\/peugeot-306\/\">Peugeot 306<\/a><\/li>\n<li><a href=\"https:\/\/autobaak.nl\/de\/peugeot-406\/\">Peugeot 406<\/a><\/li>\n<li><a href=\"https:\/\/autobaak.nl\/de\/peugeot-207\/\">Peugeot 207<\/a><\/li>\n<li><a href=\"https:\/\/autobaak.nl\/de\/peugeot-307\/\">Peugeot 307<\/a><\/li>\n<li><a href=\"https:\/\/autobaak.nl\/de\/peugeot-407\/\">Peugeot 407<\/a><\/li>\n<li><a href=\"https:\/\/autobaak.nl\/de\/peugeot-607\/\">Peugeot 607<\/a><\/li>\n<li><a href=\"https:\/\/autobaak.nl\/de\/peugeot-508\/\">Peugeot 508<\/a><\/li>\n<li><a href=\"https:\/\/autobaak.nl\/de\/peugeot-5008\/\">Peugeot 5008<\/a><\/li>\n<\/ul>\n<h3>Reifendruck Peugeot<\/h3>\n<p>Der Reifendruck Ihres Peugeot sollte monatlich \u00fcberpr\u00fcft werden, damit Sie eine optimale Leistung genie\u00dfen k\u00f6nnen. Au\u00dferdem kann ein falscher Reifendruck zu einem hohen Kraftstoffverbrauch f\u00fchren und die Reifen k\u00f6nnen schneller oder unregelm\u00e4\u00dfig verschlei\u00dfen. Auf den folgenden Seiten finden Sie eine \u00dcbersicht der Reifendr\u00fccke f\u00fcr Ihren Peugeot:<\/p>\n<ul>\n<li><a href=\"https:\/\/autobaak.nl\/de\/peugeot-ion-reifendruck\/\">iOn<\/a><\/li>\n<li><a href=\"https:\/\/autobaak.nl\/de\/peugeot-expert-reifendruck\/\">Experte<\/a><\/li>\n<li><a href=\"https:\/\/autobaak.nl\/de\/peugeot-partner-reifendruck\/\">Partner<\/a><\/li>\n<li><a href=\"https:\/\/autobaak.nl\/de\/peugeot-807-reifendruck\/\">807<\/a><\/li>\n<li><a href=\"https:\/\/autobaak.nl\/de\/peugeot-607-reifendruck\/\">607<\/a><\/li>\n<li><a href=\"https:\/\/autobaak.nl\/de\/peugeot-508-reifendruck\/\">508<\/a><\/li>\n<li><a href=\"https:\/\/autobaak.nl\/de\/peugeot-5008-reifendruck\/\">5008<\/a><\/li>\n<li><a href=\"https:\/\/autobaak.nl\/de\/peugeot-407-reifendruck\/\">407<\/a><\/li>\n<li><a href=\"https:\/\/autobaak.nl\/de\/peugeot-406-reifendruck\/\">406<\/a><\/li>\n<li><a href=\"https:\/\/autobaak.nl\/de\/peugeot-4007-reifendruck\/\">4007<\/a><\/li>\n<li><a href=\"https:\/\/autobaak.nl\/de\/peugeot-308-reifendruck\/\">308<\/a><\/li>\n<li><a href=\"https:\/\/autobaak.nl\/de\/peugeot-307-reifendruck\/\">307<\/a><\/li>\n<li><a href=\"https:\/\/autobaak.nl\/de\/peugeot-306-cabriolet-reifendruck\/\">306 Kabriolett<\/a><\/li>\n<li><a href=\"https:\/\/autobaak.nl\/de\/peugeot-3008-reifendruck\/\">3008<\/a><\/li>\n<li><a href=\"https:\/\/autobaak.nl\/de\/peugeot-208-reifendruck\/\">208<\/a><\/li>\n<li><a href=\"https:\/\/autobaak.nl\/de\/peugeot-207-reifendruck\/\">207<\/a><\/li>\n<li><a href=\"https:\/\/autobaak.nl\/de\/peugeot-206-reifendruck\/\">206<\/a><\/li>\n<li><a href=\"https:\/\/autobaak.nl\/de\/peugeot-2008-reifendruck\/\">2008<\/a><\/li>\n<li><a href=\"https:\/\/autobaak.nl\/de\/peugeot-108-reifendruck\/\">108<\/a><\/li>\n<li><a href=\"https:\/\/autobaak.nl\/de\/peugeot-107-reifendruck\/\">107<\/a><\/li>\n<li><a href=\"https:\/\/autobaak.nl\/de\/peugeot-1007-reifendruck\/\">1007<\/a><\/li>\n<\/ul>\n<h3>Peugeot Autolampen<\/h3>\n<p>Sie m\u00f6chten die Gl\u00fchbirnen in Ihrem Peugeot austauschen, wissen aber nicht, welche Art von Autogl\u00fchbirne Sie ben\u00f6tigen? Zu diesem <a href=\"https:\/\/autobaak.nl\/de\/peugeot-lampen-ubersicht\/\">Peugeot-Autogl\u00fchbirnen<\/a> Seite haben wir eine Liste mit allen Lampen zusammengestellt.<\/p>\n<blockquote class=\"wp-embedded-content\" data-secret=\"ZEQyuyn3PJ\"><p><a href=\"https:\/\/autobaak.nl\/de\/peugeot-lampen-ubersicht\/\">Peugeot Autolampen \u00dcbersicht<\/a><\/p><\/blockquote>\n<p><iframe loading=\"lazy\" class=\"wp-embedded-content\" sandbox=\"allow-scripts\" security=\"restricted\" style=\"position: absolute; clip: rect(1px, 1px, 1px, 1px);\" title=\"&quot;Peugeot Autolampen im \u00dcberblick&quot; - Autobaak.co.uk\" src=\"https:\/\/autobaak.nl\/peugeot-lampen-overzicht\/embed\/#?secret=QQIXcGLs2w#?secret=ZEQyuyn3PJ\" data-secret=\"ZEQyuyn3PJ\" width=\"600\" height=\"338\" frameborder=\"0\" marginwidth=\"0\" marginheight=\"0\" scrolling=\"no\"><\/iframe><\/p>\n<p>&nbsp;<\/p>\n<p>[\/et_pb_text][\/et_pb_column][\/et_pb_row][\/et_pb_section][et_pb_section fb_built=\"1\u2033 _builder_version=\"4.16\u2033 custom_padding=\u201d1px|0px|52.7188px|0px\u201d global_colors_info=\u201d{}\u201d][et_pb_row column_structure=\u201d1_2,1_2\u2033 _builder_version=\u201d4.17.4\u2033 _module_preset=\"default\" global_colors_info=\"{}\"][et_pb_column type=\"1_2\u2033 _builder_version=\"4.17.4\u2033 _module_preset=\"default\" global_colors_info=\"{}\"][et_pb_text _builder_version=\"4.21.0\u2033 _module_preset=\"default\" hover_enabled=\"0\u2033 global_colors_info=\"{}\" sticky_enabled=\"0\u2033]<\/p>\n<h3>Welches Peugeot-Motor\u00f6l<\/h3>\n<p>Der rechtzeitige Wechsel des Motor\u00f6ls ist entscheidend f\u00fcr den Zustand Ihres Motors. Dar\u00fcber hinaus ist es wichtig zu wissen, welches Motor\u00f6l Sie ben\u00f6tigen. Im Serviceheft ist in der Regel immer das passende Motor\u00f6l aufgef\u00fchrt. M\u00f6chten Sie wissen, welches Motor\u00f6l Ihr Peugeot ben\u00f6tigt? Dann klicken Sie hier auf Ihr Modell, um eine \u00dcbersicht zu erhalten:<\/p>\n<p>[\/et_pb_text][\/et_pb_column][et_pb_column type=\"1_2\u2033 _builder_version=\"4.17.4\u2033 _module_preset=\"default\" global_colors_info=\"{}\"][et_pb_text _builder_version=\"4.21.0\u2033 _module_preset=\"default\" hover_enabled=\"0\u2033 global_colors_info=\"{}\" sticky_enabled=\"0\u2033]<\/p>\n<ul>\n<li><a href=\"https:\/\/autobaak.nl\/de\/welches-motorol-peugeot-1007\/\">Peugeot 1007 Motor\u00f6l<\/a><\/li>\n<li><a href=\"https:\/\/autobaak.nl\/de\/welches-motorol-peugeot-107\/\">Peugeot 107 Motor\u00f6l<\/a><\/li>\n<li><a href=\"https:\/\/autobaak.nl\/de\/welches-motorol-peugeot-108\/\">Peugeot 108 Motor\u00f6l<\/a><\/li>\n<li><a href=\"https:\/\/autobaak.nl\/de\/welches-motorol-peugeot-2008\/\">Peugeot 2008 Motor\u00f6l<\/a><\/li>\n<li><a href=\"https:\/\/autobaak.nl\/de\/welches-motorol-peugeot-206\/\">Peugeot 206 Motor\u00f6l<\/a><\/li>\n<li><a href=\"https:\/\/autobaak.nl\/de\/welches-motorol-peugeot-308\/\">Peugeot 308 Motor\u00f6l<\/a><\/li>\n<li><a href=\"https:\/\/autobaak.nl\/de\/welches-motorol-peugeot-308-t7\/\">Peugeot 308 Motor\u00f6l (T7)<\/a><\/li>\n<li><a href=\"https:\/\/autobaak.nl\/de\/welches-motorol-peugeot-308-t9\/\">Peugeot 308 Motor\u00f6l (T9)<\/a><\/li>\n<li><a href=\"https:\/\/autobaak.nl\/de\/welches-motorol-peugeot-106\/\">Peugeot 106 Motor\u00f6l<\/a><\/li>\n<li><a href=\"https:\/\/autobaak.nl\/de\/welches-motorol-peugeot-3008\/\">Peugeot 3008 Motor\u00f6l<\/a><\/li>\n<li><a href=\"https:\/\/autobaak.nl\/de\/welches-motorol-peugeot-3008-p84\/\">Peugeot 3008 Motor\u00f6l (P84)<\/a><\/li>\n<li><a href=\"https:\/\/autobaak.nl\/de\/welches-motorol-peugeot-partner-b9\/\">Peugeot Partner B9 Motor\u00f6l<\/a><\/li>\n<\/ul>\n<p>[\/et_pb_text][\/et_pb_column][\/et_pb_row][\/et_pb_section].<\/p>","protected":false},"excerpt":{"rendered":"<p>Die Urspr\u00fcnge von Peugeot Peugeot ist ein franz\u00f6sischer Automobilhersteller, der zur Groupe PSA geh\u00f6rt. Das Familienunternehmen, das der heutigen Firma Peugeot vorausging, wurde 1810 gegr\u00fcndet und stellte damals Kaffeem\u00fchlen und Fahrr\u00e4der her. Am 20. November 1858 meldete \u00c9mile Peugeot das Markenzeichen \"L\u00f6we\" an. Armand Peugeot baute das erste Auto des Unternehmens, ein unzuverl\u00e4ssiges Dampf-Dreirad. In Zusammenarbeit mit [...]<\/p>","protected":false},"author":1,"featured_media":0,"parent":0,"menu_order":0,"comment_status":"closed","ping_status":"closed","template":"","meta":{"_et_pb_use_builder":"on","_et_pb_old_content":"","_et_gb_content_width":"","footnotes":""},"class_list":["post-871","page","type-page","status-publish","hentry"],"yoast_head":"<!-- This site is optimized with the Yoast SEO plugin v27.3 - https:\/\/yoast.com\/product\/yoast-seo-wordpress\/ -->\n<title>Peugeot home - Onderhoudstips voor dit Franse auto merk<\/title>\n<meta name=\"description\" content=\"Handige onderhoudstips voor dit franse merk o.a. de distributieintervallen van de bekende modellen, zoas 206, 207, 307, 407, 508 etc.\" \/>\n<meta name=\"robots\" content=\"index, follow, max-snippet:-1, max-image-preview:large, max-video-preview:-1\" \/>\n<link rel=\"canonical\" href=\"https:\/\/autobaak.nl\/de\/peugeot-home\/\" \/>\n<meta property=\"og:locale\" content=\"de_DE\" \/>\n<meta property=\"og:type\" content=\"article\" \/>\n<meta property=\"og:title\" content=\"Peugeot home - Onderhoudstips voor dit Franse auto merk\" \/>\n<meta property=\"og:description\" content=\"Handige onderhoudstips voor dit franse merk o.a. de distributieintervallen van de bekende modellen, zoas 206, 207, 307, 407, 508 etc.\" \/>\n<meta property=\"og:url\" content=\"https:\/\/autobaak.nl\/de\/peugeot-home\/\" \/>\n<meta property=\"og:site_name\" content=\"Autobaak.nl\" \/>\n<meta property=\"article:modified_time\" content=\"2023-06-02T14:12:51+00:00\" \/>\n<meta name=\"twitter:card\" content=\"summary_large_image\" \/>\n<meta name=\"twitter:label1\" content=\"Gesch\u00e4tzte Lesezeit\" \/>\n\t<meta name=\"twitter:data1\" content=\"4\u00a0Minuten\" \/>\n<script type=\"application\/ld+json\" class=\"yoast-schema-graph\">{\"@context\":\"https:\\\/\\\/schema.org\",\"@graph\":[{\"@type\":\"WebPage\",\"@id\":\"https:\\\/\\\/autobaak.nl\\\/peugeot-home\\\/\",\"url\":\"https:\\\/\\\/autobaak.nl\\\/peugeot-home\\\/\",\"name\":\"Peugeot home - Onderhoudstips voor dit Franse auto merk\",\"isPartOf\":{\"@id\":\"https:\\\/\\\/autobaak.nl\\\/#website\"},\"datePublished\":\"2018-11-02T17:47:38+00:00\",\"dateModified\":\"2023-06-02T14:12:51+00:00\",\"description\":\"Handige onderhoudstips voor dit franse merk o.a. de distributieintervallen van de bekende modellen, zoas 206, 207, 307, 407, 508 etc.\",\"breadcrumb\":{\"@id\":\"https:\\\/\\\/autobaak.nl\\\/peugeot-home\\\/#breadcrumb\"},\"inLanguage\":\"de\",\"potentialAction\":[{\"@type\":\"ReadAction\",\"target\":[\"https:\\\/\\\/autobaak.nl\\\/peugeot-home\\\/\"]}]},{\"@type\":\"BreadcrumbList\",\"@id\":\"https:\\\/\\\/autobaak.nl\\\/peugeot-home\\\/#breadcrumb\",\"itemListElement\":[{\"@type\":\"ListItem\",\"position\":1,\"name\":\"Home\",\"item\":\"https:\\\/\\\/autobaak.nl\\\/\"},{\"@type\":\"ListItem\",\"position\":2,\"name\":\"Peugeot home\"}]},{\"@type\":\"WebSite\",\"@id\":\"https:\\\/\\\/autobaak.nl\\\/#website\",\"url\":\"https:\\\/\\\/autobaak.nl\\\/\",\"name\":\"Autobaak.nl\",\"description\":\"Cars &amp; Racing\",\"potentialAction\":[{\"@type\":\"SearchAction\",\"target\":{\"@type\":\"EntryPoint\",\"urlTemplate\":\"https:\\\/\\\/autobaak.nl\\\/?s={search_term_string}\"},\"query-input\":{\"@type\":\"PropertyValueSpecification\",\"valueRequired\":true,\"valueName\":\"search_term_string\"}}],\"inLanguage\":\"de\"}]}<\/script>\n<!-- \/ Yoast SEO plugin. -->","yoast_head_json":{"title":"Peugeot home - Wartungstipps f\u00fcr diese franz\u00f6sische Automarke","description":"N\u00fctzliche Wartungstipps f\u00fcr diese franz\u00f6sische Marke, einschlie\u00dflich der Auslieferungsintervalle f\u00fcr die bekannten Modelle, wie 206, 207, 307, 407, 508 usw.","robots":{"index":"index","follow":"follow","max-snippet":"max-snippet:-1","max-image-preview":"max-image-preview:large","max-video-preview":"max-video-preview:-1"},"canonical":"https:\/\/autobaak.nl\/de\/peugeot-home\/","og_locale":"de_DE","og_type":"article","og_title":"Peugeot home - Onderhoudstips voor dit Franse auto merk","og_description":"Handige onderhoudstips voor dit franse merk o.a. de distributieintervallen van de bekende modellen, zoas 206, 207, 307, 407, 508 etc.","og_url":"https:\/\/autobaak.nl\/de\/peugeot-home\/","og_site_name":"Autobaak.nl","article_modified_time":"2023-06-02T14:12:51+00:00","twitter_card":"summary_large_image","twitter_misc":{"Gesch\u00e4tzte Lesezeit":"4\u00a0Minuten"},"schema":{"@context":"https:\/\/schema.org","@graph":[{"@type":"WebPage","@id":"https:\/\/autobaak.nl\/peugeot-home\/","url":"https:\/\/autobaak.nl\/peugeot-home\/","name":"Peugeot home - Wartungstipps f\u00fcr diese franz\u00f6sische Automarke","isPartOf":{"@id":"https:\/\/autobaak.nl\/#website"},"datePublished":"2018-11-02T17:47:38+00:00","dateModified":"2023-06-02T14:12:51+00:00","description":"N\u00fctzliche Wartungstipps f\u00fcr diese franz\u00f6sische Marke, einschlie\u00dflich der Auslieferungsintervalle f\u00fcr die bekannten Modelle, wie 206, 207, 307, 407, 508 usw.","breadcrumb":{"@id":"https:\/\/autobaak.nl\/peugeot-home\/#breadcrumb"},"inLanguage":"de","potentialAction":[{"@type":"ReadAction","target":["https:\/\/autobaak.nl\/peugeot-home\/"]}]},{"@type":"BreadcrumbList","@id":"https:\/\/autobaak.nl\/peugeot-home\/#breadcrumb","itemListElement":[{"@type":"ListItem","position":1,"name":"Home","item":"https:\/\/autobaak.nl\/"},{"@type":"ListItem","position":2,"name":"Peugeot home"}]},{"@type":"WebSite","@id":"https:\/\/autobaak.nl\/#website","url":"https:\/\/autobaak.nl\/","name":"Autobook.de","description":"Autos &amp; Rennsport","potentialAction":[{"@type":"SearchAction","target":{"@type":"EntryPoint","urlTemplate":"https:\/\/autobaak.nl\/?s={search_term_string}"},"query-input":{"@type":"PropertyValueSpecification","valueRequired":true,"valueName":"search_term_string"}}],"inLanguage":"de"}]}},"_links":{"self":[{"href":"https:\/\/autobaak.nl\/de\/wp-json\/wp\/v2\/pages\/871","targetHints":{"allow":["GET"]}}],"collection":[{"href":"https:\/\/autobaak.nl\/de\/wp-json\/wp\/v2\/pages"}],"about":[{"href":"https:\/\/autobaak.nl\/de\/wp-json\/wp\/v2\/types\/page"}],"author":[{"embeddable":true,"href":"https:\/\/autobaak.nl\/de\/wp-json\/wp\/v2\/users\/1"}],"replies":[{"embeddable":true,"href":"https:\/\/autobaak.nl\/de\/wp-json\/wp\/v2\/comments?post=871"}],"version-history":[{"count":1,"href":"https:\/\/autobaak.nl\/de\/wp-json\/wp\/v2\/pages\/871\/revisions"}],"predecessor-version":[{"id":155836,"href":"https:\/\/autobaak.nl\/de\/wp-json\/wp\/v2\/pages\/871\/revisions\/155836"}],"wp:attachment":[{"href":"https:\/\/autobaak.nl\/de\/wp-json\/wp\/v2\/media?parent=871"}],"curies":[{"name":"wp","href":"https:\/\/api.w.org\/{rel}","templated":true}]}}