{"id":877,"date":"2018-11-02T18:22:26","date_gmt":"2018-11-02T18:22:26","guid":{"rendered":"https:\/\/autobaak.nl\/?page_id=877"},"modified":"2023-02-08T14:19:30","modified_gmt":"2023-02-08T13:19:30","slug":"renault-home","status":"publish","type":"page","link":"https:\/\/autobaak.nl\/de\/renault-home\/","title":{"rendered":"Renault Startseite"},"content":{"rendered":"<p>[et_pb_section fb_built=\"1\u2033 inner_shadow=\"on\" fullwidth=\"on\" _builder_version=\"4.18.0\u2033 background_image=\"https:\/\/autobaak.nl\/wp-content\/uploads\/2022\/08\/pexels-jesse-zheng-1213295.jpg\" global_colors_info=\"{}\"][et_pb_fullwidth_header title=\"Skoda Home\" subhead=\"N\u00fctzliche Informationen \u00fcber Skoda\" text_orientation=\"centre\" _builder_version=\"4.18.0\u2033 content_font_size=\"15px\" background_color=\"rgba(255, 255, 255, 0)\" background_image=\"https:\/\/autobaak.nl\/wp-content\/uploads\/2022\/09\/skoda.jpg\" text_shadow_style=\"preset5\u2033 text_shadow_color=\"rgba(0,0,0,0.52)\" global_colors_info=\"{}\" button_one_text_size__hover_enabled=\"off\" button_one_text_size__hover=\"null\" button_two_text_size__hover_enabled=\"off\" button_two_text_size__hover=\"null\" button_one_text_color__hover_enabled=\"off\" button_one_text_color__hover=\"null\" button_two_text_color__hover_enabled=\"off\" button_two_text_color__hover=\"null\" button_one_border_width__hover_enabled=\"off\" button_one_border_width__hover=\"null\" button_two_border_width__hover_enabled=\"off\" button_two_border_width__hover=\"null\" button_one_border_color__hover_enabled=\"off\" button_one_border_color__hover=\"null\" button_two_border_color__hover_enabled=\"off\" button_two_border_color__hover=\"null\" button_one_border_radius__hover_enabled=\"off\" button_one_border_radius__hover=\"null\" button_two_border_radius__hover_enabled=\"off\" button_two_border_radius__hover=\"null\" button_one_letter_spacing__hover_enabled=\"off\" button_one_letter_spacing__hover=\"null\" button_two_letter_spacing__hover_enabled=\"off\" button_two_letter_spacing__hover=\"null\" button_one_bg_color__hover_enabled=\"off\" button_one_bg_color__hover=\"null\" button_two_bg_color__hover_enabled=\"off\" button_two_bg_color__hover=\"null\"][\/et_pb_fullwidth_header][\/et_pb_section][et_pb_section fb_built=\"1\u2033 _builder_version=\"4.16\u2033 custom_padding=\"2px|0px|3px|0px\" global_colors_info=\"{}\"][et_pb_row _builder_version=\"4.16\u2033 background_size=\"initial\" background_position=\"top_left\" background_repeat=\"repeat\" custom_padding=\"26.3594px|0px|2px|0px\" global_colors_info=\"{}\"][et_pb_column type=\"4_4\u2033 _builder_version=\"4.16\u2033 custom_padding=\"|||\" global_colors_info=\"{}\" custom_padding__hover=\"|||\"][et_pb_text _builder_version=\"4.16\u2033 global_colors_info=\"{}\"]<\/p>\n<h2>Die Urspr\u00fcnge von Renault<\/h2>\n<p>Das Unternehmen Renault wurde 1899 als Soci\u00e9t\u00e9 Renault Fr\u00e8res von Louis Renault und seinen Br\u00fcdern Marcel und Fernand gegr\u00fcndet. Louis war ein aufgeweckter junger Ingenieur, der bereits mehrere Prototypen entworfen und gebaut hatte, bevor er mit seinen Br\u00fcdern zusammenarbeitete, die ihre kaufm\u00e4nnischen F\u00e4higkeiten in der Textilfirma ihres Vaters verbessert hatten. W\u00e4hrend Louis f\u00fcr Design und Produktion zust\u00e4ndig war, leiteten Marcel und Fernand das Unternehmen.<br \/>\nDas erste Renault-Auto, der Renault Voiturette 1CV, wurde an einen Freund von Louis' Vater verkauft.<\/p>\n<p>1903 begann Renault mit der Herstellung eigener Motoren, die bis dahin von De Dion-Bouton zugekauft worden waren. Die gr\u00f6\u00dften Ums\u00e4tze wurden 1905 erzielt, als die Soci\u00e9t\u00e9 des Automobiles de Place Autos vom Typ Renault AG1 kaufte, um sie als Taxis einzusetzen. Diese Fahrzeuge wurden sp\u00e4ter von der franz\u00f6sischen Armee f\u00fcr den Truppentransport im Ersten Weltkrieg eingesetzt, was ihnen den Spitznamen \"Taxi de la Marne\" einbrachte. Bis 1907 wurde ein gro\u00dfer Teil der Taxis in London und Paris von Renault gebaut. Renault war auch 1907 und 1908 die meistverkaufte ausl\u00e4ndische Marke in New York. Im Jahr 1908 produzierte das Unternehmen 3.575 Autos und war damit der gr\u00f6\u00dfte Automobilhersteller des Landes.<\/p>\n<p>Nach Angaben der Organisation Internationale des Constructeurs d'Automobiles war Renault im Jahr 2016 der viertgr\u00f6\u00dfte Automobilhersteller der Welt. Im Jahr 2017 war die Renault-Nissan-Mitsubishi-Allianz der weltweit gr\u00f6\u00dfte Verk\u00e4ufer von Leichtfahrzeugen und verdr\u00e4ngte die Volkswagen AG vom ersten Platz.<\/p>\n<p>Renault ist auch f\u00fcr seine Rolle im Motorsport bekannt, insbesondere im Rallyesport, der Formel 1 und der Formel E.<br \/>\n[\/et_pb_text][et_pb_text _builder_version=\"4.16\u2033 background_color=\"rgba(12,113,195,0.18)\" custom_margin=\"0px|||\" custom_padding=\"10px|20px|10px|20px\" global_colors_info=\"{}\"]<\/p>\n<h2 style=\"text-align: center;\">Datenbank Renault<\/h2>\n<p style=\"text-align: center;\">Die folgenden \u00dcbersichten enthalten viele n\u00fctzliche Wartungsintervalle und Tipps zu den neuesten Renault Modellen. Die Intervalle und Richtlinien sind nur ein Anhaltspunkt. Es k\u00f6nnen Umst\u00e4nde eintreten, die eine Werkstatt veranlassen, einen anderen Rat zu geben.<\/p>\n<p>[\/et_pb_text][\/et_pb_column][\/et_pb_row][\/et_pb_section][et_pb_section fb_built=\"1\u2033 _builder_version=\"4.16\u2033 custom_padding=\"1px|0px|52.7188px|0px\" global_colors_info=\"{}\"][et_pb_row _builder_version=\"4.16\u2033 background_size=\"initial\" background_position=\"top_left\" background_repeat=\"repeat\" global_colors_info=\"{}\"][et_pb_column type=\"4_4\u2033 _builder_version=\"4.16\u2033 custom_padding=\"|||\" global_colors_info=\"{}\" custom_padding__hover=\"|||\"][et_pb_text _builder_version=\"4.19.4\u2033 hover_enabled=\"0\u2033 global_colors_info=\"{}\" sticky_enabled=\"0\u2033]<\/p>\n<h2>Wann ist ein Renault-Zahnriemen zu wechseln?<\/h2>\n<p>Der Zahnriemen oder die Kette ist f\u00fcr (fast) jeden Verbrennungsmotor unverzichtbar, denn ohne sie kann es keine Verbrennung geben. Denn der Zahnriemen sorgt daf\u00fcr, dass die Nockenwelle, die Kurbelwelle und die Ventile \u00fcber diesen Riemen oder diese Kette angetrieben werden. Fast alle Renaults haben einen Zahnriemen, der in regelm\u00e4\u00dfigen Abst\u00e4nden gewechselt werden muss. Nachfolgend pro Modell die uns bekannten Intervalle:<\/p>\n<ul>\n<li><a href=\"https:\/\/autobaak.nl\/de\/renault-twingo\/\">Renault Twingo<\/a><\/li>\n<li><a href=\"https:\/\/autobaak.nl\/de\/renault-clio\/\">Renault Clio<\/a><\/li>\n<li><a href=\"https:\/\/autobaak.nl\/de\/renault-megane\/\">Renault Megan\u00e9\u00a0<\/a><\/li>\n<li><a href=\"https:\/\/autobaak.nl\/de\/renault-laguna\/\">Renault Laguna<\/a><\/li>\n<li><a href=\"https:\/\/autobaak.nl\/de\/renault-scenic\/\">Renault Scenic\u00a0<\/a><\/li>\n<li><a href=\"https:\/\/autobaak.nl\/de\/renault-espace\/\">Renault Espace\u00a0<\/a><\/li>\n<li><a href=\"https:\/\/autobaak.nl\/de\/renault-captur\/\">Renault Captur<\/a><\/li>\n<li><a href=\"https:\/\/autobaak.nl\/de\/renault-koleos\/\">Renault Koleos<\/a><\/li>\n<li><a href=\"https:\/\/autobaak.nl\/de\/renault-kangoo\/\">Renault Kangoo<\/a><\/li>\n<li><a href=\"https:\/\/autobaak.nl\/de\/renault-vel-satis\/\">Renault Vel S<\/a><a href=\"https:\/\/autobaak.nl\/de\/renault-vel-satis\/\">atis<\/a><\/li>\n<li><a href=\"https:\/\/autobaak.nl\/de\/renault-wind\/\">Renault Wind<\/a><\/li>\n<\/ul>\n<h3>Autogl\u00fchbirnen Renault<\/h3>\n<p>Sie m\u00f6chten die Gl\u00fchbirnen in Ihrem Renault ersetzen, wissen aber nicht, welche Art von Gl\u00fchbirne Sie ben\u00f6tigen? Zu diesem <a href=\"https:\/\/autobaak.nl\/de\/renault-gluhlampen-ubersicht\/\">Renault-Autogl\u00fchbirnen<\/a> Seite haben wir eine Liste mit allen Lampen zusammengestellt.<\/p>\n<blockquote class=\"wp-embedded-content\" data-secret=\"I59zHCnjwJ\"><p><a href=\"https:\/\/autobaak.nl\/de\/renault-gluhlampen-ubersicht\/\">\u00dcbersicht Renault-Gl\u00fchbirnen<\/a><\/p><\/blockquote>\n<p><iframe loading=\"lazy\" class=\"wp-embedded-content\" sandbox=\"allow-scripts\" security=\"restricted\" style=\"position: absolute; clip: rect(1px, 1px, 1px, 1px);\" title=\"&quot;Renault Lampen im \u00dcberblick&quot; - Autobook alles f\u00fcr und \u00fcber Autos\" src=\"https:\/\/autobaak.nl\/renault-lampen-overzicht\/embed\/#?secret=Pm1J8c6uL7#?secret=I59zHCnjwJ\" data-secret=\"I59zHCnjwJ\" width=\"600\" height=\"338\" frameborder=\"0\" marginwidth=\"0\" marginheight=\"0\" scrolling=\"no\"><\/iframe><\/p>\n<h3>Reifendruck Renault<\/h3>\n<p>Der Reifendruck Ihres Renault sollte monatlich \u00fcberpr\u00fcft werden, damit Sie eine optimale Leistung genie\u00dfen k\u00f6nnen. Au\u00dferdem kann ein falscher Reifendruck zu einem hohen Kraftstoffverbrauch f\u00fchren und die Reifen k\u00f6nnen schneller oder unregelm\u00e4\u00dfig verschlei\u00dfen. Auf den folgenden Seiten finden Sie eine \u00dcbersicht der Reifendr\u00fccke f\u00fcr Ihren Renault:<\/p>\n<ul>\n<li><a href=\"https:\/\/autobaak.nl\/de\/reifendruck-renault-vel-satis\/\">Vel Satis<\/a><\/li>\n<li><a href=\"https:\/\/autobaak.nl\/de\/reifendruck-renault-zoe\/\">Zoe<\/a><\/li>\n<li><a href=\"https:\/\/autobaak.nl\/de\/reifendruck-renault-captur\/\">Captur<\/a><\/li>\n<li><a href=\"https:\/\/autobaak.nl\/de\/reifendruck-renault-megane\/\">M\u00e9gane<\/a><\/li>\n<li><a href=\"https:\/\/autobaak.nl\/de\/reifendruck-renault-megane-2\/\">M\u00e9gane 2<\/a><\/li>\n<li><a href=\"https:\/\/autobaak.nl\/de\/reifendruck-renault-megane-cc\/\">Megane CC<\/a><\/li>\n<li><a href=\"https:\/\/autobaak.nl\/de\/reifendruck-renault-megane-2-coupe-cabriolet\/\">M\u00e9gane 2 Coup\u00e9 Cabriolet<\/a><\/li>\n<li><a href=\"https:\/\/autobaak.nl\/de\/reifendruck-renault-megane-grandtour\/\">M\u00e9gane Grandtour<\/a><\/li>\n<li><a href=\"https:\/\/autobaak.nl\/de\/reifendruck-renault-laguna\/\">Laguna<\/a><\/li>\n<li><a href=\"https:\/\/autobaak.nl\/de\/reifendruck-renault-laguna-grandtour\/\">Laguna Grandtour<\/a><\/li>\n<li><a href=\"https:\/\/autobaak.nl\/de\/reifendruck-renault-kangoo\/\">Kangoo<\/a><\/li>\n<li><a href=\"https:\/\/autobaak.nl\/de\/reifendruck-renault-kangoo-4x4\/\">Kangoo 4 x 4<\/a><\/li>\n<li><a href=\"https:\/\/autobaak.nl\/de\/reifendruck-renault-kadjar\/\">Kadjar<\/a><\/li>\n<li><a href=\"https:\/\/autobaak.nl\/de\/reifendruck-renault-espace\/\">Espace<\/a><\/li>\n<li><a href=\"https:\/\/autobaak.nl\/de\/reifendruck-renault-clio\/\">Clio<\/a><\/li>\n<li><a href=\"https:\/\/autobaak.nl\/de\/reifendruck-renault-clio-2\/\">Clio 2<\/a><\/li>\n<li><a href=\"https:\/\/autobaak.nl\/de\/reifendruck-renault-clio-3\/\">Clio 3<\/a><\/li>\n<li><a href=\"https:\/\/autobaak.nl\/de\/reifendruck-renault-clio-grandtour\/\">Clio Grandtour<\/a><\/li>\n<li><a href=\"https:\/\/autobaak.nl\/de\/reifendruck-renault-twingo\/\">Twingo<\/a><\/li>\n<li><a href=\"https:\/\/autobaak.nl\/de\/reifendruck-renault-scenic\/\">Penic<\/a><\/li>\n<li><a href=\"https:\/\/autobaak.nl\/de\/reifendruck-renault-grand-scenic\/\">Grand Scenic<\/a><\/li>\n<li><a href=\"https:\/\/autobaak.nl\/de\/reifendruck-renault-koleos\/\">Koleos<\/a><\/li>\n<li><a href=\"https:\/\/autobaak.nl\/de\/reifendruck-renault-fluence\/\">Fluence<\/a><\/li>\n<\/ul>\n<p>&nbsp;<\/p>\n<p>&nbsp;<\/p>\n<p>[\/et_pb_text][\/et_pb_column][\/et_pb_row][et_pb_row column_structure=\"1_2,1_2\u2033 _builder_version=\"4.17.4\u2033 _module_preset=\"default\" global_colors_info=\"{}\"][et_pb_column type=\"1_2\u2033 _builder_version=\"4.17.4\u2033 _module_preset=\"default\" global_colors_info=\"{}\"][et_pb_text _builder_version=\"4.18.0\u2033 _module_preset=\"default\" global_colors_info=\"{}\"]<\/p>\n<h3>Welches Motor\u00f6l Renault<\/h3>\n<p>Der rechtzeitige Wechsel des Motor\u00f6ls ist entscheidend f\u00fcr den Zustand Ihres Motors. Dar\u00fcber hinaus ist es wichtig zu wissen, welches Motor\u00f6l Sie ben\u00f6tigen. Im Serviceheft ist in der Regel immer das passende Motor\u00f6l angegeben. Sie m\u00f6chten wissen, welches Motor\u00f6l Sie in Ihren Renault einf\u00fcllen sollten? Dann nutzen Sie die praktische Suchfunktion von Kroon oil:<\/p>\n<p>[\/et_pb_text][\/et_pb_column][et_pb_column type=\"1_2\u2033 _builder_version=\"4.17.4\u2033 _module_preset=\"default\" global_colors_info=\"{}\"][et_pb_text _builder_version=\"4.18.0\u2033 _module_preset=\"default\" global_colors_info=\"{}\"]<\/p>\n<p><script type=\"text\/javascript\" src=\"\/\/kroon-oil.com\/adviesbanners\/v3\/bnr-js.php?lang=nl&amp;type=reg&amp;theme=light\"><\/script><\/p>\n<p>[\/et_pb_text][\/et_pb_column][\/et_pb_row][\/et_pb_section].<\/p>","protected":false},"excerpt":{"rendered":"<p>Die Geburt von Renault Das Unternehmen Renault wurde 1899 als Soci\u00e9t\u00e9 Renault Fr\u00e8res von Louis Renault und seinen Br\u00fcdern Marcel und Fernand gegr\u00fcndet. Louis war ein intelligenter junger Ingenieur, der bereits mehrere Prototypen entworfen und gebaut hatte, bevor er mit seinen Br\u00fcdern zusammenarbeitete, die ihre kaufm\u00e4nnischen F\u00e4higkeiten in der Textilfirma ihres Vaters verbessert hatten. [...]<\/p>","protected":false},"author":1,"featured_media":0,"parent":0,"menu_order":0,"comment_status":"closed","ping_status":"closed","template":"","meta":{"_et_pb_use_builder":"on","_et_pb_old_content":"","_et_gb_content_width":"","footnotes":""},"class_list":["post-877","page","type-page","status-publish","hentry"],"yoast_head":"<!-- This site is optimized with the Yoast SEO plugin v27.3 - https:\/\/yoast.com\/product\/yoast-seo-wordpress\/ -->\n<title>Renault home handige onderhoudstips voor dit Franse merk<\/title>\n<meta name=\"description\" content=\"Deze Renault home pagina voorziet in informatie wat betreft onderhoud en intervallen etc. O.a. voor de Clio, Laguna, Kangoo etc. Diesel en benzine\" \/>\n<meta name=\"robots\" content=\"index, follow, max-snippet:-1, max-image-preview:large, max-video-preview:-1\" \/>\n<link rel=\"canonical\" href=\"https:\/\/autobaak.nl\/de\/renault-home\/\" \/>\n<meta property=\"og:locale\" content=\"de_DE\" \/>\n<meta property=\"og:type\" content=\"article\" \/>\n<meta property=\"og:title\" content=\"Renault home handige onderhoudstips voor dit Franse merk\" \/>\n<meta property=\"og:description\" content=\"Deze Renault home pagina voorziet in informatie wat betreft onderhoud en intervallen etc. O.a. voor de Clio, Laguna, Kangoo etc. Diesel en benzine\" \/>\n<meta property=\"og:url\" content=\"https:\/\/autobaak.nl\/de\/renault-home\/\" \/>\n<meta property=\"og:site_name\" content=\"Autobaak.nl\" \/>\n<meta property=\"article:modified_time\" content=\"2023-02-08T13:19:30+00:00\" \/>\n<meta name=\"twitter:card\" content=\"summary_large_image\" \/>\n<meta name=\"twitter:label1\" content=\"Gesch\u00e4tzte Lesezeit\" \/>\n\t<meta name=\"twitter:data1\" content=\"4\u00a0Minuten\" \/>\n<script type=\"application\/ld+json\" class=\"yoast-schema-graph\">{\"@context\":\"https:\\\/\\\/schema.org\",\"@graph\":[{\"@type\":\"WebPage\",\"@id\":\"https:\\\/\\\/autobaak.nl\\\/renault-home\\\/\",\"url\":\"https:\\\/\\\/autobaak.nl\\\/renault-home\\\/\",\"name\":\"Renault home handige onderhoudstips voor dit Franse merk\",\"isPartOf\":{\"@id\":\"https:\\\/\\\/autobaak.nl\\\/#website\"},\"datePublished\":\"2018-11-02T18:22:26+00:00\",\"dateModified\":\"2023-02-08T13:19:30+00:00\",\"description\":\"Deze Renault home pagina voorziet in informatie wat betreft onderhoud en intervallen etc. O.a. voor de Clio, Laguna, Kangoo etc. Diesel en benzine\",\"breadcrumb\":{\"@id\":\"https:\\\/\\\/autobaak.nl\\\/renault-home\\\/#breadcrumb\"},\"inLanguage\":\"de\",\"potentialAction\":[{\"@type\":\"ReadAction\",\"target\":[\"https:\\\/\\\/autobaak.nl\\\/renault-home\\\/\"]}]},{\"@type\":\"BreadcrumbList\",\"@id\":\"https:\\\/\\\/autobaak.nl\\\/renault-home\\\/#breadcrumb\",\"itemListElement\":[{\"@type\":\"ListItem\",\"position\":1,\"name\":\"Home\",\"item\":\"https:\\\/\\\/autobaak.nl\\\/\"},{\"@type\":\"ListItem\",\"position\":2,\"name\":\"Renault home\"}]},{\"@type\":\"WebSite\",\"@id\":\"https:\\\/\\\/autobaak.nl\\\/#website\",\"url\":\"https:\\\/\\\/autobaak.nl\\\/\",\"name\":\"Autobaak.nl\",\"description\":\"Cars &amp; Racing\",\"potentialAction\":[{\"@type\":\"SearchAction\",\"target\":{\"@type\":\"EntryPoint\",\"urlTemplate\":\"https:\\\/\\\/autobaak.nl\\\/?s={search_term_string}\"},\"query-input\":{\"@type\":\"PropertyValueSpecification\",\"valueRequired\":true,\"valueName\":\"search_term_string\"}}],\"inLanguage\":\"de\"}]}<\/script>\n<!-- \/ Yoast SEO plugin. -->","yoast_head_json":{"title":"Renault home praktische Wartungstipps f\u00fcr diese franz\u00f6sische Marke","description":"Auf dieser Renault-Homepage finden Sie Informationen zu Wartung und Intervallen usw. Zum Beispiel f\u00fcr den Clio, Laguna, Kangoo usw. Diesel und Benzin","robots":{"index":"index","follow":"follow","max-snippet":"max-snippet:-1","max-image-preview":"max-image-preview:large","max-video-preview":"max-video-preview:-1"},"canonical":"https:\/\/autobaak.nl\/de\/renault-home\/","og_locale":"de_DE","og_type":"article","og_title":"Renault home handige onderhoudstips voor dit Franse merk","og_description":"Deze Renault home pagina voorziet in informatie wat betreft onderhoud en intervallen etc. O.a. voor de Clio, Laguna, Kangoo etc. Diesel en benzine","og_url":"https:\/\/autobaak.nl\/de\/renault-home\/","og_site_name":"Autobaak.nl","article_modified_time":"2023-02-08T13:19:30+00:00","twitter_card":"summary_large_image","twitter_misc":{"Gesch\u00e4tzte Lesezeit":"4\u00a0Minuten"},"schema":{"@context":"https:\/\/schema.org","@graph":[{"@type":"WebPage","@id":"https:\/\/autobaak.nl\/renault-home\/","url":"https:\/\/autobaak.nl\/renault-home\/","name":"Renault home praktische Wartungstipps f\u00fcr diese franz\u00f6sische Marke","isPartOf":{"@id":"https:\/\/autobaak.nl\/#website"},"datePublished":"2018-11-02T18:22:26+00:00","dateModified":"2023-02-08T13:19:30+00:00","description":"Auf dieser Renault-Homepage finden Sie Informationen zu Wartung und Intervallen usw. Zum Beispiel f\u00fcr den Clio, Laguna, Kangoo usw. Diesel und Benzin","breadcrumb":{"@id":"https:\/\/autobaak.nl\/renault-home\/#breadcrumb"},"inLanguage":"de","potentialAction":[{"@type":"ReadAction","target":["https:\/\/autobaak.nl\/renault-home\/"]}]},{"@type":"BreadcrumbList","@id":"https:\/\/autobaak.nl\/renault-home\/#breadcrumb","itemListElement":[{"@type":"ListItem","position":1,"name":"Home","item":"https:\/\/autobaak.nl\/"},{"@type":"ListItem","position":2,"name":"Renault home"}]},{"@type":"WebSite","@id":"https:\/\/autobaak.nl\/#website","url":"https:\/\/autobaak.nl\/","name":"Autobook.de","description":"Autos &amp; Rennsport","potentialAction":[{"@type":"SearchAction","target":{"@type":"EntryPoint","urlTemplate":"https:\/\/autobaak.nl\/?s={search_term_string}"},"query-input":{"@type":"PropertyValueSpecification","valueRequired":true,"valueName":"search_term_string"}}],"inLanguage":"de"}]}},"_links":{"self":[{"href":"https:\/\/autobaak.nl\/de\/wp-json\/wp\/v2\/pages\/877","targetHints":{"allow":["GET"]}}],"collection":[{"href":"https:\/\/autobaak.nl\/de\/wp-json\/wp\/v2\/pages"}],"about":[{"href":"https:\/\/autobaak.nl\/de\/wp-json\/wp\/v2\/types\/page"}],"author":[{"embeddable":true,"href":"https:\/\/autobaak.nl\/de\/wp-json\/wp\/v2\/users\/1"}],"replies":[{"embeddable":true,"href":"https:\/\/autobaak.nl\/de\/wp-json\/wp\/v2\/comments?post=877"}],"version-history":[{"count":0,"href":"https:\/\/autobaak.nl\/de\/wp-json\/wp\/v2\/pages\/877\/revisions"}],"wp:attachment":[{"href":"https:\/\/autobaak.nl\/de\/wp-json\/wp\/v2\/media?parent=877"}],"curies":[{"name":"wp","href":"https:\/\/api.w.org\/{rel}","templated":true}]}}