{"id":883,"date":"2018-11-04T14:26:57","date_gmt":"2018-11-04T14:26:57","guid":{"rendered":"https:\/\/autobaak.nl\/?page_id=883"},"modified":"2023-02-08T14:12:19","modified_gmt":"2023-02-08T13:12:19","slug":"nissan-startseite","status":"publish","type":"page","link":"https:\/\/autobaak.nl\/de\/nissan-startseite\/","title":{"rendered":"Nissan Startseite"},"content":{"rendered":"<p>[et_pb_section fb_built=\"1\u2033 inner_shadow=\"on\" fullwidth=\"on\" _builder_version=\"4.18.0\u2033 background_image=\"https:\/\/autobaak.nl\/wp-content\/uploads\/2022\/08\/pexels-jesse-zheng-1213295.jpg\" global_colors_info=\"{}\"][et_pb_fullwidth_header title=\"Skoda Home\" subhead=\"N\u00fctzliche Informationen \u00fcber Skoda\" text_orientation=\"centre\" _builder_version=\"4.18.0\u2033 content_font_size=\"15px\" background_color=\"rgba(255, 255, 255, 0)\" background_image=\"https:\/\/autobaak.nl\/wp-content\/uploads\/2022\/09\/skoda.jpg\" text_shadow_style=\"preset5\u2033 text_shadow_color=\"rgba(0,0,0,0.52)\" global_colors_info=\"{}\" button_one_text_size__hover_enabled=\"off\" button_one_text_size__hover=\"null\" button_two_text_size__hover_enabled=\"off\" button_two_text_size__hover=\"null\" button_one_text_color__hover_enabled=\"off\" button_one_text_color__hover=\"null\" button_two_text_color__hover_enabled=\"off\" button_two_text_color__hover=\"null\" button_one_border_width__hover_enabled=\"off\" button_one_border_width__hover=\"null\" button_two_border_width__hover_enabled=\"off\" button_two_border_width__hover=\"null\" button_one_border_color__hover_enabled=\"off\" button_one_border_color__hover=\"null\" button_two_border_color__hover_enabled=\"off\" button_two_border_color__hover=\"null\" button_one_border_radius__hover_enabled=\"off\" button_one_border_radius__hover=\"null\" button_two_border_radius__hover_enabled=\"off\" button_two_border_radius__hover=\"null\" button_one_letter_spacing__hover_enabled=\"off\" button_one_letter_spacing__hover=\"null\" button_two_letter_spacing__hover_enabled=\"off\" button_two_letter_spacing__hover=\"null\" button_one_bg_color__hover_enabled=\"off\" button_one_bg_color__hover=\"null\" button_two_bg_color__hover_enabled=\"off\" button_two_bg_color__hover=\"null\"][\/et_pb_fullwidth_header][\/et_pb_section][et_pb_section fb_built=\"1\u2033 _builder_version=\"4.16\u2033 custom_padding=\"2px|0px|3px|0px\" global_colors_info=\"{}\"][et_pb_row _builder_version=\"4.16\u2033 background_size=\"initial\" background_position=\"top_left\" background_repeat=\"repeat\" custom_padding=\"26.3594px|0px|2px|0px\" global_colors_info=\"{}\"][et_pb_column type=\"4_4\u2033 _builder_version=\"4.16\u2033 custom_padding=\"|||\" global_colors_info=\"{}\" custom_padding__hover=\"|||\"][et_pb_text _builder_version=\"4.16\u2033 global_colors_info=\"{}\"]<\/p>\n<h2>Die Geburt von Nissan<\/h2>\n<p>Nissan produzierte eine breite Palette von Personen- und Lastkraftwagen, die zun\u00e4chst f\u00fcr den Inlandsverbrauch bestimmt waren, aber seit den 1950er Jahren in die ganze Welt exportiert wurden.<br \/>\nDas Unternehmen produzierte auch mehrere denkw\u00fcrdige Sportwagen, darunter die Datsun Fairlady 1500, 1600 und 2000 Roadster, das Z-Car, ein erschwinglicher Sportwagen, der 1969 eingef\u00fchrt wurde, und den GT-R, einen leistungsstarken Sportwagen mit Allradantrieb.<br \/>\n1985 gr\u00fcndete Nissan eine Tuning-Abteilung, Nismo, um solche Autos zu entwickeln und mit ihnen zu konkurrieren. Eines der neuesten Modelle von Nismo ist der 370Z Nismo.<br \/>\nNissan verkauft auch eine Reihe von Kei-Autos (kleine Sparautos). Dabei handelt es sich haupts\u00e4chlich um Autos, die in einem Joint Venture mit anderen japanischen Herstellern wie Suzuki oder Mitsubishi produziert werden. Ab 2013 teilten sich Nissan und Mitsubishi die Entwicklung der Nissan DAYZ \/ Mitsubishi eK Wagon Serie. Nissan hat auch die Modellentwicklung f\u00fcr japanische Autos mit anderen Herstellern geteilt, insbesondere mit Mazda, Subaru, Suzuki und Isuzu.<\/p>\n<p>In China produziert Nissan in Zusammenarbeit mit der Dongfeng Motor Group Fahrzeuge, darunter den Nissan Livina Geniss aus dem Jahr 2006, den ersten Vertreter einer neuen globalen Mittelklasseserie.<\/p>\n<p>Seit 1999 ist Nissan Teil der Renault-Nissan-Mitsubishi-Allianz, einer Partnerschaft zwischen Nissan (Japan), Mitsubishi Motors (Japan) und Renault (Frankreich). Seit 2013 ist Nissan Eigent\u00fcmer von <a href=\"https:\/\/autobaak.nl\/de\/renault-home\/\">Renault<\/a> eine stimmberechtigte Beteiligung von 43,4% an Nissan, w\u00e4hrend Nissan eine nicht stimmberechtigte Beteiligung von 15% an Renault h\u00e4lt.<br \/>\n[\/et_pb_text][et_pb_text _builder_version=\"4.16\u2033 background_color=\"rgba(12,113,195,0.18)\" custom_margin=\"0px|||\" custom_padding=\"10px|20px|10px|20px\" global_colors_info=\"{}\"]<\/p>\n<h2 style=\"text-align: center;\">Nissan Datenbank<\/h2>\n<p style=\"text-align: center;\">In den folgenden \u00dcbersichten finden Sie viele n\u00fctzliche Wartungsintervalle und Tipps zu den neuesten Nissan Modellen. Die Intervalle und Richtlinien sind nur ein Anhaltspunkt, es kann Umst\u00e4nde geben, unter denen ein Workshop eine andere Empfehlung ausspricht.<\/p>\n<p>[\/et_pb_text][\/et_pb_column][\/et_pb_row][\/et_pb_section][et_pb_section fb_built=\"1\u2033 _builder_version=\"4.16\u2033 custom_padding=\"1px|0px|52.7188px|0px\" global_colors_info=\"{}\"][et_pb_row _builder_version=\"4.16\u2033 background_size=\"initial\" background_position=\"top_left\" background_repeat=\"repeat\" global_colors_info=\"{}\"][et_pb_column type=\"4_4\u2033 _builder_version=\"4.16\u2033 custom_padding=\"|||\" global_colors_info=\"{}\" custom_padding__hover=\"|||\"][et_pb_text _builder_version=\"4.19.4\u2033 hover_enabled=\"0\u2033 global_colors_info=\"{}\" sticky_enabled=\"0\u2033]<\/p>\n<h2>Wann Sie Ihren Nissan Zahnriemen wechseln sollten<\/h2>\n<p>Der Zahnriemen oder die Kette ist f\u00fcr (fast) jeden Verbrennungsmotor unverzichtbar, denn ohne sie kann es keine Verbrennung geben. Denn der Zahnriemen sorgt daf\u00fcr, dass die Nockenwelle, die Kurbelwelle und die Ventile durch diesen Riemen oder diese Kette angetrieben werden. Einige Nissan-Modelle haben einen Zahnriemen, der regelm\u00e4\u00dfig ausgetauscht werden muss. Nachfolgend pro Modell die uns bekannten Intervalle:<\/p>\n<ul>\n<li><a href=\"https:\/\/autobaak.nl\/de\/nissan-micra\/\">Nissan Micra<\/a><\/li>\n<li><a href=\"https:\/\/autobaak.nl\/de\/nissan-pixo\/\">Nissan Pixo<\/a><\/li>\n<li><a href=\"https:\/\/autobaak.nl\/de\/nissan-almera\/\">Nissan Almera<\/a><\/li>\n<li><a href=\"https:\/\/autobaak.nl\/de\/nissan-primera\/\">Nissan Primera<\/a><\/li>\n<li><a href=\"https:\/\/autobaak.nl\/de\/nissan-qashqai\/\">Nissan Qashqai\u00a0<\/a><\/li>\n<li><a href=\"https:\/\/autobaak.nl\/de\/nissan-pathfinder\/\">Nissan Pathfinder<\/a><\/li>\n<li><a href=\"https:\/\/autobaak.nl\/de\/nissan-x-trail\/\">Nissan X-Trail\u00a0\u00a0<\/a><\/li>\n<\/ul>\n<h3>Lampen f\u00fcr Nissan<\/h3>\n<p>Sie m\u00f6chten die Gl\u00fchbirnen in Ihrem Nissan austauschen, wissen aber nicht, welche Art von Autogl\u00fchbirne Sie ben\u00f6tigen? Auf dieser <a href=\"https:\/\/autobaak.nl\/de\/nissan-lampen-ubersicht\/\">Autogl\u00fchbirnen Nissan<\/a>\u00a0Seite haben wir eine Liste mit allen Lampen zusammengestellt.<\/p>\n<blockquote class=\"wp-embedded-content\" data-secret=\"sitTnGWytb\"><p><a href=\"https:\/\/autobaak.nl\/de\/nissan-lampen-ubersicht\/\">Nissan Gl\u00fchbirne \u00dcbersicht<\/a><\/p><\/blockquote>\n<p><iframe loading=\"lazy\" class=\"wp-embedded-content\" sandbox=\"allow-scripts\" security=\"restricted\" style=\"position: absolute; clip: rect(1px, 1px, 1px, 1px);\" title=\"&quot;Nissan Lampen \u00dcbersicht&quot; - Autobook alles f\u00fcr und \u00fcber Autos\" src=\"https:\/\/autobaak.nl\/nissan-lampen-overzicht\/embed\/#?secret=bocuMvLDeA#?secret=sitTnGWytb\" data-secret=\"sitTnGWytb\" width=\"600\" height=\"338\" frameborder=\"0\" marginwidth=\"0\" marginheight=\"0\" scrolling=\"no\"><\/iframe><\/p>\n<h3>Reifendruck Nissan<\/h3>\n<p>Der Reifendruck Ihres Nissan sollte monatlich \u00fcberpr\u00fcft werden, damit Sie eine optimale Leistung genie\u00dfen k\u00f6nnen. Au\u00dferdem kann ein falscher Reifendruck einen hohen Kraftstoffverbrauch verursachen und zu einem schnelleren oder unregelm\u00e4\u00dfigen Reifenverschlei\u00df f\u00fchren. Auf den folgenden Seiten finden Sie eine \u00dcbersicht der Reifendr\u00fccke f\u00fcr Ihren Nissan:<\/p>\n<ul>\n<li><a href=\"https:\/\/autobaak.nl\/de\/reifendruck-nissan-x-trail\/\">X-Trail<\/a><\/li>\n<li><a href=\"https:\/\/autobaak.nl\/de\/reifendruck-nissan-tiida\/\">Tiida<\/a><\/li>\n<li><a href=\"https:\/\/autobaak.nl\/de\/reifendruck-nissan-terrano-2\/\">Terrano 2<\/a><\/li>\n<li><a href=\"https:\/\/autobaak.nl\/de\/reifendruck-nissan-qashqai\/\">Qashqai<\/a><\/li>\n<li><a href=\"https:\/\/autobaak.nl\/de\/reifendruck-nissan-pulsar\/\">Pulsar<\/a><\/li>\n<li><a href=\"https:\/\/autobaak.nl\/de\/reifendruck-nissan-primera\/\">Primera<\/a><\/li>\n<li><a href=\"https:\/\/autobaak.nl\/de\/reifendruck-nissan-pathfinder\/\">Pfadfinder<\/a><\/li>\n<li><a href=\"https:\/\/autobaak.nl\/de\/reifendruck-nissan-note\/\">Hinweis<\/a><\/li>\n<li><a href=\"https:\/\/autobaak.nl\/de\/reifendruck-nissan-navara\/\">Navara<\/a><\/li>\n<li><a href=\"https:\/\/autobaak.nl\/de\/reifendruck-nissan-murano\/\">Murano<\/a><\/li>\n<li><a href=\"https:\/\/autobaak.nl\/de\/reifendruck-nissan-micra\/\">Micra<\/a><\/li>\n<li><a href=\"https:\/\/autobaak.nl\/de\/reifendruck-nissan-maxima-qx\/\">Maxima QX<\/a><\/li>\n<li><a href=\"https:\/\/autobaak.nl\/de\/reifendruck-nissan-leaf\/\">Blatt<\/a><\/li>\n<li><a href=\"https:\/\/autobaak.nl\/de\/reifendruck-nissan-juke\/\">Juke<\/a><\/li>\n<li><a href=\"https:\/\/autobaak.nl\/de\/reifendruck-nissan-gt-r\/\">GT-R<\/a><\/li>\n<li><a href=\"https:\/\/autobaak.nl\/de\/reifendruck-nissan-evalia\/\">Evalia<\/a><\/li>\n<li><a href=\"https:\/\/autobaak.nl\/de\/reifendruck-nissan-cube\/\">W\u00fcrfel<\/a><\/li>\n<li><a href=\"https:\/\/autobaak.nl\/de\/reifendruck-nissan-almera\/\">Almera<\/a><\/li>\n<li><a href=\"https:\/\/autobaak.nl\/de\/reifendruck-nissan-370z\/\">370Z<\/a><\/li>\n<li><a href=\"https:\/\/autobaak.nl\/de\/reifendruck-nissan-350z\/\">350Z<\/a><\/li>\n<\/ul>\n<p>&nbsp;<\/p>\n<p>[\/et_pb_text][\/et_pb_column][\/et_pb_row][et_pb_row column_structure=\"1_2,1_2\u2033 _builder_version=\"4.17.4\u2033 _module_preset=\"default\" global_colors_info=\"{}\"][et_pb_column type=\"1_2\u2033 _builder_version=\"4.17.4\u2033 _module_preset=\"default\" global_colors_info=\"{}\"][et_pb_text _builder_version=\"4.18.0\u2033 _module_preset=\"default\" global_colors_info=\"{}\"]<\/p>\n<h3>Welches Motor\u00f6l Nissan<\/h3>\n<p>Der rechtzeitige Wechsel des Motor\u00f6ls ist entscheidend f\u00fcr den Zustand Ihres Motors. Dar\u00fcber hinaus ist es wichtig zu wissen, welches Motor\u00f6l Sie ben\u00f6tigen. Im Serviceheft ist in der Regel immer das passende Motor\u00f6l angegeben. Sie m\u00f6chten wissen, welches Motor\u00f6l Sie in Ihren Nissan einf\u00fcllen sollten? Dann nutzen Sie die praktische Suchfunktion von Kroon oil:<\/p>\n<p>[\/et_pb_text][\/et_pb_column][et_pb_column type=\"1_2\u2033 _builder_version=\"4.17.4\u2033 _module_preset=\"default\" global_colors_info=\"{}\"][et_pb_text _builder_version=\"4.18.0\u2033 _module_preset=\"default\" global_colors_info=\"{}\"]<\/p>\n<p><script type=\"text\/javascript\" src=\"\/\/kroon-oil.com\/adviesbanners\/v3\/bnr-js.php?lang=nl&amp;type=reg&amp;theme=light\"><\/script><\/p>\n<p>[\/et_pb_text][\/et_pb_column][\/et_pb_row][\/et_pb_section].<\/p>","protected":false},"excerpt":{"rendered":"<p>Die Urspr\u00fcnge von Nissan Nissan produzierte eine breite Palette von normalen Pkw und Lkw, die zun\u00e4chst f\u00fcr den heimischen Verbrauch bestimmt waren, aber seit den 1950er Jahren in die ganze Welt exportiert wurden. Das Unternehmen produzierte auch mehrere denkw\u00fcrdige Sportwagen, darunter die Datsun Fairlady 1500, 1600 und 2000 Roadster, das Z-Car, ein erschwinglicher Sportwagen, der urspr\u00fcnglich in [...]<\/p>","protected":false},"author":1,"featured_media":0,"parent":0,"menu_order":0,"comment_status":"closed","ping_status":"closed","template":"","meta":{"_et_pb_use_builder":"on","_et_pb_old_content":"","_et_gb_content_width":"","footnotes":""},"class_list":["post-883","page","type-page","status-publish","hentry"],"yoast_head":"<!-- This site is optimized with the Yoast SEO plugin v27.5 - https:\/\/yoast.com\/product\/yoast-seo-wordpress\/ -->\n<title>Nissan home - onderhoudstips en intervallen van dit Japanse merk<\/title>\n<meta name=\"description\" content=\"Nissan het Japanse merk welke voor een deel in handen is van Renault. Op deze pagina informatie over onderhoud en de geschiedenis van dit auto merk\" \/>\n<meta name=\"robots\" content=\"index, follow, max-snippet:-1, max-image-preview:large, max-video-preview:-1\" \/>\n<link rel=\"canonical\" href=\"https:\/\/autobaak.nl\/de\/nissan-startseite\/\" \/>\n<meta property=\"og:locale\" content=\"de_DE\" \/>\n<meta property=\"og:type\" content=\"article\" \/>\n<meta property=\"og:title\" content=\"Nissan home - onderhoudstips en intervallen van dit Japanse merk\" \/>\n<meta property=\"og:description\" content=\"Nissan het Japanse merk welke voor een deel in handen is van Renault. Op deze pagina informatie over onderhoud en de geschiedenis van dit auto merk\" \/>\n<meta property=\"og:url\" content=\"https:\/\/autobaak.nl\/de\/nissan-startseite\/\" \/>\n<meta property=\"og:site_name\" content=\"Autobaak.nl\" \/>\n<meta property=\"article:modified_time\" content=\"2023-02-08T13:12:19+00:00\" \/>\n<meta name=\"twitter:card\" content=\"summary_large_image\" \/>\n<meta name=\"twitter:label1\" content=\"Gesch\u00e4tzte Lesezeit\" \/>\n\t<meta name=\"twitter:data1\" content=\"3\u00a0Minuten\" \/>\n<script type=\"application\/ld+json\" class=\"yoast-schema-graph\">{\"@context\":\"https:\\\/\\\/schema.org\",\"@graph\":[{\"@type\":\"WebPage\",\"@id\":\"https:\\\/\\\/autobaak.nl\\\/nissan-home\\\/\",\"url\":\"https:\\\/\\\/autobaak.nl\\\/nissan-home\\\/\",\"name\":\"Nissan home - onderhoudstips en intervallen van dit Japanse merk\",\"isPartOf\":{\"@id\":\"https:\\\/\\\/autobaak.nl\\\/#website\"},\"datePublished\":\"2018-11-04T14:26:57+00:00\",\"dateModified\":\"2023-02-08T13:12:19+00:00\",\"description\":\"Nissan het Japanse merk welke voor een deel in handen is van Renault. Op deze pagina informatie over onderhoud en de geschiedenis van dit auto merk\",\"breadcrumb\":{\"@id\":\"https:\\\/\\\/autobaak.nl\\\/nissan-home\\\/#breadcrumb\"},\"inLanguage\":\"de\",\"potentialAction\":[{\"@type\":\"ReadAction\",\"target\":[\"https:\\\/\\\/autobaak.nl\\\/nissan-home\\\/\"]}]},{\"@type\":\"BreadcrumbList\",\"@id\":\"https:\\\/\\\/autobaak.nl\\\/nissan-home\\\/#breadcrumb\",\"itemListElement\":[{\"@type\":\"ListItem\",\"position\":1,\"name\":\"Home\",\"item\":\"https:\\\/\\\/autobaak.nl\\\/\"},{\"@type\":\"ListItem\",\"position\":2,\"name\":\"Nissan home\"}]},{\"@type\":\"WebSite\",\"@id\":\"https:\\\/\\\/autobaak.nl\\\/#website\",\"url\":\"https:\\\/\\\/autobaak.nl\\\/\",\"name\":\"Autobaak.nl\",\"description\":\"Cars &amp; Racing\",\"potentialAction\":[{\"@type\":\"SearchAction\",\"target\":{\"@type\":\"EntryPoint\",\"urlTemplate\":\"https:\\\/\\\/autobaak.nl\\\/?s={search_term_string}\"},\"query-input\":{\"@type\":\"PropertyValueSpecification\",\"valueRequired\":true,\"valueName\":\"search_term_string\"}}],\"inLanguage\":\"de\"}]}<\/script>\n<!-- \/ Yoast SEO plugin. -->","yoast_head_json":{"title":"Nissan home - Wartungstipps und -intervalle f\u00fcr diese japanische Marke","description":"Nissan ist die japanische Marke, die sich teilweise im Besitz von Renault befindet. Auf dieser Seite finden Sie Informationen \u00fcber die Wartung und die Geschichte dieser Automarke","robots":{"index":"index","follow":"follow","max-snippet":"max-snippet:-1","max-image-preview":"max-image-preview:large","max-video-preview":"max-video-preview:-1"},"canonical":"https:\/\/autobaak.nl\/de\/nissan-startseite\/","og_locale":"de_DE","og_type":"article","og_title":"Nissan home - onderhoudstips en intervallen van dit Japanse merk","og_description":"Nissan het Japanse merk welke voor een deel in handen is van Renault. Op deze pagina informatie over onderhoud en de geschiedenis van dit auto merk","og_url":"https:\/\/autobaak.nl\/de\/nissan-startseite\/","og_site_name":"Autobaak.nl","article_modified_time":"2023-02-08T13:12:19+00:00","twitter_card":"summary_large_image","twitter_misc":{"Gesch\u00e4tzte Lesezeit":"3\u00a0Minuten"},"schema":{"@context":"https:\/\/schema.org","@graph":[{"@type":"WebPage","@id":"https:\/\/autobaak.nl\/nissan-home\/","url":"https:\/\/autobaak.nl\/nissan-home\/","name":"Nissan home - Wartungstipps und -intervalle f\u00fcr diese japanische Marke","isPartOf":{"@id":"https:\/\/autobaak.nl\/#website"},"datePublished":"2018-11-04T14:26:57+00:00","dateModified":"2023-02-08T13:12:19+00:00","description":"Nissan ist die japanische Marke, die sich teilweise im Besitz von Renault befindet. Auf dieser Seite finden Sie Informationen \u00fcber die Wartung und die Geschichte dieser Automarke","breadcrumb":{"@id":"https:\/\/autobaak.nl\/nissan-home\/#breadcrumb"},"inLanguage":"de","potentialAction":[{"@type":"ReadAction","target":["https:\/\/autobaak.nl\/nissan-home\/"]}]},{"@type":"BreadcrumbList","@id":"https:\/\/autobaak.nl\/nissan-home\/#breadcrumb","itemListElement":[{"@type":"ListItem","position":1,"name":"Home","item":"https:\/\/autobaak.nl\/"},{"@type":"ListItem","position":2,"name":"Nissan home"}]},{"@type":"WebSite","@id":"https:\/\/autobaak.nl\/#website","url":"https:\/\/autobaak.nl\/","name":"Autobook.de","description":"Autos &amp; Rennsport","potentialAction":[{"@type":"SearchAction","target":{"@type":"EntryPoint","urlTemplate":"https:\/\/autobaak.nl\/?s={search_term_string}"},"query-input":{"@type":"PropertyValueSpecification","valueRequired":true,"valueName":"search_term_string"}}],"inLanguage":"de"}]}},"_links":{"self":[{"href":"https:\/\/autobaak.nl\/de\/wp-json\/wp\/v2\/pages\/883","targetHints":{"allow":["GET"]}}],"collection":[{"href":"https:\/\/autobaak.nl\/de\/wp-json\/wp\/v2\/pages"}],"about":[{"href":"https:\/\/autobaak.nl\/de\/wp-json\/wp\/v2\/types\/page"}],"author":[{"embeddable":true,"href":"https:\/\/autobaak.nl\/de\/wp-json\/wp\/v2\/users\/1"}],"replies":[{"embeddable":true,"href":"https:\/\/autobaak.nl\/de\/wp-json\/wp\/v2\/comments?post=883"}],"version-history":[{"count":0,"href":"https:\/\/autobaak.nl\/de\/wp-json\/wp\/v2\/pages\/883\/revisions"}],"wp:attachment":[{"href":"https:\/\/autobaak.nl\/de\/wp-json\/wp\/v2\/media?parent=883"}],"curies":[{"name":"wp","href":"https:\/\/api.w.org\/{rel}","templated":true}]}}