{"id":888,"date":"2018-11-04T16:09:12","date_gmt":"2018-11-04T16:09:12","guid":{"rendered":"https:\/\/autobaak.nl\/?page_id=888"},"modified":"2023-02-08T14:20:59","modified_gmt":"2023-02-08T13:20:59","slug":"skoda-startseite","status":"publish","type":"page","link":"https:\/\/autobaak.nl\/de\/skoda-startseite\/","title":{"rendered":"Skoda Startseite"},"content":{"rendered":"<p>[et_pb_section fb_built=\"1\u2033 inner_shadow=\"on\" fullwidth=\"on\" _builder_version=\"4.18.0\u2033 background_image=\"https:\/\/autobaak.nl\/wp-content\/uploads\/2022\/08\/pexels-jesse-zheng-1213295.jpg\" global_colors_info=\"{}\"][et_pb_fullwidth_header title=\"Skoda Home\" subhead=\"N\u00fctzliche Informationen \u00fcber Skoda\" text_orientation=\"centre\" _builder_version=\"4.18.0\u2033 content_font_size=\"15px\" background_color=\"rgba(255, 255, 255, 0)\" background_image=\"https:\/\/autobaak.nl\/wp-content\/uploads\/2022\/09\/skoda.jpg\" text_shadow_style=\"preset5\u2033 text_shadow_color=\"rgba(0,0,0,0.52)\" global_colors_info=\"{}\" button_one_text_size__hover_enabled=\"off\" button_one_text_size__hover=\"null\" button_two_text_size__hover_enabled=\"off\" button_two_text_size__hover=\"null\" button_one_text_color__hover_enabled=\"off\" button_one_text_color__hover=\"null\" button_two_text_color__hover_enabled=\"off\" button_two_text_color__hover=\"null\" button_one_border_width__hover_enabled=\"off\" button_one_border_width__hover=\"null\" button_two_border_width__hover_enabled=\"off\" button_two_border_width__hover=\"null\" button_one_border_color__hover_enabled=\"off\" button_one_border_color__hover=\"null\" button_two_border_color__hover_enabled=\"off\" button_two_border_color__hover=\"null\" button_one_border_radius__hover_enabled=\"off\" button_one_border_radius__hover=\"null\" button_two_border_radius__hover_enabled=\"off\" button_two_border_radius__hover=\"null\" button_one_letter_spacing__hover_enabled=\"off\" button_one_letter_spacing__hover=\"null\" button_two_letter_spacing__hover_enabled=\"off\" button_two_letter_spacing__hover=\"null\" button_one_bg_color__hover_enabled=\"off\" button_one_bg_color__hover=\"null\" button_two_bg_color__hover_enabled=\"off\" button_two_bg_color__hover=\"null\"][\/et_pb_fullwidth_header][\/et_pb_section][et_pb_section fb_built=\"1\u2033 _builder_version=\"4.16\u2033 custom_padding=\"2px|0px|3px|0px\" global_colors_info=\"{}\"][et_pb_row _builder_version=\"4.16\u2033 background_size=\"initial\" background_position=\"top_left\" background_repeat=\"repeat\" custom_padding=\"26.3594px|0px|2px|0px\" global_colors_info=\"{}\"][et_pb_column type=\"4_4\u2033 _builder_version=\"4.16\u2033 custom_padding=\"|||\" global_colors_info=\"{}\" custom_padding__hover=\"|||\"][et_pb_text _builder_version=\"4.16\u2033 global_colors_info=\"{}\"]<\/p>\n<h2>Die Geburt von Skoda<\/h2>\n<p>\u0160koda Auto, besser bekannt als \u0160koda, ist ein tschechischer Automobilhersteller, der 1895 als Laurin &amp; Klement gegr\u00fcndet wurde. Ihr Hauptsitz befindet sich in Mlad\u00e1 Boleslav, Tschechische Republik.<\/p>\n<p>Im Jahr 1925 wurde Laurin &amp; Klement vom Industriekonglomerat \u0160koda Works \u00fcbernommen, das sich seit 1948 in Staatsbesitz befindet. Nach 1991 wurde das Unternehmen schrittweise privatisiert und im Jahr 2000 wurde \u0160koda eine hundertprozentige Tochtergesellschaft des Volkswagen-Konzerns.<\/p>\n<p>\u0160koda-Fahrzeuge werden in mehr als 100 L\u00e4ndern verkauft, und im Jahr 2017 erreichten die weltweiten Verk\u00e4ufe 1,21 Millionen Fahrzeuge, ein Anstieg von 6,6% im Vergleich zum Vorjahr, und der Betriebsgewinn betrug 1,6 Milliarden Euro, ein Anstieg von 34,6% im Vergleich zum Vorjahr. Im Jahr 2017 war die Gewinnmarge von \u0160koda die zweith\u00f6chste aller Marken des VW-Konzerns, Porsche lag auf Platz eins.<br \/>\n[\/et_pb_text][\/et_pb_column][\/et_pb_row][et_pb_row _builder_version=\"4.16\u2033 background_size=\"initial\" background_position=\"top_left\" background_repeat=\"repeat\" custom_padding=\"26.3594px|0px|2px|0px\" global_colors_info=\"{}\"][et_pb_column type=\"4_4\u2033 _builder_version=\"4.16\u2033 custom_padding=\"|||\" global_colors_info=\"{}\" custom_padding__hover=\"|||\"][et_pb_text _builder_version=\"4.18.0\u2033 background_colour=\"rgba(12,113,195,0.18)\" custom_margin=\"0px|||\" custom_padding=\"10px|20px|10px|20px\" global_colors_info=\"{}\"]<\/p>\n<h2 style=\"text-align: center;\">Skoda-Datenbank<\/h2>\n<p style=\"text-align: center;\">Die folgenden \u00dcbersichten zeigen Wartungsintervalle, ben\u00f6tigtes Motor\u00f6l und Tipps zu den aktuellen Skoda-Modellen. Die Intervalle und Richtlinien sind nur ein Anhaltspunkt, es k\u00f6nnen Umst\u00e4nde eintreten, die eine Werkstatt veranlassen, eine andere Empfehlung auszusprechen.<\/p>\n<p>[\/et_pb_text][\/et_pb_column][\/et_pb_row][\/et_pb_section][et_pb_section fb_built=\"1\u2033 _builder_version=\"4.16\u2033 custom_padding=\"1px|0px|52.7188px|0px\" global_colors_info=\"{}\"][et_pb_row _builder_version=\"4.16\u2033 background_size=\"initial\" background_position=\"top_left\" background_repeat=\"repeat\" global_colors_info=\"{}\"][et_pb_column type=\"4_4\u2033 _builder_version=\"4.16\u2033 custom_padding=\"|||\" global_colors_info=\"{}\" custom_padding__hover=\"|||\"][et_pb_text _builder_version=\"4.16\u2033 global_colors_info=\"{}\"]<\/p>\n<h2>Wann ist ein Skoda-Zahnriemen zu wechseln?<\/h2>\n<p>Der Zahnriemen oder die Kette ist f\u00fcr (fast) jeden Verbrennungsmotor unverzichtbar, denn ohne sie kann es keine Verbrennung geben. Denn der Zahnriemen sorgt daf\u00fcr, dass die Nockenwelle, die Kurbelwelle und die Ventile \u00fcber diesen Riemen oder diese Kette angetrieben werden. Fast alle Skodas haben einen Zahnriemen, der in regelm\u00e4\u00dfigen Abst\u00e4nden gewechselt werden muss. Nachfolgend pro Modell die uns bekannten Intervalle:<\/p>\n<ul>\n<li><a href=\"https:\/\/autobaak.nl\/de\/skoda-citigo\/\">Skoda Citigo<\/a><\/li>\n<li><a href=\"https:\/\/autobaak.nl\/de\/skoda-fabia\/\">Skoda Fabia\u00a0<\/a><\/li>\n<li><a href=\"https:\/\/autobaak.nl\/de\/skoda-octavia\/\">Skoda Octavia\u00a0<\/a><\/li>\n<li><a href=\"https:\/\/autobaak.nl\/de\/skoda-superb\/\">Skoda Superb<\/a><\/li>\n<li><a href=\"https:\/\/autobaak.nl\/de\/skoda-yeti\/\">Skoda Yeti\u00a0<\/a><\/li>\n<li><a href=\"https:\/\/autobaak.nl\/de\/skoda-rapid\/\">Skoda Rapid\u00a0<\/a><\/li>\n<li><a href=\"https:\/\/autobaak.nl\/de\/skoda-roomster\/\">Skoda Roomster<\/a><\/li>\n<\/ul>\n<p>[\/et_pb_text][et_pb_text _builder_version=\"4.19.4\u2033 hover_enabled=\"0\u2033 global_colors_info=\"{}\" sticky_enabled=\"0\u2033]<\/p>\n<h3>Skoda Reifendruck<\/h3>\n<p>Der Reifendruck Ihres Skoda sollte monatlich \u00fcberpr\u00fcft werden, damit Sie eine optimale Leistung genie\u00dfen k\u00f6nnen. Au\u00dferdem kann ein falscher Reifendruck zu einem hohen Kraftstoffverbrauch f\u00fchren und die Reifen k\u00f6nnen schneller oder unregelm\u00e4\u00dfig verschlei\u00dfen. Auf den folgenden Seiten finden Sie eine \u00dcbersicht der Reifendr\u00fccke f\u00fcr Ihren Skoda:<\/p>\n<ul>\n<li><a href=\"https:\/\/autobaak.nl\/de\/reifendruck-skoda-superb\/\">Supberb<\/a><\/li>\n<li><a href=\"https:\/\/autobaak.nl\/de\/reifendruck-skoda-superb-combi\/\">Supberb Kombi<\/a><\/li>\n<li><a href=\"https:\/\/autobaak.nl\/de\/reifendruck-skoda-roomster\/\">Roomster<\/a><\/li>\n<li><a href=\"https:\/\/autobaak.nl\/de\/reifendruck-skoda-praktik\/\">Praktikum<\/a><\/li>\n<li><a href=\"https:\/\/autobaak.nl\/de\/reifendruck-skoda-octavia\/\">Octavia<\/a><\/li>\n<li><a href=\"https:\/\/autobaak.nl\/de\/reifendruck-skoda-octavia-combi\/\">Octavia Kombi<\/a><\/li>\n<li><a href=\"https:\/\/autobaak.nl\/de\/reifendruck-skoda-octavia-scout\/\">Octavia-Pfadfinder<\/a><\/li>\n<li><a href=\"https:\/\/autobaak.nl\/de\/reifendruck-skoda-forfour\/\">Forfour<\/a><\/li>\n<li><a href=\"https:\/\/autobaak.nl\/de\/reifendruck-skoda-fabia\/\">Fabia<\/a><\/li>\n<li><a href=\"https:\/\/autobaak.nl\/de\/reifendruck-skoda-fabia-combi\/\">Fabia Kombi<\/a><\/li>\n<li><a href=\"https:\/\/autobaak.nl\/de\/reifendruck-skoda-rapid-spaceback\/\">Schnelle R\u00fcckkehr ins All<\/a><\/li>\n<li><a href=\"https:\/\/autobaak.nl\/de\/reifendruck-skoda-crossblade\/\">Crossblade<\/a><\/li>\n<\/ul>\n<h3>Skoda Autolampen<\/h3>\n<p>Sie m\u00f6chten die Gl\u00fchbirnen in Ihrem Skoda austauschen, wissen aber nicht, welche Art von Autogl\u00fchbirne Sie ben\u00f6tigen? Zu diesem <a href=\"https:\/\/autobaak.nl\/de\/skoda-lampe-ubersicht\/\">Autogl\u00fchbirnen Skoda<\/a> Seite haben wir eine Liste mit allen Lampen zusammengestellt.<\/p>\n<blockquote class=\"wp-embedded-content\" data-secret=\"3bEIngx6O4\"><p><a href=\"https:\/\/autobaak.nl\/de\/skoda-lampe-ubersicht\/\">Skoda Gl\u00fchbirne \u00dcbersicht<\/a><\/p><\/blockquote>\n<p><iframe loading=\"lazy\" class=\"wp-embedded-content\" sandbox=\"allow-scripts\" security=\"restricted\" style=\"position: absolute; clip: rect(1px, 1px, 1px, 1px);\" title=\"&quot;Skoda Lampen\u00fcbersicht&quot; - Autobook alles f\u00fcr und \u00fcber Autos\" src=\"https:\/\/autobaak.nl\/skoda-lampenoverzicht\/embed\/#?secret=6g4CdRnJ5A#?secret=3bEIngx6O4\" data-secret=\"3bEIngx6O4\" width=\"600\" height=\"338\" frameborder=\"0\" marginwidth=\"0\" marginheight=\"0\" scrolling=\"no\"><\/iframe><\/p>\n<p>&nbsp;<\/p>\n<p>[\/et_pb_text][\/et_pb_column][\/et_pb_row][et_pb_row column_structure=\"1_2,1_2\u2033 _builder_version=\"4.17.4\u2033 _module_preset=\"default\" global_colors_info=\"{}\"][et_pb_column type=\"1_2\u2033 _builder_version=\"4.17.4\u2033 _module_preset=\"default\" global_colors_info=\"{}\"][et_pb_text _builder_version=\"4.18.0\u2033 _module_preset=\"default\" global_colors_info=\"{}\"]<\/p>\n<h3>Welches Motor\u00f6l Skoda<\/h3>\n<p>Der rechtzeitige Wechsel des Motor\u00f6ls ist entscheidend f\u00fcr den Zustand Ihres Motors. Dar\u00fcber hinaus ist es wichtig zu wissen, welches Motor\u00f6l Sie ben\u00f6tigen. Im Serviceheft ist in der Regel immer das passende Motor\u00f6l angegeben. Sie wollen wissen, welches Motor\u00f6l Ihr Skoda braucht? Dann nutzen Sie die praktische Suchfunktion von Kroon oil:<\/p>\n<p>[\/et_pb_text][\/et_pb_column][et_pb_column type=\"1_2\u2033 _builder_version=\"4.17.4\u2033 _module_preset=\"default\" global_colors_info=\"{}\"][et_pb_text _builder_version=\"4.18.0\u2033 _module_preset=\"default\" global_colors_info=\"{}\"]<\/p>\n<p><script type=\"text\/javascript\" src=\"\/\/kroon-oil.com\/adviesbanners\/v3\/bnr-js.php?lang=nl&amp;type=reg&amp;theme=light\"><\/script><\/p>\n<p>[\/et_pb_text][\/et_pb_column][\/et_pb_row][\/et_pb_section].<\/p>","protected":false},"excerpt":{"rendered":"<p>Die Geburt von Skoda \u0160koda Auto, besser bekannt als \u0160koda, ist ein tschechischer Automobilhersteller, der 1895 als Laurin &amp; Klement gegr\u00fcndet wurde. Ihr Hauptsitz befindet sich in Mlad\u00e1 Boleslav, Tschechische Republik. Im Jahr 1925 wurde Laurin &amp; Klement vom Industriekonglomerat \u0160koda Works \u00fcbernommen, das sich seit 1948 in Staatsbesitz befindet. Nach 1991 wurde sie schrittweise [...]<\/p>","protected":false},"author":1,"featured_media":0,"parent":0,"menu_order":0,"comment_status":"closed","ping_status":"closed","template":"","meta":{"_et_pb_use_builder":"on","_et_pb_old_content":"","_et_gb_content_width":"","footnotes":""},"class_list":["post-888","page","type-page","status-publish","hentry"],"yoast_head":"<!-- This site is optimized with the Yoast SEO plugin v27.4 - https:\/\/yoast.com\/product\/yoast-seo-wordpress\/ -->\n<title>Skoda Home Onderhoudstips en intervallen van dit automerk<\/title>\n<meta name=\"description\" content=\"Skoda home de pagina voor onderhoudstips en intervallen. O.a. de distributieriemintervallen van de Fabia, Octavia, Superb etc.\" \/>\n<meta name=\"robots\" content=\"index, follow, max-snippet:-1, max-image-preview:large, max-video-preview:-1\" \/>\n<link rel=\"canonical\" href=\"https:\/\/autobaak.nl\/de\/skoda-startseite\/\" \/>\n<meta property=\"og:locale\" content=\"de_DE\" \/>\n<meta property=\"og:type\" content=\"article\" \/>\n<meta property=\"og:title\" content=\"Skoda Home Onderhoudstips en intervallen van dit automerk\" \/>\n<meta property=\"og:description\" content=\"Skoda home de pagina voor onderhoudstips en intervallen. O.a. de distributieriemintervallen van de Fabia, Octavia, Superb etc.\" \/>\n<meta property=\"og:url\" content=\"https:\/\/autobaak.nl\/de\/skoda-startseite\/\" \/>\n<meta property=\"og:site_name\" content=\"Autobaak.nl\" \/>\n<meta property=\"article:modified_time\" content=\"2023-02-08T13:20:59+00:00\" \/>\n<meta name=\"twitter:card\" content=\"summary_large_image\" \/>\n<meta name=\"twitter:label1\" content=\"Gesch\u00e4tzte Lesezeit\" \/>\n\t<meta name=\"twitter:data1\" content=\"3\u00a0Minuten\" \/>\n<script type=\"application\/ld+json\" class=\"yoast-schema-graph\">{\"@context\":\"https:\\\/\\\/schema.org\",\"@graph\":[{\"@type\":\"WebPage\",\"@id\":\"https:\\\/\\\/autobaak.nl\\\/skoda-home\\\/\",\"url\":\"https:\\\/\\\/autobaak.nl\\\/skoda-home\\\/\",\"name\":\"Skoda Home Onderhoudstips en intervallen van dit automerk\",\"isPartOf\":{\"@id\":\"https:\\\/\\\/autobaak.nl\\\/#website\"},\"datePublished\":\"2018-11-04T16:09:12+00:00\",\"dateModified\":\"2023-02-08T13:20:59+00:00\",\"description\":\"Skoda home de pagina voor onderhoudstips en intervallen. O.a. de distributieriemintervallen van de Fabia, Octavia, Superb etc.\",\"breadcrumb\":{\"@id\":\"https:\\\/\\\/autobaak.nl\\\/skoda-home\\\/#breadcrumb\"},\"inLanguage\":\"de\",\"potentialAction\":[{\"@type\":\"ReadAction\",\"target\":[\"https:\\\/\\\/autobaak.nl\\\/skoda-home\\\/\"]}]},{\"@type\":\"BreadcrumbList\",\"@id\":\"https:\\\/\\\/autobaak.nl\\\/skoda-home\\\/#breadcrumb\",\"itemListElement\":[{\"@type\":\"ListItem\",\"position\":1,\"name\":\"Home\",\"item\":\"https:\\\/\\\/autobaak.nl\\\/\"},{\"@type\":\"ListItem\",\"position\":2,\"name\":\"Skoda Home\"}]},{\"@type\":\"WebSite\",\"@id\":\"https:\\\/\\\/autobaak.nl\\\/#website\",\"url\":\"https:\\\/\\\/autobaak.nl\\\/\",\"name\":\"Autobaak.nl\",\"description\":\"Cars &amp; Racing\",\"potentialAction\":[{\"@type\":\"SearchAction\",\"target\":{\"@type\":\"EntryPoint\",\"urlTemplate\":\"https:\\\/\\\/autobaak.nl\\\/?s={search_term_string}\"},\"query-input\":{\"@type\":\"PropertyValueSpecification\",\"valueRequired\":true,\"valueName\":\"search_term_string\"}}],\"inLanguage\":\"de\"}]}<\/script>\n<!-- \/ Yoast SEO plugin. -->","yoast_head_json":{"title":"Skoda Home Wartungstipps und -intervalle f\u00fcr diese Automarke","description":"Skoda home die Seite f\u00fcr Wartungstipps und -intervalle. Zum Beispiel die Zeitplanung f\u00fcr den Fabia, Octavia, Superb usw.","robots":{"index":"index","follow":"follow","max-snippet":"max-snippet:-1","max-image-preview":"max-image-preview:large","max-video-preview":"max-video-preview:-1"},"canonical":"https:\/\/autobaak.nl\/de\/skoda-startseite\/","og_locale":"de_DE","og_type":"article","og_title":"Skoda Home Onderhoudstips en intervallen van dit automerk","og_description":"Skoda home de pagina voor onderhoudstips en intervallen. O.a. de distributieriemintervallen van de Fabia, Octavia, Superb etc.","og_url":"https:\/\/autobaak.nl\/de\/skoda-startseite\/","og_site_name":"Autobaak.nl","article_modified_time":"2023-02-08T13:20:59+00:00","twitter_card":"summary_large_image","twitter_misc":{"Gesch\u00e4tzte Lesezeit":"3\u00a0Minuten"},"schema":{"@context":"https:\/\/schema.org","@graph":[{"@type":"WebPage","@id":"https:\/\/autobaak.nl\/skoda-home\/","url":"https:\/\/autobaak.nl\/skoda-home\/","name":"Skoda Home Wartungstipps und -intervalle f\u00fcr diese Automarke","isPartOf":{"@id":"https:\/\/autobaak.nl\/#website"},"datePublished":"2018-11-04T16:09:12+00:00","dateModified":"2023-02-08T13:20:59+00:00","description":"Skoda home die Seite f\u00fcr Wartungstipps und -intervalle. Zum Beispiel die Zeitplanung f\u00fcr den Fabia, Octavia, Superb usw.","breadcrumb":{"@id":"https:\/\/autobaak.nl\/skoda-home\/#breadcrumb"},"inLanguage":"de","potentialAction":[{"@type":"ReadAction","target":["https:\/\/autobaak.nl\/skoda-home\/"]}]},{"@type":"BreadcrumbList","@id":"https:\/\/autobaak.nl\/skoda-home\/#breadcrumb","itemListElement":[{"@type":"ListItem","position":1,"name":"Home","item":"https:\/\/autobaak.nl\/"},{"@type":"ListItem","position":2,"name":"Skoda Home"}]},{"@type":"WebSite","@id":"https:\/\/autobaak.nl\/#website","url":"https:\/\/autobaak.nl\/","name":"Autobook.de","description":"Autos &amp; Rennsport","potentialAction":[{"@type":"SearchAction","target":{"@type":"EntryPoint","urlTemplate":"https:\/\/autobaak.nl\/?s={search_term_string}"},"query-input":{"@type":"PropertyValueSpecification","valueRequired":true,"valueName":"search_term_string"}}],"inLanguage":"de"}]}},"_links":{"self":[{"href":"https:\/\/autobaak.nl\/de\/wp-json\/wp\/v2\/pages\/888","targetHints":{"allow":["GET"]}}],"collection":[{"href":"https:\/\/autobaak.nl\/de\/wp-json\/wp\/v2\/pages"}],"about":[{"href":"https:\/\/autobaak.nl\/de\/wp-json\/wp\/v2\/types\/page"}],"author":[{"embeddable":true,"href":"https:\/\/autobaak.nl\/de\/wp-json\/wp\/v2\/users\/1"}],"replies":[{"embeddable":true,"href":"https:\/\/autobaak.nl\/de\/wp-json\/wp\/v2\/comments?post=888"}],"version-history":[{"count":0,"href":"https:\/\/autobaak.nl\/de\/wp-json\/wp\/v2\/pages\/888\/revisions"}],"wp:attachment":[{"href":"https:\/\/autobaak.nl\/de\/wp-json\/wp\/v2\/media?parent=888"}],"curies":[{"name":"wp","href":"https:\/\/api.w.org\/{rel}","templated":true}]}}