{"id":894,"date":"2018-11-04T16:34:47","date_gmt":"2018-11-04T16:34:47","guid":{"rendered":"https:\/\/autobaak.nl\/?page_id=894"},"modified":"2023-02-08T14:20:15","modified_gmt":"2023-02-08T13:20:15","slug":"sitz-nach-hause","status":"publish","type":"page","link":"https:\/\/autobaak.nl\/de\/sitz-nach-hause\/","title":{"rendered":"Sitz Zuhause"},"content":{"rendered":"<p>[et_pb_section fb_built=\"1\u2033 inner_shadow=\"on\" fullwidth=\"on\" _builder_version=\"4.18.0\u2033 background_image=\"https:\/\/autobaak.nl\/wp-content\/uploads\/2022\/08\/pexels-jesse-zheng-1213295.jpg\" global_colors_info=\"{}\"][et_pb_fullwidth_header title=\"Skoda Home\" subhead=\"N\u00fctzliche Informationen \u00fcber Skoda\" text_orientation=\"centre\" _builder_version=\"4.18.0\u2033 content_font_size=\"15px\" background_color=\"rgba(255, 255, 255, 0)\" background_image=\"https:\/\/autobaak.nl\/wp-content\/uploads\/2022\/09\/skoda.jpg\" text_shadow_style=\"preset5\u2033 text_shadow_color=\"rgba(0,0,0,0.52)\" global_colors_info=\"{}\" button_one_text_size__hover_enabled=\"off\" button_one_text_size__hover=\"null\" button_two_text_size__hover_enabled=\"off\" button_two_text_size__hover=\"null\" button_one_text_color__hover_enabled=\"off\" button_one_text_color__hover=\"null\" button_two_text_color__hover_enabled=\"off\" button_two_text_color__hover=\"null\" button_one_border_width__hover_enabled=\"off\" button_one_border_width__hover=\"null\" button_two_border_width__hover_enabled=\"off\" button_two_border_width__hover=\"null\" button_one_border_color__hover_enabled=\"off\" button_one_border_color__hover=\"null\" button_two_border_color__hover_enabled=\"off\" button_two_border_color__hover=\"null\" button_one_border_radius__hover_enabled=\"off\" button_one_border_radius__hover=\"null\" button_two_border_radius__hover_enabled=\"off\" button_two_border_radius__hover=\"null\" button_one_letter_spacing__hover_enabled=\"off\" button_one_letter_spacing__hover=\"null\" button_two_letter_spacing__hover_enabled=\"off\" button_two_letter_spacing__hover=\"null\" button_one_bg_color__hover_enabled=\"off\" button_one_bg_color__hover=\"null\" button_two_bg_color__hover_enabled=\"off\" button_two_bg_color__hover=\"null\"][\/et_pb_fullwidth_header][\/et_pb_section][et_pb_section fb_built=\"1\u2033 _builder_version=\"4.16\u2033 custom_padding=\"2px|0px|3px|0px\" global_colors_info=\"{}\"][et_pb_row _builder_version=\"4.16\u2033 background_size=\"initial\" background_position=\"top_left\" background_repeat=\"repeat\" custom_padding=\"26.3594px|0px|2px|0px\" global_colors_info=\"{}\"][et_pb_column type=\"4_4\u2033 _builder_version=\"4.16\u2033 custom_padding=\"|||\" global_colors_info=\"{}\" custom_padding__hover=\"|||\"][et_pb_text _builder_version=\"4.16\u2033 global_colors_info=\"{}\"]<\/p>\n<h2>Die Urspr\u00fcnge von Seat<\/h2>\n<p>SEAT, S.A. ist ein spanischer Automobilhersteller mit Hauptsitz in Martorell, Barcelona. Sie wurde am 9. Mai 1950 vom Instituto Nacional de Industria (INI), einer staatlichen spanischen Industrieholding, gegr\u00fcndet. Bald wurde es zum gr\u00f6\u00dften Automobilzulieferer in Spanien. 1986 verkaufte die spanische Regierung SEAT an den deutschen Volkswagen-Konzern, dessen hundertprozentige Tochtergesellschaft das Unternehmen bis heute ist.<\/p>\n<p>Der Hauptsitz von SEAT, S.A. befindet sich im SEAT-Industriekomplex in Martorell, in der N\u00e4he von Barcelona. Bis zum Jahr 2000 erreichte die Jahresproduktion einen H\u00f6chststand von mehr als 500.000 Autos; insgesamt wurden bis 2006 mehr als 16 Millionen Autos produziert, von denen mehr als 6 Millionen aus dem Werk Martorell kamen. Drei Viertel der Jahresproduktion werden in mehr als 70 L\u00e4nder weltweit exportiert.<br \/>\n[\/et_pb_text][\/et_pb_column][\/et_pb_row][et_pb_row _builder_version=\"4.16\u2033 background_size=\"initial\" background_position=\"top_left\" background_repeat=\"repeat\" custom_padding=\"26.3594px|0px|2px|0px\" global_colors_info=\"{}\"][et_pb_column type=\"4_4\u2033 _builder_version=\"4.16\u2033 custom_padding=\"|||\" global_colors_info=\"{}\" custom_padding__hover=\"|||\"][et_pb_text _builder_version=\"4.18.0\u2033 background_colour=\"rgba(12,113,195,0.18)\" custom_margin=\"0px|||\" custom_padding=\"10px|20px|10px|20px\" global_colors_info=\"{}\"]<\/p>\n<h2 style=\"text-align: center;\">Datenbank Sitz<\/h2>\n<p style=\"text-align: center;\">Die folgenden \u00dcbersichten zeigen Wartungsintervalle, Motor\u00f6lbedarf und Tipps f\u00fcr die neuesten Seat Modelle. Die Intervalle und Richtlinien sind nur ein Anhaltspunkt. Es k\u00f6nnen Umst\u00e4nde eintreten, die eine Werkstatt veranlassen, eine andere Empfehlung auszusprechen.<\/p>\n<p>[\/et_pb_text][\/et_pb_column][\/et_pb_row][\/et_pb_section][et_pb_section fb_built=\"1\u2033 _builder_version=\"4.16\u2033 custom_padding=\"1px|0px|52.7188px|0px\" global_colors_info=\"{}\"][et_pb_row _builder_version=\"4.16\u2033 background_size=\"initial\" background_position=\"top_left\" background_repeat=\"repeat\" global_colors_info=\"{}\"][et_pb_column type=\"4_4\u2033 _builder_version=\"4.16\u2033 custom_padding=\"|||\" global_colors_info=\"{}\" custom_padding__hover=\"|||\"][et_pb_text _builder_version=\"4.19.4\u2033 hover_enabled=\"0\u2033 global_colors_info=\"{}\" sticky_enabled=\"0\u2033]<\/p>\n<h2>Wann ist ein Seat-Zahnriemen zu wechseln?<\/h2>\n<p>Der Zahnriemen oder die Kette ist f\u00fcr (fast) jeden Verbrennungsmotor unverzichtbar, denn ohne sie kann es keine Verbrennung geben. Denn der Zahnriemen sorgt daf\u00fcr, dass die Nockenwelle, die Kurbelwelle und die Ventile durch diesen Riemen oder diese Kette angetrieben werden. Fast alle Seats haben einen Zahnriemen, der in regelm\u00e4\u00dfigen Abst\u00e4nden gewechselt werden muss. Im Folgenden sind die uns bekannten Intervalle pro Modell aufgef\u00fchrt:<\/p>\n<ul>\n<li><a href=\"https:\/\/autobaak.nl\/de\/sitz-arosa\/\">Sitz Arosa\u00a0<\/a><\/li>\n<li><a href=\"https:\/\/autobaak.nl\/de\/sitz-ibiza\/\">Seat Ibiza<\/a><\/li>\n<li><a href=\"https:\/\/autobaak.nl\/de\/sitzleone\/\">Seat Leon\u00a0<\/a><\/li>\n<li><a href=\"https:\/\/autobaak.nl\/de\/sitz-toledo\/\">Sitz Toledo<\/a><\/li>\n<li><a href=\"https:\/\/autobaak.nl\/de\/sitz-altea\/\">Sitz Altea<\/a><\/li>\n<li><a href=\"https:\/\/autobaak.nl\/de\/sitz-alhambra\/\">Sitz Alhambra<\/a><\/li>\n<\/ul>\n<h3>Reifendruck am Sitz<\/h3>\n<p>Der Reifendruck Ihres Seat sollte monatlich \u00fcberpr\u00fcft werden, damit Sie eine optimale Leistung genie\u00dfen k\u00f6nnen. Au\u00dferdem kann ein falscher Reifendruck zu einem hohen Kraftstoffverbrauch und einem schnelleren oder unregelm\u00e4\u00dfigen Verschlei\u00df der Reifen f\u00fchren. Auf den folgenden Seiten finden Sie eine \u00dcbersicht der Reifendr\u00fccke f\u00fcr Ihren Seat:<\/p>\n<ul>\n<li><a href=\"https:\/\/autobaak.nl\/de\/reifendrucksitz-toledo\/\">Toledo (1, 2 und 3)<\/a><\/li>\n<li><a href=\"https:\/\/autobaak.nl\/de\/reifendrucksitz-mii\/\">Mii<\/a><\/li>\n<li><a href=\"https:\/\/autobaak.nl\/de\/reifendrucksitz-leon\/\">Leon<\/a><\/li>\n<li><a href=\"https:\/\/autobaak.nl\/de\/reifendruck-sitz-ibiza\/\">Ibiza<\/a><\/li>\n<li><a href=\"https:\/\/autobaak.nl\/de\/reifendruck-sitz-ibiza-st\/\">Ibiza ST<\/a><\/li>\n<li><a href=\"https:\/\/autobaak.nl\/de\/reifendrucksitz-exeo\/\">Exeo<\/a><\/li>\n<li><a href=\"https:\/\/autobaak.nl\/de\/reifendrucksitz-exeo-st\/\">Exeo ST<\/a><\/li>\n<li><a href=\"https:\/\/autobaak.nl\/de\/reifendrucksitz-cordoba\/\">Cordoba<\/a><\/li>\n<li><a href=\"https:\/\/autobaak.nl\/de\/reifendrucksitz-arosa\/\">Arosa<\/a><\/li>\n<li><a href=\"https:\/\/autobaak.nl\/de\/reifendrucksitz-altea\/\">Altea<\/a><\/li>\n<li><a href=\"https:\/\/autobaak.nl\/de\/reifendrucksitz-altea-xl\/\">Altea XL<\/a><\/li>\n<li><a href=\"https:\/\/autobaak.nl\/de\/reifendrucksitz-altea-freetrack\/\">Altea Freetrack<\/a><\/li>\n<\/ul>\n<h3>Sitz Autolampen<\/h3>\n<p>Sie m\u00f6chten die Gl\u00fchbirnen in Ihrem Seat austauschen, wissen aber nicht, welche Art von Autogl\u00fchbirne Sie ben\u00f6tigen? Zu diesem <a href=\"https:\/\/autobaak.nl\/de\/ubersicht-sitzleuchten\/\">Autogl\u00fchbirnen Sitz<\/a> Seite haben wir eine Liste mit allen Lampen zusammengestellt.<\/p>\n<blockquote class=\"wp-embedded-content\" data-secret=\"ATwDCNP8ws\"><p><a href=\"https:\/\/autobaak.nl\/de\/ubersicht-sitzleuchten\/\">\u00dcbersicht \u00fcber Sitzgl\u00fchbirnen<\/a><\/p><\/blockquote>\n<p><iframe loading=\"lazy\" class=\"wp-embedded-content\" sandbox=\"allow-scripts\" security=\"restricted\" style=\"position: absolute; clip: rect(1px, 1px, 1px, 1px);\" title=\"&quot;Sitzleuchten\u00fcbersicht&quot; - Autobook alles f\u00fcr und \u00fcber Autos\" src=\"https:\/\/autobaak.nl\/seat-lampenoverzicht\/embed\/#?secret=eOzaU0mMYD#?secret=ATwDCNP8ws\" data-secret=\"ATwDCNP8ws\" width=\"600\" height=\"338\" frameborder=\"0\" marginwidth=\"0\" marginheight=\"0\" scrolling=\"no\"><\/iframe><\/p>\n<p>&nbsp;<\/p>\n<p>[\/et_pb_text][\/et_pb_column][\/et_pb_row][et_pb_row column_structure=\"1_2,1_2\u2033 _builder_version=\"4.17.4\u2033 _module_preset=\"default\" global_colors_info=\"{}\"][et_pb_column type=\"1_2\u2033 _builder_version=\"4.17.4\u2033 _module_preset=\"default\" global_colors_info=\"{}\"][et_pb_text _builder_version=\"4.18.0\u2033 _module_preset=\"default\" global_colors_info=\"{}\"]<\/p>\n<h3>Welches Motor\u00f6l Sitz<\/h3>\n<p>Der rechtzeitige Wechsel des Motor\u00f6ls ist entscheidend f\u00fcr den Zustand Ihres Motors. Dar\u00fcber hinaus ist es wichtig zu wissen, welches Motor\u00f6l Sie ben\u00f6tigen. Im Serviceheft ist in der Regel immer das passende Motor\u00f6l angegeben. Sie m\u00f6chten wissen, welches Motor\u00f6l Sie in Ihren Seat einf\u00fcllen sollen? Dann nutzen Sie die praktische Suchfunktion von Kroon Oil:<\/p>\n<p>[\/et_pb_text][\/et_pb_column][et_pb_column type=\"1_2\u2033 _builder_version=\"4.17.4\u2033 _module_preset=\"default\" global_colors_info=\"{}\"][et_pb_text _builder_version=\"4.18.0\u2033 _module_preset=\"default\" global_colors_info=\"{}\"]<\/p>\n<p><script type=\"text\/javascript\" src=\"\/\/kroon-oil.com\/adviesbanners\/v3\/bnr-js.php?lang=nl&amp;type=reg&amp;theme=light\"><\/script><\/p>\n<p>[\/et_pb_text][\/et_pb_column][\/et_pb_row][\/et_pb_section].<\/p>","protected":false},"excerpt":{"rendered":"<p>Die Urspr\u00fcnge von Seat SEAT, S.A. ist ein spanischer Automobilhersteller mit Hauptsitz in Martorell, Barcelona. Er wurde am 9. Mai 1950 vom Instituto Nacional de Industria (INI), einer staatlichen spanischen Industrieholding, gegr\u00fcndet. Es wurde bald zum gr\u00f6\u00dften Automobilhersteller in Spanien. Im Jahr 1986 verkaufte die spanische Regierung SEAT an die [...]<\/p>","protected":false},"author":1,"featured_media":0,"parent":0,"menu_order":0,"comment_status":"closed","ping_status":"closed","template":"","meta":{"_et_pb_use_builder":"on","_et_pb_old_content":"","_et_gb_content_width":"","footnotes":""},"class_list":["post-894","page","type-page","status-publish","hentry"],"yoast_head":"<!-- This site is optimized with the Yoast SEO plugin v27.5 - https:\/\/yoast.com\/product\/yoast-seo-wordpress\/ -->\n<title>Seat Home - Onderhoudstips voor dit Spaans\/Duitse auto merk<\/title>\n<meta name=\"description\" content=\"Seat Home de plek voor onderhoudstips over verschillende Seat modellen. Waaronder de Arosa, Altea, Leon, Ibiza, Toledo en de Alhambra. Lees verder\" \/>\n<meta name=\"robots\" content=\"index, follow, max-snippet:-1, max-image-preview:large, max-video-preview:-1\" \/>\n<link rel=\"canonical\" href=\"https:\/\/autobaak.nl\/de\/sitz-nach-hause\/\" \/>\n<meta property=\"og:locale\" content=\"de_DE\" \/>\n<meta property=\"og:type\" content=\"article\" \/>\n<meta property=\"og:title\" content=\"Seat Home - Onderhoudstips voor dit Spaans\/Duitse auto merk\" \/>\n<meta property=\"og:description\" content=\"Seat Home de plek voor onderhoudstips over verschillende Seat modellen. Waaronder de Arosa, Altea, Leon, Ibiza, Toledo en de Alhambra. Lees verder\" \/>\n<meta property=\"og:url\" content=\"https:\/\/autobaak.nl\/de\/sitz-nach-hause\/\" \/>\n<meta property=\"og:site_name\" content=\"Autobaak.nl\" \/>\n<meta property=\"article:modified_time\" content=\"2023-02-08T13:20:15+00:00\" \/>\n<meta name=\"twitter:card\" content=\"summary_large_image\" \/>\n<meta name=\"twitter:label1\" content=\"Gesch\u00e4tzte Lesezeit\" \/>\n\t<meta name=\"twitter:data1\" content=\"3\u00a0Minuten\" \/>\n<script type=\"application\/ld+json\" class=\"yoast-schema-graph\">{\"@context\":\"https:\\\/\\\/schema.org\",\"@graph\":[{\"@type\":\"WebPage\",\"@id\":\"https:\\\/\\\/autobaak.nl\\\/seat-home\\\/\",\"url\":\"https:\\\/\\\/autobaak.nl\\\/seat-home\\\/\",\"name\":\"Seat Home - Onderhoudstips voor dit Spaans\\\/Duitse auto merk\",\"isPartOf\":{\"@id\":\"https:\\\/\\\/autobaak.nl\\\/#website\"},\"datePublished\":\"2018-11-04T16:34:47+00:00\",\"dateModified\":\"2023-02-08T13:20:15+00:00\",\"description\":\"Seat Home de plek voor onderhoudstips over verschillende Seat modellen. Waaronder de Arosa, Altea, Leon, Ibiza, Toledo en de Alhambra. Lees verder\",\"breadcrumb\":{\"@id\":\"https:\\\/\\\/autobaak.nl\\\/seat-home\\\/#breadcrumb\"},\"inLanguage\":\"de\",\"potentialAction\":[{\"@type\":\"ReadAction\",\"target\":[\"https:\\\/\\\/autobaak.nl\\\/seat-home\\\/\"]}]},{\"@type\":\"BreadcrumbList\",\"@id\":\"https:\\\/\\\/autobaak.nl\\\/seat-home\\\/#breadcrumb\",\"itemListElement\":[{\"@type\":\"ListItem\",\"position\":1,\"name\":\"Home\",\"item\":\"https:\\\/\\\/autobaak.nl\\\/\"},{\"@type\":\"ListItem\",\"position\":2,\"name\":\"Seat Home\"}]},{\"@type\":\"WebSite\",\"@id\":\"https:\\\/\\\/autobaak.nl\\\/#website\",\"url\":\"https:\\\/\\\/autobaak.nl\\\/\",\"name\":\"Autobaak.nl\",\"description\":\"Cars &amp; Racing\",\"potentialAction\":[{\"@type\":\"SearchAction\",\"target\":{\"@type\":\"EntryPoint\",\"urlTemplate\":\"https:\\\/\\\/autobaak.nl\\\/?s={search_term_string}\"},\"query-input\":{\"@type\":\"PropertyValueSpecification\",\"valueRequired\":true,\"valueName\":\"search_term_string\"}}],\"inLanguage\":\"de\"}]}<\/script>\n<!-- \/ Yoast SEO plugin. -->","yoast_head_json":{"title":"Seat Home - Wartungstipps f\u00fcr diese spanisch-deutsche Automarke","description":"Seat Home ist die richtige Anlaufstelle f\u00fcr Wartungstipps zu verschiedenen Seat-Modellen. Dazu geh\u00f6ren Arosa, Altea, Leon, Ibiza, Toledo und die Alhambra. Mehr lesen","robots":{"index":"index","follow":"follow","max-snippet":"max-snippet:-1","max-image-preview":"max-image-preview:large","max-video-preview":"max-video-preview:-1"},"canonical":"https:\/\/autobaak.nl\/de\/sitz-nach-hause\/","og_locale":"de_DE","og_type":"article","og_title":"Seat Home - Onderhoudstips voor dit Spaans\/Duitse auto merk","og_description":"Seat Home de plek voor onderhoudstips over verschillende Seat modellen. Waaronder de Arosa, Altea, Leon, Ibiza, Toledo en de Alhambra. Lees verder","og_url":"https:\/\/autobaak.nl\/de\/sitz-nach-hause\/","og_site_name":"Autobaak.nl","article_modified_time":"2023-02-08T13:20:15+00:00","twitter_card":"summary_large_image","twitter_misc":{"Gesch\u00e4tzte Lesezeit":"3\u00a0Minuten"},"schema":{"@context":"https:\/\/schema.org","@graph":[{"@type":"WebPage","@id":"https:\/\/autobaak.nl\/seat-home\/","url":"https:\/\/autobaak.nl\/seat-home\/","name":"Seat Home - Wartungstipps f\u00fcr diese spanisch-deutsche Automarke","isPartOf":{"@id":"https:\/\/autobaak.nl\/#website"},"datePublished":"2018-11-04T16:34:47+00:00","dateModified":"2023-02-08T13:20:15+00:00","description":"Seat Home ist die richtige Anlaufstelle f\u00fcr Wartungstipps zu verschiedenen Seat-Modellen. Dazu geh\u00f6ren Arosa, Altea, Leon, Ibiza, Toledo und die Alhambra. Mehr lesen","breadcrumb":{"@id":"https:\/\/autobaak.nl\/seat-home\/#breadcrumb"},"inLanguage":"de","potentialAction":[{"@type":"ReadAction","target":["https:\/\/autobaak.nl\/seat-home\/"]}]},{"@type":"BreadcrumbList","@id":"https:\/\/autobaak.nl\/seat-home\/#breadcrumb","itemListElement":[{"@type":"ListItem","position":1,"name":"Home","item":"https:\/\/autobaak.nl\/"},{"@type":"ListItem","position":2,"name":"Seat Home"}]},{"@type":"WebSite","@id":"https:\/\/autobaak.nl\/#website","url":"https:\/\/autobaak.nl\/","name":"Autobook.de","description":"Autos &amp; Rennsport","potentialAction":[{"@type":"SearchAction","target":{"@type":"EntryPoint","urlTemplate":"https:\/\/autobaak.nl\/?s={search_term_string}"},"query-input":{"@type":"PropertyValueSpecification","valueRequired":true,"valueName":"search_term_string"}}],"inLanguage":"de"}]}},"_links":{"self":[{"href":"https:\/\/autobaak.nl\/de\/wp-json\/wp\/v2\/pages\/894","targetHints":{"allow":["GET"]}}],"collection":[{"href":"https:\/\/autobaak.nl\/de\/wp-json\/wp\/v2\/pages"}],"about":[{"href":"https:\/\/autobaak.nl\/de\/wp-json\/wp\/v2\/types\/page"}],"author":[{"embeddable":true,"href":"https:\/\/autobaak.nl\/de\/wp-json\/wp\/v2\/users\/1"}],"replies":[{"embeddable":true,"href":"https:\/\/autobaak.nl\/de\/wp-json\/wp\/v2\/comments?post=894"}],"version-history":[{"count":0,"href":"https:\/\/autobaak.nl\/de\/wp-json\/wp\/v2\/pages\/894\/revisions"}],"wp:attachment":[{"href":"https:\/\/autobaak.nl\/de\/wp-json\/wp\/v2\/media?parent=894"}],"curies":[{"name":"wp","href":"https:\/\/api.w.org\/{rel}","templated":true}]}}