{"id":898,"date":"2018-11-04T17:52:39","date_gmt":"2018-11-04T17:52:39","guid":{"rendered":"https:\/\/autobaak.nl\/?page_id=898"},"modified":"2023-06-12T11:46:11","modified_gmt":"2023-06-12T09:46:11","slug":"volvo-zuhause","status":"publish","type":"page","link":"https:\/\/autobaak.nl\/de\/volvo-zuhause\/","title":{"rendered":"Volvo Startseite"},"content":{"rendered":"<p>[et_pb_section fb_built=\"1\u2033 inner_shadow=\"on\" fullwidth=\"on\" _builder_version=\"4.18.0\u2033 background_image=\"https:\/\/autobaak.nl\/wp-content\/uploads\/2022\/08\/pexels-jesse-zheng-1213295.jpg\" global_colors_info=\"{}\"][et_pb_fullwidth_header title=\"Skoda Home\" subhead=\"N\u00fctzliche Informationen \u00fcber Skoda\" text_orientation=\"centre\" _builder_version=\"4.18.0\u2033 content_font_size=\"15px\" background_color=\"rgba(255, 255, 255, 0)\" background_image=\"https:\/\/autobaak.nl\/wp-content\/uploads\/2022\/09\/skoda.jpg\" text_shadow_style=\"preset5\u2033 text_shadow_color=\"rgba(0,0,0,0.52)\" global_colors_info=\"{}\" button_one_text_size__hover_enabled=\"off\" button_one_text_size__hover=\"null\" button_two_text_size__hover_enabled=\"off\" button_two_text_size__hover=\"null\" button_one_text_color__hover_enabled=\"off\" button_one_text_color__hover=\"null\" button_two_text_color__hover_enabled=\"off\" button_two_text_color__hover=\"null\" button_one_border_width__hover_enabled=\"off\" button_one_border_width__hover=\"null\" button_two_border_width__hover_enabled=\"off\" button_two_border_width__hover=\"null\" button_one_border_color__hover_enabled=\"off\" button_one_border_color__hover=\"null\" button_two_border_color__hover_enabled=\"off\" button_two_border_color__hover=\"null\" button_one_border_radius__hover_enabled=\"off\" button_one_border_radius__hover=\"null\" button_two_border_radius__hover_enabled=\"off\" button_two_border_radius__hover=\"null\" button_one_letter_spacing__hover_enabled=\"off\" button_one_letter_spacing__hover=\"null\" button_two_letter_spacing__hover_enabled=\"off\" button_two_letter_spacing__hover=\"null\" button_one_bg_color__hover_enabled=\"off\" button_one_bg_color__hover=\"null\" button_two_bg_color__hover_enabled=\"off\" button_two_bg_color__hover=\"null\"][\/et_pb_fullwidth_header][\/et_pb_section][et_pb_section fb_built=\"1\u2033 _builder_version=\"4.16\u2033 custom_padding=\"2px|0px|3px|0px\" global_colors_info=\"{}\"][et_pb_row _builder_version=\"4.16\u2033 background_size=\"initial\" background_position=\"top_left\" background_repeat=\"repeat\" custom_padding=\"26.3594px|0px|2px|0px\" global_colors_info=\"{}\"][et_pb_column type=\"4_4\u2033 _builder_version=\"4.16\u2033 custom_padding=\"|||\" global_colors_info=\"{}\" custom_padding__hover=\"|||\"][et_pb_text _builder_version=\"4.16\u2033 global_colors_info=\"{}\"]<\/p>\n<h2>Die Geburt von Volvo<\/h2>\n<p>Der Markenname Volvo wurde urspr\u00fcnglich im Mai 1911 als Warenzeichen eingetragen und sollte f\u00fcr eine neue Reihe von SKF-Kugellagern verwendet werden. Es bedeutet auf Lateinisch \"Ich rolle\". Die Idee war nur von kurzer Dauer, und SKF beschloss, seine Initialen einfach als Markenzeichen f\u00fcr alle seine Lagerprodukte zu verwenden.<\/p>\n<p>1924 beschlossen Assar Gabrielsson, Verkaufsleiter bei SKF, und der Ingenieur Gustav Larson von der K\u00f6niglichen Technischen Hochschule KTH, die beiden Gr\u00fcnder, mit dem Bau eines schwedischen Autos zu beginnen. Sie planten, Autos zu bauen, die den harten Stra\u00dfen und kalten Temperaturen des Landes standhalten konnten.<\/p>\n<p>AB Volvo nahm am 10. August 1926 den Betrieb auf. Nach einem Jahr Vorbereitungszeit mit der Herstellung von 10 Prototypen war das Unternehmen bereit, die Autofabrik innerhalb der SKF Gruppe in Betrieb zu nehmen. Der Volvo-Konzern selbst behauptet, dass seine Anf\u00e4nge auf das Jahr 1927 zur\u00fcckgehen, als das erste Auto, ein Volvo \u00d6V 4, in der Fabrik in Hisingen, G\u00f6teborg, vom Band rollte. In diesem Jahr wurden nur 280 Fahrzeuge gebaut. Der erste Lkw, die \"Serie 1\", wurde im Januar 1928 vorgestellt; er war sofort ein Erfolg und erregte internationale Aufmerksamkeit. Im Jahr 1930 verkaufte Volvo 639 Fahrzeuge. Der Export von Lastkraftwagen nach Europa begann bald darauf; die Autos wurden au\u00dferhalb Schwedens erst nach dem Zweiten Weltkrieg bekannt. AB Volvo wurde 1935 an die Stockholmer B\u00f6rse gebracht, und SKF beschloss daraufhin, seine Anteile an dem Unternehmen zu verkaufen. 1942 erwarb Volvo das schwedische Feinmechanikunternehmen Svenska Flygmotor (sp\u00e4ter umbenannt in Volvo Aero). Das Unternehmen ist nun weitgehend in chinesischer Hand.<br \/>\n[\/et_pb_text][\/et_pb_column][\/et_pb_row][et_pb_row _builder_version=\"4.16\u2033 background_size=\"initial\" background_position=\"top_left\" background_repeat=\"repeat\" custom_padding=\"26.3594px|0px|2px|0px\" global_colors_info=\"{}\"][et_pb_column type=\"4_4\u2033 _builder_version=\"4.16\u2033 custom_padding=\"|||\" global_colors_info=\"{}\" custom_padding__hover=\"|||\"][et_pb_text _builder_version=\"4.16\u2033 background_color=\"rgba(12,113,195,0.18)\" custom_margin=\"0px|||\" custom_padding=\"10px|20px|10px|20px\" global_colors_info=\"{}\"]<\/p>\n<h2 style=\"text-align: center;\">Datenbank Volvo<\/h2>\n<p style=\"text-align: center;\">Die folgenden \u00dcbersichten enthalten viele n\u00fctzliche Wartungsintervalle und Tipps zu den neuesten Volvo Modellen. Die Intervalle und Richtlinien sind nur ein Anhaltspunkt, es k\u00f6nnen Umst\u00e4nde eintreten, die eine Werkstatt veranlassen, eine andere Empfehlung auszusprechen.<\/p>\n<p>[\/et_pb_text][et_pb_text _builder_version=\"4.19.4\u2033 global_colors_info=\"{}\"]<\/p>\n<h2>Wann ist ein Volvo-Zahnriemen zu wechseln?<\/h2>\n<p>Der Zahnriemen oder die Kette ist f\u00fcr (fast) jeden Verbrennungsmotor unverzichtbar, denn ohne sie kann es keine Verbrennung geben. Denn der Zahnriemen sorgt daf\u00fcr, dass die Nockenwelle, die Kurbelwelle und die Ventile \u00fcber diesen Riemen oder diese Kette angetrieben werden. Fast alle Volvo-Fahrzeuge haben einen Zahnriemen, der regelm\u00e4\u00dfig ausgetauscht werden muss. Nachfolgend pro Modell die uns bekannten Intervalle:<\/p>\n<ul>\n<li><a href=\"https:\/\/autobaak.nl\/de\/volvo-850\/\">Volvo 850<\/a><\/li>\n<li><a href=\"https:\/\/autobaak.nl\/de\/volvo-c30\/\">Volvo C30<\/a><\/li>\n<li><a href=\"https:\/\/autobaak.nl\/de\/volvo-s40\/\">Volvo S40<\/a><\/li>\n<li><a href=\"https:\/\/autobaak.nl\/de\/volvo-v40\/\">Volvo V40<\/a><\/li>\n<li><a href=\"https:\/\/autobaak.nl\/de\/volvo-v60\/\">Volvo V60<\/a><\/li>\n<li><a href=\"https:\/\/autobaak.nl\/de\/volvo-v70\/\">Volvo V70<\/a><\/li>\n<li><a href=\"https:\/\/autobaak.nl\/de\/volvo-c70\/\">Volvo C70<\/a><\/li>\n<li><a href=\"https:\/\/autobaak.nl\/de\/volvo-xc40-zahnriemen\/\">Volvo XC40<\/a><\/li>\n<li><a href=\"https:\/\/autobaak.nl\/de\/volvo-xc60\/\">Volvo XC60<\/a><\/li>\n<li><a href=\"https:\/\/autobaak.nl\/de\/volvo-xc90\/\">Volvo XC90<\/a><\/li>\n<\/ul>\n<h3>Volvo-Autolampen<\/h3>\n<p>Sie m\u00f6chten die Gl\u00fchbirnen in Ihrem Volvo austauschen, wissen aber nicht, welche Art von Autogl\u00fchbirne Sie ben\u00f6tigen? Zu diesem <a href=\"https:\/\/autobaak.nl\/de\/volvo-lampe-ubersicht\/\">Volvo-Autogl\u00fchlampen<\/a> Seite haben wir eine Liste mit allen Lampen zusammengestellt.<\/p>\n<blockquote class=\"wp-embedded-content\" data-secret=\"ZrdrpNDQcU\"><p><a href=\"https:\/\/autobaak.nl\/de\/volvo-lampe-ubersicht\/\">\u00dcbersicht Volvo-Lampen<\/a><\/p><\/blockquote>\n<p><iframe loading=\"lazy\" class=\"wp-embedded-content\" sandbox=\"allow-scripts\" security=\"restricted\" style=\"position: absolute; clip: rect(1px, 1px, 1px, 1px);\" title=\"&quot;Volvo-Lampen im \u00dcberblick&quot; - Autobaak.co.uk\" src=\"https:\/\/autobaak.nl\/volvo-lampenoverzicht\/embed\/#?secret=Y4b5mP675Q#?secret=ZrdrpNDQcU\" data-secret=\"ZrdrpNDQcU\" width=\"600\" height=\"338\" frameborder=\"0\" marginwidth=\"0\" marginheight=\"0\" scrolling=\"no\"><\/iframe><\/p>\n<h3>Reifendruck Volvo<\/h3>\n<p>Sie suchen den richtigen Reifendruck f\u00fcr Ihren Volvo? Klicken Sie unten auf das richtige Modell, um einen \u00dcberblick \u00fcber den Reifendruck zu erhalten:<\/p>\n<ul>\n<li><a href=\"https:\/\/autobaak.nl\/de\/volvo-xc70-reifendruck\/\">XC70<\/a><\/li>\n<li><a href=\"https:\/\/autobaak.nl\/de\/volvo-v70-reifendruck\/\">V70<\/a><\/li>\n<li><a href=\"https:\/\/autobaak.nl\/de\/volvo-v50-reifendruck\/\">V50<\/a><\/li>\n<li><a href=\"https:\/\/autobaak.nl\/de\/volvo-v40-reifendruck\/\">V40<\/a><\/li>\n<li><a href=\"https:\/\/autobaak.nl\/de\/volvo-s60-reifendruck\/\">S60<\/a><\/li>\n<li><a href=\"https:\/\/autobaak.nl\/de\/volvo-c70-reifendruck\/\">C70<\/a><\/li>\n<li><a href=\"https:\/\/autobaak.nl\/de\/volvo-xc90-reifendruck\/\">XC90<\/a><\/li>\n<li><a href=\"https:\/\/autobaak.nl\/de\/volvo-xc60-reifendruck\/\">XC60<\/a><\/li>\n<li><a href=\"https:\/\/autobaak.nl\/de\/volvo-xc40-reifendruck\/\">XC40<\/a><\/li>\n<li><a href=\"https:\/\/autobaak.nl\/de\/volvo-v60-reifendruck\/\">V60<\/a><\/li>\n<li><a href=\"https:\/\/autobaak.nl\/de\/volvo-v40-cross-country-reifendruck\/\">V40 Langlauf<\/a><\/li>\n<li><a href=\"https:\/\/autobaak.nl\/de\/volvo-s80-reifendruck\/\">S80<\/a><\/li>\n<li><a href=\"https:\/\/autobaak.nl\/de\/volvo-s40-reifendruck\/\">S40<\/a><\/li>\n<li><a href=\"https:\/\/autobaak.nl\/de\/volvo-c30-reifendruck\/\">C30<\/a><\/li>\n<\/ul>\n<p>&nbsp;<\/p>\n<p>[\/et_pb_text][\/et_pb_column][\/et_pb_row][\/et_pb_section][et_pb_section fb_built=\"1\u2033 _builder_version=\"4.16\u2033 custom_padding=\u201d1px|0px|52.7188px|0px\u201d global_colors_info=\u201d{}\u201d][et_pb_row column_structure=\u201d1_2,1_2\u2033 _builder_version=\u201d4.17.4\u2033 _module_preset=\"default\" global_colors_info=\"{}\"][et_pb_column type=\"1_2\u2033 _builder_version=\"4.17.4\u2033 _module_preset=\"default\" global_colors_info=\"{}\"][et_pb_text _builder_version=\"4.21.0\u2033 _module_preset=\"default\" hover_enabled=\"0\u2033 global_colors_info=\"{}\" sticky_enabled=\"0\u2033]<\/p>\n<h3>Welches Motor\u00f6l Volvo<\/h3>\n<p>Der rechtzeitige Wechsel des Motor\u00f6ls ist entscheidend f\u00fcr den Zustand Ihres Motors. Dar\u00fcber hinaus ist es wichtig zu wissen, welches Motor\u00f6l Sie ben\u00f6tigen. Im Serviceheft ist in der Regel immer das passende Motor\u00f6l angegeben. Sie m\u00f6chten wissen, welches Motor\u00f6l Sie in Ihren Volvo einf\u00fcllen m\u00fcssen? Dann klicken Sie auf Ihr Modell in der folgenden Liste:<\/p>\n<p>[\/et_pb_text][\/et_pb_column][et_pb_column type=\"1_2\u2033 _builder_version=\"4.17.4\u2033 _module_preset=\"default\" global_colors_info=\"{}\"][et_pb_text _builder_version=\"4.21.0\u2033 _module_preset=\"default\" hover_enabled=\"0\u2033 global_colors_info=\"{}\" sticky_enabled=\"0\u2033]<\/p>\n<ul>\n<li><a class=\"row-title\" href=\"https:\/\/autobaak.nl\/de\/volvo-s60-motorol\/\" aria-label=\"&quot;Motor\u00f6l Volvo S60&quot; (Bearbeiten)\">Motor\u00f6l Volvo S60<\/a><\/li>\n<li><a class=\"row-title\" href=\"https:\/\/autobaak.nl\/de\/welches-motorol-volvo-v40\/\" aria-label=\"&quot;Welches Motor\u00f6l Volvo V40&quot; (Bearbeiten)\">Motor\u00f6l Volvo V40<\/a>\u00a0<\/li>\n<li><a class=\"row-title\" href=\"https:\/\/autobaak.nl\/de\/welches-motorol-volvo-c30\/\" aria-label=\"&quot;Welches Motor\u00f6l Volvo C30&quot; (bearbeiten)\">Motor\u00f6l Volvo C30<\/a>\u00a0<\/li>\n<li><a class=\"row-title\" href=\"https:\/\/autobaak.nl\/de\/welches-motorol-volvo-c70\/\" aria-label=\"&quot;Welches Motor\u00f6l Volvo C70&quot; (bearbeiten)\">Motor\u00f6l Volvo C70<\/a><\/li>\n<li><a class=\"row-title\" href=\"https:\/\/autobaak.nl\/de\/welches-motorol-volvo-xc90\/\" aria-label=\"&quot;Welches Motor\u00f6l Volvo XC90&quot; (bearbeiten)\">Motor\u00f6l Volvo XC90<\/a>\u00a0<\/li>\n<li><a class=\"row-title\" href=\"https:\/\/autobaak.nl\/de\/welches-motorol-volvo-xc70\/\" aria-label=\"&quot;Welches Motor\u00f6l Volvo XC70&quot; (Bearbeiten)\">Motor\u00f6l Volvo XC70<\/a><\/li>\n<li><a class=\"row-title\" href=\"https:\/\/autobaak.nl\/de\/welches-motorol-volvo-xc40\/\" aria-label=\"&quot;Welches Motor\u00f6l Volvo XC70&quot; (Bearbeiten)\">Motor\u00f6l Volvo XC40<\/a><\/li>\n<li><a class=\"row-title\" href=\"https:\/\/autobaak.nl\/de\/welches-motorol-volvo-xc60\/\" aria-label=\"&quot;Welches Motor\u00f6l Volvo XC70&quot; (Bearbeiten)\">Motor\u00f6l Volvo XC60<\/a><\/li>\n<li><a class=\"row-title\" href=\"https:\/\/autobaak.nl\/de\/welches-motorol-volvo-s40\/\" aria-label=\"&quot;Welches Motor\u00f6l Volvo XC70&quot; (Bearbeiten)\">Motor\u00f6l Volvo S40<\/a><\/li>\n<li><a class=\"row-title\" href=\"https:\/\/autobaak.nl\/de\/welches-motorol-volvo-v70\/\" aria-label=\"&quot;Welches Motor\u00f6l Volvo XC70&quot; (Bearbeiten)\">Volvo V70 Motor\u00f6l<\/a><\/li>\n<li><a class=\"row-title\" href=\"https:\/\/autobaak.nl\/de\/welches-motorol-volvo-v60\/\" aria-label=\"&quot;Welches Motor\u00f6l Volvo XC70&quot; (Bearbeiten)\">Motor\u00f6l Volvo V60<\/a>\u00a0<\/li>\n<\/ul>\n<p>[\/et_pb_text][\/et_pb_column][\/et_pb_row][\/et_pb_section].<\/p>","protected":false},"excerpt":{"rendered":"<p>Die Urspr\u00fcnge von Volvo Der Markenname Volvo wurde urspr\u00fcnglich im Mai 1911 als Warenzeichen eingetragen, um f\u00fcr eine neue Reihe von SKF-Kugellagern verwendet zu werden. Das Wort bedeutet auf Lateinisch \"ich rolle\". Die Idee war jedoch nur von kurzer Dauer, und SKF beschloss, ihre Initialen einfach als Markenzeichen f\u00fcr alle ihre Kugellagerprodukte zu verwenden. [...]<\/p>","protected":false},"author":1,"featured_media":0,"parent":0,"menu_order":0,"comment_status":"closed","ping_status":"closed","template":"","meta":{"_et_pb_use_builder":"on","_et_pb_old_content":"","_et_gb_content_width":"","footnotes":""},"class_list":["post-898","page","type-page","status-publish","hentry"],"yoast_head":"<!-- This site is optimized with the Yoast SEO plugin v27.4 - https:\/\/yoast.com\/product\/yoast-seo-wordpress\/ -->\n<title>Volvo Home - Handige onderhoudstips voor dit Zweedse auto merk<\/title>\n<meta name=\"description\" content=\"Onderhoudstips voor de Volvo het Zweedse auto merk. O.a. alle distributieriemintervallen van de 850, v40, v70, xc 60 en 90 lees direct verder\" \/>\n<meta name=\"robots\" content=\"index, follow, max-snippet:-1, max-image-preview:large, max-video-preview:-1\" \/>\n<link rel=\"canonical\" href=\"https:\/\/autobaak.nl\/de\/volvo-zuhause\/\" \/>\n<meta property=\"og:locale\" content=\"de_DE\" \/>\n<meta property=\"og:type\" content=\"article\" \/>\n<meta property=\"og:title\" content=\"Volvo Home - Handige onderhoudstips voor dit Zweedse auto merk\" \/>\n<meta property=\"og:description\" content=\"Onderhoudstips voor de Volvo het Zweedse auto merk. O.a. alle distributieriemintervallen van de 850, v40, v70, xc 60 en 90 lees direct verder\" \/>\n<meta property=\"og:url\" content=\"https:\/\/autobaak.nl\/de\/volvo-zuhause\/\" \/>\n<meta property=\"og:site_name\" content=\"Autobaak.nl\" \/>\n<meta property=\"article:modified_time\" content=\"2023-06-12T09:46:11+00:00\" \/>\n<meta name=\"twitter:card\" content=\"summary_large_image\" \/>\n<meta name=\"twitter:label1\" content=\"Gesch\u00e4tzte Lesezeit\" \/>\n\t<meta name=\"twitter:data1\" content=\"4\u00a0Minuten\" \/>\n<script type=\"application\/ld+json\" class=\"yoast-schema-graph\">{\"@context\":\"https:\\\/\\\/schema.org\",\"@graph\":[{\"@type\":\"WebPage\",\"@id\":\"https:\\\/\\\/autobaak.nl\\\/volvo-home\\\/\",\"url\":\"https:\\\/\\\/autobaak.nl\\\/volvo-home\\\/\",\"name\":\"Volvo Home - Handige onderhoudstips voor dit Zweedse auto merk\",\"isPartOf\":{\"@id\":\"https:\\\/\\\/autobaak.nl\\\/#website\"},\"datePublished\":\"2018-11-04T17:52:39+00:00\",\"dateModified\":\"2023-06-12T09:46:11+00:00\",\"description\":\"Onderhoudstips voor de Volvo het Zweedse auto merk. O.a. alle distributieriemintervallen van de 850, v40, v70, xc 60 en 90 lees direct verder\",\"breadcrumb\":{\"@id\":\"https:\\\/\\\/autobaak.nl\\\/volvo-home\\\/#breadcrumb\"},\"inLanguage\":\"de\",\"potentialAction\":[{\"@type\":\"ReadAction\",\"target\":[\"https:\\\/\\\/autobaak.nl\\\/volvo-home\\\/\"]}]},{\"@type\":\"BreadcrumbList\",\"@id\":\"https:\\\/\\\/autobaak.nl\\\/volvo-home\\\/#breadcrumb\",\"itemListElement\":[{\"@type\":\"ListItem\",\"position\":1,\"name\":\"Home\",\"item\":\"https:\\\/\\\/autobaak.nl\\\/\"},{\"@type\":\"ListItem\",\"position\":2,\"name\":\"Volvo Home\"}]},{\"@type\":\"WebSite\",\"@id\":\"https:\\\/\\\/autobaak.nl\\\/#website\",\"url\":\"https:\\\/\\\/autobaak.nl\\\/\",\"name\":\"Autobaak.nl\",\"description\":\"Cars &amp; Racing\",\"potentialAction\":[{\"@type\":\"SearchAction\",\"target\":{\"@type\":\"EntryPoint\",\"urlTemplate\":\"https:\\\/\\\/autobaak.nl\\\/?s={search_term_string}\"},\"query-input\":{\"@type\":\"PropertyValueSpecification\",\"valueRequired\":true,\"valueName\":\"search_term_string\"}}],\"inLanguage\":\"de\"}]}<\/script>\n<!-- \/ Yoast SEO plugin. -->","yoast_head_json":{"title":"Volvo Home - Hilfreiche Wartungstipps f\u00fcr diese schwedische Automarke","description":"Wartungstipps f\u00fcr den Volvo der schwedischen Automarke. Inklusive aller Zahnriemenintervalle f\u00fcr den 850, v40, v70, xc 60 und 90 weiterlesen","robots":{"index":"index","follow":"follow","max-snippet":"max-snippet:-1","max-image-preview":"max-image-preview:large","max-video-preview":"max-video-preview:-1"},"canonical":"https:\/\/autobaak.nl\/de\/volvo-zuhause\/","og_locale":"de_DE","og_type":"article","og_title":"Volvo Home - Handige onderhoudstips voor dit Zweedse auto merk","og_description":"Onderhoudstips voor de Volvo het Zweedse auto merk. O.a. alle distributieriemintervallen van de 850, v40, v70, xc 60 en 90 lees direct verder","og_url":"https:\/\/autobaak.nl\/de\/volvo-zuhause\/","og_site_name":"Autobaak.nl","article_modified_time":"2023-06-12T09:46:11+00:00","twitter_card":"summary_large_image","twitter_misc":{"Gesch\u00e4tzte Lesezeit":"4\u00a0Minuten"},"schema":{"@context":"https:\/\/schema.org","@graph":[{"@type":"WebPage","@id":"https:\/\/autobaak.nl\/volvo-home\/","url":"https:\/\/autobaak.nl\/volvo-home\/","name":"Volvo Home - Hilfreiche Wartungstipps f\u00fcr diese schwedische Automarke","isPartOf":{"@id":"https:\/\/autobaak.nl\/#website"},"datePublished":"2018-11-04T17:52:39+00:00","dateModified":"2023-06-12T09:46:11+00:00","description":"Wartungstipps f\u00fcr den Volvo der schwedischen Automarke. Inklusive aller Zahnriemenintervalle f\u00fcr den 850, v40, v70, xc 60 und 90 weiterlesen","breadcrumb":{"@id":"https:\/\/autobaak.nl\/volvo-home\/#breadcrumb"},"inLanguage":"de","potentialAction":[{"@type":"ReadAction","target":["https:\/\/autobaak.nl\/volvo-home\/"]}]},{"@type":"BreadcrumbList","@id":"https:\/\/autobaak.nl\/volvo-home\/#breadcrumb","itemListElement":[{"@type":"ListItem","position":1,"name":"Home","item":"https:\/\/autobaak.nl\/"},{"@type":"ListItem","position":2,"name":"Volvo Home"}]},{"@type":"WebSite","@id":"https:\/\/autobaak.nl\/#website","url":"https:\/\/autobaak.nl\/","name":"Autobook.de","description":"Autos &amp; Rennsport","potentialAction":[{"@type":"SearchAction","target":{"@type":"EntryPoint","urlTemplate":"https:\/\/autobaak.nl\/?s={search_term_string}"},"query-input":{"@type":"PropertyValueSpecification","valueRequired":true,"valueName":"search_term_string"}}],"inLanguage":"de"}]}},"_links":{"self":[{"href":"https:\/\/autobaak.nl\/de\/wp-json\/wp\/v2\/pages\/898","targetHints":{"allow":["GET"]}}],"collection":[{"href":"https:\/\/autobaak.nl\/de\/wp-json\/wp\/v2\/pages"}],"about":[{"href":"https:\/\/autobaak.nl\/de\/wp-json\/wp\/v2\/types\/page"}],"author":[{"embeddable":true,"href":"https:\/\/autobaak.nl\/de\/wp-json\/wp\/v2\/users\/1"}],"replies":[{"embeddable":true,"href":"https:\/\/autobaak.nl\/de\/wp-json\/wp\/v2\/comments?post=898"}],"version-history":[{"count":1,"href":"https:\/\/autobaak.nl\/de\/wp-json\/wp\/v2\/pages\/898\/revisions"}],"predecessor-version":[{"id":156012,"href":"https:\/\/autobaak.nl\/de\/wp-json\/wp\/v2\/pages\/898\/revisions\/156012"}],"wp:attachment":[{"href":"https:\/\/autobaak.nl\/de\/wp-json\/wp\/v2\/media?parent=898"}],"curies":[{"name":"wp","href":"https:\/\/api.w.org\/{rel}","templated":true}]}}