{"id":902,"date":"2018-11-07T16:34:33","date_gmt":"2018-11-07T16:34:33","guid":{"rendered":"https:\/\/autobaak.nl\/?page_id=902"},"modified":"2023-02-08T14:25:31","modified_gmt":"2023-02-08T13:25:31","slug":"volkswagen-vw-heim","status":"publish","type":"page","link":"https:\/\/autobaak.nl\/de\/volkswagen-vw-heim\/","title":{"rendered":"Volkswagen (VW) Startseite"},"content":{"rendered":"<p>[et_pb_section fb_built=\"1\u2033 inner_shadow=\"on\" fullwidth=\"on\" _builder_version=\"4.18.0\u2033 background_image=\"https:\/\/autobaak.nl\/wp-content\/uploads\/2022\/08\/pexels-jesse-zheng-1213295.jpg\" global_colors_info=\"{}\"][et_pb_fullwidth_header title=\"Skoda Home\" subhead=\"N\u00fctzliche Informationen \u00fcber Skoda\" text_orientation=\"centre\" _builder_version=\"4.18.0\u2033 content_font_size=\"15px\" background_color=\"rgba(255, 255, 255, 0)\" background_image=\"https:\/\/autobaak.nl\/wp-content\/uploads\/2022\/09\/skoda.jpg\" text_shadow_style=\"preset5\u2033 text_shadow_color=\"rgba(0,0,0,0.52)\" global_colors_info=\"{}\" button_one_text_size__hover_enabled=\"off\" button_one_text_size__hover=\"null\" button_two_text_size__hover_enabled=\"off\" button_two_text_size__hover=\"null\" button_one_text_color__hover_enabled=\"off\" button_one_text_color__hover=\"null\" button_two_text_color__hover_enabled=\"off\" button_two_text_color__hover=\"null\" button_one_border_width__hover_enabled=\"off\" button_one_border_width__hover=\"null\" button_two_border_width__hover_enabled=\"off\" button_two_border_width__hover=\"null\" button_one_border_color__hover_enabled=\"off\" button_one_border_color__hover=\"null\" button_two_border_color__hover_enabled=\"off\" button_two_border_color__hover=\"null\" button_one_border_radius__hover_enabled=\"off\" button_one_border_radius__hover=\"null\" button_two_border_radius__hover_enabled=\"off\" button_two_border_radius__hover=\"null\" button_one_letter_spacing__hover_enabled=\"off\" button_one_letter_spacing__hover=\"null\" button_two_letter_spacing__hover_enabled=\"off\" button_two_letter_spacing__hover=\"null\" button_one_bg_color__hover_enabled=\"off\" button_one_bg_color__hover=\"null\" button_two_bg_color__hover_enabled=\"off\" button_two_bg_color__hover=\"null\"][\/et_pb_fullwidth_header][\/et_pb_section][et_pb_section fb_built=\"1\u2033 _builder_version=\"4.16\u2033 custom_padding=\"2px|0px|3px|0px\" global_colors_info=\"{}\"][et_pb_row _builder_version=\"4.16\u2033 background_size=\"initial\" background_position=\"top_left\" background_repeat=\"repeat\" custom_padding=\"26.3594px|0px|2px|0px\" global_colors_info=\"{}\"][et_pb_column type=\"4_4\u2033 _builder_version=\"4.16\u2033 custom_padding=\"|||\" global_colors_info=\"{}\" custom_padding__hover=\"|||\"][et_pb_text _builder_version=\"4.16\u2033 global_colors_info=\"{}\"]<\/p>\n<h2>Die Urspr\u00fcnge von Volkswagen (VW)<\/h2>\n<p>Volkswagen wurde urspr\u00fcnglich 1932 von der Deutschen Arbeitsfront in Berlin gegr\u00fcndet. Anfang der 1930er Jahre bestand die deutsche Autoindustrie noch weitgehend aus Luxusmodellen, und der Durchschnittsdeutsche konnte sich kaum mehr als ein Motorrad leisten. Infolgedessen besa\u00df nur einer von 50 Deutschen ein Auto. Auf der Suche nach einem potenziellen neuen Markt starteten einige Automobilhersteller unabh\u00e4ngige \"Pkw\"-Projekte - darunter der Mercedes 170H, Adler AutoBahn, Steyr 55 und Hanomag 1.3L.<\/p>\n<p>Ab 1948 wurde Volkswagen zu einem wichtigen Element und zum Stolz der westdeutschen Regeneration. Heinrich Nordhoff (1899-1968), ein ehemaliger leitender Angestellter von Opel, der in den 1930er Jahren die Produktion von zivilen und milit\u00e4rischen Fahrzeugen leitete, wurde 1948 mit der Leitung des Werks beauftragt.<\/p>\n<p>Der Volkswagen wurde 1949 erstmals in den USA eingef\u00fchrt und verkauft, aber im ersten Jahr wurden nur zwei Fahrzeuge in Amerika verkauft. Beim Eintritt in den US-Markt wurde der VW kurzzeitig als Victory Wagon verkauft. Volkswagen of America wurde im April 1955 gegr\u00fcndet, um den Vertrieb und Service in den Vereinigten Staaten zu vereinheitlichen. Die Produktion des Volkswagen K\u00e4fer Typ 1 stieg im Laufe der Jahre stark an und erreichte 1955 die Rekordzahl von einer Million Exemplaren.<\/p>\n<p>Auf dieser Seite finden Sie weitere Informationen zu Volkswagen und insbesondere zu Reifendruck, Zahnriemenintervallen und Motor\u00f6l.<\/p>\n<p>[\/et_pb_text][\/et_pb_column][\/et_pb_row][et_pb_row _builder_version=\"4.16\u2033 background_size=\"initial\" background_position=\"top_left\" background_repeat=\"repeat\" custom_padding=\"26.3594px|0px|2px|0px\" global_colors_info=\"{}\"][et_pb_column type=\"4_4\u2033 _builder_version=\"4.16\u2033 custom_padding=\"|||\" global_colors_info=\"{}\" custom_padding__hover=\"|||\"][et_pb_text _builder_version=\"4.18.0\u2033 background_colour=\"rgba(12,113,195,0.18)\" custom_margin=\"0px|||\" custom_padding=\"10px|20px|10px|20px\" global_colors_info=\"{}\"]<\/p>\n<h2 style=\"text-align: center;\">Datenbank Volkswagen<\/h2>\n<p style=\"text-align: center;\">In den folgenden \u00dcbersichten finden Sie viele n\u00fctzliche Serviceintervalle und Tipps zu den neuesten VW-Modellen. Die Intervalle und Richtlinien sind nur ein Anhaltspunkt, es k\u00f6nnen Umst\u00e4nde eintreten, die eine Werkstatt zu einer anderen Empfehlung veranlassen.<\/p>\n<p>[\/et_pb_text][\/et_pb_column][\/et_pb_row][\/et_pb_section][et_pb_section fb_built=\"1\u2033 _builder_version=\"4.16\u2033 custom_padding=\"1px|0px|52.7188px|0px\" global_colors_info=\"{}\"][et_pb_row _builder_version=\"4.16\u2033 background_size=\"initial\" background_position=\"top_left\" background_repeat=\"repeat\" global_colors_info=\"{}\"][et_pb_column type=\"4_4\u2033 _builder_version=\"4.16\u2033 custom_padding=\"|||\" global_colors_info=\"{}\" custom_padding__hover=\"|||\"][et_pb_text _builder_version=\"4.19.4\u2033 hover_enabled=\"0\u2033 global_colors_info=\"{}\" sticky_enabled=\"0\u2033]<\/p>\n<h2>Wann ist ein Zahnriemen bei VW zu wechseln?<\/h2>\n<p>Der Zahnriemen oder die Kette ist f\u00fcr (fast) jeden Verbrennungsmotor unverzichtbar, denn ohne sie kann es keine Verbrennung geben. Denn der Zahnriemen sorgt daf\u00fcr, dass die Nockenwelle, die Kurbelwelle und die Ventile durch diesen Riemen oder diese Kette angetrieben werden. Viele Volkswagen haben einen Zahnriemen, der in regelm\u00e4\u00dfigen Abst\u00e4nden gewechselt werden muss. Die Intervalle, die wir f\u00fcr jedes Modell kennen, sind unten aufgef\u00fchrt:<\/p>\n<ul>\n<li><a href=\"https:\/\/autobaak.nl\/de\/vw-volkswagen-fuchs\/\">VW-Fuchs<\/a><\/li>\n<li><a href=\"https:\/\/autobaak.nl\/de\/vw-volkswagen-up\/\">VW UP<\/a><\/li>\n<li><a href=\"https:\/\/autobaak.nl\/de\/vw-volkswagen-lupo\/\">VW Lupo<\/a><\/li>\n<li><a href=\"https:\/\/autobaak.nl\/de\/vw-volkswagen-polo\/\">VW Polo<\/a><\/li>\n<li><a href=\"https:\/\/autobaak.nl\/de\/vw-volkswagen-golf-4\/\">VW Golf 4<\/a><\/li>\n<li><a href=\"https:\/\/autobaak.nl\/de\/vw-volkswagen-golf-5\/\">VW Golf 5<\/a><\/li>\n<li><a href=\"https:\/\/autobaak.nl\/de\/vw-volkswagen-golf-6\/\">VW Golf 6<\/a><\/li>\n<li><a href=\"https:\/\/autobaak.nl\/de\/vw-volkswagen-golf-7\/\">VW Golf 7<\/a><\/li>\n<li><a href=\"https:\/\/autobaak.nl\/de\/vw-volkswagen-eos\/\">VW EOS<\/a><\/li>\n<li><a href=\"https:\/\/autobaak.nl\/de\/vw-volkswagen-bora\/\">VW Bora<\/a><\/li>\n<li><a href=\"https:\/\/autobaak.nl\/de\/vw-volkswagen-kafer\/\">VW-K\u00e4fer\u00a0<\/a><\/li>\n<li><a href=\"https:\/\/autobaak.nl\/de\/vw-volkswagen-new-beetle\/\">VW New Beetle<\/a><\/li>\n<li><a href=\"https:\/\/autobaak.nl\/de\/vw-volkswagen-passat\/\">VW Passat<\/a><\/li>\n<li><a href=\"https:\/\/autobaak.nl\/de\/vw-volkswagen-touran\/\">VW Touran<\/a><\/li>\n<li><a href=\"https:\/\/autobaak.nl\/de\/vw-volkswagen-touareg\/\">VW Touareg<\/a><\/li>\n<\/ul>\n<h3>Reifendruck Volkswagen<\/h3>\n<p>Sie suchen den richtigen Reifendruck f\u00fcr Ihren Volkswagen? Klicken Sie unten auf Ihr Modell, um eine vollst\u00e4ndige Liste der Reifendr\u00fccke nach Modell zu erhalten:<\/p>\n<ul>\n<li><a href=\"https:\/\/autobaak.nl\/de\/reifendruck-volkswagen-eos\/\">EOS<\/a><\/li>\n<li><a href=\"https:\/\/autobaak.nl\/de\/reifendruck-volkswagen-fox\/\">Fuchs<\/a><\/li>\n<li><a href=\"https:\/\/autobaak.nl\/de\/reifendruck-volkswagen-polo\/\">Polo<\/a><\/li>\n<li><a href=\"https:\/\/autobaak.nl\/de\/reifendruck-volkswagen-cross-polo\/\">Kreuz-Polo<\/a><\/li>\n<li><a href=\"https:\/\/autobaak.nl\/de\/reifendruck-volkswagen-bora\/\">Bora<\/a><\/li>\n<li><a href=\"https:\/\/autobaak.nl\/de\/reifendruck-volkswagen-bora-variante\/\">Bora-Variante<\/a><\/li>\n<li><a href=\"https:\/\/autobaak.nl\/de\/reifendruck-volkswagen-kafer\/\">K\u00e4fer<\/a><\/li>\n<li><a href=\"https:\/\/autobaak.nl\/de\/reifendruck-volkswagen-new-beetle\/\">Neuer K\u00e4fer<\/a><\/li>\n<li><a href=\"https:\/\/autobaak.nl\/de\/reifendruck-volkswagen-kafer-cabrio\/\">K\u00e4fer Cabrio<\/a><\/li>\n<li><a href=\"https:\/\/autobaak.nl\/de\/reifendruck-volkswagen-golf-4\/\">Welle 4<\/a><\/li>\n<li><a href=\"https:\/\/autobaak.nl\/de\/reifendruck-volkswagen-golf-4-break\/\">Golf 4 Break<\/a><\/li>\n<li><a href=\"https:\/\/autobaak.nl\/de\/reifendruck-volkswagen-golf-5\/\">Welle 5<\/a><\/li>\n<li><a href=\"https:\/\/autobaak.nl\/de\/reifendruck-volkswagen-golf-6\/\">Golf 6<\/a><\/li>\n<li><a href=\"https:\/\/autobaak.nl\/de\/reifendruck-volkswagen-golf-7\/\">Welle 7<\/a><\/li>\n<li><a href=\"https:\/\/autobaak.nl\/de\/reifendruck-volkswagen-golf-cabrio\/\">Golf Cabrio<\/a><\/li>\n<li><a href=\"https:\/\/autobaak.nl\/de\/reifendruck-volkswagen-golf-plus\/\">Golf Plus<\/a><\/li>\n<li><a href=\"https:\/\/autobaak.nl\/de\/reifendruck-volkswagen-golf-variante\/\">Golf-Variante<\/a><\/li>\n<li><a href=\"https:\/\/autobaak.nl\/de\/reifendruck-volkswagen-cross-golf\/\">Cross Golf<\/a><\/li>\n<li><a href=\"https:\/\/autobaak.nl\/de\/reifendruck-volkswagen-jetta\/\">Jetta<\/a><\/li>\n<li><a href=\"https:\/\/autobaak.nl\/de\/reifendruck-volkswagen-passat\/\">Passat<\/a><\/li>\n<li><a href=\"https:\/\/autobaak.nl\/de\/reifendruck-volkswagen-passat-variante\/\">Passat-Variante<\/a><\/li>\n<li><a href=\"https:\/\/autobaak.nl\/de\/reifendruck-volkswagen-passat-cc\/\">Passat CC<\/a><\/li>\n<li><a href=\"https:\/\/autobaak.nl\/de\/reifendruck-volkswagen-phaeton\/\">Phaeton<\/a><\/li>\n<li><a href=\"https:\/\/autobaak.nl\/de\/reifendruck-volkswagen-sharan\/\">Sharan<\/a><\/li>\n<li><a href=\"https:\/\/autobaak.nl\/de\/reifendruck-volkswagen-scirocco\/\">Scirocco<\/a><\/li>\n<li><a href=\"https:\/\/autobaak.nl\/de\/reifendruck-volkswagen-tiguan\/\">Tiguan<\/a><\/li>\n<li><a href=\"https:\/\/autobaak.nl\/de\/reifendruck-volkswagen-touareg\/\">Touareg<\/a><\/li>\n<li><a href=\"https:\/\/autobaak.nl\/de\/reifendruck-volkswagen-lupo\/\">Lupo<\/a><\/li>\n<li><a href=\"https:\/\/autobaak.nl\/de\/reifendruck-volkswagen-touran\/\">Touran<\/a><\/li>\n<li><a href=\"https:\/\/autobaak.nl\/de\/reifendruck-volkswagen-cross-touran\/\">Kreuz Touran<\/a><\/li>\n<li><a href=\"https:\/\/autobaak.nl\/de\/reifendruck-volkswagen-up\/\">Auf!<\/a><\/li>\n<li><a href=\"https:\/\/autobaak.nl\/de\/reifendruck-volkswagen-e-up\/\">e-Up!<\/a><\/li>\n<\/ul>\n<h3>VW-Autogl\u00fchbirnen<\/h3>\n<p>Sie m\u00f6chten die Gl\u00fchbirnen in Ihrem VW ersetzen, wissen aber nicht, welche Art von Gl\u00fchbirne Sie ben\u00f6tigen? Zu diesem <a href=\"https:\/\/autobaak.nl\/de\/vw-volkswagen-lampe-ubersicht\/\">Autogl\u00fchbirnen Volkswagen<\/a> Seite haben wir eine Liste mit allen Lampen zusammengestellt.<\/p>\n<blockquote class=\"wp-embedded-content\" data-secret=\"8XWbDaueKz\"><p><a href=\"https:\/\/autobaak.nl\/de\/vw-volkswagen-lampe-ubersicht\/\">VW Volkswagen Lampen \u00dcbersicht<\/a><\/p><\/blockquote>\n<p><iframe loading=\"lazy\" class=\"wp-embedded-content\" sandbox=\"allow-scripts\" security=\"restricted\" style=\"position: absolute; clip: rect(1px, 1px, 1px, 1px);\" title=\"&quot;VW Volkswagen Lampe \u00dcbersicht&quot; - Autobook alles f\u00fcr und \u00fcber Autos\" src=\"https:\/\/autobaak.nl\/vw-volkswagen-lampenoverzicht\/embed\/#?secret=b9BImVUWv6#?secret=8XWbDaueKz\" data-secret=\"8XWbDaueKz\" width=\"600\" height=\"338\" frameborder=\"0\" marginwidth=\"0\" marginheight=\"0\" scrolling=\"no\"><\/iframe><\/p>\n<h2>Welches Motor\u00f6l Volkswagen<\/h2>\n<p>Der rechtzeitige Wechsel des Motor\u00f6ls ist entscheidend f\u00fcr den Zustand Ihres Motors. Es ist auch wichtig zu wissen, welches Motor\u00f6l Sie ben\u00f6tigen. In der untenstehenden \u00dcbersicht k\u00f6nnen Sie zum richtigen Modell navigieren. Die \u00dcbersichten zeigen sowohl die Art des \u00d6ls als auch die ben\u00f6tigte Menge.<\/p>\n<ul>\n<li><a href=\"https:\/\/autobaak.nl\/de\/motorol-volkswagen-fuchs\/\">VW-Fuchs<\/a><\/li>\n<li><a href=\"https:\/\/autobaak.nl\/de\/motorol-volkswagen-up\/\">VW UP<\/a><\/li>\n<li><a style=\"font-size: 16px;\" href=\"https:\/\/autobaak.nl\/de\/motorol-volkswagen-polo-vw\/\">VW Polo<\/a><\/li>\n<li><a href=\"https:\/\/autobaak.nl\/de\/motorol-volkswagen-golf-4\/\">VW Golf 4<\/a><\/li>\n<li><a href=\"https:\/\/autobaak.nl\/de\/motorol-volkswagen-golf-5-vw\/\">VW Golf 5<\/a><\/li>\n<li><a href=\"https:\/\/autobaak.nl\/de\/motorol-volkswagen-golf-6-vw\/\">VW Golf 6<\/a><\/li>\n<li><a href=\"https:\/\/autobaak.nl\/de\/motorol-volkswagen-golf-7-vw\/\">VW Golf 7<\/a><\/li>\n<li><a href=\"https:\/\/autobaak.nl\/de\/motorol-volkswagen-passat-vw\/\">VW Passat<\/a><\/li>\n<\/ul>\n<p>&nbsp;<\/p>\n<p>[\/et_pb_text][\/et_pb_column][\/et_pb_row][et_pb_row column_structure=\"1_2,1_2\u2033 _builder_version=\"4.17.4\u2033 _module_preset=\"default\" global_colors_info=\"{}\"][et_pb_column type=\"1_2\u2033 _builder_version=\"4.17.4\u2033 _module_preset=\"default\" global_colors_info=\"{}\"][et_pb_text _builder_version=\"4.18.0\u2033 _module_preset=\"default\" global_colors_info=\"{}\"]<\/p>\n<h3>Welches Motor\u00f6l Volkswagen<\/h3>\n<p>Der rechtzeitige Wechsel des Motor\u00f6ls ist entscheidend f\u00fcr den Zustand Ihres Motors. Dar\u00fcber hinaus ist es wichtig zu wissen, welches Motor\u00f6l Sie ben\u00f6tigen. Im Serviceheft ist in der Regel immer das passende Motor\u00f6l angegeben. Sie m\u00f6chten wissen, welches Motor\u00f6l Sie in Ihren Volkswagen einf\u00fcllen sollen? Dann nutzen Sie die praktische Suchfunktion von Kroon Oil:<\/p>\n<p>[\/et_pb_text][\/et_pb_column][et_pb_column type=\"1_2\u2033 _builder_version=\"4.17.4\u2033 _module_preset=\"default\" global_colors_info=\"{}\"][et_pb_text _builder_version=\"4.18.0\u2033 _module_preset=\"default\" global_colors_info=\"{}\"]<\/p>\n<p><script type=\"text\/javascript\" src=\"\/\/kroon-oil.com\/adviesbanners\/v3\/bnr-js.php?lang=nl&amp;type=reg&amp;theme=light\"><\/script><\/p>\n<p>[\/et_pb_text][\/et_pb_column][\/et_pb_row][\/et_pb_section].<\/p>","protected":false},"excerpt":{"rendered":"<p>Die Urspr\u00fcnge von Volkswagen (VW) Volkswagen wurde urspr\u00fcnglich im Jahr 1932 von der Deutschen Arbeitsfront in Berlin gegr\u00fcndet. Anfang der 1930er Jahre bestand die deutsche Autoindustrie noch weitgehend aus Luxusmodellen, und der Durchschnittsdeutsche konnte sich selten mehr als ein Motorrad leisten. Infolgedessen besa\u00df nur einer von 50 [...]<\/p>","protected":false},"author":1,"featured_media":0,"parent":0,"menu_order":0,"comment_status":"closed","ping_status":"closed","template":"","meta":{"_et_pb_use_builder":"on","_et_pb_old_content":"","_et_gb_content_width":"","footnotes":""},"class_list":["post-902","page","type-page","status-publish","hentry"],"yoast_head":"<!-- This site is optimized with the Yoast SEO plugin v27.3 - https:\/\/yoast.com\/product\/yoast-seo-wordpress\/ -->\n<title>Volkswagen (VW) home - handige onderhoudstips voor Volkswagen<\/title>\n<meta name=\"description\" content=\"VW Volkswagen home de pagina met onderhoudstips voor dit Duitse merk. O.a. alle distributieriem intervallen, bandenspanning, lampen en olie.\" \/>\n<meta name=\"robots\" content=\"index, follow, max-snippet:-1, max-image-preview:large, max-video-preview:-1\" \/>\n<link rel=\"canonical\" href=\"https:\/\/autobaak.nl\/de\/volkswagen-vw-heim\/\" \/>\n<meta property=\"og:locale\" content=\"de_DE\" \/>\n<meta property=\"og:type\" content=\"article\" \/>\n<meta property=\"og:title\" content=\"Volkswagen (VW) home - handige onderhoudstips voor Volkswagen\" \/>\n<meta property=\"og:description\" content=\"VW Volkswagen home de pagina met onderhoudstips voor dit Duitse merk. O.a. alle distributieriem intervallen, bandenspanning, lampen en olie.\" \/>\n<meta property=\"og:url\" content=\"https:\/\/autobaak.nl\/de\/volkswagen-vw-heim\/\" \/>\n<meta property=\"og:site_name\" content=\"Autobaak.nl\" \/>\n<meta property=\"article:modified_time\" content=\"2023-02-08T13:25:31+00:00\" \/>\n<meta name=\"twitter:card\" content=\"summary_large_image\" \/>\n<meta name=\"twitter:label1\" content=\"Gesch\u00e4tzte Lesezeit\" \/>\n\t<meta name=\"twitter:data1\" content=\"4\u00a0Minuten\" \/>\n<script type=\"application\/ld+json\" class=\"yoast-schema-graph\">{\"@context\":\"https:\\\/\\\/schema.org\",\"@graph\":[{\"@type\":\"WebPage\",\"@id\":\"https:\\\/\\\/autobaak.nl\\\/volkswagen-vw-home\\\/\",\"url\":\"https:\\\/\\\/autobaak.nl\\\/volkswagen-vw-home\\\/\",\"name\":\"Volkswagen (VW) home - handige onderhoudstips voor Volkswagen\",\"isPartOf\":{\"@id\":\"https:\\\/\\\/autobaak.nl\\\/#website\"},\"datePublished\":\"2018-11-07T16:34:33+00:00\",\"dateModified\":\"2023-02-08T13:25:31+00:00\",\"description\":\"VW Volkswagen home de pagina met onderhoudstips voor dit Duitse merk. O.a. alle distributieriem intervallen, bandenspanning, lampen en olie.\",\"breadcrumb\":{\"@id\":\"https:\\\/\\\/autobaak.nl\\\/volkswagen-vw-home\\\/#breadcrumb\"},\"inLanguage\":\"de\",\"potentialAction\":[{\"@type\":\"ReadAction\",\"target\":[\"https:\\\/\\\/autobaak.nl\\\/volkswagen-vw-home\\\/\"]}]},{\"@type\":\"BreadcrumbList\",\"@id\":\"https:\\\/\\\/autobaak.nl\\\/volkswagen-vw-home\\\/#breadcrumb\",\"itemListElement\":[{\"@type\":\"ListItem\",\"position\":1,\"name\":\"Home\",\"item\":\"https:\\\/\\\/autobaak.nl\\\/\"},{\"@type\":\"ListItem\",\"position\":2,\"name\":\"Volkswagen (VW) home\"}]},{\"@type\":\"WebSite\",\"@id\":\"https:\\\/\\\/autobaak.nl\\\/#website\",\"url\":\"https:\\\/\\\/autobaak.nl\\\/\",\"name\":\"Autobaak.nl\",\"description\":\"Cars &amp; Racing\",\"potentialAction\":[{\"@type\":\"SearchAction\",\"target\":{\"@type\":\"EntryPoint\",\"urlTemplate\":\"https:\\\/\\\/autobaak.nl\\\/?s={search_term_string}\"},\"query-input\":{\"@type\":\"PropertyValueSpecification\",\"valueRequired\":true,\"valueName\":\"search_term_string\"}}],\"inLanguage\":\"de\"}]}<\/script>\n<!-- \/ Yoast SEO plugin. -->","yoast_head_json":{"title":"Volkswagen (VW) home - n\u00fctzliche Wartungstipps f\u00fcr Volkswagen","description":"VW Volkswagen home die Seite mit Wartungstipps f\u00fcr diese deutsche Marke. Unter anderem alle Zahnriemenintervalle, Reifendruck, Lampen und \u00d6l.","robots":{"index":"index","follow":"follow","max-snippet":"max-snippet:-1","max-image-preview":"max-image-preview:large","max-video-preview":"max-video-preview:-1"},"canonical":"https:\/\/autobaak.nl\/de\/volkswagen-vw-heim\/","og_locale":"de_DE","og_type":"article","og_title":"Volkswagen (VW) home - handige onderhoudstips voor Volkswagen","og_description":"VW Volkswagen home de pagina met onderhoudstips voor dit Duitse merk. O.a. alle distributieriem intervallen, bandenspanning, lampen en olie.","og_url":"https:\/\/autobaak.nl\/de\/volkswagen-vw-heim\/","og_site_name":"Autobaak.nl","article_modified_time":"2023-02-08T13:25:31+00:00","twitter_card":"summary_large_image","twitter_misc":{"Gesch\u00e4tzte Lesezeit":"4\u00a0Minuten"},"schema":{"@context":"https:\/\/schema.org","@graph":[{"@type":"WebPage","@id":"https:\/\/autobaak.nl\/volkswagen-vw-home\/","url":"https:\/\/autobaak.nl\/volkswagen-vw-home\/","name":"Volkswagen (VW) home - n\u00fctzliche Wartungstipps f\u00fcr Volkswagen","isPartOf":{"@id":"https:\/\/autobaak.nl\/#website"},"datePublished":"2018-11-07T16:34:33+00:00","dateModified":"2023-02-08T13:25:31+00:00","description":"VW Volkswagen home die Seite mit Wartungstipps f\u00fcr diese deutsche Marke. Unter anderem alle Zahnriemenintervalle, Reifendruck, Lampen und \u00d6l.","breadcrumb":{"@id":"https:\/\/autobaak.nl\/volkswagen-vw-home\/#breadcrumb"},"inLanguage":"de","potentialAction":[{"@type":"ReadAction","target":["https:\/\/autobaak.nl\/volkswagen-vw-home\/"]}]},{"@type":"BreadcrumbList","@id":"https:\/\/autobaak.nl\/volkswagen-vw-home\/#breadcrumb","itemListElement":[{"@type":"ListItem","position":1,"name":"Home","item":"https:\/\/autobaak.nl\/"},{"@type":"ListItem","position":2,"name":"Volkswagen (VW) home"}]},{"@type":"WebSite","@id":"https:\/\/autobaak.nl\/#website","url":"https:\/\/autobaak.nl\/","name":"Autobook.de","description":"Autos &amp; Rennsport","potentialAction":[{"@type":"SearchAction","target":{"@type":"EntryPoint","urlTemplate":"https:\/\/autobaak.nl\/?s={search_term_string}"},"query-input":{"@type":"PropertyValueSpecification","valueRequired":true,"valueName":"search_term_string"}}],"inLanguage":"de"}]}},"_links":{"self":[{"href":"https:\/\/autobaak.nl\/de\/wp-json\/wp\/v2\/pages\/902","targetHints":{"allow":["GET"]}}],"collection":[{"href":"https:\/\/autobaak.nl\/de\/wp-json\/wp\/v2\/pages"}],"about":[{"href":"https:\/\/autobaak.nl\/de\/wp-json\/wp\/v2\/types\/page"}],"author":[{"embeddable":true,"href":"https:\/\/autobaak.nl\/de\/wp-json\/wp\/v2\/users\/1"}],"replies":[{"embeddable":true,"href":"https:\/\/autobaak.nl\/de\/wp-json\/wp\/v2\/comments?post=902"}],"version-history":[{"count":0,"href":"https:\/\/autobaak.nl\/de\/wp-json\/wp\/v2\/pages\/902\/revisions"}],"wp:attachment":[{"href":"https:\/\/autobaak.nl\/de\/wp-json\/wp\/v2\/media?parent=902"}],"curies":[{"name":"wp","href":"https:\/\/api.w.org\/{rel}","templated":true}]}}