{"id":907,"date":"2018-11-07T17:52:00","date_gmt":"2018-11-07T17:52:00","guid":{"rendered":"https:\/\/autobaak.nl\/?page_id=907"},"modified":"2023-02-08T14:23:46","modified_gmt":"2023-02-08T13:23:46","slug":"toyota-home","status":"publish","type":"page","link":"https:\/\/autobaak.nl\/de\/toyota-home\/","title":{"rendered":"Toyota Startseite"},"content":{"rendered":"<p>[et_pb_section fb_built=\"1\u2033 inner_shadow=\"on\" fullwidth=\"on\" _builder_version=\"4.18.0\u2033 background_image=\"https:\/\/autobaak.nl\/wp-content\/uploads\/2022\/08\/pexels-jesse-zheng-1213295.jpg\" global_colors_info=\"{}\"][et_pb_fullwidth_header title=\"Skoda Home\" subhead=\"N\u00fctzliche Informationen \u00fcber Skoda\" text_orientation=\"centre\" _builder_version=\"4.18.0\u2033 content_font_size=\"15px\" background_color=\"rgba(255, 255, 255, 0)\" background_image=\"https:\/\/autobaak.nl\/wp-content\/uploads\/2022\/09\/skoda.jpg\" text_shadow_style=\"preset5\u2033 text_shadow_color=\"rgba(0,0,0,0.52)\" global_colors_info=\"{}\" button_one_text_size__hover_enabled=\"off\" button_one_text_size__hover=\"null\" button_two_text_size__hover_enabled=\"off\" button_two_text_size__hover=\"null\" button_one_text_color__hover_enabled=\"off\" button_one_text_color__hover=\"null\" button_two_text_color__hover_enabled=\"off\" button_two_text_color__hover=\"null\" button_one_border_width__hover_enabled=\"off\" button_one_border_width__hover=\"null\" button_two_border_width__hover_enabled=\"off\" button_two_border_width__hover=\"null\" button_one_border_color__hover_enabled=\"off\" button_one_border_color__hover=\"null\" button_two_border_color__hover_enabled=\"off\" button_two_border_color__hover=\"null\" button_one_border_radius__hover_enabled=\"off\" button_one_border_radius__hover=\"null\" button_two_border_radius__hover_enabled=\"off\" button_two_border_radius__hover=\"null\" button_one_letter_spacing__hover_enabled=\"off\" button_one_letter_spacing__hover=\"null\" button_two_letter_spacing__hover_enabled=\"off\" button_two_letter_spacing__hover=\"null\" button_one_bg_color__hover_enabled=\"off\" button_one_bg_color__hover=\"null\" button_two_bg_color__hover_enabled=\"off\" button_two_bg_color__hover=\"null\"][\/et_pb_fullwidth_header][\/et_pb_section][et_pb_section fb_built=\"1\u2033 _builder_version=\"4.16\u2033 custom_padding=\"2px|0px|3px|0px\" global_colors_info=\"{}\"][et_pb_row _builder_version=\"4.16\u2033 background_size=\"initial\" background_position=\"top_left\" background_repeat=\"repeat\" custom_padding=\"26.3594px|0px|2px|0px\" global_colors_info=\"{}\"][et_pb_column type=\"4_4\u2033 _builder_version=\"4.16\u2033 custom_padding=\"|||\" global_colors_info=\"{}\" custom_padding__hover=\"|||\"][et_pb_text _builder_version=\"4.16\u2033 global_colors_info=\"{}\"]<\/p>\n<h2>Die Geburt von Toyota<\/h2>\n<p>Die Geschichte von Toyota begann 1933 als Abteilung der Toyoda Automatic Loom Works, die sich unter der Leitung des Sohnes des Gr\u00fcnders, Kiichiro Toyoda, der Produktion von Automobilen widmete. Kiichiro Toyoda war 1929 nach Europa und in die Vereinigten Staaten gereist, um die Automobilproduktion zu erforschen, und hatte 1930 mit der Untersuchung von Benzinmotoren begonnen. Die Toyoda Automatic Loom Works wurden von der japanischen Regierung, die wegen des Krieges mit China eine einheimische Fahrzeugproduktion ben\u00f6tigte, ermutigt, die Automobilproduktion zu entwickeln. Im Jahr 1934 produzierte die Abteilung ihren ersten Motor vom Typ A, der im Mai 1935 im ersten Pkw-Modell A1 und im August 1935 im Lkw-Modell G1 eingesetzt wurde. Die Produktion des Personenwagens Modell AA begann im Jahr 1936. Die fr\u00fchen Fahrzeuge weisen eine auff\u00e4llige \u00c4hnlichkeit mit dem Dodge Power Wagon und dem Chevrolet auf.<\/p>\n<p>Obwohl die Toyota-Gruppe heute vor allem f\u00fcr ihre Autos bekannt ist, ist sie immer noch in der Textilbranche t\u00e4tig und stellt nach wie vor automatische Webmaschinen her, die nun automatisiert werden, sowie elektrische N\u00e4hmaschinen, die weltweit verkauft werden.<br \/>\n[\/et_pb_text][\/et_pb_column][\/et_pb_row][et_pb_row _builder_version=\"4.16\u2033 background_size=\"initial\" background_position=\"top_left\" background_repeat=\"repeat\" custom_padding=\"26.3594px|0px|2px|0px\" global_colors_info=\"{}\"][et_pb_column type=\"4_4\u2033 _builder_version=\"4.16\u2033 custom_padding=\"|||\" global_colors_info=\"{}\" custom_padding__hover=\"|||\"][et_pb_text _builder_version=\"4.18.0\u2033 background_colour=\"rgba(12,113,195,0.18)\" custom_margin=\"0px|||\" custom_padding=\"10px|20px|10px|20px\" global_colors_info=\"{}\"]<\/p>\n<h2 style=\"text-align: center;\">Toyota-Datenbank<\/h2>\n<p style=\"text-align: center;\">Die folgenden \u00dcbersichten zeigen Wartungsintervalle, ben\u00f6tigtes Motor\u00f6l und Tipps f\u00fcr die neuesten Toyota Modelle. Die Intervalle und Richtlinien sind nur ein Anhaltspunkt, es k\u00f6nnen Umst\u00e4nde eintreten, die eine Werkstatt veranlassen, eine andere Empfehlung auszusprechen.<\/p>\n<p>[\/et_pb_text][\/et_pb_column][\/et_pb_row][\/et_pb_section][et_pb_section fb_built=\"1\u2033 _builder_version=\"4.16\u2033 custom_padding=\"1px|0px|52.7188px|0px\" global_colors_info=\"{}\"][et_pb_row _builder_version=\"4.16\u2033 background_size=\"initial\" background_position=\"top_left\" background_repeat=\"repeat\" global_colors_info=\"{}\"][et_pb_column type=\"4_4\u2033 _builder_version=\"4.16\u2033 custom_padding=\"|||\" global_colors_info=\"{}\" custom_padding__hover=\"|||\"][et_pb_text _builder_version=\"4.19.4\u2033 hover_enabled=\"0\u2033 global_colors_info=\"{}\" sticky_enabled=\"0\u2033]<\/p>\n<h2>Wann ist ein Toyota Zahnriemen zu wechseln?<\/h2>\n<p>Der Zahnriemen oder die Kette ist f\u00fcr (fast) jeden Verbrennungsmotor unverzichtbar, denn ohne sie kann es keine Verbrennung geben. Denn der Zahnriemen sorgt daf\u00fcr, dass die Nockenwelle, die Kurbelwelle und die Ventile durch diesen Riemen oder diese Kette angetrieben werden. Einige Toyota-Modelle haben einen Zahnriemen, der regelm\u00e4\u00dfig ausgetauscht werden muss. Im Folgenden sind die uns bekannten Intervalle f\u00fcr jedes Modell aufgef\u00fchrt:<\/p>\n<ul>\n<li><a href=\"https:\/\/autobaak.nl\/de\/toyota-iq\/\">Toyota IQ<\/a><\/li>\n<li><a href=\"https:\/\/autobaak.nl\/de\/toyota-aygo\/\">Toyota Ayco<\/a><\/li>\n<li><a href=\"https:\/\/autobaak.nl\/de\/toyota-yaris\/\">Toyota Yaris\u00a0<\/a><\/li>\n<li><a href=\"https:\/\/autobaak.nl\/de\/toyota-corolla\/\">Toyota Corolla\u00a0<\/a><\/li>\n<li><a href=\"https:\/\/autobaak.nl\/de\/toyota-avensis\/\">Toyota Avensis<\/a><\/li>\n<li><a href=\"https:\/\/autobaak.nl\/de\/toyota-prius\/\">Toyota Prius<\/a><\/li>\n<li><a href=\"https:\/\/autobaak.nl\/de\/toyota-auris\/\">Toyota Auris<\/a><\/li>\n<li><a href=\"https:\/\/autobaak.nl\/de\/toyota-land-cruiser\/\">Toyota Land Cruiser<\/a><\/li>\n<\/ul>\n<h3>Toyota Reifendruck<\/h3>\n<p>Klicken Sie unten auf Ihr Toyota-Modell, um eine \u00dcbersicht \u00fcber den richtigen Reifendruck zu erhalten:<\/p>\n<ul>\n<li><a href=\"https:\/\/autobaak.nl\/de\/reifendruck-toyota-yaris\/\">Yaris<\/a><\/li>\n<li><a href=\"https:\/\/autobaak.nl\/de\/reifendruck-toyota-yaris-verso\/\">Yaris Verso<\/a><\/li>\n<li><a href=\"https:\/\/autobaak.nl\/de\/reifendruck-toyota-aygo\/\">Aygo<\/a><\/li>\n<li><a href=\"https:\/\/autobaak.nl\/de\/reifendruck-toyota-auris\/\">Auris<\/a><\/li>\n<li><a href=\"https:\/\/autobaak.nl\/de\/reifendruck-toyota-urban-cruiser\/\">Urban Cruiser<\/a><\/li>\n<li><a href=\"https:\/\/autobaak.nl\/de\/reifendruck-toyota-prius\/\">Prius<\/a><\/li>\n<li><a href=\"https:\/\/autobaak.nl\/de\/reifendruck-toyota-mr-2\/\">MR 2<\/a><\/li>\n<li><a href=\"https:\/\/autobaak.nl\/de\/reifendruck-toyota-land-cruiser\/\">Land Cruiser<\/a><\/li>\n<li><a href=\"https:\/\/autobaak.nl\/de\/reifendruck-toyota-land-cruiser-v8\/\">Land Cruiser V8<\/a><\/li>\n<li><a href=\"https:\/\/autobaak.nl\/de\/reifendruck-toyota-corolla\/\">Corolla<\/a><\/li>\n<li><a href=\"https:\/\/autobaak.nl\/de\/reifendruck-toyota-corolla-combi\/\">Corolla Kombi<\/a><\/li>\n<li><a href=\"https:\/\/autobaak.nl\/de\/reifendruck-toyota-camry\/\">Camry<\/a><\/li>\n<li><a href=\"https:\/\/autobaak.nl\/de\/reifendruck-toyota-avensis\/\">Avensis<\/a><\/li>\n<li><a href=\"https:\/\/autobaak.nl\/de\/reifendruck-toyota-avensis-verso\/\">Avensis Verso<\/a><\/li>\n<li><a href=\"https:\/\/autobaak.nl\/de\/reifendruck-toyota-avensis-combi\/\">Avensis Kombi<\/a><\/li>\n<li><a href=\"https:\/\/autobaak.nl\/de\/toyota-verso-reifendruck\/\">Verso<\/a><\/li>\n<li><a href=\"https:\/\/autobaak.nl\/de\/reifendruck-toyota-previa\/\">Previa<\/a><\/li>\n<li><a href=\"https:\/\/autobaak.nl\/de\/reifendruck-toyota-iq\/\">IQ<\/a><\/li>\n<li><a href=\"https:\/\/autobaak.nl\/de\/reifendruck-toyota-gt-86\/\">GT 86<\/a><\/li>\n<li><a href=\"https:\/\/autobaak.nl\/de\/reifendruck-toyota-celica\/\">Celica<\/a><\/li>\n<\/ul>\n<h3>Toyota Autolampen<\/h3>\n<p>Sie m\u00f6chten die Gl\u00fchbirnen in Ihrem Toyota austauschen, wissen aber nicht, welche Art von Autogl\u00fchbirne Sie ben\u00f6tigen? Auf dieser <a href=\"https:\/\/autobaak.nl\/de\/toyota-lampe-ubersicht\/\">Toyota Autolampen<\/a> Seite haben wir eine Liste mit allen Lampen zusammengestellt.<\/p>\n<blockquote class=\"wp-embedded-content\" data-secret=\"A6Sc3MxaPr\"><p><a href=\"https:\/\/autobaak.nl\/de\/toyota-lampe-ubersicht\/\">Toyota Gl\u00fchbirnen \u00dcbersicht<\/a><\/p><\/blockquote>\n<p><iframe loading=\"lazy\" class=\"wp-embedded-content\" sandbox=\"allow-scripts\" security=\"restricted\" style=\"position: absolute; clip: rect(1px, 1px, 1px, 1px);\" title=\"&quot;Toyota Lampen\u00fcbersicht&quot; - Autobook alles f\u00fcr und \u00fcber Autos\" src=\"https:\/\/autobaak.nl\/toyota-lampenoverzicht\/embed\/#?secret=mfxOc8Zkk2#?secret=A6Sc3MxaPr\" data-secret=\"A6Sc3MxaPr\" width=\"600\" height=\"338\" frameborder=\"0\" marginwidth=\"0\" marginheight=\"0\" scrolling=\"no\"><\/iframe><\/p>\n<p>&nbsp;<\/p>\n<p>[\/et_pb_text][\/et_pb_column][\/et_pb_row][et_pb_row column_structure=\"1_2,1_2\u2033 _builder_version=\"4.17.4\u2033 _module_preset=\"default\" global_colors_info=\"{}\"][et_pb_column type=\"1_2\u2033 _builder_version=\"4.17.4\u2033 _module_preset=\"default\" global_colors_info=\"{}\"][et_pb_text _builder_version=\"4.18.0\u2033 _module_preset=\"default\" global_colors_info=\"{}\"]<\/p>\n<h3>Welches Motor\u00f6l Toyota<\/h3>\n<p>Der rechtzeitige Wechsel des Motor\u00f6ls ist entscheidend f\u00fcr den Zustand Ihres Motors. Dar\u00fcber hinaus ist es wichtig zu wissen, welches Motor\u00f6l Sie ben\u00f6tigen. Im Serviceheft ist in der Regel immer das passende Motor\u00f6l angegeben. Sie m\u00f6chten wissen, welches Motor\u00f6l Sie in Ihren Toyoya einf\u00fcllen sollten? Dann nutzen Sie die praktische Suchfunktion von Kroon Oil:<\/p>\n<p>[\/et_pb_text][\/et_pb_column][et_pb_column type=\"1_2\u2033 _builder_version=\"4.17.4\u2033 _module_preset=\"default\" global_colors_info=\"{}\"][et_pb_text _builder_version=\"4.18.0\u2033 _module_preset=\"default\" global_colors_info=\"{}\"]<\/p>\n<p><script type=\"text\/javascript\" src=\"\/\/kroon-oil.com\/adviesbanners\/v3\/bnr-js.php?lang=nl&amp;type=reg&amp;theme=light\"><\/script><\/p>\n<p>[\/et_pb_text][\/et_pb_column][\/et_pb_row][\/et_pb_section].<\/p>","protected":false},"excerpt":{"rendered":"<p>Die Urspr\u00fcnge von Toyota Die Geschichte von Toyota begann 1933 mit dem Unternehmen als Abteilung der Toyoda Automatic Loom Works, die sich unter der Leitung des Sohnes des Gr\u00fcnders, Kiichiro Toyoda, der Automobilproduktion widmete. Kiichiro Toyoda war 1929 nach Europa und in die Vereinigten Staaten gereist, um Autos zu produzieren [...]<\/p>","protected":false},"author":1,"featured_media":0,"parent":0,"menu_order":0,"comment_status":"closed","ping_status":"closed","template":"","meta":{"_et_pb_use_builder":"on","_et_pb_old_content":"","_et_gb_content_width":"","footnotes":""},"class_list":["post-907","page","type-page","status-publish","hentry"],"yoast_head":"<!-- This site is optimized with the Yoast SEO plugin v27.3 - https:\/\/yoast.com\/product\/yoast-seo-wordpress\/ -->\n<title>Toyota home - onderhoudstips voor dit Japanse merk<\/title>\n<meta name=\"description\" content=\"Onderhoudstips voor dit Japanse auto merk. O.a. alle distributieriem intervallen van de Yaris, Avensis, Prius, Auris en Land Cruiser . Lees verder\" \/>\n<meta name=\"robots\" content=\"index, follow, max-snippet:-1, max-image-preview:large, max-video-preview:-1\" \/>\n<link rel=\"canonical\" href=\"https:\/\/autobaak.nl\/de\/toyota-home\/\" \/>\n<meta property=\"og:locale\" content=\"de_DE\" \/>\n<meta property=\"og:type\" content=\"article\" \/>\n<meta property=\"og:title\" content=\"Toyota home - onderhoudstips voor dit Japanse merk\" \/>\n<meta property=\"og:description\" content=\"Onderhoudstips voor dit Japanse auto merk. O.a. alle distributieriem intervallen van de Yaris, Avensis, Prius, Auris en Land Cruiser . Lees verder\" \/>\n<meta property=\"og:url\" content=\"https:\/\/autobaak.nl\/de\/toyota-home\/\" \/>\n<meta property=\"og:site_name\" content=\"Autobaak.nl\" \/>\n<meta property=\"article:modified_time\" content=\"2023-02-08T13:23:46+00:00\" \/>\n<meta name=\"twitter:card\" content=\"summary_large_image\" \/>\n<meta name=\"twitter:label1\" content=\"Gesch\u00e4tzte Lesezeit\" \/>\n\t<meta name=\"twitter:data1\" content=\"3\u00a0Minuten\" \/>\n<script type=\"application\/ld+json\" class=\"yoast-schema-graph\">{\"@context\":\"https:\\\/\\\/schema.org\",\"@graph\":[{\"@type\":\"WebPage\",\"@id\":\"https:\\\/\\\/autobaak.nl\\\/toyota-home\\\/\",\"url\":\"https:\\\/\\\/autobaak.nl\\\/toyota-home\\\/\",\"name\":\"Toyota home - onderhoudstips voor dit Japanse merk\",\"isPartOf\":{\"@id\":\"https:\\\/\\\/autobaak.nl\\\/#website\"},\"datePublished\":\"2018-11-07T17:52:00+00:00\",\"dateModified\":\"2023-02-08T13:23:46+00:00\",\"description\":\"Onderhoudstips voor dit Japanse auto merk. O.a. alle distributieriem intervallen van de Yaris, Avensis, Prius, Auris en Land Cruiser . Lees verder\",\"breadcrumb\":{\"@id\":\"https:\\\/\\\/autobaak.nl\\\/toyota-home\\\/#breadcrumb\"},\"inLanguage\":\"de\",\"potentialAction\":[{\"@type\":\"ReadAction\",\"target\":[\"https:\\\/\\\/autobaak.nl\\\/toyota-home\\\/\"]}]},{\"@type\":\"BreadcrumbList\",\"@id\":\"https:\\\/\\\/autobaak.nl\\\/toyota-home\\\/#breadcrumb\",\"itemListElement\":[{\"@type\":\"ListItem\",\"position\":1,\"name\":\"Home\",\"item\":\"https:\\\/\\\/autobaak.nl\\\/\"},{\"@type\":\"ListItem\",\"position\":2,\"name\":\"Toyota home\"}]},{\"@type\":\"WebSite\",\"@id\":\"https:\\\/\\\/autobaak.nl\\\/#website\",\"url\":\"https:\\\/\\\/autobaak.nl\\\/\",\"name\":\"Autobaak.nl\",\"description\":\"Cars &amp; Racing\",\"potentialAction\":[{\"@type\":\"SearchAction\",\"target\":{\"@type\":\"EntryPoint\",\"urlTemplate\":\"https:\\\/\\\/autobaak.nl\\\/?s={search_term_string}\"},\"query-input\":{\"@type\":\"PropertyValueSpecification\",\"valueRequired\":true,\"valueName\":\"search_term_string\"}}],\"inLanguage\":\"de\"}]}<\/script>\n<!-- \/ Yoast SEO plugin. -->","yoast_head_json":{"title":"Toyota home - Pflegetipps f\u00fcr diese japanische Marke","description":"Wartungstipps f\u00fcr diese japanische Automarke. Einschlie\u00dflich aller Zahnriemenintervalle f\u00fcr Yaris, Avensis, Prius, Auris und Land Cruiser. Weiter lesen","robots":{"index":"index","follow":"follow","max-snippet":"max-snippet:-1","max-image-preview":"max-image-preview:large","max-video-preview":"max-video-preview:-1"},"canonical":"https:\/\/autobaak.nl\/de\/toyota-home\/","og_locale":"de_DE","og_type":"article","og_title":"Toyota home - onderhoudstips voor dit Japanse merk","og_description":"Onderhoudstips voor dit Japanse auto merk. O.a. alle distributieriem intervallen van de Yaris, Avensis, Prius, Auris en Land Cruiser . Lees verder","og_url":"https:\/\/autobaak.nl\/de\/toyota-home\/","og_site_name":"Autobaak.nl","article_modified_time":"2023-02-08T13:23:46+00:00","twitter_card":"summary_large_image","twitter_misc":{"Gesch\u00e4tzte Lesezeit":"3\u00a0Minuten"},"schema":{"@context":"https:\/\/schema.org","@graph":[{"@type":"WebPage","@id":"https:\/\/autobaak.nl\/toyota-home\/","url":"https:\/\/autobaak.nl\/toyota-home\/","name":"Toyota home - Pflegetipps f\u00fcr diese japanische Marke","isPartOf":{"@id":"https:\/\/autobaak.nl\/#website"},"datePublished":"2018-11-07T17:52:00+00:00","dateModified":"2023-02-08T13:23:46+00:00","description":"Wartungstipps f\u00fcr diese japanische Automarke. Einschlie\u00dflich aller Zahnriemenintervalle f\u00fcr Yaris, Avensis, Prius, Auris und Land Cruiser. Weiter lesen","breadcrumb":{"@id":"https:\/\/autobaak.nl\/toyota-home\/#breadcrumb"},"inLanguage":"de","potentialAction":[{"@type":"ReadAction","target":["https:\/\/autobaak.nl\/toyota-home\/"]}]},{"@type":"BreadcrumbList","@id":"https:\/\/autobaak.nl\/toyota-home\/#breadcrumb","itemListElement":[{"@type":"ListItem","position":1,"name":"Home","item":"https:\/\/autobaak.nl\/"},{"@type":"ListItem","position":2,"name":"Toyota home"}]},{"@type":"WebSite","@id":"https:\/\/autobaak.nl\/#website","url":"https:\/\/autobaak.nl\/","name":"Autobook.de","description":"Autos &amp; Rennsport","potentialAction":[{"@type":"SearchAction","target":{"@type":"EntryPoint","urlTemplate":"https:\/\/autobaak.nl\/?s={search_term_string}"},"query-input":{"@type":"PropertyValueSpecification","valueRequired":true,"valueName":"search_term_string"}}],"inLanguage":"de"}]}},"_links":{"self":[{"href":"https:\/\/autobaak.nl\/de\/wp-json\/wp\/v2\/pages\/907","targetHints":{"allow":["GET"]}}],"collection":[{"href":"https:\/\/autobaak.nl\/de\/wp-json\/wp\/v2\/pages"}],"about":[{"href":"https:\/\/autobaak.nl\/de\/wp-json\/wp\/v2\/types\/page"}],"author":[{"embeddable":true,"href":"https:\/\/autobaak.nl\/de\/wp-json\/wp\/v2\/users\/1"}],"replies":[{"embeddable":true,"href":"https:\/\/autobaak.nl\/de\/wp-json\/wp\/v2\/comments?post=907"}],"version-history":[{"count":0,"href":"https:\/\/autobaak.nl\/de\/wp-json\/wp\/v2\/pages\/907\/revisions"}],"wp:attachment":[{"href":"https:\/\/autobaak.nl\/de\/wp-json\/wp\/v2\/media?parent=907"}],"curies":[{"name":"wp","href":"https:\/\/api.w.org\/{rel}","templated":true}]}}