{"id":987,"date":"2018-11-15T20:00:38","date_gmt":"2018-11-15T20:00:38","guid":{"rendered":"https:\/\/autobaak.nl\/?page_id=987"},"modified":"2025-11-13T19:04:58","modified_gmt":"2025-11-13T18:04:58","slug":"autoverkaufsservice","status":"publish","type":"page","link":"https:\/\/autobaak.nl\/de\/autoverkaufsservice\/","title":{"rendered":"Autoverkaufsservice"},"content":{"rendered":"<p>[et_pb_section fb_built=&#8221;1&#8243; admin_label=&#8221;Header&#8221; _builder_version=&#8221;4.16&#8243; background_color=&#8221;#f1580c&#8221; background_image=&#8221;https:\/\/autobaak.nl\/wp-content\/uploads\/2018\/11\/transportation-services-18.png&#8221; background_size=&#8221;initial&#8221; background_position=&#8221;bottom_left&#8221; background_blend=&#8221;multiply&#8221; custom_padding=&#8221;36px|0px|36px|0px|false|false&#8221; global_colors_info=&#8221;{}&#8221;][et_pb_row _builder_version=&#8221;4.16&#8243; global_colors_info=&#8221;{}&#8221;][et_pb_column type=&#8221;4_4&#8243; _builder_version=&#8221;4.16&#8243; custom_padding=&#8221;|||&#8221; global_colors_info=&#8221;{}&#8221; custom_padding__hover=&#8221;|||&#8221;][et_pb_text ul_type=&#8221;circle&#8221; _builder_version=&#8221;4.16&#8243; text_font_size=&#8221;18px&#8221; ul_font_size=&#8221;18px&#8221; ul_line_height=&#8221;2em&#8221; header_font=&#8221;Montserrat|700|||||||&#8221; header_font_size=&#8221;50px&#8221; header_line_height=&#8221;1.2em&#8221; text_orientation=&#8221;center&#8221; background_layout=&#8221;dark&#8221; header_font_size_tablet=&#8221;40px&#8221; header_font_size_phone=&#8221;28px&#8221; header_font_size_last_edited=&#8221;on|phone&#8221; global_colors_info=&#8221;{}&#8221;]<\/p>\n<h1>Autoverkaufsservice<\/h1>\n<p>Verkaufen Sie Ihr eigenes Auto schnell und zu einem guten Preis<br \/>\n[\/et_pb_text][\/et_pb_column][\/et_pb_row][\/et_pb_section][et_pb_section fb_built=&#8221;1&#8243; admin_label=&#8221;About us&#8221; _builder_version=&#8221;4.16&#8243; custom_padding=&#8221;45.9091px|0px|0|0px|false|false&#8221; global_colors_info=&#8221;{}&#8221;][et_pb_row _builder_version=&#8221;4.16&#8243; global_colors_info=&#8221;{}&#8221; column_structure=&#8221;1_2,1_2&#8243;][et_pb_column type=&#8221;1_2&#8243; _builder_version=&#8221;4.16&#8243; custom_padding=&#8221;|||&#8221; global_colors_info=&#8221;{}&#8221; custom_padding__hover=&#8221;|||&#8221;][et_pb_text _builder_version=&#8221;4.16&#8243; header_2_font=&#8221;Montserrat|700|||||||&#8221; header_2_font_size=&#8221;36px&#8221; header_2_line_height=&#8221;1.4em&#8221; max_width=&#8221;700px&#8221; module_alignment=&#8221;center&#8221; header_2_font_size_tablet=&#8221;26px&#8221; header_2_font_size_phone=&#8221;20px&#8221; header_2_font_size_last_edited=&#8221;on|phone&#8221; locked=&#8221;off&#8221; global_colors_info=&#8221;{}&#8221;]<\/p>\n<h2>Verkaufen Sie Ihr Auto schneller mit unserer Hilfe<\/h2>\n<p>Es muss nicht schwierig sein, Ihr Auto zu einem guten Preis zu verkaufen. Mit ein wenig Hilfe wird es viel einfacher sein, Ihr Auto zu verkaufen.<br \/>\nverkaufen Sie Ihr Auto schneller und zu einem fairen Preis. Beauftragen Sie Autobaak, Sie bei diesem Prozess zu unterst\u00fctzen.<br \/>\n[\/et_pb_text][\/et_pb_column][et_pb_column type=&#8221;1_2&#8243; _builder_version=&#8221;4.16&#8243; custom_padding=&#8221;|||&#8221; global_colors_info=&#8221;{}&#8221; custom_padding__hover=&#8221;|||&#8221;][et_pb_image src=&#8221;https:\/\/autobaak.nl\/wp-content\/uploads\/2018\/11\/auto-verkoopservice.jpg&#8221; align=&#8221;right&#8221; align_tablet=&#8221;center&#8221; align_last_edited=&#8221;on|desktop&#8221; _builder_version=&#8221;4.16&#8243; global_colors_info=&#8221;{}&#8221; align_phone=&#8221;center&#8221;][\/et_pb_image][\/et_pb_column][\/et_pb_row][\/et_pb_section][et_pb_section fb_built=&#8221;1&#8243; admin_label=&#8221;About us&#8221; _builder_version=&#8221;4.16&#8243; custom_padding=&#8221;29px|0px|2px|0px|false|false&#8221; global_colors_info=&#8221;{}&#8221;][et_pb_row _builder_version=&#8221;4.16&#8243; custom_padding=&#8221;3px|0px|22.9545px|0px|false|false&#8221; global_colors_info=&#8221;{}&#8221; column_structure=&#8221;1_2,1_2&#8243;][et_pb_column type=&#8221;1_2&#8243; _builder_version=&#8221;4.16&#8243; custom_padding=&#8221;|||&#8221; global_colors_info=&#8221;{}&#8221; custom_padding__hover=&#8221;|||&#8221;][et_pb_text _builder_version=&#8221;4.16&#8243; header_2_font=&#8221;Montserrat|700|||||||&#8221; header_2_font_size=&#8221;36px&#8221; header_2_line_height=&#8221;1.4em&#8221; max_width=&#8221;700px&#8221; module_alignment=&#8221;center&#8221; header_2_font_size_tablet=&#8221;26px&#8221; header_2_font_size_phone=&#8221;20px&#8221; header_2_font_size_last_edited=&#8221;on|phone&#8221; locked=&#8221;off&#8221; global_colors_info=&#8221;{}&#8221;]<\/p>\n<h2>Die Vorteile auf einen Blick<\/h2>\n<ul>\n<li>Es werden repr\u00e4sentative Fotos von Ihrem Auto gemacht<\/li>\n<li>Der Anzeigentext ist professionell geschrieben<\/li>\n<li>Sie erhalten n\u00fctzliche Tipps, um Ihr Auto st\u00e4ndig im Rampenlicht zu halten<\/li>\n<li>Ihr Auto wird auf den wichtigsten Websites platziert<\/li>\n<li>Sie erhalten Verhandlungstipps, die den Verkaufsprozess beschleunigen<\/li>\n<\/ul>\n<p>[\/et_pb_text][\/et_pb_column][et_pb_column type=&#8221;1_2&#8243; _builder_version=&#8221;4.16&#8243; custom_padding=&#8221;|||&#8221; global_colors_info=&#8221;{}&#8221; custom_padding__hover=&#8221;|||&#8221;][et_pb_image src=&#8221;https:\/\/autobaak.nl\/wp-content\/uploads\/2018\/11\/auto-verkoopservice-informatie3.jpg&#8221; align=&#8221;right&#8221; force_fullwidth=&#8221;on&#8221; align_tablet=&#8221;center&#8221; align_last_edited=&#8221;on|desktop&#8221; _builder_version=&#8221;4.16&#8243; custom_margin=&#8221;|||&#8221; animation_style=&#8221;zoom&#8221; animation_direction=&#8221;left&#8221; animation_intensity_zoom=&#8221;5%&#8221; locked=&#8221;off&#8221; global_colors_info=&#8221;{}&#8221; align_phone=&#8221;center&#8221;][\/et_pb_image][\/et_pb_column][\/et_pb_row][\/et_pb_section][et_pb_section fb_built=&#8221;1&#8243; admin_label=&#8221;Testimonials&#8221; _builder_version=&#8221;4.16&#8243; background_color=&#8221;#f1f5f9&#8243; custom_padding=&#8221;45.9091px|0px|10px|0px|false|false&#8221; global_colors_info=&#8221;{}&#8221;][et_pb_row _builder_version=&#8221;4.16&#8243; global_colors_info=&#8221;{}&#8221; column_structure=&#8221;1_3,1_3,1_3&#8243;][et_pb_column type=&#8221;1_3&#8243; _builder_version=&#8221;4.16&#8243; custom_padding=&#8221;|||&#8221; global_colors_info=&#8221;{}&#8221; custom_padding__hover=&#8221;|||&#8221;][et_pb_testimonial author=&#8221;Albert&#8221; quote_icon_color=&#8221;#f1580c&#8221; _builder_version=&#8221;4.16&#8243; body_text_align=&#8221;center&#8221; use_background_color=&#8221;off&#8221; text_orientation=&#8221;center&#8221; global_colors_info=&#8221;{}&#8221;]Het duurde mij te lang voordat ik mijn Audi verkocht. De jongens van Autobaak wisten mijn auto binnen 2 dagen te verkopen! Echt een aanrader.<br \/>\n[\/et_pb_testimonial][\/et_pb_column][et_pb_column type=&#8221;1_3&#8243; _builder_version=&#8221;4.16&#8243; custom_padding=&#8221;|||&#8221; global_colors_info=&#8221;{}&#8221; custom_padding__hover=&#8221;|||&#8221;][et_pb_testimonial author=&#8221;Gonnie &#8221; quote_icon_color=&#8221;#f1580c&#8221; _builder_version=&#8221;4.16&#8243; body_text_align=&#8221;center&#8221; use_background_color=&#8221;off&#8221; text_orientation=&#8221;center&#8221; locked=&#8221;off&#8221; global_colors_info=&#8221;{}&#8221;]Omdat ik geen auto meer nodig heb kon ik mijn 107 niet inruilen en moest ik hem wel particulier verkopen. Met de hulp van Autobaak was ik er binnen 2 weken vanaf!<br \/>\n[\/et_pb_testimonial][\/et_pb_column][et_pb_column type=&#8221;1_3&#8243; _builder_version=&#8221;4.16&#8243; custom_padding=&#8221;|||&#8221; global_colors_info=&#8221;{}&#8221; custom_padding__hover=&#8221;|||&#8221;][et_pb_testimonial author=&#8221;Arun&#8221; quote_icon_color=&#8221;#f1580c&#8221; _builder_version=&#8221;4.16&#8243; body_text_align=&#8221;center&#8221; use_background_color=&#8221;off&#8221; text_orientation=&#8221;center&#8221; locked=&#8221;off&#8221; global_colors_info=&#8221;{}&#8221;]Ik kreeg lage biedingen en veel mensen die belde\/mailde zonder echte interesse. Op advies van Autobaak een paar aanpassingen gedaan in de advertentie en met resultaat!<br \/>\n[\/et_pb_testimonial][\/et_pb_column][\/et_pb_row][\/et_pb_section][et_pb_section fb_built=&#8221;1&#8243; admin_label=&#8221;Footer&#8221; module_id=&#8221;verkoopservice&#8221; _builder_version=&#8221;4.16&#8243; background_image=&#8221;https:\/\/autobaak.nl\/wp-content\/uploads\/2018\/11\/transportation-services-01.png&#8221; parallax=&#8221;on&#8221; custom_padding=&#8221;0px||0px||true&#8221; saved_tabs=&#8221;all&#8221; global_colors_info=&#8221;{}&#8221;][et_pb_row use_custom_gutter=&#8221;on&#8221; gutter_width=&#8221;1&#8243; make_equal=&#8221;on&#8221; padding_top_bottom_link_1=&#8221;true&#8221; padding_top_bottom_link_2=&#8221;true&#8221; padding_left_right_link_1=&#8221;true&#8221; padding_left_right_link_2=&#8221;true&#8221; module_class=&#8221; et_pb_row_fullwidth&#8221; _builder_version=&#8221;4.16&#8243; width=&#8221;100%&#8221; width_tablet=&#8221;100%&#8221; width_last_edited=&#8221;on|desktop&#8221; max_width=&#8221;100%&#8221; max_width_tablet=&#8221;100%&#8221; max_width_last_edited=&#8221;on|desktop&#8221; custom_padding=&#8221;0||0||true|false&#8221; make_fullwidth=&#8221;on&#8221; global_colors_info=&#8221;{}&#8221; column_structure=&#8221;1_2,1_2&#8243; width_phone=&#8221;100%&#8221; max_width_phone=&#8221;100%&#8221;][et_pb_column type=&#8221;1_2&#8243; _builder_version=&#8221;4.16&#8243; custom_padding=&#8221;80px|6%|80px|6%&#8221; custom_padding_tablet=&#8221;|10%||10%||true&#8221; custom_padding_phone=&#8221;|||&#8221; custom_padding_last_edited=&#8221;on|phone&#8221; global_colors_info=&#8221;{}&#8221; padding_phone=&#8221;|||&#8221; padding_tablet=&#8221;|10%||10%||true&#8221; padding_last_edited=&#8221;on|phone&#8221; custom_padding__hover=&#8221;|||&#8221;][et_pb_text _builder_version=&#8221;4.16&#8243; header_3_font=&#8221;Montserrat|700|||||||&#8221; header_3_font_size=&#8221;26px&#8221; header_3_line_height=&#8221;1.4em&#8221; max_width=&#8221;700px&#8221; header_3_font_size_tablet=&#8221;&#8221; header_3_font_size_phone=&#8221;20px&#8221; header_3_font_size_last_edited=&#8221;on|desktop&#8221; locked=&#8221;off&#8221; global_colors_info=&#8221;{}&#8221;]<\/p>\n<h3>FAQ Autoverkaufsservice<\/h3>\n<p>[\/et_pb_text][et_pb_accordion open_toggle_background_color=&#8221;#ffffff&#8221; closed_toggle_background_color=&#8221;#ffffff&#8221; _builder_version=&#8221;4.16&#8243; toggle_font=&#8221;|700|||||||&#8221; toggle_font_size=&#8221;14px&#8221; toggle_line_height=&#8221;1.4em&#8221; custom_margin=&#8221;|||&#8221; border_width_all=&#8221;0px&#8221; global_colors_info=&#8221;{}&#8221;][et_pb_accordion_item title=&#8221;Kopen jullie ook auto&#8217;s op?&#8221; open=&#8221;on&#8221; _builder_version=&#8221;4.16&#8243; custom_margin=&#8221;10px||10px||true&#8221; custom_margin_tablet=&#8221;10px||10px||true&#8221; custom_margin_phone=&#8221;10px||10px||true&#8221; global_colors_info=&#8221;{}&#8221;]Nee wij kopen geen auto&#8217;s op. Er zijn genoeg handelaren\/initiatieven in Nederland die een dergelijke service aanbieden. Onze dienstverlening richt zich op het particulier verkopen van jouw eigen auto.<br \/>\n[\/et_pb_accordion_item][et_pb_accordion_item title=&#8221;Moet mijn auto aan bepaalde eisen voldoen?&#8221; _builder_version=&#8221;4.16&#8243; custom_margin=&#8221;10px||10px||true&#8221; custom_margin_tablet=&#8221;10px||10px||true&#8221; custom_margin_phone=&#8221;10px||10px||true&#8221; global_colors_info=&#8221;{}&#8221; open=&#8221;off&#8221;]Als je een auto niet aan handelaren wilt verkopen, dan dient de auto in rijdbare staat te verkeren. Als er gebreken bekend zijn<br \/>\nsie m\u00fcssen in der Anzeige erw\u00e4hnt werden. \u00c4sthetische Sch\u00e4den m\u00fcssen kein Hindernis f\u00fcr den Verkauf Ihres Autos sein.<br \/>\n[\/et_pb_accordion_item][et_pb_accordion_item title=&#8221;Werken jullie op basis van %22no cure no pay%22?&#8221; _builder_version=&#8221;4.16&#8243; custom_margin=&#8221;10px||10px||true&#8221; custom_margin_tablet=&#8221;10px||10px||true&#8221; custom_margin_phone=&#8221;10px||10px||true&#8221; global_colors_info=&#8221;{}&#8221; open=&#8221;off&#8221;]Van de particuliere die wij bijstaan verkoopt 80% binnen een week zijn of haar auto. Voor deze service hanteren wij een vaste vergoeding van 200,- euro incl. BTW.<br \/>\n[\/et_pb_accordion_item][et_pb_accordion_item title=&#8221;Wat kan ik van jullie verwachten?&#8221; _builder_version=&#8221;4.16&#8243; custom_margin=&#8221;10px||10px||true&#8221; custom_margin_tablet=&#8221;10px||10px||true&#8221; custom_margin_phone=&#8221;10px||10px||true&#8221; global_colors_info=&#8221;{}&#8221; open=&#8221;off&#8221;]De dienstverlening bestaat uit de onderstaande punten:<\/p>\n<ul>\n<li>Wir machen Fotos vor Ort<\/li>\n<li>Der Anzeigentext und der Titel sind optimiert<\/li>\n<li>Das Auto wird auf unserer Website platziert<\/li>\n<li>Wir schicken Traffic von Google zu Ihrem Auto<\/li>\n<li>Preisberatung, unter Ber\u00fccksichtigung des Verhandlungsspielraums<\/li>\n<li>Tipps, um das Auto st\u00e4ndig im Blickfeld der Interessenten zu halten<\/li>\n<\/ul>\n<p>Um unseren Service so zug\u00e4nglich wie m\u00f6glich zu halten, muss das Fahrzeug<br \/>\nFotos in einem repr\u00e4sentativen Zustand. Dies gilt sowohl f\u00fcr den Innen- als auch f\u00fcr den Au\u00dfenbereich.<br \/>\n[\/et_pb_accordion_item][\/et_pb_accordion][\/et_pb_column][et_pb_column type=&#8221;1_2&#8243; _builder_version=&#8221;4.16&#8243; background_color=&#8221;#212121&#8243; custom_padding=&#8221;80px|6%|80px|6%&#8221; custom_padding_tablet=&#8221;|10%||10%||true&#8221; custom_padding_phone=&#8221;|||&#8221; custom_padding_last_edited=&#8221;on|desktop&#8221; global_colors_info=&#8221;{}&#8221; padding_phone=&#8221;|||&#8221; padding_tablet=&#8221;|10%||10%||true&#8221; padding_last_edited=&#8221;on|desktop&#8221; custom_padding__hover=&#8221;|||&#8221;][et_pb_text _builder_version=&#8221;4.16&#8243; header_3_font=&#8221;Montserrat|700|||||||&#8221; header_3_font_size=&#8221;26px&#8221; header_3_line_height=&#8221;1.4em&#8221; background_layout=&#8221;dark&#8221; max_width=&#8221;700px&#8221; header_3_font_size_tablet=&#8221;&#8221; header_3_font_size_phone=&#8221;20px&#8221; header_3_font_size_last_edited=&#8221;on|desktop&#8221; locked=&#8221;off&#8221; global_colors_info=&#8221;{}&#8221;]<\/p>\n<h3>Ben\u00f6tigen Sie einen Verkaufsservice?<\/h3>\n<p>[\/et_pb_text][et_pb_contact_form captcha=&#8221;off&#8221; email=&#8221;info@stijnvanveelen.nl&#8221; module_id=&#8221;et_pb_contact_form_0&#8243; _builder_version=&#8221;4.16&#8243; _unique_id=&#8221;8f51059f-b1c7-40fb-bee0-46b84be4d3de&#8221; form_field_background_color=&#8221;rgba(0,0,0,0)&#8221; form_field_text_color=&#8221;rgba(255,255,255,0.7)&#8221; form_field_font_size=&#8221;16px&#8221; custom_button=&#8221;on&#8221; button_text_size=&#8221;16px&#8221; button_text_color=&#8221;#2a2a2a&#8221; button_bg_color=&#8221;#ffffff&#8221; button_border_width=&#8221;10px&#8221; button_border_color=&#8221;#ffffff&#8221; button_letter_spacing=&#8221;2px&#8221; button_font=&#8221;Montserrat|700|||||||&#8221; button_icon=&#8221;&#x24;||divi||400&#8243; border_color_all=&#8221;rgba(255,255,255,0.15)&#8221; border_width_bottom=&#8221;2px&#8221; form_background_color=&#8221;rgba(0,0,0,0)&#8221; global_colors_info=&#8221;{}&#8221;][et_pb_contact_field field_id=&#8221;Name&#8221; field_title=&#8221;Naam&#8221; fullwidth_field=&#8221;on&#8221; _builder_version=&#8221;4.16&#8243; global_colors_info=&#8221;{}&#8221;][\/et_pb_contact_field][et_pb_contact_field field_id=&#8221;Email&#8221; field_title=&#8221;Email Address&#8221; field_type=&#8221;email&#8221; fullwidth_field=&#8221;on&#8221; _builder_version=&#8221;4.16&#8243; global_colors_info=&#8221;{}&#8221;][\/et_pb_contact_field][et_pb_contact_field field_id=&#8221;Message&#8221; field_title=&#8221;Bericht\/aanvraag&#8221; field_type=&#8221;text&#8221; fullwidth_field=&#8221;on&#8221; _builder_version=&#8221;4.16&#8243; global_colors_info=&#8221;{}&#8221;][\/et_pb_contact_field][\/et_pb_contact_form][\/et_pb_column][\/et_pb_row][\/et_pb_section][et_pb_section fb_built=&#8221;1&#8243; theme_builder_area=&#8221;post_content&#8221; _builder_version=&#8221;4.27.4&#8243; _module_preset=&#8221;default&#8221;][et_pb_row _builder_version=&#8221;4.27.4&#8243; _module_preset=&#8221;default&#8221; theme_builder_area=&#8221;post_content&#8221;][et_pb_column _builder_version=&#8221;4.27.4&#8243; _module_preset=&#8221;default&#8221; type=&#8221;4_4&#8243; theme_builder_area=&#8221;post_content&#8221;][et_pb_text _builder_version=&#8221;4.27.4&#8243; _module_preset=&#8221;default&#8221; theme_builder_area=&#8221;post_content&#8221; hover_enabled=&#8221;0&#8243; sticky_enabled=&#8221;0&#8243;]<\/p>\n<div class=\"dc-tool dc-car-lease-tool\" data-config=\"{&quot;mediaId&quot;:{&quot;daisycon&quot;:334511},&quot;locale&quot;:&quot;nl-NL&quot;,&quot;language&quot;:&quot;nl&quot;,&quot;limit&quot;:50,&quot;limitSplit&quot;:8,&quot;filter&quot;:{&quot;kmPerYear&quot;:[],&quot;duration&quot;:[],&quot;price&quot;:[],&quot;fuelType&quot;:{&quot;value&quot;:[&quot;gas&quot;,&quot;diesel&quot;,&quot;electric&quot;,&quot;gas\\\/electric&quot;]},&quot;leaseType&quot;:[],&quot;gearSystem&quot;:[],&quot;condition&quot;:[],&quot;bodyType&quot;:[],&quot;brand&quot;:[],&quot;programId&quot;:[]},&quot;showFilters&quot;:true,&quot;colorInPrimary&quot;:&quot;#ffffff&quot;,&quot;colorInSecondary&quot;:&quot;#ffffff&quot;,&quot;colorPrimary&quot;:&quot;#3498db&quot;,&quot;colorSecondary&quot;:&quot;#ff8201&quot;,&quot;colorTextPrimary&quot;:&quot;#626262&quot;,&quot;colorTextSecondary&quot;:&quot;#888888&quot;}\"><\/div>\n<p>[\/et_pb_text][\/et_pb_column][\/et_pb_row][\/et_pb_section].<\/p>","protected":false},"excerpt":{"rendered":"<p>Autoverkaufsservice Verkaufen Sie Ihr Auto schnell und zu einem guten Preis selbst Verkaufen Sie Ihr Auto schneller mit unserer Hilfe Es muss nicht schwierig sein, Ihr Auto zu einem guten Preis zu verkaufen. Mit ein wenig Hilfe wird es viel einfacher sein, Ihr Auto schneller und zu einem fairen Preis zu verkaufen. Engagieren Sie [...]<\/p>","protected":false},"author":1,"featured_media":0,"parent":0,"menu_order":0,"comment_status":"closed","ping_status":"closed","template":"","meta":{"_et_pb_use_builder":"on","_et_pb_old_content":"","_et_gb_content_width":"","footnotes":""},"class_list":["post-987","page","type-page","status-publish","hentry"],"yoast_head":"<!-- This site is optimized with the Yoast SEO plugin v27.4 - https:\/\/yoast.com\/product\/yoast-seo-wordpress\/ -->\n<title>Auto verkoopservice - sneller je auto verkopen met Autobaak.nl<\/title>\n<meta name=\"description\" content=\"Sneller je auto verkopen? Maak gebruik van onze professionele verkoopservice en verkoop je occassion sneller en tegen een betere prijs. Lees direct verder\" \/>\n<meta name=\"robots\" content=\"index, follow, max-snippet:-1, max-image-preview:large, max-video-preview:-1\" \/>\n<link rel=\"canonical\" href=\"https:\/\/autobaak.nl\/de\/autoverkaufsservice\/\" \/>\n<meta property=\"og:locale\" content=\"de_DE\" \/>\n<meta property=\"og:type\" content=\"article\" \/>\n<meta property=\"og:title\" content=\"Auto verkoopservice - sneller je auto verkopen met Autobaak.nl\" \/>\n<meta property=\"og:description\" content=\"Sneller je auto verkopen? Maak gebruik van onze professionele verkoopservice en verkoop je occassion sneller en tegen een betere prijs. Lees direct verder\" \/>\n<meta property=\"og:url\" content=\"https:\/\/autobaak.nl\/de\/autoverkaufsservice\/\" \/>\n<meta property=\"og:site_name\" content=\"Autobaak.nl\" \/>\n<meta property=\"article:modified_time\" content=\"2025-11-13T18:04:58+00:00\" \/>\n<meta name=\"twitter:card\" content=\"summary_large_image\" \/>\n<meta name=\"twitter:label1\" content=\"Gesch\u00e4tzte Lesezeit\" \/>\n\t<meta name=\"twitter:data1\" content=\"4\u00a0Minuten\" \/>\n<script type=\"application\/ld+json\" class=\"yoast-schema-graph\">{\"@context\":\"https:\\\/\\\/schema.org\",\"@graph\":[{\"@type\":\"WebPage\",\"@id\":\"https:\\\/\\\/autobaak.nl\\\/auto-verkoopservice\\\/\",\"url\":\"https:\\\/\\\/autobaak.nl\\\/auto-verkoopservice\\\/\",\"name\":\"Auto verkoopservice - sneller je auto verkopen met Autobaak.nl\",\"isPartOf\":{\"@id\":\"https:\\\/\\\/autobaak.nl\\\/#website\"},\"datePublished\":\"2018-11-15T20:00:38+00:00\",\"dateModified\":\"2025-11-13T18:04:58+00:00\",\"description\":\"Sneller je auto verkopen? Maak gebruik van onze professionele verkoopservice en verkoop je occassion sneller en tegen een betere prijs. Lees direct verder\",\"breadcrumb\":{\"@id\":\"https:\\\/\\\/autobaak.nl\\\/auto-verkoopservice\\\/#breadcrumb\"},\"inLanguage\":\"de\",\"potentialAction\":[{\"@type\":\"ReadAction\",\"target\":[\"https:\\\/\\\/autobaak.nl\\\/auto-verkoopservice\\\/\"]}]},{\"@type\":\"BreadcrumbList\",\"@id\":\"https:\\\/\\\/autobaak.nl\\\/auto-verkoopservice\\\/#breadcrumb\",\"itemListElement\":[{\"@type\":\"ListItem\",\"position\":1,\"name\":\"Home\",\"item\":\"https:\\\/\\\/autobaak.nl\\\/\"},{\"@type\":\"ListItem\",\"position\":2,\"name\":\"auto verkoopservice\"}]},{\"@type\":\"WebSite\",\"@id\":\"https:\\\/\\\/autobaak.nl\\\/#website\",\"url\":\"https:\\\/\\\/autobaak.nl\\\/\",\"name\":\"Autobaak.nl\",\"description\":\"Cars &amp; Racing\",\"potentialAction\":[{\"@type\":\"SearchAction\",\"target\":{\"@type\":\"EntryPoint\",\"urlTemplate\":\"https:\\\/\\\/autobaak.nl\\\/?s={search_term_string}\"},\"query-input\":{\"@type\":\"PropertyValueSpecification\",\"valueRequired\":true,\"valueName\":\"search_term_string\"}}],\"inLanguage\":\"de\"}]}<\/script>\n<!-- \/ Yoast SEO plugin. -->","yoast_head_json":{"title":"Autoverkaufsservice - verkaufen Sie Ihr Auto schneller mit Autobaak.nl","description":"Ihr Auto schneller verkaufen? Nutzen Sie unseren professionellen Verkaufsservice und verkaufen Sie Ihren Gebrauchtwagen schneller und zu einem besseren Preis. Weiter lesen","robots":{"index":"index","follow":"follow","max-snippet":"max-snippet:-1","max-image-preview":"max-image-preview:large","max-video-preview":"max-video-preview:-1"},"canonical":"https:\/\/autobaak.nl\/de\/autoverkaufsservice\/","og_locale":"de_DE","og_type":"article","og_title":"Auto verkoopservice - sneller je auto verkopen met Autobaak.nl","og_description":"Sneller je auto verkopen? Maak gebruik van onze professionele verkoopservice en verkoop je occassion sneller en tegen een betere prijs. Lees direct verder","og_url":"https:\/\/autobaak.nl\/de\/autoverkaufsservice\/","og_site_name":"Autobaak.nl","article_modified_time":"2025-11-13T18:04:58+00:00","twitter_card":"summary_large_image","twitter_misc":{"Gesch\u00e4tzte Lesezeit":"4\u00a0Minuten"},"schema":{"@context":"https:\/\/schema.org","@graph":[{"@type":"WebPage","@id":"https:\/\/autobaak.nl\/auto-verkoopservice\/","url":"https:\/\/autobaak.nl\/auto-verkoopservice\/","name":"Autoverkaufsservice - verkaufen Sie Ihr Auto schneller mit Autobaak.nl","isPartOf":{"@id":"https:\/\/autobaak.nl\/#website"},"datePublished":"2018-11-15T20:00:38+00:00","dateModified":"2025-11-13T18:04:58+00:00","description":"Ihr Auto schneller verkaufen? Nutzen Sie unseren professionellen Verkaufsservice und verkaufen Sie Ihren Gebrauchtwagen schneller und zu einem besseren Preis. Weiter lesen","breadcrumb":{"@id":"https:\/\/autobaak.nl\/auto-verkoopservice\/#breadcrumb"},"inLanguage":"de","potentialAction":[{"@type":"ReadAction","target":["https:\/\/autobaak.nl\/auto-verkoopservice\/"]}]},{"@type":"BreadcrumbList","@id":"https:\/\/autobaak.nl\/auto-verkoopservice\/#breadcrumb","itemListElement":[{"@type":"ListItem","position":1,"name":"Home","item":"https:\/\/autobaak.nl\/"},{"@type":"ListItem","position":2,"name":"auto verkoopservice"}]},{"@type":"WebSite","@id":"https:\/\/autobaak.nl\/#website","url":"https:\/\/autobaak.nl\/","name":"Autobook.de","description":"Autos &amp; Rennsport","potentialAction":[{"@type":"SearchAction","target":{"@type":"EntryPoint","urlTemplate":"https:\/\/autobaak.nl\/?s={search_term_string}"},"query-input":{"@type":"PropertyValueSpecification","valueRequired":true,"valueName":"search_term_string"}}],"inLanguage":"de"}]}},"_links":{"self":[{"href":"https:\/\/autobaak.nl\/de\/wp-json\/wp\/v2\/pages\/987","targetHints":{"allow":["GET"]}}],"collection":[{"href":"https:\/\/autobaak.nl\/de\/wp-json\/wp\/v2\/pages"}],"about":[{"href":"https:\/\/autobaak.nl\/de\/wp-json\/wp\/v2\/types\/page"}],"author":[{"embeddable":true,"href":"https:\/\/autobaak.nl\/de\/wp-json\/wp\/v2\/users\/1"}],"replies":[{"embeddable":true,"href":"https:\/\/autobaak.nl\/de\/wp-json\/wp\/v2\/comments?post=987"}],"version-history":[{"count":2,"href":"https:\/\/autobaak.nl\/de\/wp-json\/wp\/v2\/pages\/987\/revisions"}],"predecessor-version":[{"id":158182,"href":"https:\/\/autobaak.nl\/de\/wp-json\/wp\/v2\/pages\/987\/revisions\/158182"}],"wp:attachment":[{"href":"https:\/\/autobaak.nl\/de\/wp-json\/wp\/v2\/media?parent=987"}],"curies":[{"name":"wp","href":"https:\/\/api.w.org\/{rel}","templated":true}]}}