{"id":153219,"date":"2022-06-22T12:55:21","date_gmt":"2022-06-22T10:55:21","guid":{"rendered":"https:\/\/autobaak.nl\/?page_id=153219"},"modified":"2022-06-22T12:55:21","modified_gmt":"2022-06-22T10:55:21","slug":"tyre-pressure-honda-nsx-coupe","status":"publish","type":"page","link":"https:\/\/autobaak.nl\/en\/tyre-pressure-honda-nsx-coupe\/","title":{"rendered":"Tyre pressure Honda NSX Coup\u00e9"},"content":{"rendered":"<p>What tyre pressure should a Honda NSX Coup\u00e9 have? Below is an overview of the correct tyre pressure for each Honda NSX Coup\u00e9 model:<\/p>\n<h2>What tyre pressure Honda NSX Coupe<\/h2>\n<table class=\"table table-striped table-bordered table-hover table-responsive\">\n<thead class=\"thead-dark\">\n<tr>\n<th>Drive<\/th>\n<th>Tyre size<\/th>\n<th>Tyre pressure front wheels<\/th>\n<th>Rear wheel tyre pressure<\/th>\n<th>Front loading<\/th>\n<th>Load the rear side<\/th>\n<\/tr>\n<\/thead>\n<tbody>\n<tr>\n<td data-title=\"Aandrijving\"><strong>3.2 V 6 24 V<\/strong><\/td>\n<td data-title=\"Bandenmaat\">215 40 R17 83Y VA<\/td>\n<td data-title=\"Bandenspanning voorwielen\">2.3<\/td>\n<td data-title=\"Bandenspanning achterwielen\"><\/td>\n<td data-title=\"Voorkant beladen\">2.3<\/td>\n<td data-title=\"Achterkant beladen\"><\/td>\n<\/tr>\n<tr>\n<td data-title=\"Aandrijving\"><strong>3.2 V 6 24 V<\/strong><\/td>\n<td data-title=\"Bandenmaat\">215 45 ZR16 VA<\/td>\n<td data-title=\"Bandenspanning voorwielen\">2.3<\/td>\n<td data-title=\"Bandenspanning achterwielen\"><\/td>\n<td data-title=\"Voorkant beladen\">2.3<\/td>\n<td data-title=\"Achterkant beladen\"><\/td>\n<\/tr>\n<tr>\n<td data-title=\"Aandrijving\"><strong>3.2 V 6 24 V<\/strong><\/td>\n<td data-title=\"Bandenmaat\">245 40 ZR17 HA<\/td>\n<td data-title=\"Bandenspanning voorwielen\"><\/td>\n<td data-title=\"Bandenspanning achterwielen\">2.8<\/td>\n<td data-title=\"Voorkant beladen\"><\/td>\n<td data-title=\"Achterkant beladen\">2.8<\/td>\n<\/tr>\n<tr>\n<td data-title=\"Aandrijving\"><strong>3.2 V 6 24 V<\/strong><\/td>\n<td data-title=\"Bandenmaat\">255 40 R17 94Y HA<\/td>\n<td data-title=\"Bandenspanning voorwielen\"><\/td>\n<td data-title=\"Bandenspanning achterwielen\">2.8<\/td>\n<td data-title=\"Voorkant beladen\"><\/td>\n<td data-title=\"Achterkant beladen\">2.8<\/td>\n<\/tr>\n<\/tbody>\n<\/table>","protected":false},"excerpt":{"rendered":"<p>What tyre pressure should a Honda NSX Coup\u00e9 have? Below is an overview of the correct tyre pressure for each Honda NSX Coup\u00e9 model: What tyre pressure Honda NSX Coup\u00e9 Drive Tyre size Tyre pressure front wheels Tyre pressure rear wheels Front loaded Rear loaded 3.2 V 6 24 V 215 40 R17 83Y VA 2.3 2.3 3 3.2 V 6 24 V 215 45 ZR16 [...]<\/p>","protected":false},"author":1,"featured_media":0,"parent":0,"menu_order":0,"comment_status":"closed","ping_status":"closed","template":"","meta":{"_et_pb_use_builder":"","_et_pb_old_content":"","_et_gb_content_width":"","footnotes":""},"class_list":["post-153219","page","type-page","status-publish","hentry"],"yoast_head":"<!-- This site is optimized with the Yoast SEO plugin v27.3 - https:\/\/yoast.com\/product\/yoast-seo-wordpress\/ -->\n<title>Bandenspanning Honda NSX Coup\u00e9 - Autobaak.nl<\/title>\n<meta name=\"robots\" content=\"index, follow, max-snippet:-1, max-image-preview:large, max-video-preview:-1\" \/>\n<link rel=\"canonical\" href=\"https:\/\/autobaak.nl\/en\/tyre-pressure-honda-nsx-coupe\/\" \/>\n<meta property=\"og:locale\" content=\"en_GB\" \/>\n<meta property=\"og:type\" content=\"article\" \/>\n<meta property=\"og:title\" content=\"Bandenspanning Honda NSX Coup\u00e9 - Autobaak.nl\" \/>\n<meta property=\"og:description\" content=\"Welke bandenspanning moet een Honda NSX Coup\u00e9 hebben? Hieronder een overzicht van de juiste bandenspanning per Honda NSX Coup\u00e9 model: Welke bandenspanning Honda NSX Coup\u00e9 Aandrijving Bandenmaat Bandenspanning voorwielen Bandenspanning achterwielen Voorkant beladen Achterkant beladen 3.2 V 6 24 V 215 40 R17 83Y VA 2.3 2.3 3.2 V 6 24 V 215 45 ZR16 [&hellip;]\" \/>\n<meta property=\"og:url\" content=\"https:\/\/autobaak.nl\/en\/tyre-pressure-honda-nsx-coupe\/\" \/>\n<meta property=\"og:site_name\" content=\"Autobaak.nl\" \/>\n<meta name=\"twitter:card\" content=\"summary_large_image\" \/>\n<script type=\"application\/ld+json\" class=\"yoast-schema-graph\">{\"@context\":\"https:\\\/\\\/schema.org\",\"@graph\":[{\"@type\":\"WebPage\",\"@id\":\"https:\\\/\\\/autobaak.nl\\\/bandenspanning-honda-nsx-coupe\\\/\",\"url\":\"https:\\\/\\\/autobaak.nl\\\/bandenspanning-honda-nsx-coupe\\\/\",\"name\":\"Bandenspanning Honda NSX Coup\u00e9 - Autobaak.nl\",\"isPartOf\":{\"@id\":\"https:\\\/\\\/autobaak.nl\\\/#website\"},\"datePublished\":\"2022-06-22T10:55:21+00:00\",\"breadcrumb\":{\"@id\":\"https:\\\/\\\/autobaak.nl\\\/bandenspanning-honda-nsx-coupe\\\/#breadcrumb\"},\"inLanguage\":\"en-GB\",\"potentialAction\":[{\"@type\":\"ReadAction\",\"target\":[\"https:\\\/\\\/autobaak.nl\\\/bandenspanning-honda-nsx-coupe\\\/\"]}]},{\"@type\":\"BreadcrumbList\",\"@id\":\"https:\\\/\\\/autobaak.nl\\\/bandenspanning-honda-nsx-coupe\\\/#breadcrumb\",\"itemListElement\":[{\"@type\":\"ListItem\",\"position\":1,\"name\":\"Home\",\"item\":\"https:\\\/\\\/autobaak.nl\\\/\"},{\"@type\":\"ListItem\",\"position\":2,\"name\":\"Bandenspanning Honda NSX Coup\u00e9\"}]},{\"@type\":\"WebSite\",\"@id\":\"https:\\\/\\\/autobaak.nl\\\/#website\",\"url\":\"https:\\\/\\\/autobaak.nl\\\/\",\"name\":\"Autobaak.nl\",\"description\":\"Cars &amp; Racing\",\"potentialAction\":[{\"@type\":\"SearchAction\",\"target\":{\"@type\":\"EntryPoint\",\"urlTemplate\":\"https:\\\/\\\/autobaak.nl\\\/?s={search_term_string}\"},\"query-input\":{\"@type\":\"PropertyValueSpecification\",\"valueRequired\":true,\"valueName\":\"search_term_string\"}}],\"inLanguage\":\"en-GB\"}]}<\/script>\n<!-- \/ Yoast SEO plugin. -->","yoast_head_json":{"title":"Tyre pressure Honda NSX Coup\u00e9 - Autobaak.co.uk","robots":{"index":"index","follow":"follow","max-snippet":"max-snippet:-1","max-image-preview":"max-image-preview:large","max-video-preview":"max-video-preview:-1"},"canonical":"https:\/\/autobaak.nl\/en\/tyre-pressure-honda-nsx-coupe\/","og_locale":"en_GB","og_type":"article","og_title":"Bandenspanning Honda NSX Coup\u00e9 - Autobaak.nl","og_description":"Welke bandenspanning moet een Honda NSX Coup\u00e9 hebben? Hieronder een overzicht van de juiste bandenspanning per Honda NSX Coup\u00e9 model: Welke bandenspanning Honda NSX Coup\u00e9 Aandrijving Bandenmaat Bandenspanning voorwielen Bandenspanning achterwielen Voorkant beladen Achterkant beladen 3.2 V 6 24 V 215 40 R17 83Y VA 2.3 2.3 3.2 V 6 24 V 215 45 ZR16 [&hellip;]","og_url":"https:\/\/autobaak.nl\/en\/tyre-pressure-honda-nsx-coupe\/","og_site_name":"Autobaak.nl","twitter_card":"summary_large_image","schema":{"@context":"https:\/\/schema.org","@graph":[{"@type":"WebPage","@id":"https:\/\/autobaak.nl\/bandenspanning-honda-nsx-coupe\/","url":"https:\/\/autobaak.nl\/bandenspanning-honda-nsx-coupe\/","name":"Tyre pressure Honda NSX Coup\u00e9 - Autobaak.co.uk","isPartOf":{"@id":"https:\/\/autobaak.nl\/#website"},"datePublished":"2022-06-22T10:55:21+00:00","breadcrumb":{"@id":"https:\/\/autobaak.nl\/bandenspanning-honda-nsx-coupe\/#breadcrumb"},"inLanguage":"en-GB","potentialAction":[{"@type":"ReadAction","target":["https:\/\/autobaak.nl\/bandenspanning-honda-nsx-coupe\/"]}]},{"@type":"BreadcrumbList","@id":"https:\/\/autobaak.nl\/bandenspanning-honda-nsx-coupe\/#breadcrumb","itemListElement":[{"@type":"ListItem","position":1,"name":"Home","item":"https:\/\/autobaak.nl\/"},{"@type":"ListItem","position":2,"name":"Bandenspanning Honda NSX Coup\u00e9"}]},{"@type":"WebSite","@id":"https:\/\/autobaak.nl\/#website","url":"https:\/\/autobaak.nl\/","name":"Autobook.co.uk","description":"Cars &amp; Racing","potentialAction":[{"@type":"SearchAction","target":{"@type":"EntryPoint","urlTemplate":"https:\/\/autobaak.nl\/?s={search_term_string}"},"query-input":{"@type":"PropertyValueSpecification","valueRequired":true,"valueName":"search_term_string"}}],"inLanguage":"en-GB"}]}},"_links":{"self":[{"href":"https:\/\/autobaak.nl\/en\/wp-json\/wp\/v2\/pages\/153219","targetHints":{"allow":["GET"]}}],"collection":[{"href":"https:\/\/autobaak.nl\/en\/wp-json\/wp\/v2\/pages"}],"about":[{"href":"https:\/\/autobaak.nl\/en\/wp-json\/wp\/v2\/types\/page"}],"author":[{"embeddable":true,"href":"https:\/\/autobaak.nl\/en\/wp-json\/wp\/v2\/users\/1"}],"replies":[{"embeddable":true,"href":"https:\/\/autobaak.nl\/en\/wp-json\/wp\/v2\/comments?post=153219"}],"version-history":[{"count":0,"href":"https:\/\/autobaak.nl\/en\/wp-json\/wp\/v2\/pages\/153219\/revisions"}],"wp:attachment":[{"href":"https:\/\/autobaak.nl\/en\/wp-json\/wp\/v2\/media?parent=153219"}],"curies":[{"name":"wp","href":"https:\/\/api.w.org\/{rel}","templated":true}]}}