{"id":154013,"date":"2022-09-23T13:43:49","date_gmt":"2022-09-23T11:43:49","guid":{"rendered":"https:\/\/autobaak.nl\/?page_id=154013"},"modified":"2022-09-23T13:43:49","modified_gmt":"2022-09-23T11:43:49","slug":"tyre-pressure-renault-grand-scenic","status":"publish","type":"page","link":"https:\/\/autobaak.nl\/en\/tyre-pressure-renault-grand-scenic\/","title":{"rendered":"Tyre pressure Renault Grand Sc\u00e9nic"},"content":{"rendered":"<p>The right tyre pressure for your Renault Grand Sc\u00e9nic? On this page an overview of Renault Grand Sc\u00e9nic models and corresponding tyre pressures:<\/p>\n<table class=\"table table-striped table-bordered table-hover table-responsive\">\n<thead class=\"thead-dark\">\n<tr>\n<th>Drive<\/th>\n<th>Tyre size<\/th>\n<th>Tyre pressure front wheels<\/th>\n<th>Rear wheel tyre pressure<\/th>\n<th>Front loading<\/th>\n<th>Load the rear side<\/th>\n<\/tr>\n<\/thead>\n<tbody>\n<tr>\n<td data-title=\"Aandrijving\"><strong>1.4 TCe<\/strong><\/td>\n<td data-title=\"Bandenmaat\">205 55 R17 91V<\/td>\n<td data-title=\"Bandenspanning voorwielen\">2.6<\/td>\n<td data-title=\"Bandenspanning achterwielen\">2.6<\/td>\n<td data-title=\"Voorkant beladen\">2.6<\/td>\n<td data-title=\"Achterkant beladen\">2.6<\/td>\n<\/tr>\n<tr>\n<td data-title=\"Aandrijving\"><strong>1.6<\/strong><\/td>\n<td data-title=\"Bandenmaat\">205 55 R17 91V<\/td>\n<td data-title=\"Bandenspanning voorwielen\">2.6<\/td>\n<td data-title=\"Bandenspanning achterwielen\">2.6<\/td>\n<td data-title=\"Voorkant beladen\">2.6<\/td>\n<td data-title=\"Achterkant beladen\">2.6<\/td>\n<\/tr>\n<tr>\n<td data-title=\"Aandrijving\"><strong>1.6<\/strong><\/td>\n<td data-title=\"Bandenmaat\">205 60 R16 92H<\/td>\n<td data-title=\"Bandenspanning voorwielen\">2.6<\/td>\n<td data-title=\"Bandenspanning achterwielen\">2.6<\/td>\n<td data-title=\"Voorkant beladen\">2.6<\/td>\n<td data-title=\"Achterkant beladen\">2.6<\/td>\n<\/tr>\n<tr>\n<td data-title=\"Aandrijving\"><strong>1.6 16V - 5P<\/strong><\/td>\n<td data-title=\"Bandenmaat\">205 55 R17 91V<\/td>\n<td data-title=\"Bandenspanning voorwielen\">2.4<\/td>\n<td data-title=\"Bandenspanning achterwielen\">2.2<\/td>\n<td data-title=\"Voorkant beladen\">2.6<\/td>\n<td data-title=\"Achterkant beladen\">2.4<\/td>\n<\/tr>\n<tr>\n<td data-title=\"Aandrijving\"><strong>1.6 16V - 5P<\/strong><\/td>\n<td data-title=\"Bandenmaat\">205 60 R16 92H<\/td>\n<td data-title=\"Bandenspanning voorwielen\">2.2<\/td>\n<td data-title=\"Bandenspanning achterwielen\">2.2<\/td>\n<td data-title=\"Voorkant beladen\">2.4<\/td>\n<td data-title=\"Achterkant beladen\">2.4<\/td>\n<\/tr>\n<tr>\n<td data-title=\"Aandrijving\"><strong>1.6 16V - 7P<\/strong><\/td>\n<td data-title=\"Bandenmaat\">205 55 R17 91V<\/td>\n<td data-title=\"Bandenspanning voorwielen\">2.6<\/td>\n<td data-title=\"Bandenspanning achterwielen\">2.5<\/td>\n<td data-title=\"Voorkant beladen\">2.8<\/td>\n<td data-title=\"Achterkant beladen\">2.7<\/td>\n<\/tr>\n<tr>\n<td data-title=\"Aandrijving\"><strong>1.6 16V - 7P<\/strong><\/td>\n<td data-title=\"Bandenmaat\">205 60 R16 92H<\/td>\n<td data-title=\"Bandenspanning voorwielen\">2.4<\/td>\n<td data-title=\"Bandenspanning achterwielen\">2.5<\/td>\n<td data-title=\"Voorkant beladen\">2.6<\/td>\n<td data-title=\"Achterkant beladen\">2.7<\/td>\n<\/tr>\n<tr>\n<td data-title=\"Aandrijving\"><strong>1.9 dCi - 7P<\/strong><\/td>\n<td data-title=\"Bandenmaat\">205 55 R17 91V<\/td>\n<td data-title=\"Bandenspanning voorwielen\">2.6<\/td>\n<td data-title=\"Bandenspanning achterwielen\">2.5<\/td>\n<td data-title=\"Voorkant beladen\">2.8<\/td>\n<td data-title=\"Achterkant beladen\">2.7<\/td>\n<\/tr>\n<tr>\n<td data-title=\"Aandrijving\"><strong>1.9 dCi - 7P<\/strong><\/td>\n<td data-title=\"Bandenmaat\">205 60 R16 92H<\/td>\n<td data-title=\"Bandenspanning voorwielen\">2.5<\/td>\n<td data-title=\"Bandenspanning achterwielen\">2.5<\/td>\n<td data-title=\"Voorkant beladen\">2.7<\/td>\n<td data-title=\"Achterkant beladen\">2.7<\/td>\n<\/tr>\n<tr>\n<td data-title=\"Aandrijving\"><strong>2.0 16V - 5P<\/strong><\/td>\n<td data-title=\"Bandenmaat\">205 55 R17 91V<\/td>\n<td data-title=\"Bandenspanning voorwielen\">2.4<\/td>\n<td data-title=\"Bandenspanning achterwielen\">2.2<\/td>\n<td data-title=\"Voorkant beladen\">2.6<\/td>\n<td data-title=\"Achterkant beladen\">2.4<\/td>\n<\/tr>\n<tr>\n<td data-title=\"Aandrijving\"><strong>2.0 16V - 5P<\/strong><\/td>\n<td data-title=\"Bandenmaat\">205 60 R16 92H<\/td>\n<td data-title=\"Bandenspanning voorwielen\">2.3<\/td>\n<td data-title=\"Bandenspanning achterwielen\">2.2<\/td>\n<td data-title=\"Voorkant beladen\">2.5<\/td>\n<td data-title=\"Achterkant beladen\">2.4<\/td>\n<\/tr>\n<tr>\n<td data-title=\"Aandrijving\"><strong>2.0 16V - 7P<\/strong><\/td>\n<td data-title=\"Bandenmaat\">205 55 R17 91V<\/td>\n<td data-title=\"Bandenspanning voorwielen\">2.6<\/td>\n<td data-title=\"Bandenspanning achterwielen\">2.6<\/td>\n<td data-title=\"Voorkant beladen\">2.8<\/td>\n<td data-title=\"Achterkant beladen\">2.8<\/td>\n<\/tr>\n<tr>\n<td data-title=\"Aandrijving\"><strong>2.0 16V - 7P<\/strong><\/td>\n<td data-title=\"Bandenmaat\">205 60 R16 92H<\/td>\n<td data-title=\"Bandenspanning voorwielen\">2.5<\/td>\n<td data-title=\"Bandenspanning achterwielen\">2.6<\/td>\n<td data-title=\"Voorkant beladen\">2.7<\/td>\n<td data-title=\"Achterkant beladen\">2.8<\/td>\n<\/tr>\n<tr>\n<td data-title=\"Aandrijving\"><strong>2.0 dCi<\/strong><\/td>\n<td data-title=\"Bandenmaat\">225 50 R17 94V<\/td>\n<td data-title=\"Bandenspanning voorwielen\">2.6<\/td>\n<td data-title=\"Bandenspanning achterwielen\">2.6<\/td>\n<td data-title=\"Voorkant beladen\">2.6<\/td>\n<td data-title=\"Achterkant beladen\">2.6<\/td>\n<\/tr>\n<\/tbody>\n<\/table>","protected":false},"excerpt":{"rendered":"<p>The correct tyre pressure for your Renault Grand Sc\u00e9nic? On this page, an overview of Renault Grand Sc\u00e9nic models and corresponding tyre pressures: Drive Tyre size Tyre pressure front wheels Tyre pressure rear wheels Front loaded Rear loaded 1.4 TCe 205 55 R17 91V 2.6 2.6 2.6 2.6 2.6 1.6 205 55 R17 91V 2.6 2.6 2.6 2.6 1.6 205 60 R16 [...]<\/p>","protected":false},"author":1,"featured_media":0,"parent":0,"menu_order":0,"comment_status":"closed","ping_status":"closed","template":"","meta":{"_et_pb_use_builder":"","_et_pb_old_content":"","_et_gb_content_width":"","footnotes":""},"class_list":["post-154013","page","type-page","status-publish","hentry"],"yoast_head":"<!-- This site is optimized with the Yoast SEO plugin v27.6 - https:\/\/yoast.com\/product\/yoast-seo-wordpress\/ -->\n<title>Bandenspanning Renault Grand Sc\u00e9nic - Autobaak.nl<\/title>\n<meta name=\"robots\" content=\"index, follow, max-snippet:-1, max-image-preview:large, max-video-preview:-1\" \/>\n<link rel=\"canonical\" href=\"https:\/\/autobaak.nl\/en\/tyre-pressure-renault-grand-scenic\/\" \/>\n<meta property=\"og:locale\" content=\"en_GB\" \/>\n<meta property=\"og:type\" content=\"article\" \/>\n<meta property=\"og:title\" content=\"Bandenspanning Renault Grand Sc\u00e9nic - Autobaak.nl\" \/>\n<meta property=\"og:description\" content=\"De juiste bandenspanning voor jouw Renault Grand Sc\u00e9nic? Op deze pagina een overzicht van de Renault Grand Sc\u00e9nic modellen en bijbehorende bandenspanning: Aandrijving Bandenmaat Bandenspanning voorwielen Bandenspanning achterwielen Voorkant beladen Achterkant beladen 1.4 TCe 205 55 R17 91V 2.6 2.6 2.6 2.6 1.6 205 55 R17 91V 2.6 2.6 2.6 2.6 1.6 205 60 R16 [&hellip;]\" \/>\n<meta property=\"og:url\" content=\"https:\/\/autobaak.nl\/en\/tyre-pressure-renault-grand-scenic\/\" \/>\n<meta property=\"og:site_name\" content=\"Autobaak.nl\" \/>\n<meta name=\"twitter:card\" content=\"summary_large_image\" \/>\n<meta name=\"twitter:label1\" content=\"Estimated reading time\" \/>\n\t<meta name=\"twitter:data1\" content=\"1 minute\" \/>\n<script type=\"application\/ld+json\" class=\"yoast-schema-graph\">{\"@context\":\"https:\\\/\\\/schema.org\",\"@graph\":[{\"@type\":\"WebPage\",\"@id\":\"https:\\\/\\\/autobaak.nl\\\/bandenspanning-renault-grand-scenic\\\/\",\"url\":\"https:\\\/\\\/autobaak.nl\\\/bandenspanning-renault-grand-scenic\\\/\",\"name\":\"Bandenspanning Renault Grand Sc\u00e9nic - Autobaak.nl\",\"isPartOf\":{\"@id\":\"https:\\\/\\\/autobaak.nl\\\/#website\"},\"datePublished\":\"2022-09-23T11:43:49+00:00\",\"breadcrumb\":{\"@id\":\"https:\\\/\\\/autobaak.nl\\\/bandenspanning-renault-grand-scenic\\\/#breadcrumb\"},\"inLanguage\":\"en-GB\",\"potentialAction\":[{\"@type\":\"ReadAction\",\"target\":[\"https:\\\/\\\/autobaak.nl\\\/bandenspanning-renault-grand-scenic\\\/\"]}]},{\"@type\":\"BreadcrumbList\",\"@id\":\"https:\\\/\\\/autobaak.nl\\\/bandenspanning-renault-grand-scenic\\\/#breadcrumb\",\"itemListElement\":[{\"@type\":\"ListItem\",\"position\":1,\"name\":\"Home\",\"item\":\"https:\\\/\\\/autobaak.nl\\\/\"},{\"@type\":\"ListItem\",\"position\":2,\"name\":\"Bandenspanning Renault Grand Sc\u00e9nic\"}]},{\"@type\":\"WebSite\",\"@id\":\"https:\\\/\\\/autobaak.nl\\\/#website\",\"url\":\"https:\\\/\\\/autobaak.nl\\\/\",\"name\":\"Autobaak.nl\",\"description\":\"Cars &amp; Racing\",\"potentialAction\":[{\"@type\":\"SearchAction\",\"target\":{\"@type\":\"EntryPoint\",\"urlTemplate\":\"https:\\\/\\\/autobaak.nl\\\/?s={search_term_string}\"},\"query-input\":{\"@type\":\"PropertyValueSpecification\",\"valueRequired\":true,\"valueName\":\"search_term_string\"}}],\"inLanguage\":\"en-GB\"}]}<\/script>\n<!-- \/ Yoast SEO plugin. -->","yoast_head_json":{"title":"Tyre pressure Renault Grand Sc\u00e9nic - Autobaak.co.uk","robots":{"index":"index","follow":"follow","max-snippet":"max-snippet:-1","max-image-preview":"max-image-preview:large","max-video-preview":"max-video-preview:-1"},"canonical":"https:\/\/autobaak.nl\/en\/tyre-pressure-renault-grand-scenic\/","og_locale":"en_GB","og_type":"article","og_title":"Bandenspanning Renault Grand Sc\u00e9nic - Autobaak.nl","og_description":"De juiste bandenspanning voor jouw Renault Grand Sc\u00e9nic? Op deze pagina een overzicht van de Renault Grand Sc\u00e9nic modellen en bijbehorende bandenspanning: Aandrijving Bandenmaat Bandenspanning voorwielen Bandenspanning achterwielen Voorkant beladen Achterkant beladen 1.4 TCe 205 55 R17 91V 2.6 2.6 2.6 2.6 1.6 205 55 R17 91V 2.6 2.6 2.6 2.6 1.6 205 60 R16 [&hellip;]","og_url":"https:\/\/autobaak.nl\/en\/tyre-pressure-renault-grand-scenic\/","og_site_name":"Autobaak.nl","twitter_card":"summary_large_image","twitter_misc":{"Estimated reading time":"1 minute"},"schema":{"@context":"https:\/\/schema.org","@graph":[{"@type":"WebPage","@id":"https:\/\/autobaak.nl\/bandenspanning-renault-grand-scenic\/","url":"https:\/\/autobaak.nl\/bandenspanning-renault-grand-scenic\/","name":"Tyre pressure Renault Grand Sc\u00e9nic - Autobaak.co.uk","isPartOf":{"@id":"https:\/\/autobaak.nl\/#website"},"datePublished":"2022-09-23T11:43:49+00:00","breadcrumb":{"@id":"https:\/\/autobaak.nl\/bandenspanning-renault-grand-scenic\/#breadcrumb"},"inLanguage":"en-GB","potentialAction":[{"@type":"ReadAction","target":["https:\/\/autobaak.nl\/bandenspanning-renault-grand-scenic\/"]}]},{"@type":"BreadcrumbList","@id":"https:\/\/autobaak.nl\/bandenspanning-renault-grand-scenic\/#breadcrumb","itemListElement":[{"@type":"ListItem","position":1,"name":"Home","item":"https:\/\/autobaak.nl\/"},{"@type":"ListItem","position":2,"name":"Bandenspanning Renault Grand Sc\u00e9nic"}]},{"@type":"WebSite","@id":"https:\/\/autobaak.nl\/#website","url":"https:\/\/autobaak.nl\/","name":"Autobook.co.uk","description":"Cars &amp; Racing","potentialAction":[{"@type":"SearchAction","target":{"@type":"EntryPoint","urlTemplate":"https:\/\/autobaak.nl\/?s={search_term_string}"},"query-input":{"@type":"PropertyValueSpecification","valueRequired":true,"valueName":"search_term_string"}}],"inLanguage":"en-GB"}]}},"_links":{"self":[{"href":"https:\/\/autobaak.nl\/en\/wp-json\/wp\/v2\/pages\/154013","targetHints":{"allow":["GET"]}}],"collection":[{"href":"https:\/\/autobaak.nl\/en\/wp-json\/wp\/v2\/pages"}],"about":[{"href":"https:\/\/autobaak.nl\/en\/wp-json\/wp\/v2\/types\/page"}],"author":[{"embeddable":true,"href":"https:\/\/autobaak.nl\/en\/wp-json\/wp\/v2\/users\/1"}],"replies":[{"embeddable":true,"href":"https:\/\/autobaak.nl\/en\/wp-json\/wp\/v2\/comments?post=154013"}],"version-history":[{"count":0,"href":"https:\/\/autobaak.nl\/en\/wp-json\/wp\/v2\/pages\/154013\/revisions"}],"wp:attachment":[{"href":"https:\/\/autobaak.nl\/en\/wp-json\/wp\/v2\/media?parent=154013"}],"curies":[{"name":"wp","href":"https:\/\/api.w.org\/{rel}","templated":true}]}}