{"id":216,"date":"2017-06-21T13:28:32","date_gmt":"2017-06-21T13:28:32","guid":{"rendered":"https:\/\/autobaak.nl\/?page_id=216"},"modified":"2019-06-21T06:55:31","modified_gmt":"2019-06-21T06:55:31","slug":"renault-megane","status":"publish","type":"page","link":"https:\/\/autobaak.nl\/en\/renault-megane\/","title":{"rendered":"Renault M\u00e9gane"},"content":{"rendered":"<p>[et_pb_section bb_built=\"1\u2033 fullwidth=\"off\" specialty=\"off\" transparent_background=\"off\" background_colour=\"#0c71c3\u2033 allow_player_pause=\"off\" inner_shadow=\"off\" parallax=\"off\" parallax_method=\"off\" padding_mobile=\"off\" make_fullwidth=\"off\" use_custom_width=\"off\" width_unit=\"on\" make_equal=\"off\" use_custom_gutter=\"off\" custom_padding_tablet=\"50px|0|50px|0\u2033 custom_padding_last_edited=\"on|desktop\" inner_width=\"auto\" inner_max_width=\"none\" next_background_colour=\"#ffffff\"][et_pb_row background_position=\"top_left\" background_repeat=\"repeat\" background_size=\"initial\" width=\"80%\" max_width=\"1080px\"][et_pb_column type=\"4_4\u2033][et_pb_text background_layout=\"dark\" text_orientation=\"centre\" use_border_colour=\"off\" border_colour=\"#ffffff\" border_style=\"solid\" background_position=\"top_left\" background_repeat=\"repeat\" background_size=\"initial\" module_alignment=\"centre\"]<\/p>\n<h1 style=\"text-align: center;\">When to replace the Renault M\u00e9gane timing belt<\/h1>\n<p>[\/et_pb_text][\/et_pb_column][\/et_pb_row][\/et_pb_section][et_pb_section bb_built=\"1\u2033 _builder_version=\"3.23.3\u2033 inner_width_tablet=\"50px\" inner_max_width_tablet=\"50px\" custom_margin=\"||-40px|\" custom_padding=\"||-20px|\" z_index_tablet=\"500\u2033 box_shadow_horizontal_tablet=\"0px\" box_shadow_vertical_tablet=\"0px\" box_shadow_blur_tablet=\"40px\" box_shadow_spread_tablet=\"0px\" next_background_color=\"#000000\u2033 global_module=\"1614\u2033 prev_background_color=\"#0c71c3\u2033][et_pb_row global_parent=\"1614\u2033 _builder_version=\"3.22.3\u2033 background_size=\"initial\" background_position=\"top_left\" background_repeat=\"repeat\"][et_pb_column type=\"4_4\u2033][et_pb_text global_parent=\"1614\u2033 _builder_version=\"3.23.3\u2033 custom_margin=\"-50px||-50px||\" z_index_tablet=\"500\u2033 text_text_shadow_horizontal_length_tablet=\"0px\" text_text_shadow_vertical_length_tablet=\"0px\" text_text_shadow_blur_strength_tablet=\"1px\" link_text_shadow_horizontal_length_tablet=\"0px\" link_text_shadow_vertical_length_tablet=\"0px\" link_text_shadow_blur_strength_tablet=\"1px\" ul_text_shadow_horizontal_length_tablet=\"0px\" ul_text_shadow_vertical_length_tablet=\"0px\" ul_text_shadow_blur_strength_tablet=\"1px\" ol_text_shadow_horizontal_length_tablet=\"0px\" ol_text_shadow_vertical_length_tablet=\"0px\" ol_text_shadow_blur_strength_tablet=\"1px\" quote_text_shadow_horizontal_length_tablet=\"0px\" quote_text_shadow_vertical_length_tablet=\"0px\" quote_text_shadow_blur_strength_tablet=\"1px\" header_text_shadow_horizontal_length_tablet=\"0px\" header_text_shadow_vertical_length_tablet=\"0px\" header_text_shadow_blur_strength_tablet=\"1px\" header_2_text_shadow_horizontal_length_tablet=\"0px\" header_2_text_shadow_vertical_length_tablet=\"0px\" header_2_text_shadow_blur_strength_tablet=\"1px\" header_3_text_shadow_horizontal_length_tablet=\"0px\" header_3_text_shadow_vertical_length_tablet=\"0px\" header_3_text_shadow_blur_strength_tablet=\"1px\" header_4_text_shadow_horizontal_length_tablet=\"0px\" header_4_text_shadow_vertical_length_tablet=\"0px\" header_4_text_shadow_blur_strength_tablet=\"1px\" header_5_text_shadow_horizontal_length_tablet=\"0px\" header_5_text_shadow_vertical_length_tablet=\"0px\" header_5_text_shadow_blur_strength_tablet=\"1px\" header_6_text_shadow_horizontal_length_tablet=\"0px\" header_6_text_shadow_vertical_length_tablet=\"0px\" header_6_text_shadow_blur_strength_tablet=\"1px\" box_shadow_horizontal_tablet=\"0px\" box_shadow_vertical_tablet=\"0px\" box_shadow_blur_tablet=\"40px\" box_shadow_spread_tablet=\"0px\" custom_padding=\"||0px|||\"]<\/p>\n<p><a href=\"https:\/\/lt45.net\/c\/?si=13244&amp;li=1615045&amp;wi=334511&amp;ws=\" target=\"_blank\" rel=\"nofollow noopener noreferrer\"><img decoding=\"async\" class=\"aligncenter\" style=\"max-width: 100%; height: auto; border: none;\" src=\"https:\/\/static-dscn.net\/13244\/1615045\/?wi=334511&amp;ws=\" alt=\"\" \/><\/a><\/p>\n<p>[\/et_pb_text][\/et_pb_column][\/et_pb_row][\/et_pb_section][et_pb_section bb_built=\"1\u2033 fullwidth=\"off\" specialty=\"off\" inner_width=\"auto\" inner_max_width=\"none\" prev_background_colour=\"#000000\u2033][et_pb_row background_position=\"top_left\" background_repeat=\"repeat\" background_size=\"initial\" width=\"80%\" max_width=\"1080px\"][et_pb_column type=\"2_3\u2033][et_pb_text background_layout=\"light\" text_orientation=\"left\" use_border_color=\"off\" border_color=\"#ffffff\" border_style=\"solid\" background_position=\"top_left\" background_repeat=\"repeat\" background_size=\"initial\"]<\/p>\n<p>\nThe Renault M\u00e9gane is a compact mid-sized car made by Renault. The first version of the Renault M\u00e9gane came on the market in 1996. This model is available with both petrol and diesel engines. Below is an overview of the timing belt replacement intervals. If you don't know which engine your car has, you can enter the license plate number below.<\/p>\n<p>[open_rdw_check \"make\" \"commercial name\" \"vehicle type\" \"fuel_description\" \"number_cylinders\" \"displacement\" \"expiry_apk\"]<\/p>\n<p>[\/et_pb_text][et_pb_text background_layout=\"light\" text_orientation=\"left\" use_border_color=\"off\" border_color=\"#ffffff\" border_style=\"solid\" background_position=\"top_left\" background_repeat=\"repeat\" background_size=\"initial\"]<\/p>\n<h2><strong>Petrol<\/strong> <strong>variants manufactured between 1996 and 1999<br \/>\n<\/strong><\/h2>\n<ul>\n<li>Renault M\u00e9gane 1.4 = <strong>120 000<\/strong><b> Kilometres or up to 4 years.<\/b><\/li>\n<li>Renault M\u00e9gane 1.4e = <strong>120 000<\/strong><b> Kilometres or up to 4 years.<\/b><\/li>\n<li>Renault M\u00e9gane 1.6e = <strong>120 000<\/strong><b> Kilometres or up to 4 years.<\/b><\/li>\n<li>Renault M\u00e9gane 2.0 = <strong>120 000<\/strong><b> Kilometres or up to 4 years.<br \/>\n<\/b><\/li>\n<\/ul>\n<h2><strong>Diesel Variants produced between 1996 and 1999<br \/>\n<\/strong><\/h2>\n<ul>\n<li>Renault M\u00e9gane 1.9 D = <strong>120 000<\/strong><b> Kilometres or up to 4 years.<\/b><\/li>\n<li>Renault M\u00e9gane 1.9 dT = <strong>120 000<\/strong><b> Kilometres or up to 4 years.<\/b><\/li>\n<li>Renault M\u00e9gane 1.9 dTi = <strong>120 000<\/strong><b> Kilometres or up to 4 years.<\/b><strong><br \/>\n<\/strong><\/li>\n<\/ul>\n<h2><strong>Petrol<\/strong> <strong>variants manufactured between 1999 and 2000<\/strong><\/h2>\n<ul>\n<li>Renault M\u00e9gane 1.4 = <strong>120 000 Kilometres or up to 4 years.<\/strong><\/li>\n<li>Renault M\u00e9gane 1.4e = <strong>120 000 Kilometres or up to 4 years.<\/strong><\/li>\n<\/ul>\n<h2><strong>Diesel Variants produced between 1999 and 2000<\/strong><\/h2>\n<ul>\n<li>Renault M\u00e9gane 1.9 D = <strong>120 000 Kilometres or up to 4 years.<\/strong><\/li>\n<li>Renault M\u00e9gane 1.9 dTi = <strong>120 000 Kilometres or up to 4 years.<\/strong><\/li>\n<\/ul>\n<h2><strong>Petrol<\/strong> <strong>variants manufactured between 2000 and 2002<\/strong><\/h2>\n<ul>\n<li>Renault M\u00e9gane 1.4 = <strong>120 000 Kilometres or up to 4 years.<\/strong><\/li>\n<li>Renault M\u00e9gane 1.6 = <strong>120 000 Kilometres or up to 4 years.<\/strong><\/li>\n<li>Renault M\u00e9gane 1.8 = <strong>120 000 Kilometres or up to 4 years.<\/strong><\/li>\n<\/ul>\n<h2><strong>Diesel<\/strong> <strong>variants manufactured between 2000 and 2002<\/strong><\/h2>\n<ul>\n<li>Renault M\u00e9gane 1.9 = <strong>120 000 Kilometres or up to 4 years.<\/strong><\/li>\n<li>Renault M\u00e9gane 1.9 dTi = <strong>120 000 Kilometres or up to 4 years.<\/strong><\/li>\n<li>Renault M\u00e9gane 1.9 dCi = <strong>120 000 Kilometres or up to 4 years.<\/strong><\/li>\n<\/ul>\n<h2><strong>Petrol<\/strong> <strong>variants produced between 2002 and 2006<\/strong><\/h2>\n<ul>\n<li>Renault M\u00e9gane 1.4 = <strong>120 000 Kilometres or up to 4 years.<\/strong><\/li>\n<li>Renault M\u00e9gane 1.6 = <strong>120 000 Kilometres or up to 4 years.<\/strong><\/li>\n<li>Renault M\u00e9gane 2.0 = <strong>120 000 Kilometres or up to 4 years.<\/strong><\/li>\n<\/ul>\n<h2><strong>Diesel<\/strong> <strong>variants produced between 2002 and 2006<\/strong><\/h2>\n<ul>\n<li>Renault M\u00e9gane 1.5 dCi = <strong>120 000 Kilometres or up to 4 years.<\/strong><\/li>\n<li>Renault M\u00e9gane 1.9 dCi = <strong>120 000 Kilometres or up to 4 years.<\/strong><\/li>\n<\/ul>\n<h2><strong>Petrol<\/strong> <strong>variants produced between 2006 and 2008<\/strong><\/h2>\n<ul>\n<li>Renault M\u00e9gane 1.4 = <strong>120 000 Kilometres or up to 4 years.<\/strong><\/li>\n<li>Renault M\u00e9gane 1.6 = <strong>120 000 Kilometres or up to 4 years.<\/strong><\/li>\n<li>Renault M\u00e9gane 2.0 = <strong>120 000 Kilometres or up to 4 years.<\/strong><\/li>\n<\/ul>\n<h2><strong>Diesel<\/strong> <strong>variants produced between 2006 and 2008<\/strong><\/h2>\n<ul>\n<li>Renault M\u00e9gane 1.5 dCi = <strong>120 000 Kilometres or up to 4 years.<\/strong><\/li>\n<li>Renault M\u00e9gane 1.9 dCi = <strong>120 000 Kilometres or up to 4 years.<\/strong><\/li>\n<li>Renault M\u00e9gane 2.0 dCi = <strong>120 000 Kilometres or up to 4 years.<\/strong><\/li>\n<\/ul>\n<h2><strong>Petrol<\/strong> <strong>variants produced between 2008 and 2012<\/strong><\/h2>\n<ul>\n<li>Renault M\u00e9gane 1.6 = <strong>120 000 Kilometres or up to 4 years.<\/strong><\/li>\n<li>Renault M\u00e9gane TCe = <b>Timing chain<\/b><\/li>\n<li>Renault M\u00e9gane 2.0 = <strong>120 000 Kilometres or up to 4 years.<\/strong><\/li>\n<\/ul>\n<h2><strong>Diesel<\/strong> <strong>variants produced between 2008 and 2012<\/strong><\/h2>\n<ul>\n<li>Renault M\u00e9gane dCi = <strong>120 000 Kilometres or up to 4 years.<\/strong><\/li>\n<\/ul>\n<h2><strong>Petrol<\/strong> <strong>variants produced between 2012 and 2013<\/strong><\/h2>\n<ul>\n<li>Renault M\u00e9gane 1.6 = <strong>120 000 Kilometres or up to 4 years.<\/strong><\/li>\n<li>Renault M\u00e9gane TCe = <b>Timing chain<\/b><\/li>\n<li>Renault M\u00e9gane 2.0 = <strong>120 000 Kilometres or up to 4 years.<\/strong><\/li>\n<\/ul>\n<h2><strong>Diesel<\/strong> <strong>variants produced between 2012 and 2013<\/strong><\/h2>\n<ul>\n<li>Renault M\u00e9gane dCi = <strong>120 000 Kilometres or up to 4 years.<\/strong><\/li>\n<\/ul>\n<h2><strong>Petrol<\/strong> <strong>variants produced between 2013 and 2016<\/strong><\/h2>\n<ul>\n<li>Renault M\u00e9gane TCe = <b>Timing chain<\/b><\/li>\n<li>Renault M\u00e9gane 2.0 = <strong>120 000 Kilometres or up to 4 years.<\/strong><\/li>\n<\/ul>\n<h2><strong>Diesel<\/strong> <strong>variants produced between 2013 and 2016<\/strong><\/h2>\n<ul>\n<li>Renault M\u00e9gane dCi = <strong>120 000 Kilometres or up to 4 years.<\/strong><\/li>\n<\/ul>\n<p>[\/et_pb_text][\/et_pb_column][et_pb_column type=\"1_3\u2033][et_pb_code _builder_version=\"3.23.3\u2033 z_index_tablet=\"500\u2033 saved_tabs=\"all\" text_orientation=\"centre\" global_module=\"1602\u2033]<iframe loading=\"lazy\" style=\"overflow: hidden; border: none\" src=\"https:\/\/html.dt51.net\/12298\/1550002\/?wi=334511&#038;ws=\" width=\"160\" height=\"600\" frameborder=\"0\" marginwidth=\"0\" marginheight=\"0\" scrolling=\"no\"><\/iframe>[\/et_pb_code][\/et_pb_column][\/et_pb_row][\/et_pb_section].<\/p>","protected":false},"excerpt":{"rendered":"<p>When to replace timing belt Renault M\u00e9gane The Renault M\u00e9gane is a compact mid-size car from Renault. The first version of the Renault M\u00e9gane entered the market in 1996. This model comes with both petrol and diesel engines. Below is the overview of the timing belt replacement interval. If you don't know which engine your car has, then [...]<\/p>","protected":false},"author":1,"featured_media":0,"parent":0,"menu_order":0,"comment_status":"closed","ping_status":"closed","template":"","meta":{"_et_pb_use_builder":"on","_et_pb_old_content":"","_et_gb_content_width":"","footnotes":""},"class_list":["post-216","page","type-page","status-publish","hentry"],"yoast_head":"<!-- This site is optimized with the Yoast SEO plugin v27.3 - https:\/\/yoast.com\/product\/yoast-seo-wordpress\/ -->\n<title>Renault M\u00e9gane - Autobaak.nl<\/title>\n<meta name=\"description\" content=\"Wanneer distributieriem vervangen Renault M\u00e9gane. zowel voor diesel motoren als benzine varianten. O.a. de 1.2, 1.4, dCi en dTi. Vindt de interval hier.\" \/>\n<meta name=\"robots\" content=\"index, follow, max-snippet:-1, max-image-preview:large, max-video-preview:-1\" \/>\n<link rel=\"canonical\" href=\"https:\/\/autobaak.nl\/en\/renault-megane\/\" \/>\n<meta property=\"og:locale\" content=\"en_GB\" \/>\n<meta property=\"og:type\" content=\"article\" \/>\n<meta property=\"og:title\" content=\"Renault M\u00e9gane - Autobaak.nl\" \/>\n<meta property=\"og:description\" content=\"Wanneer distributieriem vervangen Renault M\u00e9gane. zowel voor diesel motoren als benzine varianten. O.a. de 1.2, 1.4, dCi en dTi. Vindt de interval hier.\" \/>\n<meta property=\"og:url\" content=\"https:\/\/autobaak.nl\/en\/renault-megane\/\" \/>\n<meta property=\"og:site_name\" content=\"Autobaak.nl\" \/>\n<meta property=\"article:modified_time\" content=\"2019-06-21T06:55:31+00:00\" \/>\n<meta property=\"og:image\" content=\"https:\/\/static-dscn.net\/13244\/1615045\/?wi=334511&amp;ws=\" \/>\n<meta name=\"twitter:card\" content=\"summary_large_image\" \/>\n<meta name=\"twitter:label1\" content=\"Estimated reading time\" \/>\n\t<meta name=\"twitter:data1\" content=\"5 minutes\" \/>\n<script type=\"application\/ld+json\" class=\"yoast-schema-graph\">{\"@context\":\"https:\\\/\\\/schema.org\",\"@graph\":[{\"@type\":\"WebPage\",\"@id\":\"https:\\\/\\\/autobaak.nl\\\/renault-megane\\\/\",\"url\":\"https:\\\/\\\/autobaak.nl\\\/renault-megane\\\/\",\"name\":\"Renault M\u00e9gane - Autobaak.nl\",\"isPartOf\":{\"@id\":\"https:\\\/\\\/autobaak.nl\\\/#website\"},\"primaryImageOfPage\":{\"@id\":\"https:\\\/\\\/autobaak.nl\\\/renault-megane\\\/#primaryimage\"},\"image\":{\"@id\":\"https:\\\/\\\/autobaak.nl\\\/renault-megane\\\/#primaryimage\"},\"thumbnailUrl\":\"https:\\\/\\\/static-dscn.net\\\/13244\\\/1615045\\\/?wi=334511&amp;ws=\",\"datePublished\":\"2017-06-21T13:28:32+00:00\",\"dateModified\":\"2019-06-21T06:55:31+00:00\",\"description\":\"Wanneer distributieriem vervangen Renault M\u00e9gane. zowel voor diesel motoren als benzine varianten. O.a. de 1.2, 1.4, dCi en dTi. Vindt de interval hier.\",\"breadcrumb\":{\"@id\":\"https:\\\/\\\/autobaak.nl\\\/renault-megane\\\/#breadcrumb\"},\"inLanguage\":\"en-GB\",\"potentialAction\":[{\"@type\":\"ReadAction\",\"target\":[\"https:\\\/\\\/autobaak.nl\\\/renault-megane\\\/\"]}]},{\"@type\":\"ImageObject\",\"inLanguage\":\"en-GB\",\"@id\":\"https:\\\/\\\/autobaak.nl\\\/renault-megane\\\/#primaryimage\",\"url\":\"https:\\\/\\\/static-dscn.net\\\/13244\\\/1615045\\\/?wi=334511&amp;ws=\",\"contentUrl\":\"https:\\\/\\\/static-dscn.net\\\/13244\\\/1615045\\\/?wi=334511&amp;ws=\"},{\"@type\":\"BreadcrumbList\",\"@id\":\"https:\\\/\\\/autobaak.nl\\\/renault-megane\\\/#breadcrumb\",\"itemListElement\":[{\"@type\":\"ListItem\",\"position\":1,\"name\":\"Home\",\"item\":\"https:\\\/\\\/autobaak.nl\\\/\"},{\"@type\":\"ListItem\",\"position\":2,\"name\":\"Renault M\u00e9gane\"}]},{\"@type\":\"WebSite\",\"@id\":\"https:\\\/\\\/autobaak.nl\\\/#website\",\"url\":\"https:\\\/\\\/autobaak.nl\\\/\",\"name\":\"Autobaak.nl\",\"description\":\"Cars &amp; Racing\",\"potentialAction\":[{\"@type\":\"SearchAction\",\"target\":{\"@type\":\"EntryPoint\",\"urlTemplate\":\"https:\\\/\\\/autobaak.nl\\\/?s={search_term_string}\"},\"query-input\":{\"@type\":\"PropertyValueSpecification\",\"valueRequired\":true,\"valueName\":\"search_term_string\"}}],\"inLanguage\":\"en-GB\"}]}<\/script>\n<!-- \/ Yoast SEO plugin. -->","yoast_head_json":{"title":"Renault M\u00e9gane - Autobaak.co.uk","description":"When to replace the Renault M\u00e9gane timing belt. Including the 1.2, 1.4, dCi and dTi. Find the interval here.","robots":{"index":"index","follow":"follow","max-snippet":"max-snippet:-1","max-image-preview":"max-image-preview:large","max-video-preview":"max-video-preview:-1"},"canonical":"https:\/\/autobaak.nl\/en\/renault-megane\/","og_locale":"en_GB","og_type":"article","og_title":"Renault M\u00e9gane - Autobaak.nl","og_description":"Wanneer distributieriem vervangen Renault M\u00e9gane. zowel voor diesel motoren als benzine varianten. O.a. de 1.2, 1.4, dCi en dTi. Vindt de interval hier.","og_url":"https:\/\/autobaak.nl\/en\/renault-megane\/","og_site_name":"Autobaak.nl","article_modified_time":"2019-06-21T06:55:31+00:00","og_image":[{"url":"https:\/\/static-dscn.net\/13244\/1615045\/?wi=334511&amp;ws=","type":"","width":"","height":""}],"twitter_card":"summary_large_image","twitter_misc":{"Estimated reading time":"5 minutes"},"schema":{"@context":"https:\/\/schema.org","@graph":[{"@type":"WebPage","@id":"https:\/\/autobaak.nl\/renault-megane\/","url":"https:\/\/autobaak.nl\/renault-megane\/","name":"Renault M\u00e9gane - Autobaak.co.uk","isPartOf":{"@id":"https:\/\/autobaak.nl\/#website"},"primaryImageOfPage":{"@id":"https:\/\/autobaak.nl\/renault-megane\/#primaryimage"},"image":{"@id":"https:\/\/autobaak.nl\/renault-megane\/#primaryimage"},"thumbnailUrl":"https:\/\/static-dscn.net\/13244\/1615045\/?wi=334511&amp;ws=","datePublished":"2017-06-21T13:28:32+00:00","dateModified":"2019-06-21T06:55:31+00:00","description":"When to replace the Renault M\u00e9gane timing belt. Including the 1.2, 1.4, dCi and dTi. Find the interval here.","breadcrumb":{"@id":"https:\/\/autobaak.nl\/renault-megane\/#breadcrumb"},"inLanguage":"en-GB","potentialAction":[{"@type":"ReadAction","target":["https:\/\/autobaak.nl\/renault-megane\/"]}]},{"@type":"ImageObject","inLanguage":"en-GB","@id":"https:\/\/autobaak.nl\/renault-megane\/#primaryimage","url":"https:\/\/static-dscn.net\/13244\/1615045\/?wi=334511&amp;ws=","contentUrl":"https:\/\/static-dscn.net\/13244\/1615045\/?wi=334511&amp;ws="},{"@type":"BreadcrumbList","@id":"https:\/\/autobaak.nl\/renault-megane\/#breadcrumb","itemListElement":[{"@type":"ListItem","position":1,"name":"Home","item":"https:\/\/autobaak.nl\/"},{"@type":"ListItem","position":2,"name":"Renault M\u00e9gane"}]},{"@type":"WebSite","@id":"https:\/\/autobaak.nl\/#website","url":"https:\/\/autobaak.nl\/","name":"Autobook.co.uk","description":"Cars &amp; Racing","potentialAction":[{"@type":"SearchAction","target":{"@type":"EntryPoint","urlTemplate":"https:\/\/autobaak.nl\/?s={search_term_string}"},"query-input":{"@type":"PropertyValueSpecification","valueRequired":true,"valueName":"search_term_string"}}],"inLanguage":"en-GB"}]}},"_links":{"self":[{"href":"https:\/\/autobaak.nl\/en\/wp-json\/wp\/v2\/pages\/216","targetHints":{"allow":["GET"]}}],"collection":[{"href":"https:\/\/autobaak.nl\/en\/wp-json\/wp\/v2\/pages"}],"about":[{"href":"https:\/\/autobaak.nl\/en\/wp-json\/wp\/v2\/types\/page"}],"author":[{"embeddable":true,"href":"https:\/\/autobaak.nl\/en\/wp-json\/wp\/v2\/users\/1"}],"replies":[{"embeddable":true,"href":"https:\/\/autobaak.nl\/en\/wp-json\/wp\/v2\/comments?post=216"}],"version-history":[{"count":0,"href":"https:\/\/autobaak.nl\/en\/wp-json\/wp\/v2\/pages\/216\/revisions"}],"wp:attachment":[{"href":"https:\/\/autobaak.nl\/en\/wp-json\/wp\/v2\/media?parent=216"}],"curies":[{"name":"wp","href":"https:\/\/api.w.org\/{rel}","templated":true}]}}