{"id":849,"date":"2018-10-29T16:57:32","date_gmt":"2018-10-29T16:57:32","guid":{"rendered":"https:\/\/autobaak.nl\/?page_id=849"},"modified":"2023-02-08T14:03:56","modified_gmt":"2023-02-08T13:03:56","slug":"lemon-home","status":"publish","type":"page","link":"https:\/\/autobaak.nl\/en\/lemon-home\/","title":{"rendered":"Citro\u00ebn Home"},"content":{"rendered":"<p>[et_pb_section fb_built=\"1\u2033 inner_shadow=\"on\" fullwidth=\"on\" _builder_version=\"4.16\u2033 background_image=\"https:\/\/autobaak.nl\/wp-content\/uploads\/2018\/10\/audi-home-info.jpg\" global_colors_info=\"{}\"][et_pb_fullwidth_header title=\"Mercedes Home\" subhead=\"Useful information about this German brand\" text_orientation=\"center\" _builder_version=\"4.17.4\u2033 content_font_size=\"15px\" background_color=\"rgba(255, 255, 255, 0)\" background_image=\"https:\/\/autobaak.nl\/wp-content\/uploads\/2022\/06\/pexels-mike-b-132549-scaled.jpg\" text_shadow_style=\"preset5\u2033 text_shadow_color=\"rgba(0,0,0,0.52)\" global_colors_info=\"{}\" button_one_text_size__hover_enabled=\"off\" button_one_text_size__hover=\"null\" button_two_text_size__hover_enabled=\"off\" button_two_text_size__hover=\"null\" button_one_text_color__hover_enabled=\"off\" button_one_text_color__hover=\"null\" button_two_text_color__hover_enabled=\"off\" button_two_text_color__hover=\"null\" button_one_border_width__hover_enabled=\"off\" button_one_border_width__hover=\"null\" button_two_border_width__hover_enabled=\"off\" button_two_border_width__hover=\"null\" button_one_border_color__hover_enabled=\"off\" button_one_border_color__hover=\"null\" button_two_border_color__hover_enabled=\"off\" button_two_border_color__hover=\"null\" button_one_border_radius__hover_enabled=\"off\" button_one_border_radius__hover=\"null\" button_two_border_radius__hover_enabled=\"off\" button_two_border_radius__hover=\"null\" button_one_letter_spacing__hover_enabled=\"off\" button_one_letter_spacing__hover=\"null\" button_two_letter_spacing__hover_enabled=\"off\" button_two_letter_spacing__hover=\"null\" button_one_bg_color__hover_enabled=\"off\" button_one_bg_color__hover=\"null\" button_two_bg_color__hover_enabled=\"off\" button_two_bg_color__hover=\"null\"][\/et_pb_fullwidth_header][\/et_pb_section][et_pb_section fb_built=\"1\u2033 _builder_version=\"4.16\u2033 custom_padding=\"2px|0px|3px|0px\" global_colors_info=\"{}\"][et_pb_row _builder_version=\"4.16\u2033 background_size=\"initial\" background_position=\"top_left\" background_repeat=\"repeat\" custom_padding=\"26.3594px|0px|2px|0px\" global_colors_info=\"{}\"][et_pb_column type=\"4_4\u2033 _builder_version=\"4.16\u2033 custom_padding=\"|||\" global_colors_info=\"{}\" custom_padding__hover=\"|||\"][et_pb_text _builder_version=\"4.17.4\u2033 global_colors_info=\"{}\"]<\/p>\n<h2>The birth of Citro\u00ebn<\/h2>\n<p>Citro\u00ebn is a French car manufacturer and has been part of the PSA Peugeot Citro\u00ebn group since 1976. Citro\u00ebn was founded in 1919 by French industrialist Andr\u00e9-Gustave Citro\u00ebn (1878-1935). In 1934 the company established its reputation for innovative technology with the Traction Avant. This car was the world's first mass-produced front-wheel-drive car, but also one of the first to have a self-supporting chassis instead of the then customary ladder chassis.<\/p>\n<p>In 1954, they also produced the world's first hydropneumatic self-levelling suspension system. Which, in 1955, was also used in the revolutionary DS, which was also fitted with brake discs. This was the first mass production car with disc brakes. In 1967, they introduced swivelling headlights in several models, which provided greater visibility on winding roads; these cars have received several awards at international and national level, including three European Car of the Year.<br \/>\n[\/et_pb_text][et_pb_text _builder_version=\"4.16\u2033 background_color=\"rgba(12,113,195,0.18)\" custom_margin=\"0px|||\" custom_padding=\"10px|20px|10px|20px\" global_colors_info=\"{}\"]<\/p>\n<h2 style=\"text-align: center;\">Database Citro\u00ebn<\/h2>\n<p style=\"text-align: center;\">The overviews below contain many useful service intervals and tips on the most recent Citro\u00ebn models. The intervals and guidelines are only an indication, there may be circumstances in which a garage may give different advice.<\/p>\n<p>[\/et_pb_text][et_pb_text _builder_version=\"4.19.4\u2033 hover_enabled=\"0\u2033 global_colors_info=\"{}\" sticky_enabled=\"0\u2033]<\/p>\n<h2>When to replace a Citroen timing belt<\/h2>\n<p>The timing belt or chain is essential for (almost) any combustion engine, without it there can be no combustion. This is because the timing belt ensures that the camshaft, the crankshaft and the valves are driven by means of this belt or chain. Nearly all Citro\u00ebns have a timing belt that has to be replaced periodically. Below per model the intervals known to us:<\/p>\n<ul>\n<li><a href=\"https:\/\/autobaak.nl\/en\/lemon-ax\/\">Citro\u00ebn AX<\/a><\/li>\n<li><a href=\"https:\/\/autobaak.nl\/en\/lemon-zx\/\">Citroen ZX\u00a0<\/a><\/li>\n<li><a href=\"https:\/\/autobaak.nl\/en\/lemon-xsara\/\">Citro\u00ebn Xsara<\/a><\/li>\n<li><a href=\"https:\/\/autobaak.nl\/en\/lemon-c1\/\">Citroen C1<\/a><\/li>\n<li><a href=\"https:\/\/autobaak.nl\/en\/lemon-c2\/\">Citroen C2<\/a><\/li>\n<li><a href=\"https:\/\/autobaak.nl\/en\/lemon-c3\/\">Citro\u00ebn C3<\/a><\/li>\n<li><a href=\"https:\/\/autobaak.nl\/en\/lemon-c5\/\">Citroen C5<\/a><\/li>\n<li><a href=\"https:\/\/autobaak.nl\/en\/lemon-c6\/\">Citroen C6<\/a><\/li>\n<li><a href=\"https:\/\/autobaak.nl\/en\/lemon-c8\/\">Citro\u00ebn C8<\/a><\/li>\n<li><a href=\"https:\/\/autobaak.nl\/en\/lemon-ds3\/\">Citro\u00ebn DS3<\/a><\/li>\n<li><a href=\"https:\/\/autobaak.nl\/en\/lemon-ds4\/\">Citro\u00ebn DS4<\/a><\/li>\n<li><a href=\"https:\/\/autobaak.nl\/en\/lemon-ds5\/\">Citro\u00ebn DS5<\/a><\/li>\n<\/ul>\n<h3>Tyre pressure Citro\u00ebn<\/h3>\n<p>Your Citro\u00ebn's tyre pressure should be checked monthly so that you can enjoy optimal performance. In addition, incorrect tyre pressure can cause high fuel consumption and tyres to wear faster or irregularly. On the following pages you will find an overview of tyre pressures for your Citro\u00ebn:<\/p>\n<ul>\n<li><a href=\"https:\/\/autobaak.nl\/en\/tyre-pressure-citroen-berlingo\/\">Berlingo<\/a><\/li>\n<li><a href=\"https:\/\/autobaak.nl\/en\/tyre-pressure-citroen-c-zero\/\">C Zero<\/a><\/li>\n<li><a href=\"https:\/\/autobaak.nl\/en\/tyre-pressure-citroen-c1\/\">C1<\/a><\/li>\n<li><a href=\"https:\/\/autobaak.nl\/en\/tyre-pressure-citroen-c2\/\">C2<\/a><\/li>\n<li><a href=\"https:\/\/autobaak.nl\/en\/tyre-pressure-citroen-c3\/\">Citro\u00ebn C3<\/a> \/ <a href=\"https:\/\/autobaak.nl\/en\/tyre-pressure-citroen-c3-picasso\/\">C3 Picasso<\/a><\/li>\n<li><a href=\"https:\/\/autobaak.nl\/en\/tyre-pressure-citroen-c4\/\">Citro\u00ebn C4<\/a> \/ <a href=\"https:\/\/autobaak.nl\/en\/tyre-pressure-citroen-c4-cactus\/\">C4 Cactus<\/a> \/ <a href=\"https:\/\/autobaak.nl\/en\/tyre-pressure-citroen-c4-picasso\/\">C4 Picasso<\/a> \/ <a href=\"https:\/\/autobaak.nl\/en\/tyre-pressure-citroen-grand-c4-picasso\/\">C4 Grand Picasso<\/a><\/li>\n<li><a href=\"https:\/\/autobaak.nl\/en\/tyre-pressure-citroen-c5\/\">C5<\/a> \/ <a href=\"https:\/\/autobaak.nl\/en\/tyre-pressure-citroen-c5-break\/\">C5 Break<\/a><\/li>\n<li><a href=\"https:\/\/autobaak.nl\/en\/tyre-pressure-citroen-c6\/\">C6<\/a><\/li>\n<li><a href=\"https:\/\/autobaak.nl\/en\/tyre-pressure-citroen-c8\/\">C8<\/a><\/li>\n<li><a href=\"https:\/\/autobaak.nl\/en\/tyre-pressure-citroen-ds3-also-convertible\/\">DS3 (also Convertible)<\/a><\/li>\n<li><a href=\"https:\/\/autobaak.nl\/en\/tyre-pressure-citroen-ds4\/\">DS4<\/a><\/li>\n<li><a href=\"https:\/\/autobaak.nl\/en\/tyre-pressure-citroen-ds5\/\">DS5<\/a><\/li>\n<li><a href=\"https:\/\/autobaak.nl\/en\/tyre-pressure-citroen-xsara\/\">Xsara<\/a> \/ <a href=\"https:\/\/autobaak.nl\/en\/citroen-xsara-break\/\">Xsara Break<\/a> \/ <a href=\"https:\/\/autobaak.nl\/en\/tyre-pressure-citroen-xsara-picasso\/\">Xsara Picasso<\/a><\/li>\n<\/ul>\n<h3>Lamps for Citro\u00ebn<\/h3>\n<p>Want to replace the bulbs on your Citro\u00ebn but don't know what type of car bulb you need? On this <a href=\"https:\/\/autobaak.nl\/en\/lemon-lamps-overview\/\">Citro\u00ebn car bulbs<\/a> page, we have collected a list containing all lamps.<\/p>\n<blockquote class=\"wp-embedded-content\" data-secret=\"dYSNVccWHu\"><p><a href=\"https:\/\/autobaak.nl\/en\/lemon-lamps-overview\/\">Citroen Bulb Overview<\/a><\/p><\/blockquote>\n<p><iframe loading=\"lazy\" class=\"wp-embedded-content\" sandbox=\"allow-scripts\" security=\"restricted\" style=\"position: absolute; clip: rect(1px, 1px, 1px, 1px);\" title=\"&quot;Citro\u00ebn Lamps overview&quot; - Autobook everything for and about cars\" src=\"https:\/\/autobaak.nl\/citroen-lampen-overzicht\/embed\/#?secret=h13GqS82HV#?secret=dYSNVccWHu\" data-secret=\"dYSNVccWHu\" width=\"600\" height=\"338\" frameborder=\"0\" marginwidth=\"0\" marginheight=\"0\" scrolling=\"no\"><\/iframe><\/p>\n<p>&nbsp;<\/p>\n<p>&nbsp;<\/p>\n<p>[\/et_pb_text][\/et_pb_column][\/et_pb_row][\/et_pb_section][et_pb_section fb_built=\"1\u2033 _builder_version=\"4.16\u2033 custom_padding=\u201d1px|0px|52.7188px|0px\u201d global_colors_info=\u201d{}\u201d][et_pb_row column_structure=\u201d1_2,1_2\u2033 _builder_version=\u201d4.17.4\u2033 _module_preset=\"default\" global_colors_info=\"{}\"][et_pb_column type=\"1_2\u2033 _builder_version=\"4.17.4\u2033 _module_preset=\"default\" global_colors_info=\"{}\"][et_pb_text _builder_version=\"4.19.2\u2033 _module_preset=\"default\" global_colors_info=\"{}\"]<\/p>\n<h3>Which engine oil Citro\u00ebn<\/h3>\n<p>Changing engine oil on time is crucial for the condition of your engine. In addition, it is important to know which engine oil you need. The service booklet generally always lists the appropriate engine oil. Want to know which engine oil to put in your Citro\u00ebn? Then use Kroon Oil's handy search tool:<\/p>\n<p>&nbsp;<\/p>\n<p>[\/et_pb_text][\/et_pb_column][et_pb_column type=\"1_2\u2033 _builder_version=\"4.17.4\u2033 _module_preset=\"default\" global_colors_info=\"{}\"][et_pb_text _builder_version=\"4.18.0\u2033 _module_preset=\"default\" global_colors_info=\"{}\"]<\/p>\n<p><script type=\"text\/javascript\" src=\"\/\/kroon-oil.com\/adviesbanners\/v3\/bnr-js.php?lang=nl&amp;type=reg&amp;theme=light\"><\/script><\/p>\n<p>[\/et_pb_text][\/et_pb_column][\/et_pb_row][\/et_pb_section].<\/p>","protected":false},"excerpt":{"rendered":"<p>The origins of Citro\u00ebn Citro\u00ebn is a French car manufacturer, part of the PSA Peugeot Citro\u00ebn group since 1976. Citro\u00ebn was founded in 1919 by French industrialist Andr\u00e9-Gustave Citro\u00ebn (1878-1935). In 1934 the company established its reputation for innovative technology with the Traction Avant. This car was the world's first mass-produced front-wheel drive car, but [...]<\/p>","protected":false},"author":1,"featured_media":0,"parent":0,"menu_order":0,"comment_status":"closed","ping_status":"closed","template":"","meta":{"_et_pb_use_builder":"on","_et_pb_old_content":"","_et_gb_content_width":"","footnotes":""},"class_list":["post-849","page","type-page","status-publish","hentry"],"yoast_head":"<!-- This site is optimized with the Yoast SEO plugin v27.4 - https:\/\/yoast.com\/product\/yoast-seo-wordpress\/ -->\n<title>Citro\u00ebn Home - Onderhoudsinervallen en Tips voor het Franse merk<\/title>\n<meta name=\"description\" content=\"Citroen Home is de start om intervallen betreft onderhoud te vinden over dit Franse merk. O.a de distributie intervallen C5, C3 etc.\" \/>\n<meta name=\"robots\" content=\"index, follow, max-snippet:-1, max-image-preview:large, max-video-preview:-1\" \/>\n<link rel=\"canonical\" href=\"https:\/\/autobaak.nl\/en\/lemon-home\/\" \/>\n<meta property=\"og:locale\" content=\"en_GB\" \/>\n<meta property=\"og:type\" content=\"article\" \/>\n<meta property=\"og:title\" content=\"Citro\u00ebn Home - Onderhoudsinervallen en Tips voor het Franse merk\" \/>\n<meta property=\"og:description\" content=\"Citroen Home is de start om intervallen betreft onderhoud te vinden over dit Franse merk. O.a de distributie intervallen C5, C3 etc.\" \/>\n<meta property=\"og:url\" content=\"https:\/\/autobaak.nl\/en\/lemon-home\/\" \/>\n<meta property=\"og:site_name\" content=\"Autobaak.nl\" \/>\n<meta property=\"article:modified_time\" content=\"2023-02-08T13:03:56+00:00\" \/>\n<meta name=\"twitter:card\" content=\"summary_large_image\" \/>\n<meta name=\"twitter:label1\" content=\"Estimated reading time\" \/>\n\t<meta name=\"twitter:data1\" content=\"3 minutes\" \/>\n<script type=\"application\/ld+json\" class=\"yoast-schema-graph\">{\"@context\":\"https:\\\/\\\/schema.org\",\"@graph\":[{\"@type\":\"WebPage\",\"@id\":\"https:\\\/\\\/autobaak.nl\\\/citroen-home\\\/\",\"url\":\"https:\\\/\\\/autobaak.nl\\\/citroen-home\\\/\",\"name\":\"Citro\u00ebn Home - Onderhoudsinervallen en Tips voor het Franse merk\",\"isPartOf\":{\"@id\":\"https:\\\/\\\/autobaak.nl\\\/#website\"},\"datePublished\":\"2018-10-29T16:57:32+00:00\",\"dateModified\":\"2023-02-08T13:03:56+00:00\",\"description\":\"Citroen Home is de start om intervallen betreft onderhoud te vinden over dit Franse merk. O.a de distributie intervallen C5, C3 etc.\",\"breadcrumb\":{\"@id\":\"https:\\\/\\\/autobaak.nl\\\/citroen-home\\\/#breadcrumb\"},\"inLanguage\":\"en-GB\",\"potentialAction\":[{\"@type\":\"ReadAction\",\"target\":[\"https:\\\/\\\/autobaak.nl\\\/citroen-home\\\/\"]}]},{\"@type\":\"BreadcrumbList\",\"@id\":\"https:\\\/\\\/autobaak.nl\\\/citroen-home\\\/#breadcrumb\",\"itemListElement\":[{\"@type\":\"ListItem\",\"position\":1,\"name\":\"Home\",\"item\":\"https:\\\/\\\/autobaak.nl\\\/\"},{\"@type\":\"ListItem\",\"position\":2,\"name\":\"Citro\u00ebn Home\"}]},{\"@type\":\"WebSite\",\"@id\":\"https:\\\/\\\/autobaak.nl\\\/#website\",\"url\":\"https:\\\/\\\/autobaak.nl\\\/\",\"name\":\"Autobaak.nl\",\"description\":\"Cars &amp; Racing\",\"potentialAction\":[{\"@type\":\"SearchAction\",\"target\":{\"@type\":\"EntryPoint\",\"urlTemplate\":\"https:\\\/\\\/autobaak.nl\\\/?s={search_term_string}\"},\"query-input\":{\"@type\":\"PropertyValueSpecification\",\"valueRequired\":true,\"valueName\":\"search_term_string\"}}],\"inLanguage\":\"en-GB\"}]}<\/script>\n<!-- \/ Yoast SEO plugin. -->","yoast_head_json":{"title":"Citro\u00ebn Home - Maintenance information and tips for the French brand","description":"Citroen Home is the start to find maintenance intervals for this French brand. Among others the distribution intervals C5, C3 etc.","robots":{"index":"index","follow":"follow","max-snippet":"max-snippet:-1","max-image-preview":"max-image-preview:large","max-video-preview":"max-video-preview:-1"},"canonical":"https:\/\/autobaak.nl\/en\/lemon-home\/","og_locale":"en_GB","og_type":"article","og_title":"Citro\u00ebn Home - Onderhoudsinervallen en Tips voor het Franse merk","og_description":"Citroen Home is de start om intervallen betreft onderhoud te vinden over dit Franse merk. O.a de distributie intervallen C5, C3 etc.","og_url":"https:\/\/autobaak.nl\/en\/lemon-home\/","og_site_name":"Autobaak.nl","article_modified_time":"2023-02-08T13:03:56+00:00","twitter_card":"summary_large_image","twitter_misc":{"Estimated reading time":"3 minutes"},"schema":{"@context":"https:\/\/schema.org","@graph":[{"@type":"WebPage","@id":"https:\/\/autobaak.nl\/citroen-home\/","url":"https:\/\/autobaak.nl\/citroen-home\/","name":"Citro\u00ebn Home - Maintenance information and tips for the French brand","isPartOf":{"@id":"https:\/\/autobaak.nl\/#website"},"datePublished":"2018-10-29T16:57:32+00:00","dateModified":"2023-02-08T13:03:56+00:00","description":"Citroen Home is the start to find maintenance intervals for this French brand. Among others the distribution intervals C5, C3 etc.","breadcrumb":{"@id":"https:\/\/autobaak.nl\/citroen-home\/#breadcrumb"},"inLanguage":"en-GB","potentialAction":[{"@type":"ReadAction","target":["https:\/\/autobaak.nl\/citroen-home\/"]}]},{"@type":"BreadcrumbList","@id":"https:\/\/autobaak.nl\/citroen-home\/#breadcrumb","itemListElement":[{"@type":"ListItem","position":1,"name":"Home","item":"https:\/\/autobaak.nl\/"},{"@type":"ListItem","position":2,"name":"Citro\u00ebn Home"}]},{"@type":"WebSite","@id":"https:\/\/autobaak.nl\/#website","url":"https:\/\/autobaak.nl\/","name":"Autobook.co.uk","description":"Cars &amp; Racing","potentialAction":[{"@type":"SearchAction","target":{"@type":"EntryPoint","urlTemplate":"https:\/\/autobaak.nl\/?s={search_term_string}"},"query-input":{"@type":"PropertyValueSpecification","valueRequired":true,"valueName":"search_term_string"}}],"inLanguage":"en-GB"}]}},"_links":{"self":[{"href":"https:\/\/autobaak.nl\/en\/wp-json\/wp\/v2\/pages\/849","targetHints":{"allow":["GET"]}}],"collection":[{"href":"https:\/\/autobaak.nl\/en\/wp-json\/wp\/v2\/pages"}],"about":[{"href":"https:\/\/autobaak.nl\/en\/wp-json\/wp\/v2\/types\/page"}],"author":[{"embeddable":true,"href":"https:\/\/autobaak.nl\/en\/wp-json\/wp\/v2\/users\/1"}],"replies":[{"embeddable":true,"href":"https:\/\/autobaak.nl\/en\/wp-json\/wp\/v2\/comments?post=849"}],"version-history":[{"count":0,"href":"https:\/\/autobaak.nl\/en\/wp-json\/wp\/v2\/pages\/849\/revisions"}],"wp:attachment":[{"href":"https:\/\/autobaak.nl\/en\/wp-json\/wp\/v2\/media?parent=849"}],"curies":[{"name":"wp","href":"https:\/\/api.w.org\/{rel}","templated":true}]}}