{"id":877,"date":"2018-11-02T18:22:26","date_gmt":"2018-11-02T18:22:26","guid":{"rendered":"https:\/\/autobaak.nl\/?page_id=877"},"modified":"2023-02-08T14:19:30","modified_gmt":"2023-02-08T13:19:30","slug":"renault-home","status":"publish","type":"page","link":"https:\/\/autobaak.nl\/en\/renault-home\/","title":{"rendered":"Renault home"},"content":{"rendered":"<p>[et_pb_section fb_built=\"1\u2033 inner_shadow=\"on\" fullwidth=\"on\" _builder_version=\"4.18.0\u2033 background_image=\"https:\/\/autobaak.nl\/wp-content\/uploads\/2022\/08\/pexels-jesse-zheng-1213295.jpg\" global_colors_info=\"{}\"][et_pb_fullwidth_header title=\"Subaru Home\" subhead=\"Useful information about Subaru\" text_orientation=\"centre\" _builder_version=\"4.18.0\u2033 content_font_size=\"15px\" background_color=\"rgba(255, 255, 255, 0)\" background_image=\"https:\/\/autobaak.nl\/wp-content\/uploads\/2022\/09\/subaru.jpg\" text_shadow_style=\"preset5\u2033 text_shadow_color=\"rgba(0,0,0,0.52)\" global_colors_info=\"{}\" button_one_text_size__hover_enabled=\"off\" button_one_text_size__hover=\"null\" button_two_text_size__hover_enabled=\"off\" button_two_text_size__hover=\"null\" button_one_text_color__hover_enabled=\"off\" button_one_text_color__hover=\"null\" button_two_text_color__hover_enabled=\"off\" button_two_text_color__hover=\"null\" button_one_border_width__hover_enabled=\"off\" button_one_border_width__hover=\"null\" button_two_border_width__hover_enabled=\"off\" button_two_border_width__hover=\"null\" button_one_border_color__hover_enabled=\"off\" button_one_border_color__hover=\"null\" button_two_border_color__hover_enabled=\"off\" button_two_border_color__hover=\"null\" button_one_border_radius__hover_enabled=\"off\" button_one_border_radius__hover=\"null\" button_two_border_radius__hover_enabled=\"off\" button_two_border_radius__hover=\"null\" button_one_letter_spacing__hover_enabled=\"off\" button_one_letter_spacing__hover=\"null\" button_two_letter_spacing__hover_enabled=\"off\" button_two_letter_spacing__hover=\"null\" button_one_bg_color__hover_enabled=\"off\" button_one_bg_color__hover=\"null\" button_two_bg_color__hover_enabled=\"off\" button_two_bg_color__hover=\"null\"][\/et_pb_fullwidth_header][\/et_pb_section][et_pb_section fb_built=\"1\u2033 _builder_version=\"4.16\u2033 custom_padding=\"2px|0px|3px|0px\" global_colors_info=\"{}\"][et_pb_row _builder_version=\"4.16\u2033 background_size=\"initial\" background_position=\"top_left\" background_repeat=\"repeat\" custom_padding=\"26.3594px|0px|2px|0px\" global_colors_info=\"{}\"][et_pb_column type=\"4_4\u2033 _builder_version=\"4.16\u2033 custom_padding=\"|||\" global_colors_info=\"{}\" custom_padding__hover=\"|||\"][et_pb_text _builder_version=\"4.18.0\u2033 global_colors_info=\"{}\"]<\/p>\n<h2>The origins of Renault<\/h2>\n<p>The Renault company was founded in 1899 as Soci\u00e9t\u00e9 Renault Fr\u00e8res by Louis Renault and his brothers Marcel and Fernand. Louis was a bright young engineer who had already designed and built several prototypes before working with his brothers, who had improved their business skills at their father's textile company. While Louis handled design and production, Marcel and Fernand ran the company.<br \/>\nThe first Renault car, the Renault Voiturette 1CV, was sold to a friend of Louis' father.<\/p>\n<p>In 1903, Renault started producing its own engines; until then, they had bought them from De Dion-Bouton. The big sales volumes came in 1905 when Soci\u00e9t\u00e9 des Automobiles de Place bought Renault AG1 cars to use as taxis. These vehicles were later used by the French army to transport troops during World War I, giving them the nickname \"Taxi de la Marne\". By 1907, a significant percentage of taxis in London and Paris had been built by Renault. Renault was also the best-selling foreign brand in 1907 and 1908 in New York. In 1908, the company produced 3,575 cars and became the largest car manufacturer in the country.<\/p>\n<p>According to the Organisation Internationale des Constructeurs d'Automobiles, Renault was the fourth largest automaker in the world in 2016. By 2017, the Renault-Nissan-Mitsubishi Alliance was the world's largest seller of light vehicles, knocking Volkswagen AG from the top spot.<\/p>\n<p>Renault is also known for its role in motorsports, particularly rallying, Formula 1 and Formula E.<br \/>\n[\/et_pb_text][et_pb_text _builder_version=\"4.16\u2033 background_color=\"rgba(12,113,195,0.18)\" custom_margin=\"0px|||\" custom_padding=\"10px|20px|10px|20px\" global_colors_info=\"{}\"]<\/p>\n<h2 style=\"text-align: center;\">Database Renault<\/h2>\n<p style=\"text-align: center;\">The overviews below contain many useful service intervals and tips on the most recent Renault models. The intervals and guidelines are only an indication, circumstances may occur that cause a garage to give a different advice.<\/p>\n<p>[\/et_pb_text][\/et_pb_column][\/et_pb_row][\/et_pb_section][et_pb_section fb_built=\"1\u2033 _builder_version=\"4.16\u2033 custom_padding=\"1px|0px|52.7188px|0px\" global_colors_info=\"{}\"][et_pb_row _builder_version=\"4.16\u2033 background_size=\"initial\" background_position=\"top_left\" background_repeat=\"repeat\" global_colors_info=\"{}\"][et_pb_column type=\"4_4\u2033 _builder_version=\"4.16\u2033 custom_padding=\"|||\" global_colors_info=\"{}\" custom_padding__hover=\"|||\"][et_pb_text _builder_version=\"4.19.4\u2033 hover_enabled=\"0\u2033 global_colors_info=\"{}\" sticky_enabled=\"0\u2033]<\/p>\n<h2>When to replace a Renault timing belt<\/h2>\n<p>The timing belt or chain is essential for (almost) any combustion engine, without it there can be no combustion. This is because the timing belt ensures that the camshaft, the crankshaft and the valves are driven by means of this belt or chain. Nearly all Renaults have a timing belt that has to be replaced periodically. Below per model the intervals we know:<\/p>\n<ul>\n<li><a href=\"https:\/\/autobaak.nl\/en\/renault-twingo\/\">Renault Twingo<\/a><\/li>\n<li><a href=\"https:\/\/autobaak.nl\/en\/renault-clio\/\">Renault Clio<\/a><\/li>\n<li><a href=\"https:\/\/autobaak.nl\/en\/renault-megane\/\">Renault Megan\u00e9\u00a0<\/a><\/li>\n<li><a href=\"https:\/\/autobaak.nl\/en\/renault-laguna\/\">Renault Laguna<\/a><\/li>\n<li><a href=\"https:\/\/autobaak.nl\/en\/renault-scenic\/\">Renault Scenic\u00a0<\/a><\/li>\n<li><a href=\"https:\/\/autobaak.nl\/en\/renault-espace\/\">Renault Espace\u00a0<\/a><\/li>\n<li><a href=\"https:\/\/autobaak.nl\/en\/renault-captur\/\">Renault Captur<\/a><\/li>\n<li><a href=\"https:\/\/autobaak.nl\/en\/renault-koleos\/\">Renault Koleos<\/a><\/li>\n<li><a href=\"https:\/\/autobaak.nl\/en\/renault-kangoo\/\">Renault Kangoo<\/a><\/li>\n<li><a href=\"https:\/\/autobaak.nl\/en\/renault-vel-satis\/\">Renault Vel S<\/a><a href=\"https:\/\/autobaak.nl\/en\/renault-vel-satis\/\">atis<\/a><\/li>\n<li><a href=\"https:\/\/autobaak.nl\/en\/renault-wind\/\">Renault Wind<\/a><\/li>\n<\/ul>\n<h3>Car bulbs Renault<\/h3>\n<p>Want to replace the bulbs on your Renault but don't know what type of car bulb you need? On this <a href=\"https:\/\/autobaak.nl\/en\/renault-bulbs-overview\/\">Renault car bulbs<\/a> page, we have collected a list containing all lamps.<\/p>\n<blockquote class=\"wp-embedded-content\" data-secret=\"I59zHCnjwJ\"><p><a href=\"https:\/\/autobaak.nl\/en\/renault-bulbs-overview\/\">Renault bulbs overview<\/a><\/p><\/blockquote>\n<p><iframe loading=\"lazy\" class=\"wp-embedded-content\" sandbox=\"allow-scripts\" security=\"restricted\" style=\"position: absolute; clip: rect(1px, 1px, 1px, 1px);\" title=\"&quot;Renault lamps overview&quot; - Autobook everything for and about cars\" src=\"https:\/\/autobaak.nl\/renault-lampen-overzicht\/embed\/#?secret=Pm1J8c6uL7#?secret=I59zHCnjwJ\" data-secret=\"I59zHCnjwJ\" width=\"600\" height=\"338\" frameborder=\"0\" marginwidth=\"0\" marginheight=\"0\" scrolling=\"no\"><\/iframe><\/p>\n<h3>Tyre pressure Renault<\/h3>\n<p>Your Renault's tyre pressure should be checked monthly so that you can enjoy optimal performance. In addition, wrong tyre pressure can cause high fuel consumption and tyres can wear out faster or irregularly. On the following pages you will find an overview of tyre pressures for your Renault:<\/p>\n<ul>\n<li><a href=\"https:\/\/autobaak.nl\/en\/tyre-pressure-renault-vel-satis\/\">Vel Satis<\/a><\/li>\n<li><a href=\"https:\/\/autobaak.nl\/en\/tyre-pressure-renault-zoe\/\">Zoe<\/a><\/li>\n<li><a href=\"https:\/\/autobaak.nl\/en\/tyre-pressure-renault-captur\/\">Captur<\/a><\/li>\n<li><a href=\"https:\/\/autobaak.nl\/en\/tyre-pressure-renault-megane\/\">M\u00e9gane<\/a><\/li>\n<li><a href=\"https:\/\/autobaak.nl\/en\/tyre-pressure-renault-megane-2\/\">M\u00e9gane 2<\/a><\/li>\n<li><a href=\"https:\/\/autobaak.nl\/en\/tyre-pressure-renault-megane-cc\/\">Megane CC<\/a><\/li>\n<li><a href=\"https:\/\/autobaak.nl\/en\/tyre-pressure-renault-megane-2-coupe-cabriolet\/\">M\u00e9gane 2 Coup\u00e9 Cabriolet<\/a><\/li>\n<li><a href=\"https:\/\/autobaak.nl\/en\/tyre-pressure-renault-megane-grandtour\/\">M\u00e9gane Grandtour<\/a><\/li>\n<li><a href=\"https:\/\/autobaak.nl\/en\/tyre-pressure-renault-laguna\/\">Laguna<\/a><\/li>\n<li><a href=\"https:\/\/autobaak.nl\/en\/tyre-pressure-renault-laguna-grandtour\/\">Laguna Grandtour<\/a><\/li>\n<li><a href=\"https:\/\/autobaak.nl\/en\/tyre-pressure-renault-kangoo\/\">Kangoo<\/a><\/li>\n<li><a href=\"https:\/\/autobaak.nl\/en\/tyre-pressure-renault-kangoo-4x4\/\">Kangoo 4 x 4<\/a><\/li>\n<li><a href=\"https:\/\/autobaak.nl\/en\/tyre-pressure-renault-kadjar\/\">Kadjar<\/a><\/li>\n<li><a href=\"https:\/\/autobaak.nl\/en\/tyre-pressure-renault-espace\/\">Espace<\/a><\/li>\n<li><a href=\"https:\/\/autobaak.nl\/en\/tyre-pressure-renault-clio\/\">Clio<\/a><\/li>\n<li><a href=\"https:\/\/autobaak.nl\/en\/tyre-pressure-renault-clio-2\/\">Clio 2<\/a><\/li>\n<li><a href=\"https:\/\/autobaak.nl\/en\/tyre-pressure-renault-clio-3\/\">Clio 3<\/a><\/li>\n<li><a href=\"https:\/\/autobaak.nl\/en\/tyre-pressure-renault-clio-grandtour\/\">Clio Grandtour<\/a><\/li>\n<li><a href=\"https:\/\/autobaak.nl\/en\/tyre-pressure-renault-twingo\/\">Twingo<\/a><\/li>\n<li><a href=\"https:\/\/autobaak.nl\/en\/tyre-pressure-renault-scenic\/\">Penic<\/a><\/li>\n<li><a href=\"https:\/\/autobaak.nl\/en\/tyre-pressure-renault-grand-scenic\/\">Grand Scenic<\/a><\/li>\n<li><a href=\"https:\/\/autobaak.nl\/en\/tyre-pressure-renault-koleos\/\">Koleos<\/a><\/li>\n<li><a href=\"https:\/\/autobaak.nl\/en\/tyre-pressure-renault-fluence\/\">Fluence<\/a><\/li>\n<\/ul>\n<p>&nbsp;<\/p>\n<p>&nbsp;<\/p>\n<p>[\/et_pb_text][\/et_pb_column][\/et_pb_row][et_pb_row column_structure=\"1_2,1_2\u2033 _builder_version=\"4.17.4\u2033 _module_preset=\"default\" global_colors_info=\"{}\"][et_pb_column type=\"1_2\u2033 _builder_version=\"4.17.4\u2033 _module_preset=\"default\" global_colors_info=\"{}\"][et_pb_text _builder_version=\"4.18.0\u2033 _module_preset=\"default\" global_colors_info=\"{}\"]<\/p>\n<h3>Which engine oil Renault<\/h3>\n<p>Changing engine oil on time is crucial for the condition of your engine. In addition, it is important to know which engine oil you need. The service booklet generally always lists the appropriate engine oil. Want to know which engine oil to put in your Renault? Then use Kroon oil's handy search tool:<\/p>\n<p>[\/et_pb_text][\/et_pb_column][et_pb_column type=\"1_2\u2033 _builder_version=\"4.17.4\u2033 _module_preset=\"default\" global_colors_info=\"{}\"][et_pb_text _builder_version=\"4.18.0\u2033 _module_preset=\"default\" global_colors_info=\"{}\"]<\/p>\n<p><script type=\"text\/javascript\" src=\"\/\/kroon-oil.com\/adviesbanners\/v3\/bnr-js.php?lang=nl&amp;type=reg&amp;theme=light\"><\/script><\/p>\n<p>[\/et_pb_text][\/et_pb_column][\/et_pb_row][\/et_pb_section].<\/p>","protected":false},"excerpt":{"rendered":"<p>The birth of Renault The Renault company was founded in 1899 as Soci\u00e9t\u00e9 Renault Fr\u00e8res by Louis Renault and his brothers Marcel and Fernand. Louis was a bright young engineer who had already designed and built several prototypes before working with his brothers, who had improved their business skills at their father's textile company. [...]<\/p>","protected":false},"author":1,"featured_media":0,"parent":0,"menu_order":0,"comment_status":"closed","ping_status":"closed","template":"","meta":{"_et_pb_use_builder":"on","_et_pb_old_content":"","_et_gb_content_width":"","footnotes":""},"class_list":["post-877","page","type-page","status-publish","hentry"],"yoast_head":"<!-- This site is optimized with the Yoast SEO plugin v27.3 - https:\/\/yoast.com\/product\/yoast-seo-wordpress\/ -->\n<title>Renault home handige onderhoudstips voor dit Franse merk<\/title>\n<meta name=\"description\" content=\"Deze Renault home pagina voorziet in informatie wat betreft onderhoud en intervallen etc. O.a. voor de Clio, Laguna, Kangoo etc. Diesel en benzine\" \/>\n<meta name=\"robots\" content=\"index, follow, max-snippet:-1, max-image-preview:large, max-video-preview:-1\" \/>\n<link rel=\"canonical\" href=\"https:\/\/autobaak.nl\/en\/renault-home\/\" \/>\n<meta property=\"og:locale\" content=\"en_GB\" \/>\n<meta property=\"og:type\" content=\"article\" \/>\n<meta property=\"og:title\" content=\"Renault home handige onderhoudstips voor dit Franse merk\" \/>\n<meta property=\"og:description\" content=\"Deze Renault home pagina voorziet in informatie wat betreft onderhoud en intervallen etc. O.a. voor de Clio, Laguna, Kangoo etc. Diesel en benzine\" \/>\n<meta property=\"og:url\" content=\"https:\/\/autobaak.nl\/en\/renault-home\/\" \/>\n<meta property=\"og:site_name\" content=\"Autobaak.nl\" \/>\n<meta property=\"article:modified_time\" content=\"2023-02-08T13:19:30+00:00\" \/>\n<meta name=\"twitter:card\" content=\"summary_large_image\" \/>\n<meta name=\"twitter:label1\" content=\"Estimated reading time\" \/>\n\t<meta name=\"twitter:data1\" content=\"4 minutes\" \/>\n<script type=\"application\/ld+json\" class=\"yoast-schema-graph\">{\"@context\":\"https:\\\/\\\/schema.org\",\"@graph\":[{\"@type\":\"WebPage\",\"@id\":\"https:\\\/\\\/autobaak.nl\\\/renault-home\\\/\",\"url\":\"https:\\\/\\\/autobaak.nl\\\/renault-home\\\/\",\"name\":\"Renault home handige onderhoudstips voor dit Franse merk\",\"isPartOf\":{\"@id\":\"https:\\\/\\\/autobaak.nl\\\/#website\"},\"datePublished\":\"2018-11-02T18:22:26+00:00\",\"dateModified\":\"2023-02-08T13:19:30+00:00\",\"description\":\"Deze Renault home pagina voorziet in informatie wat betreft onderhoud en intervallen etc. O.a. voor de Clio, Laguna, Kangoo etc. Diesel en benzine\",\"breadcrumb\":{\"@id\":\"https:\\\/\\\/autobaak.nl\\\/renault-home\\\/#breadcrumb\"},\"inLanguage\":\"en-GB\",\"potentialAction\":[{\"@type\":\"ReadAction\",\"target\":[\"https:\\\/\\\/autobaak.nl\\\/renault-home\\\/\"]}]},{\"@type\":\"BreadcrumbList\",\"@id\":\"https:\\\/\\\/autobaak.nl\\\/renault-home\\\/#breadcrumb\",\"itemListElement\":[{\"@type\":\"ListItem\",\"position\":1,\"name\":\"Home\",\"item\":\"https:\\\/\\\/autobaak.nl\\\/\"},{\"@type\":\"ListItem\",\"position\":2,\"name\":\"Renault home\"}]},{\"@type\":\"WebSite\",\"@id\":\"https:\\\/\\\/autobaak.nl\\\/#website\",\"url\":\"https:\\\/\\\/autobaak.nl\\\/\",\"name\":\"Autobaak.nl\",\"description\":\"Cars &amp; Racing\",\"potentialAction\":[{\"@type\":\"SearchAction\",\"target\":{\"@type\":\"EntryPoint\",\"urlTemplate\":\"https:\\\/\\\/autobaak.nl\\\/?s={search_term_string}\"},\"query-input\":{\"@type\":\"PropertyValueSpecification\",\"valueRequired\":true,\"valueName\":\"search_term_string\"}}],\"inLanguage\":\"en-GB\"}]}<\/script>\n<!-- \/ Yoast SEO plugin. -->","yoast_head_json":{"title":"Renault home handy maintenance tips for this French make","description":"This Renault home page provides information regarding maintenance and intervals etc. For example, for the Clio, Laguna, Kangoo etc. Diesel and petrol","robots":{"index":"index","follow":"follow","max-snippet":"max-snippet:-1","max-image-preview":"max-image-preview:large","max-video-preview":"max-video-preview:-1"},"canonical":"https:\/\/autobaak.nl\/en\/renault-home\/","og_locale":"en_GB","og_type":"article","og_title":"Renault home handige onderhoudstips voor dit Franse merk","og_description":"Deze Renault home pagina voorziet in informatie wat betreft onderhoud en intervallen etc. O.a. voor de Clio, Laguna, Kangoo etc. Diesel en benzine","og_url":"https:\/\/autobaak.nl\/en\/renault-home\/","og_site_name":"Autobaak.nl","article_modified_time":"2023-02-08T13:19:30+00:00","twitter_card":"summary_large_image","twitter_misc":{"Estimated reading time":"4 minutes"},"schema":{"@context":"https:\/\/schema.org","@graph":[{"@type":"WebPage","@id":"https:\/\/autobaak.nl\/renault-home\/","url":"https:\/\/autobaak.nl\/renault-home\/","name":"Renault home handy maintenance tips for this French make","isPartOf":{"@id":"https:\/\/autobaak.nl\/#website"},"datePublished":"2018-11-02T18:22:26+00:00","dateModified":"2023-02-08T13:19:30+00:00","description":"This Renault home page provides information regarding maintenance and intervals etc. For example, for the Clio, Laguna, Kangoo etc. Diesel and petrol","breadcrumb":{"@id":"https:\/\/autobaak.nl\/renault-home\/#breadcrumb"},"inLanguage":"en-GB","potentialAction":[{"@type":"ReadAction","target":["https:\/\/autobaak.nl\/renault-home\/"]}]},{"@type":"BreadcrumbList","@id":"https:\/\/autobaak.nl\/renault-home\/#breadcrumb","itemListElement":[{"@type":"ListItem","position":1,"name":"Home","item":"https:\/\/autobaak.nl\/"},{"@type":"ListItem","position":2,"name":"Renault home"}]},{"@type":"WebSite","@id":"https:\/\/autobaak.nl\/#website","url":"https:\/\/autobaak.nl\/","name":"Autobook.co.uk","description":"Cars &amp; Racing","potentialAction":[{"@type":"SearchAction","target":{"@type":"EntryPoint","urlTemplate":"https:\/\/autobaak.nl\/?s={search_term_string}"},"query-input":{"@type":"PropertyValueSpecification","valueRequired":true,"valueName":"search_term_string"}}],"inLanguage":"en-GB"}]}},"_links":{"self":[{"href":"https:\/\/autobaak.nl\/en\/wp-json\/wp\/v2\/pages\/877","targetHints":{"allow":["GET"]}}],"collection":[{"href":"https:\/\/autobaak.nl\/en\/wp-json\/wp\/v2\/pages"}],"about":[{"href":"https:\/\/autobaak.nl\/en\/wp-json\/wp\/v2\/types\/page"}],"author":[{"embeddable":true,"href":"https:\/\/autobaak.nl\/en\/wp-json\/wp\/v2\/users\/1"}],"replies":[{"embeddable":true,"href":"https:\/\/autobaak.nl\/en\/wp-json\/wp\/v2\/comments?post=877"}],"version-history":[{"count":0,"href":"https:\/\/autobaak.nl\/en\/wp-json\/wp\/v2\/pages\/877\/revisions"}],"wp:attachment":[{"href":"https:\/\/autobaak.nl\/en\/wp-json\/wp\/v2\/media?parent=877"}],"curies":[{"name":"wp","href":"https:\/\/api.w.org\/{rel}","templated":true}]}}