{"id":888,"date":"2018-11-04T16:09:12","date_gmt":"2018-11-04T16:09:12","guid":{"rendered":"https:\/\/autobaak.nl\/?page_id=888"},"modified":"2023-02-08T14:20:59","modified_gmt":"2023-02-08T13:20:59","slug":"skoda-home","status":"publish","type":"page","link":"https:\/\/autobaak.nl\/en\/skoda-home\/","title":{"rendered":"Skoda home"},"content":{"rendered":"<p>[et_pb_section fb_built=\"1\u2033 inner_shadow=\"on\" fullwidth=\"on\" _builder_version=\"4.18.0\u2033 background_image=\"https:\/\/autobaak.nl\/wp-content\/uploads\/2022\/08\/pexels-jesse-zheng-1213295.jpg\" global_colors_info=\"{}\"][et_pb_fullwidth_header title=\"Skoda Home\" subhead=\"Useful information about Skoda\" text_orientation=\"centre\" _builder_version=\"4.18.0\u2033 content_font_size=\"15px\" background_color=\"rgba(255, 255, 255, 0)\" background_image=\"https:\/\/autobaak.nl\/wp-content\/uploads\/2022\/09\/skoda.jpg\" text_shadow_style=\"preset5\u2033 text_shadow_color=\"rgba(0,0,0,0.52)\" global_colors_info=\"{}\" button_one_text_size__hover_enabled=\"off\" button_one_text_size__hover=\"null\" button_two_text_size__hover_enabled=\"off\" button_two_text_size__hover=\"null\" button_one_text_color__hover_enabled=\"off\" button_one_text_color__hover=\"null\" button_two_text_color__hover_enabled=\"off\" button_two_text_color__hover=\"null\" button_one_border_width__hover_enabled=\"off\" button_one_border_width__hover=\"null\" button_two_border_width__hover_enabled=\"off\" button_two_border_width__hover=\"null\" button_one_border_color__hover_enabled=\"off\" button_one_border_color__hover=\"null\" button_two_border_color__hover_enabled=\"off\" button_two_border_color__hover=\"null\" button_one_border_radius__hover_enabled=\"off\" button_one_border_radius__hover=\"null\" button_two_border_radius__hover_enabled=\"off\" button_two_border_radius__hover=\"null\" button_one_letter_spacing__hover_enabled=\"off\" button_one_letter_spacing__hover=\"null\" button_two_letter_spacing__hover_enabled=\"off\" button_two_letter_spacing__hover=\"null\" button_one_bg_color__hover_enabled=\"off\" button_one_bg_color__hover=\"null\" button_two_bg_color__hover_enabled=\"off\" button_two_bg_color__hover=\"null\"][\/et_pb_fullwidth_header][\/et_pb_section][et_pb_section fb_built=\"1\u2033 _builder_version=\"4.16\u2033 custom_padding=\"2px|0px|3px|0px\" global_colors_info=\"{}\"][et_pb_row _builder_version=\"4.16\u2033 background_size=\"initial\" background_position=\"top_left\" background_repeat=\"repeat\" custom_padding=\"26.3594px|0px|2px|0px\" global_colors_info=\"{}\"][et_pb_column type=\"4_4\u2033 _builder_version=\"4.16\u2033 custom_padding=\"|||\" global_colors_info=\"{}\" custom_padding__hover=\"|||\"][et_pb_text _builder_version=\"4.16\u2033 global_colors_info=\"{}\"]<\/p>\n<h2>The birth of Skoda<\/h2>\n<p>\u0160koda Auto, better known as \u0160koda, is a Czech car manufacturer founded in 1895 as Laurin &amp; Klement. Its headquarters are in Mlad\u00e1 Boleslav, Czech Republic.<\/p>\n<p>In 1925, Laurin &amp; Klement was acquired by the industrial conglomerate \u0160koda Works, which itself became state-owned in 1948. After 1991 it was gradually privatised and in 2000 \u0160koda became a wholly owned subsidiary of the Volkswagen Group.<\/p>\n<p>\u0160koda cars are sold in more than 100 countries and in 2017 total global sales reached 1.21 million cars, an increase of 6.6% compared to the previous year and the operating profit was \u20ac1.6 billion, an increase of 34.6% compared to the previous year. As of 2017, \u0160koda's profit margin was the second highest of all VW Group brands, Porsche was in first place.<br \/>\n[\/et_pb_text][\/et_pb_column][\/et_pb_row][et_pb_row _builder_version=\"4.16\u2033 background_size=\"initial\" background_position=\"top_left\" background_repeat=\"repeat\" custom_padding=\"26.3594px|0px|2px|0px\" global_colors_info=\"{}\"][et_pb_column type=\"4_4\u2033 _builder_version=\"4.16\u2033 custom_padding=\"|||\" global_colors_info=\"{}\" custom_padding__hover=\"|||\"][et_pb_text _builder_version=\"4.18.0\u2033 background_color=\"rgba(12,113,195,0.18)\" custom_margin=\"0px|||\" custom_padding=\"10px|20px|10px|20px\" global_colors_info=\"{}\"]<\/p>\n<h2 style=\"text-align: center;\">Skoda database<\/h2>\n<p style=\"text-align: center;\">The overviews below show service intervals, required engine oil and tips on the latest Skoda models. The intervals and guidelines are only an indication, circumstances may occur that will cause a garage to give a different recommendation.<\/p>\n<p>[\/et_pb_text][\/et_pb_column][\/et_pb_row][\/et_pb_section][et_pb_section fb_built=\"1\u2033 _builder_version=\"4.16\u2033 custom_padding=\"1px|0px|52.7188px|0px\" global_colors_info=\"{}\"][et_pb_row _builder_version=\"4.16\u2033 background_size=\"initial\" background_position=\"top_left\" background_repeat=\"repeat\" global_colors_info=\"{}\"][et_pb_column type=\"4_4\u2033 _builder_version=\"4.16\u2033 custom_padding=\"|||\" global_colors_info=\"{}\" custom_padding__hover=\"|||\"][et_pb_text _builder_version=\"4.16\u2033 global_colors_info=\"{}\"]<\/p>\n<h2>When to replace a Skoda timing belt<\/h2>\n<p>The timing belt or chain is essential for (almost) any combustion engine, without it there can be no combustion. This is because the timing belt ensures that the camshaft, the crankshaft and the valves are driven by means of this belt or chain. Almost all Skodas have a timing belt, which must be replaced periodically. Below per model the intervals known to us:<\/p>\n<ul>\n<li><a href=\"https:\/\/autobaak.nl\/en\/skoda-citigo\/\">Skoda Citigo<\/a><\/li>\n<li><a href=\"https:\/\/autobaak.nl\/en\/skoda-fabia\/\">Skoda Fabia\u00a0<\/a><\/li>\n<li><a href=\"https:\/\/autobaak.nl\/en\/skoda-octavia\/\">Skoda Octavia\u00a0<\/a><\/li>\n<li><a href=\"https:\/\/autobaak.nl\/en\/skoda-superb\/\">Skoda Superb<\/a><\/li>\n<li><a href=\"https:\/\/autobaak.nl\/en\/skoda-yeti\/\">Skoda Yeti\u00a0<\/a><\/li>\n<li><a href=\"https:\/\/autobaak.nl\/en\/skoda-rapid\/\">Skoda Rapid\u00a0<\/a><\/li>\n<li><a href=\"https:\/\/autobaak.nl\/en\/skoda-roomster\/\">Skoda Roomster<\/a><\/li>\n<\/ul>\n<p>[\/et_pb_text][et_pb_text _builder_version=\"4.19.4\u2033 hover_enabled=\"0\u2033 global_colors_info=\"{}\" sticky_enabled=\"0\u2033]<\/p>\n<h3>Skoda tyre pressure<\/h3>\n<p>Your Skoda's tyre pressure should be checked monthly so you can enjoy optimal performance. In addition, incorrect tyre pressure can cause high fuel consumption and the tyres can wear out faster or irregularly. On the following pages you will find an overview of tyre pressures for your Skoda:<\/p>\n<ul>\n<li><a href=\"https:\/\/autobaak.nl\/en\/tyre-pressure-skoda-superb\/\">Supberb<\/a><\/li>\n<li><a href=\"https:\/\/autobaak.nl\/en\/tyre-pressure-skoda-superb-combi\/\">Supberb Combi<\/a><\/li>\n<li><a href=\"https:\/\/autobaak.nl\/en\/tyre-pressure-skoda-roomster\/\">Roomster<\/a><\/li>\n<li><a href=\"https:\/\/autobaak.nl\/en\/tyre-pressure-skoda-praktik\/\">Praktik<\/a><\/li>\n<li><a href=\"https:\/\/autobaak.nl\/en\/tyre-pressure-skoda-octavia\/\">Octavia<\/a><\/li>\n<li><a href=\"https:\/\/autobaak.nl\/en\/tyre-pressure-skoda-octavia-combi\/\">Octavia Combi<\/a><\/li>\n<li><a href=\"https:\/\/autobaak.nl\/en\/tyre-pressure-skoda-octavia-scout\/\">Octavia Scout<\/a><\/li>\n<li><a href=\"https:\/\/autobaak.nl\/en\/tyre-pressure-skoda-forfour\/\">Forfour<\/a><\/li>\n<li><a href=\"https:\/\/autobaak.nl\/en\/tyre-pressure-skoda-fabia\/\">Fabia<\/a><\/li>\n<li><a href=\"https:\/\/autobaak.nl\/en\/tyre-pressure-skoda-fabia-combi\/\">Fabia Combi<\/a><\/li>\n<li><a href=\"https:\/\/autobaak.nl\/en\/tyre-pressure-skoda-rapid-spaceback\/\">Rapid Spaceback<\/a><\/li>\n<li><a href=\"https:\/\/autobaak.nl\/en\/tyre-pressure-skoda-crossblade\/\">Crossblade<\/a><\/li>\n<\/ul>\n<h3>Skoda car lamps<\/h3>\n<p>Want to replace the bulbs on your Skoda but don't know what type of car bulb you need? On this <a href=\"https:\/\/autobaak.nl\/en\/skoda-lamp-overview\/\">car bulbs Skoda<\/a> page, we have collected a list containing all lamps.<\/p>\n<blockquote class=\"wp-embedded-content\" data-secret=\"3bEIngx6O4\"><p><a href=\"https:\/\/autobaak.nl\/en\/skoda-lamp-overview\/\">Skoda light bulb overview<\/a><\/p><\/blockquote>\n<p><iframe loading=\"lazy\" class=\"wp-embedded-content\" sandbox=\"allow-scripts\" security=\"restricted\" style=\"position: absolute; clip: rect(1px, 1px, 1px, 1px);\" title=\"&quot;Skoda lamp overview&quot; - Autobook everything for and about cars\" src=\"https:\/\/autobaak.nl\/skoda-lampenoverzicht\/embed\/#?secret=6g4CdRnJ5A#?secret=3bEIngx6O4\" data-secret=\"3bEIngx6O4\" width=\"600\" height=\"338\" frameborder=\"0\" marginwidth=\"0\" marginheight=\"0\" scrolling=\"no\"><\/iframe><\/p>\n<p>&nbsp;<\/p>\n<p>[\/et_pb_text][\/et_pb_column][\/et_pb_row][et_pb_row column_structure=\"1_2,1_2\u2033 _builder_version=\"4.17.4\u2033 _module_preset=\"default\" global_colors_info=\"{}\"][et_pb_column type=\"1_2\u2033 _builder_version=\"4.17.4\u2033 _module_preset=\"default\" global_colors_info=\"{}\"][et_pb_text _builder_version=\"4.18.0\u2033 _module_preset=\"default\" global_colors_info=\"{}\"]<\/p>\n<h3>Which engine oil Skoda<\/h3>\n<p>Changing engine oil on time is crucial for the condition of your engine. In addition, it is important to know which engine oil you need. The service booklet generally always lists the appropriate engine oil. Do you want to know which engine oil your Skoda needs? Then use Kroon oil's handy search tool:<\/p>\n<p>[\/et_pb_text][\/et_pb_column][et_pb_column type=\"1_2\u2033 _builder_version=\"4.17.4\u2033 _module_preset=\"default\" global_colors_info=\"{}\"][et_pb_text _builder_version=\"4.18.0\u2033 _module_preset=\"default\" global_colors_info=\"{}\"]<\/p>\n<p><script type=\"text\/javascript\" src=\"\/\/kroon-oil.com\/adviesbanners\/v3\/bnr-js.php?lang=nl&amp;type=reg&amp;theme=light\"><\/script><\/p>\n<p>[\/et_pb_text][\/et_pb_column][\/et_pb_row][\/et_pb_section].<\/p>","protected":false},"excerpt":{"rendered":"<p>The birth of Skoda \u0160koda Auto, better known as \u0160koda, is a Czech car manufacturer founded in 1895 as Laurin &amp; Klement. Its headquarters are in Mlad\u00e1 Boleslav, Czech Republic. In 1925, Laurin &amp; Klement was acquired by the industrial conglomerate \u0160koda Works, which itself became state-owned in 1948. After 1991, it was gradually [...]<\/p>","protected":false},"author":1,"featured_media":0,"parent":0,"menu_order":0,"comment_status":"closed","ping_status":"closed","template":"","meta":{"_et_pb_use_builder":"on","_et_pb_old_content":"","_et_gb_content_width":"","footnotes":""},"class_list":["post-888","page","type-page","status-publish","hentry"],"yoast_head":"<!-- This site is optimized with the Yoast SEO plugin v27.4 - https:\/\/yoast.com\/product\/yoast-seo-wordpress\/ -->\n<title>Skoda Home Onderhoudstips en intervallen van dit automerk<\/title>\n<meta name=\"description\" content=\"Skoda home de pagina voor onderhoudstips en intervallen. O.a. de distributieriemintervallen van de Fabia, Octavia, Superb etc.\" \/>\n<meta name=\"robots\" content=\"index, follow, max-snippet:-1, max-image-preview:large, max-video-preview:-1\" \/>\n<link rel=\"canonical\" href=\"https:\/\/autobaak.nl\/en\/skoda-home\/\" \/>\n<meta property=\"og:locale\" content=\"en_GB\" \/>\n<meta property=\"og:type\" content=\"article\" \/>\n<meta property=\"og:title\" content=\"Skoda Home Onderhoudstips en intervallen van dit automerk\" \/>\n<meta property=\"og:description\" content=\"Skoda home de pagina voor onderhoudstips en intervallen. O.a. de distributieriemintervallen van de Fabia, Octavia, Superb etc.\" \/>\n<meta property=\"og:url\" content=\"https:\/\/autobaak.nl\/en\/skoda-home\/\" \/>\n<meta property=\"og:site_name\" content=\"Autobaak.nl\" \/>\n<meta property=\"article:modified_time\" content=\"2023-02-08T13:20:59+00:00\" \/>\n<meta name=\"twitter:card\" content=\"summary_large_image\" \/>\n<meta name=\"twitter:label1\" content=\"Estimated reading time\" \/>\n\t<meta name=\"twitter:data1\" content=\"3 minutes\" \/>\n<script type=\"application\/ld+json\" class=\"yoast-schema-graph\">{\"@context\":\"https:\\\/\\\/schema.org\",\"@graph\":[{\"@type\":\"WebPage\",\"@id\":\"https:\\\/\\\/autobaak.nl\\\/skoda-home\\\/\",\"url\":\"https:\\\/\\\/autobaak.nl\\\/skoda-home\\\/\",\"name\":\"Skoda Home Onderhoudstips en intervallen van dit automerk\",\"isPartOf\":{\"@id\":\"https:\\\/\\\/autobaak.nl\\\/#website\"},\"datePublished\":\"2018-11-04T16:09:12+00:00\",\"dateModified\":\"2023-02-08T13:20:59+00:00\",\"description\":\"Skoda home de pagina voor onderhoudstips en intervallen. O.a. de distributieriemintervallen van de Fabia, Octavia, Superb etc.\",\"breadcrumb\":{\"@id\":\"https:\\\/\\\/autobaak.nl\\\/skoda-home\\\/#breadcrumb\"},\"inLanguage\":\"en-GB\",\"potentialAction\":[{\"@type\":\"ReadAction\",\"target\":[\"https:\\\/\\\/autobaak.nl\\\/skoda-home\\\/\"]}]},{\"@type\":\"BreadcrumbList\",\"@id\":\"https:\\\/\\\/autobaak.nl\\\/skoda-home\\\/#breadcrumb\",\"itemListElement\":[{\"@type\":\"ListItem\",\"position\":1,\"name\":\"Home\",\"item\":\"https:\\\/\\\/autobaak.nl\\\/\"},{\"@type\":\"ListItem\",\"position\":2,\"name\":\"Skoda Home\"}]},{\"@type\":\"WebSite\",\"@id\":\"https:\\\/\\\/autobaak.nl\\\/#website\",\"url\":\"https:\\\/\\\/autobaak.nl\\\/\",\"name\":\"Autobaak.nl\",\"description\":\"Cars &amp; Racing\",\"potentialAction\":[{\"@type\":\"SearchAction\",\"target\":{\"@type\":\"EntryPoint\",\"urlTemplate\":\"https:\\\/\\\/autobaak.nl\\\/?s={search_term_string}\"},\"query-input\":{\"@type\":\"PropertyValueSpecification\",\"valueRequired\":true,\"valueName\":\"search_term_string\"}}],\"inLanguage\":\"en-GB\"}]}<\/script>\n<!-- \/ Yoast SEO plugin. -->","yoast_head_json":{"title":"Skoda Home Maintenance tips and intervals for this car make","description":"Skoda home the page for maintenance tips and intervals. For example, the timing of the Fabia, Octavia, Superb etc.","robots":{"index":"index","follow":"follow","max-snippet":"max-snippet:-1","max-image-preview":"max-image-preview:large","max-video-preview":"max-video-preview:-1"},"canonical":"https:\/\/autobaak.nl\/en\/skoda-home\/","og_locale":"en_GB","og_type":"article","og_title":"Skoda Home Onderhoudstips en intervallen van dit automerk","og_description":"Skoda home de pagina voor onderhoudstips en intervallen. O.a. de distributieriemintervallen van de Fabia, Octavia, Superb etc.","og_url":"https:\/\/autobaak.nl\/en\/skoda-home\/","og_site_name":"Autobaak.nl","article_modified_time":"2023-02-08T13:20:59+00:00","twitter_card":"summary_large_image","twitter_misc":{"Estimated reading time":"3 minutes"},"schema":{"@context":"https:\/\/schema.org","@graph":[{"@type":"WebPage","@id":"https:\/\/autobaak.nl\/skoda-home\/","url":"https:\/\/autobaak.nl\/skoda-home\/","name":"Skoda Home Maintenance tips and intervals for this car make","isPartOf":{"@id":"https:\/\/autobaak.nl\/#website"},"datePublished":"2018-11-04T16:09:12+00:00","dateModified":"2023-02-08T13:20:59+00:00","description":"Skoda home the page for maintenance tips and intervals. For example, the timing of the Fabia, Octavia, Superb etc.","breadcrumb":{"@id":"https:\/\/autobaak.nl\/skoda-home\/#breadcrumb"},"inLanguage":"en-GB","potentialAction":[{"@type":"ReadAction","target":["https:\/\/autobaak.nl\/skoda-home\/"]}]},{"@type":"BreadcrumbList","@id":"https:\/\/autobaak.nl\/skoda-home\/#breadcrumb","itemListElement":[{"@type":"ListItem","position":1,"name":"Home","item":"https:\/\/autobaak.nl\/"},{"@type":"ListItem","position":2,"name":"Skoda Home"}]},{"@type":"WebSite","@id":"https:\/\/autobaak.nl\/#website","url":"https:\/\/autobaak.nl\/","name":"Autobook.co.uk","description":"Cars &amp; Racing","potentialAction":[{"@type":"SearchAction","target":{"@type":"EntryPoint","urlTemplate":"https:\/\/autobaak.nl\/?s={search_term_string}"},"query-input":{"@type":"PropertyValueSpecification","valueRequired":true,"valueName":"search_term_string"}}],"inLanguage":"en-GB"}]}},"_links":{"self":[{"href":"https:\/\/autobaak.nl\/en\/wp-json\/wp\/v2\/pages\/888","targetHints":{"allow":["GET"]}}],"collection":[{"href":"https:\/\/autobaak.nl\/en\/wp-json\/wp\/v2\/pages"}],"about":[{"href":"https:\/\/autobaak.nl\/en\/wp-json\/wp\/v2\/types\/page"}],"author":[{"embeddable":true,"href":"https:\/\/autobaak.nl\/en\/wp-json\/wp\/v2\/users\/1"}],"replies":[{"embeddable":true,"href":"https:\/\/autobaak.nl\/en\/wp-json\/wp\/v2\/comments?post=888"}],"version-history":[{"count":0,"href":"https:\/\/autobaak.nl\/en\/wp-json\/wp\/v2\/pages\/888\/revisions"}],"wp:attachment":[{"href":"https:\/\/autobaak.nl\/en\/wp-json\/wp\/v2\/media?parent=888"}],"curies":[{"name":"wp","href":"https:\/\/api.w.org\/{rel}","templated":true}]}}