{"id":153876,"date":"2022-09-18T15:52:19","date_gmt":"2022-09-18T13:52:19","guid":{"rendered":"https:\/\/autobaak.nl\/?page_id=153876"},"modified":"2022-12-02T11:31:12","modified_gmt":"2022-12-02T10:31:12","slug":"chiptuning","status":"publish","type":"page","link":"https:\/\/autobaak.nl\/de\/chiptuning\/","title":{"rendered":"Chiptuning"},"content":{"rendered":"<p><strong>Chiptuning<\/strong>oder ECU-Tuning ist eine immer beliebtere Methode zur Steigerung von Leistung und Drehmoment. Au\u00dferdem ist der Begriff \u00d6ko-Tuning weit verbreitet, mit dem man Kraftstoff spart. Ein Auto chippen zu lassen funktioniert am besten bei Autos, die einen Turbolader haben. Audi hat zum Beispiel viele Motoren mit Turbolader, wie die TSI-Varianten. Da Audi zum VAG-Konzern geh\u00f6rt, werden diese Motoren auch in Volkswagen (VW), SEAT und Skoda eingesetzt.<\/p>\n<p>Fast jeder, der sein Auto chiptunen l\u00e4sst, bemerkt sofort, dass es <strong>zus\u00e4tzliche Leistung<\/strong> und Drehmoment vorhanden ist und dass das Fahrzeug <strong>bessere Leistungen<\/strong> hat, so dass der Fahrspa\u00df steigt.<\/p>\n<h2>Chiptuning, warum tun Sie das?<\/h2>\n<p>Es gibt Leute, die meinen, individuelles Chiptuning sei nur etwas f\u00fcr Sportwagen. Aber es gibt noch viele weitere Situationen, in denen eine Optimierung des Motormanagements sinnvoll sein kann. Denken Sie an das Ziehen eines Wohnwagens, f\u00fcr diesen Zweck ist ein zus\u00e4tzliches Drehmoment sehr angenehm, besonders in den Bergen. In der Praxis werden Sie seltener schalten m\u00fcssen, da die Zugkraft bei niedrigen Drehzahlen h\u00f6her ist. Dar\u00fcber hinaus k\u00f6nnten zus\u00e4tzliche Leistung und Drehmoment auch als sicherer angesehen werden, da \u00dcberholvorg\u00e4nge und Zusammenschl\u00fcsse viel weniger stressig werden, wenn man von, sagen wir, 90 auf 120 PS und 150 nm Drehmoment auf 200 nm Drehmoment steigt.<\/p>\n<p><img loading=\"lazy\" decoding=\"async\" class=\"alignnone wp-image-153877 size-full\" title=\"Auto-Chiptuning\" src=\"https:\/\/autobaak.nl\/wp-content\/uploads\/2022\/09\/auto-chippen-aan-de-slag-met-het-motormanagement.jpg\" alt=\"Auto-Chiptuning\" width=\"800\" height=\"532\" srcset=\"https:\/\/autobaak.nl\/wp-content\/uploads\/2022\/09\/auto-chippen-aan-de-slag-met-het-motormanagement.jpg 800w, https:\/\/autobaak.nl\/wp-content\/uploads\/2022\/09\/auto-chippen-aan-de-slag-met-het-motormanagement-480x319.jpg 480w\" sizes=\"(min-width: 0px) and (max-width: 480px) 480px, (min-width: 481px) 800px, 100vw\" \/><\/p>\n<h3>Warum lassen immer mehr Menschen ihre Autos chiptunen?<\/h3>\n<p>Neben den oben genannten Gr\u00fcnden gibt es noch einen weiteren wichtigen Grund, warum sich immer mehr Menschen dem Tuning zuwenden: Seit einigen Jahren werden die Motoren verkleinert, um weniger CO2 und andere Schadstoffe auszusto\u00dfen. Diese kleinen Motoren sind mit einem Turbolader ausgestattet, so dass sie immer noch \u00fcber eine gewisse Leistung verf\u00fcgen. Allerdings wird auch der Bereich, in dem diese Leistung genutzt werden kann, immer kleiner. W\u00e4hrend ein atmosph\u00e4rischer Motor in der Regel eine sch\u00f6ne gleichm\u00e4\u00dfige Leistungsentfaltung hat, ist die Leistungsentfaltung bei Turbomotoren oft recht sprunghaft. Die ber\u00fchmten TDI-Motoren von Audi und Volkswagen geben ab 1600 Umdrehungen pro Minute einen enormen Schub, aber bei 2800 Umdrehungen pro Minute muss man den Gang wechseln, weil es dann praktisch keine Beschleunigung mehr gibt. Das Gleiche gilt f\u00fcr die heutigen verkleinerten Motoren. Sie haben oft ein Turboloch und genau hier kann Chiptuning helfen. Die Optimierung der Software vergr\u00f6\u00dfert den Bereich, in dem Leistung m\u00f6glich ist.<\/p>\n<h3>Kann man mit Chiptuning wirklich Kraftstoff sparen?<\/h3>\n<p>Es gibt mehrere M\u00f6glichkeiten, das Motormanagement zu \u00e4ndern. Sie k\u00f6nnen sich auch nur f\u00fcr mehr Leistung entscheiden. Bei den meisten Tunern wird dies als Stufe 1 bezeichnet. Dabei geht es weniger um den Kraftstoffverbrauch als vielmehr um Leistung und mehr Agilit\u00e4t.<\/p>\n<p>Beim so genannten ECO-Tuning geht es eher darum, das Motormanagement auf Kraftstoffeinsparung zu programmieren. Es gibt auch Leistungssteigerungen, aber die sieht man nur bei sehr<\/p>\n<p>auf dem Pr\u00fcfstand ein kleines St\u00fcck zur\u00fcck. Au\u00dferdem sollte man auch keine Wunder erwarten, eine Einsparung von 0,1 bis 0,3 Litern pro 100 Kilometer ist realistisch. Nat\u00fcrlich kann jemand, der viel f\u00e4hrt, damit j\u00e4hrlich 1 bis 2 Tankf\u00fcllungen Benzin oder Diesel sparen, was bei den derzeitigen Kraftstoffpreisen nicht schlecht ist.<\/p>\n<p><img loading=\"lazy\" decoding=\"async\" class=\"alignnone wp-image-153878 size-full\" title=\"Auto-Chiptuning\" src=\"https:\/\/autobaak.nl\/wp-content\/uploads\/2022\/09\/eco-tunen-kan-brandstof-besparen.jpg\" alt=\"\u00d6ko-Tuning f\u00fcr Kraftstoffeinsparungen\" width=\"800\" height=\"532\" srcset=\"https:\/\/autobaak.nl\/wp-content\/uploads\/2022\/09\/eco-tunen-kan-brandstof-besparen.jpg 800w, https:\/\/autobaak.nl\/wp-content\/uploads\/2022\/09\/eco-tunen-kan-brandstof-besparen-480x319.jpg 480w\" sizes=\"(min-width: 0px) and (max-width: 480px) 480px, (min-width: 481px) 800px, 100vw\" \/><\/p>\n<h2>Welche Chiptuning-Stufe (Phase) ist zu w\u00e4hlen: 1, 2 oder 3?<\/h2>\n<p>Das Chiptuning kann in mehrere Phasen unterteilt werden, von denen jede ihre eigenen Vorteile hat. Die erste Stufe wird oft als \"Stufe 1\" bezeichnet. Dabei handelt es sich um die einfachste und g\u00e4ngigste Form des Chiptunings, die in der Regel ein einfaches Software-Reflash beinhaltet, das relativ leicht durchgef\u00fchrt werden kann. Eine Stufe-1-Abstimmung bringt oft einen bescheidenen Leistungszuwachs sowie eine verbesserte Gasannahme und einen geringeren Kraftstoffverbrauch.<\/p>\n<h3>Stufe 2 der Abstimmung<\/h3>\n<p>Der n\u00e4chste Schritt ist eine \"Stufe-2-Abstimmung\". Dies ist in der Regel komplizierter als ein Stage 1-Tuning und kann neben dem Software-Reflash auch einige Hardware-Modifikationen erfordern. Stufe 2-Tuning bietet oft deutlich mehr Leistungssteigerung als Stufe 1-Tuning, kann aber auch mit einem erh\u00f6hten Risiko von Motorsch\u00e4den verbunden sein, wenn es nicht korrekt durchgef\u00fchrt wird.<\/p>\n<h3>Stufe 3 und 4<\/h3>\n<p>Neben Stufe 2 gibt es noch extremere Formen des Chiptunings, wie \"Stufe 3\" und \"Stufe 4\". Diese Tuningma\u00dfnahmen sind in der Regel nur f\u00fcr Rennwagen oder andere stark modifizierte Fahrzeuge geeignet und k\u00f6nnen zu enormen Leistungssteigerungen f\u00fchren, die jedoch mit einem erh\u00f6hten Motorverschlei\u00df einhergehen. Wenn Sie nicht vorhaben, Ihr Auto auf die Rennstrecke zu bringen oder ernsthafte Rennen zu fahren, m\u00fcssen Sie sich wahrscheinlich keine Gedanken \u00fcber diese extremeren Tuningma\u00dfnahmen machen.<\/p>\n<h3>Wie w\u00e4hlt man die richtige Chiptuning-Stufe f\u00fcr sein Auto?<\/h3>\n<p>Wenn Sie sich f\u00fcr ein Chiptune f\u00fcr Ihr Auto entschieden haben, m\u00fcssen Sie herausfinden, welche Stufe f\u00fcr Sie die richtige ist. Wenn Sie nur ein bisschen mehr Leistung und eine bessere Gasannahme w\u00fcnschen, dann ist ein <strong>Phase 1 - Abstimmung<\/strong> k\u00f6nnte alles sein, was Sie brauchen. Wenn Sie jedoch eine deutliche Leistungssteigerung anstreben, m\u00fcssen Sie sich wahrscheinlich f\u00fcr Stufe 2 oder h\u00f6her entscheiden. Denken Sie daran, dass die h\u00f6heren Stufen ein h\u00f6heres Risiko f\u00fcr Motorsch\u00e4den bergen, wenn sie nicht korrekt ausgef\u00fchrt werden.<\/p>\n<h2>Die Technik des Chiptunings erkl\u00e4rt<\/h2>\n<p>Autobesitzer lassen von einem Softwarespezialisten ein so genanntes Remap durchf\u00fchren. Dies verleiht dem Fahrzeug mehr Leistung und senkt den Kraftstoffverbrauch. Aber was genau ist Chiptuning? Wir werden nun einen genaueren Blick auf die Technologie des Z\u00e4hlens werfen.<\/p>\n<h2>Was ist die ECU<\/h2>\n<p>Die <b>Motorsteuerger\u00e4t (ECU)<\/b> steuert den Betrieb des gesamten Motors und seiner Komponenten, einschlie\u00dflich der elektronischen Systeme (ABS, ESP, TCS) und anderer Einrichtungen wie der Klimaanlage. Das Steuerger\u00e4t ist also das \"Gehirn\" des gesamten Computers, das dessen technische F\u00e4higkeiten bestimmt. Das Motorsteuerger\u00e4t (Motormanagement) ist in der Regel ein Mikroprozessor (der Chip), der Daten empf\u00e4ngt und verarbeitet. Die Daten kommen von verschiedenen Sensoren, wie z. B. dem Luftmassenmesser.<\/p>\n<p>W\u00e4hrend der Produktion speichern die Hersteller universelle Einstellungen f\u00fcr den Betrieb im Computerspeicher des Fahrzeugs, die jedoch nicht f\u00fcr die Bedingungen, unter denen das Fahrzeug gefahren wird, optimiert sind. Diese Einstellungen bestimmen teilweise die Leistung des Fahrzeugs, z. B. Motordrehzahl, Kraftstoffmenge, Einspritzwinkel, Turbodruck (falls vorhanden) und Einspritzdruck. Anhand dieser Daten w\u00e4hlt die ECU die optimalen Parameter f\u00fcr die Leistung des Fahrzeugs aus.<\/p>\n<h2>Was ist Chiptuning?<\/h2>\n<p>Auto-Remapping, auch bekannt als Chiptuning oder ECU-Tuning, ist eine \u00e4u\u00dferst effektive und sichere Methode des Motortunings. Das Motortuning (neue Software) soll das Drehmoment und die Leistung des Motors erh\u00f6hen. Dies kann auf zwei Arten geschehen: durch mechanische Eingriffe in den Motor oder durch die Optimierung der Software. Die erste Tuning-Methode ist sehr teuer und erfordert h\u00e4ufig eine individuelle Anpassung. Es muss jedoch gesagt werden, dass diese<\/p>\n<p>Formen der Abstimmung k\u00f6nnen auch kombiniert werden. Auf diese Weise erhalten Sie letztlich das beste Ergebnis auf dem Pr\u00fcfstand.<\/p>\n<p><b>Chiptuning<\/b> ist ein einfaches und vor allem sicheres Mittel, um die Betriebsparameter des Motors zu ver\u00e4ndern und seine Effizienz zu steigern. Bei der Neuprogrammierung eines Fahrzeugs wird eine neue Software aufgespielt, die einen effizienteren Motorbetrieb erm\u00f6glicht.<\/p>\n<h2>Warum funktioniert das Chiptuning?<\/h2>\n<p>Die in der Produktionsphase installierte Standardsoftware holt nicht das maximale Potenzial aus dem Motor heraus. Durch den Einsatz besserer Software ist es m\u00f6glich, die Motorleistung sicher zu erh\u00f6hen und erhebliche Leistungssteigerungen zu erzielen, ohne den Motor zu besch\u00e4digen. Au\u00dferdem kann sich (wie bereits erw\u00e4hnt) eine \u00c4nderung dieser Werte in einem besseren Kraftstoffverbrauch niederschlagen. In manchen F\u00e4llen k\u00f6nnen so bis zu 0,3 Liter pro 100 Kilometer eingespart werden. Wenn Sie also viel fahren, macht sich die Investition in das Chiptuning schnell bezahlt.<\/p>\n<p><img loading=\"lazy\" decoding=\"async\" class=\"size-full wp-image-153879 alignnone\" src=\"https:\/\/autobaak.nl\/wp-content\/uploads\/2022\/09\/chiptunen-met-stage-1-meest-betrouwbaar.jpg\" alt=\"Chiptuning Stufe 1 am zuverl\u00e4ssigsten\" width=\"800\" height=\"532\" srcset=\"https:\/\/autobaak.nl\/wp-content\/uploads\/2022\/09\/chiptunen-met-stage-1-meest-betrouwbaar.jpg 800w, https:\/\/autobaak.nl\/wp-content\/uploads\/2022\/09\/chiptunen-met-stage-1-meest-betrouwbaar-480x319.jpg 480w\" sizes=\"(min-width: 0px) and (max-width: 480px) 480px, (min-width: 481px) 800px, 100vw\" \/><\/p>\n<h2>Optimal abgestimmtes Motormanagement<\/h2>\n<p>F\u00fcr eine erfolgreiche Neuprogrammierung ist es wichtig, dass die Software auf das Fahrzeugmodell und die F\u00e4higkeiten des Motors und der Komponenten abgestimmt ist. Wird Chiptuning mit ungeeigneter Software durchgef\u00fchrt, kann dies zu Fehlfunktionen oder sogar zu dauerhaften Sch\u00e4den am Fahrzeug f\u00fchren. So kann es passieren, dass der Motor kaputt geht und der Hersteller bei der Diagnose feststellt, dass die falsche Software verwendet wurde, und Ihnen deshalb nicht entgegenkommt. Dabei spielt es keine Rolle, ob es sich um einen BMW oder einen SEAT handelt, die Hersteller sind in dieser Hinsicht sehr streng.<\/p>\n<h2>W\u00e4hlen Sie einen erfahrenen Chiptuner<\/h2>\n<p>Die Vorteile des Chiptunings sind verlockend, und immer mehr Menschen entscheiden sich daf\u00fcr. Das liegt zum Teil daran, dass die Kosten im Vergleich zur mechanischen Abstimmung gering sind. Aber es ist notwendig, einen erfahrenen Chiptuner zu w\u00e4hlen. Diese haben viel Erfahrung mit dem Tuning Ihrer Marke und Ihres Modells. Ein Unternehmen, das nicht viel \u00fcber Chiptuning wei\u00df, kann die F\u00e4higkeiten des Fahrzeugs \u00fcbersch\u00e4tzen, was zu Sch\u00e4den und Fehlfunktionen f\u00fchren kann. Unsere Pr\u00e4ferenz f\u00fcr Chiptuning w\u00e4re daher ein Tuner, der sich auf bestimmte Marken oder eine Markengruppe, wie z.B. VAG, spezialisiert hat.<\/p>\n<p>Das Chiptuning eines Autos erfolgt in fast allen F\u00e4llen auf eigene Gefahr, aber zum Gl\u00fcck h\u00f6rt man nicht viele Horrorgeschichten, und die meisten Chiptuner wissen genau, wie sie die Parameter so einstellen m\u00fcssen, dass kein Motorschaden entsteht.<\/p>","protected":false},"excerpt":{"rendered":"<p>Chiptuning oder ECU-Tuning wird immer beliebter, um Leistung und Drehmoment zu steigern. Dar\u00fcber hinaus ist der Begriff Eco-Tuning weit verbreitet, mit dem man Kraftstoff spart. Ein Auto chippen zu lassen, funktioniert am besten bei Autos, die einen Turbolader haben. Audi hat zum Beispiel viele Motoren mit Turbolader, wie die TSI-Varianten. Denn Audi ist Teil<\/p>","protected":false},"author":1,"featured_media":153877,"parent":0,"menu_order":0,"comment_status":"closed","ping_status":"closed","template":"","meta":{"_et_pb_use_builder":"","_et_pb_old_content":"","_et_gb_content_width":"","footnotes":""},"class_list":["post-153876","page","type-page","status-publish","has-post-thumbnail","hentry"],"yoast_head":"<!-- This site is optimized with the Yoast SEO plugin v27.3 - https:\/\/yoast.com\/product\/yoast-seo-wordpress\/ -->\n<title>Chiptuning lees eerst deze pagina voordat je gaat tunen<\/title>\n<meta name=\"description\" content=\"Chiptuning is een populaire manier om de performance van een auto te verbeteren. Het chip tunen werkt het best bij turbo motoren. Lees verder\" \/>\n<meta name=\"robots\" content=\"index, follow, max-snippet:-1, max-image-preview:large, max-video-preview:-1\" \/>\n<link rel=\"canonical\" href=\"https:\/\/autobaak.nl\/de\/chiptuning\/\" \/>\n<meta property=\"og:locale\" content=\"de_DE\" \/>\n<meta property=\"og:type\" content=\"article\" \/>\n<meta property=\"og:title\" content=\"Chiptuning lees eerst deze pagina voordat je gaat tunen\" \/>\n<meta property=\"og:description\" content=\"Chiptuning is een populaire manier om de performance van een auto te verbeteren. Het chip tunen werkt het best bij turbo motoren. Lees verder\" \/>\n<meta property=\"og:url\" content=\"https:\/\/autobaak.nl\/de\/chiptuning\/\" \/>\n<meta property=\"og:site_name\" content=\"Autobaak.nl\" \/>\n<meta property=\"article:modified_time\" content=\"2022-12-02T10:31:12+00:00\" \/>\n<meta property=\"og:image\" content=\"https:\/\/autobaak.nl\/wp-content\/uploads\/2022\/09\/auto-chippen-aan-de-slag-met-het-motormanagement.jpg\" \/>\n\t<meta property=\"og:image:width\" content=\"800\" \/>\n\t<meta property=\"og:image:height\" content=\"532\" \/>\n\t<meta property=\"og:image:type\" content=\"image\/jpeg\" \/>\n<meta name=\"twitter:card\" content=\"summary_large_image\" \/>\n<meta name=\"twitter:label1\" content=\"Gesch\u00e4tzte Lesezeit\" \/>\n\t<meta name=\"twitter:data1\" content=\"8\u00a0Minuten\" \/>\n<script type=\"application\/ld+json\" class=\"yoast-schema-graph\">{\"@context\":\"https:\\\/\\\/schema.org\",\"@graph\":[{\"@type\":\"WebPage\",\"@id\":\"https:\\\/\\\/autobaak.nl\\\/chiptuning\\\/\",\"url\":\"https:\\\/\\\/autobaak.nl\\\/chiptuning\\\/\",\"name\":\"Chiptuning lees eerst deze pagina voordat je gaat tunen\",\"isPartOf\":{\"@id\":\"https:\\\/\\\/autobaak.nl\\\/#website\"},\"primaryImageOfPage\":{\"@id\":\"https:\\\/\\\/autobaak.nl\\\/chiptuning\\\/#primaryimage\"},\"image\":{\"@id\":\"https:\\\/\\\/autobaak.nl\\\/chiptuning\\\/#primaryimage\"},\"thumbnailUrl\":\"https:\\\/\\\/autobaak.nl\\\/wp-content\\\/uploads\\\/2022\\\/09\\\/auto-chippen-aan-de-slag-met-het-motormanagement.jpg\",\"datePublished\":\"2022-09-18T13:52:19+00:00\",\"dateModified\":\"2022-12-02T10:31:12+00:00\",\"description\":\"Chiptuning is een populaire manier om de performance van een auto te verbeteren. Het chip tunen werkt het best bij turbo motoren. Lees verder\",\"breadcrumb\":{\"@id\":\"https:\\\/\\\/autobaak.nl\\\/chiptuning\\\/#breadcrumb\"},\"inLanguage\":\"de\",\"potentialAction\":[{\"@type\":\"ReadAction\",\"target\":[\"https:\\\/\\\/autobaak.nl\\\/chiptuning\\\/\"]}]},{\"@type\":\"ImageObject\",\"inLanguage\":\"de\",\"@id\":\"https:\\\/\\\/autobaak.nl\\\/chiptuning\\\/#primaryimage\",\"url\":\"https:\\\/\\\/autobaak.nl\\\/wp-content\\\/uploads\\\/2022\\\/09\\\/auto-chippen-aan-de-slag-met-het-motormanagement.jpg\",\"contentUrl\":\"https:\\\/\\\/autobaak.nl\\\/wp-content\\\/uploads\\\/2022\\\/09\\\/auto-chippen-aan-de-slag-met-het-motormanagement.jpg\",\"width\":800,\"height\":532,\"caption\":\"auto chippen aan de slag met motormanagement\"},{\"@type\":\"BreadcrumbList\",\"@id\":\"https:\\\/\\\/autobaak.nl\\\/chiptuning\\\/#breadcrumb\",\"itemListElement\":[{\"@type\":\"ListItem\",\"position\":1,\"name\":\"Home\",\"item\":\"https:\\\/\\\/autobaak.nl\\\/\"},{\"@type\":\"ListItem\",\"position\":2,\"name\":\"Chiptuning\"}]},{\"@type\":\"WebSite\",\"@id\":\"https:\\\/\\\/autobaak.nl\\\/#website\",\"url\":\"https:\\\/\\\/autobaak.nl\\\/\",\"name\":\"Autobaak.nl\",\"description\":\"Cars &amp; Racing\",\"potentialAction\":[{\"@type\":\"SearchAction\",\"target\":{\"@type\":\"EntryPoint\",\"urlTemplate\":\"https:\\\/\\\/autobaak.nl\\\/?s={search_term_string}\"},\"query-input\":{\"@type\":\"PropertyValueSpecification\",\"valueRequired\":true,\"valueName\":\"search_term_string\"}}],\"inLanguage\":\"de\"}]}<\/script>\n<!-- \/ Yoast SEO plugin. -->","yoast_head_json":{"title":"Chiptuning lesen Sie diese Seite vor dem Tuning","description":"Chiptuning ist eine beliebte Methode zur Verbesserung der Leistung eines Autos. Chiptuning funktioniert am besten bei Motoren mit Turbolader. Mehr lesen","robots":{"index":"index","follow":"follow","max-snippet":"max-snippet:-1","max-image-preview":"max-image-preview:large","max-video-preview":"max-video-preview:-1"},"canonical":"https:\/\/autobaak.nl\/de\/chiptuning\/","og_locale":"de_DE","og_type":"article","og_title":"Chiptuning lees eerst deze pagina voordat je gaat tunen","og_description":"Chiptuning is een populaire manier om de performance van een auto te verbeteren. Het chip tunen werkt het best bij turbo motoren. Lees verder","og_url":"https:\/\/autobaak.nl\/de\/chiptuning\/","og_site_name":"Autobaak.nl","article_modified_time":"2022-12-02T10:31:12+00:00","og_image":[{"width":800,"height":532,"url":"https:\/\/autobaak.nl\/wp-content\/uploads\/2022\/09\/auto-chippen-aan-de-slag-met-het-motormanagement.jpg","type":"image\/jpeg"}],"twitter_card":"summary_large_image","twitter_misc":{"Gesch\u00e4tzte Lesezeit":"8\u00a0Minuten"},"schema":{"@context":"https:\/\/schema.org","@graph":[{"@type":"WebPage","@id":"https:\/\/autobaak.nl\/chiptuning\/","url":"https:\/\/autobaak.nl\/chiptuning\/","name":"Chiptuning lesen Sie diese Seite vor dem Tuning","isPartOf":{"@id":"https:\/\/autobaak.nl\/#website"},"primaryImageOfPage":{"@id":"https:\/\/autobaak.nl\/chiptuning\/#primaryimage"},"image":{"@id":"https:\/\/autobaak.nl\/chiptuning\/#primaryimage"},"thumbnailUrl":"https:\/\/autobaak.nl\/wp-content\/uploads\/2022\/09\/auto-chippen-aan-de-slag-met-het-motormanagement.jpg","datePublished":"2022-09-18T13:52:19+00:00","dateModified":"2022-12-02T10:31:12+00:00","description":"Chiptuning ist eine beliebte Methode zur Verbesserung der Leistung eines Autos. Chiptuning funktioniert am besten bei Motoren mit Turbolader. Mehr lesen","breadcrumb":{"@id":"https:\/\/autobaak.nl\/chiptuning\/#breadcrumb"},"inLanguage":"de","potentialAction":[{"@type":"ReadAction","target":["https:\/\/autobaak.nl\/chiptuning\/"]}]},{"@type":"ImageObject","inLanguage":"de","@id":"https:\/\/autobaak.nl\/chiptuning\/#primaryimage","url":"https:\/\/autobaak.nl\/wp-content\/uploads\/2022\/09\/auto-chippen-aan-de-slag-met-het-motormanagement.jpg","contentUrl":"https:\/\/autobaak.nl\/wp-content\/uploads\/2022\/09\/auto-chippen-aan-de-slag-met-het-motormanagement.jpg","width":800,"height":532,"caption":"auto chippen aan de slag met motormanagement"},{"@type":"BreadcrumbList","@id":"https:\/\/autobaak.nl\/chiptuning\/#breadcrumb","itemListElement":[{"@type":"ListItem","position":1,"name":"Home","item":"https:\/\/autobaak.nl\/"},{"@type":"ListItem","position":2,"name":"Chiptuning"}]},{"@type":"WebSite","@id":"https:\/\/autobaak.nl\/#website","url":"https:\/\/autobaak.nl\/","name":"Autobook.de","description":"Autos &amp; Rennsport","potentialAction":[{"@type":"SearchAction","target":{"@type":"EntryPoint","urlTemplate":"https:\/\/autobaak.nl\/?s={search_term_string}"},"query-input":{"@type":"PropertyValueSpecification","valueRequired":true,"valueName":"search_term_string"}}],"inLanguage":"de"}]}},"_links":{"self":[{"href":"https:\/\/autobaak.nl\/de\/wp-json\/wp\/v2\/pages\/153876","targetHints":{"allow":["GET"]}}],"collection":[{"href":"https:\/\/autobaak.nl\/de\/wp-json\/wp\/v2\/pages"}],"about":[{"href":"https:\/\/autobaak.nl\/de\/wp-json\/wp\/v2\/types\/page"}],"author":[{"embeddable":true,"href":"https:\/\/autobaak.nl\/de\/wp-json\/wp\/v2\/users\/1"}],"replies":[{"embeddable":true,"href":"https:\/\/autobaak.nl\/de\/wp-json\/wp\/v2\/comments?post=153876"}],"version-history":[{"count":0,"href":"https:\/\/autobaak.nl\/de\/wp-json\/wp\/v2\/pages\/153876\/revisions"}],"wp:featuredmedia":[{"embeddable":true,"href":"https:\/\/autobaak.nl\/de\/wp-json\/wp\/v2\/media\/153877"}],"wp:attachment":[{"href":"https:\/\/autobaak.nl\/de\/wp-json\/wp\/v2\/media?parent=153876"}],"curies":[{"name":"wp","href":"https:\/\/api.w.org\/{rel}","templated":true}]}}